{"id":114313,"date":"2022-03-24T07:24:52","date_gmt":"2022-03-24T06:24:52","guid":{"rendered":"https:\/\/www.claret.org\/apostolat\/"},"modified":"2023-07-24T12:33:07","modified_gmt":"2023-07-24T10:33:07","slug":"apostolat","status":"publish","type":"page","link":"https:\/\/www.claret.org\/de\/apostolat\/","title":{"rendered":"Apostolat"},"content":{"rendered":"<p>[et_pb_section fb_built=&#8220;1&#8243; fullwidth=&#8220;on&#8220; _builder_version=&#8220;4.16&#8243; _module_preset=&#8220;default&#8220; global_colors_info=&#8220;{}&#8220;][et_pb_fullwidth_header title=&#8220;Generalpr\u00e4fektur f\u00fcr das Apostolat&#8220; _builder_version=&#8220;4.16&#8243; _module_preset=&#8220;default&#8220; background_color=&#8220;#f76200&#8243; custom_padding=&#8220;91px|||||&#8220; global_colors_info=&#8220;{}&#8220;]<\/p>\n<ul>\n<li>Ermutigt die Konferenzen und gro\u00dfen Organisationen, die Optionen und Projekte der Kongregation zu f\u00f6rdern.<\/li>\n<li>In enger Zusammenarbeit mit dem Pr\u00e4fekten f\u00fcr Bibelarbeit und Kommunikation und dem Pr\u00e4fekten f\u00fcr Jugendarbeit und Berufungen f\u00f6rdert er das Apostolat der Kongregation.<\/li>\n<li>F\u00f6rdert das Engagement f\u00fcr universelle Br\u00fcderlichkeit, Gerechtigkeit, Frieden und die Sorge f\u00fcr das gemeinsame Haus und begleitet Solidarit\u00e4ts- und Missionsteams.<\/li>\n<li>Ermutigt die Kongregation, die gemeinsame Mission, den \u00f6kumenischen und interreligi\u00f6sen Dialog, die Revision von Positionen und die missionarische Bewegung in die Peripherien weiter zu f\u00f6rdern.<\/li>\n<\/ul>\n<p>[\/et_pb_fullwidth_header][\/et_pb_section][et_pb_section fb_built=&#8220;1&#8243; fullwidth=&#8220;on&#8220; _builder_version=&#8220;4.21.0&#8243; _module_preset=&#8220;default&#8220; global_colors_info=&#8220;{}&#8220;][et_pb_fullwidth_image src=&#8220;https:\/\/www.claret.org\/wp-content\/uploads\/2023\/07\/Claret-Vida-Awards-Final-copy-1.jpg&#8220; title_text=&#8220;Claret Vida Awards Final copy&#8220; _builder_version=&#8220;4.21.0&#8243; _module_preset=&#8220;default&#8220; hover_enabled=&#8220;0&#8243; global_colors_info=&#8220;{}&#8220; url=&#8220;@ET-DC@eyJkeW5hbWljIjp0cnVlLCJjb250ZW50IjoicG9zdF9saW5rX3VybF9wYWdlIiwic2V0dGluZ3MiOnsicG9zdF9pZCI6IjE1MjIxMyJ9fQ==@&#8220; _dynamic_attributes=&#8220;url&#8220; sticky_enabled=&#8220;0&#8243;][\/et_pb_fullwidth_image][\/et_pb_section][et_pb_section fb_built=&#8220;1&#8243; _builder_version=&#8220;4.16&#8243; _module_preset=&#8220;default&#8220; global_colors_info=&#8220;{}&#8220;][et_pb_row column_structure=&#8220;1_4,1_2,1_4&#8243; _builder_version=&#8220;4.16&#8243; _module_preset=&#8220;default&#8220; global_colors_info=&#8220;{}&#8220;][et_pb_column type=&#8220;1_4&#8243; _builder_version=&#8220;4.16&#8243; _module_preset=&#8220;default&#8220; global_colors_info=&#8220;{}&#8220;][et_pb_image src=&#8220;https:\/\/www.claret.org\/wp-content\/uploads\/2022\/07\/jpic.jpg&#8220; title_text=&#8220;jpic&#8220; _builder_version=&#8220;4.17.4&#8243; _module_preset=&#8220;default&#8220; global_colors_info=&#8220;{}&#8220;][\/et_pb_image][et_pb_blurb title=&#8220;JPIC-Sekretariat&#8220; _builder_version=&#8220;4.16&#8243; _module_preset=&#8220;default&#8220; global_colors_info=&#8220;{}&#8220;]<\/p>\n<ul>\n<li>Koordiniert Fragen im Zusammenhang mit Gerechtigkeit, Frieden und der Verteidigung der Bewahrung der Sch\u00f6pfung.<\/li>\n<li>F\u00f6rdert Programme, die darauf abzielen, das Engagement der Mitglieder und Werke der Kongregation f\u00fcr die Vorschl\u00e4ge der Kirche zu verst\u00e4rken (Laudato S\u00ed, Fratelli tutti&#8230;).<\/li>\n<\/ul>\n<p>[\/et_pb_blurb][et_pb_image src=&#8220;https:\/\/www.claret.org\/wp-content\/uploads\/2022\/07\/somi-link.png&#8220; title_text=&#8220;somi link&#8220; url=&#8220;http:\/\/www.somicmf.org\/&#8220; url_new_window=&#8220;on&#8220; _builder_version=&#8220;4.17.4&#8243; _module_preset=&#8220;default&#8220; global_colors_info=&#8220;{}&#8220;][\/et_pb_image][et_pb_image src=&#8220;https:\/\/www.claret.org\/wp-content\/uploads\/2022\/07\/procint.jpg&#8220; title_text=&#8220;procint&#8220; url=&#8220;http:\/\/www.procladeint.org\/&#8220; url_new_window=&#8220;on&#8220; _builder_version=&#8220;4.17.4&#8243; _module_preset=&#8220;default&#8220; global_colors_info=&#8220;{}&#8220;][\/et_pb_image][\/et_pb_column][et_pb_column type=&#8220;1_2&#8243; _builder_version=&#8220;4.16&#8243; _module_preset=&#8220;default&#8220; global_colors_info=&#8220;{}&#8220;][et_pb_image src=&#8220;https:\/\/www.claret.org\/wp-content\/uploads\/2022\/07\/with-Lord-Winner.jpg&#8220; title_text=&#8220;with-Lord-Winner&#8220; _builder_version=&#8220;4.17.4&#8243; _module_preset=&#8220;default&#8220; global_colors_info=&#8220;{}&#8220;][\/et_pb_image][et_pb_blurb title=&#8220;Beschaffung der Mission&#8220; _builder_version=&#8220;4.16&#8243; _module_preset=&#8220;default&#8220; box_shadow_style_image=&#8220;preset3&#8243; global_colors_info=&#8220;{}&#8220;]<\/p>\n<ul>\n<li>Es f\u00f6rdert das missionarische Bewusstsein der Kongregation und das Gebet f\u00fcr die Missionen.<\/li>\n<li>Es kanalisiert die Suche nach Geldern und Ressourcen, die es erm\u00f6glichen, die Bev\u00f6lkerung, die am weitesten von Christus entfernt ist oder \u00fcber weniger Ressourcen verf\u00fcgt, missionarisch zu betreuen.<br \/>In Abstimmung mit anderen Stellen f\u00f6rdert es die Einbeziehung anderer Menschen in die missionarische Freiwilligenarbeit.<\/li>\n<li>Stimuliert die Qualifizierung der Koordinatoren von Prokuren und Teams der missionarischen Aufmerksamkeit der Kongregation.<\/li>\n<li>Koordiniert das Tagesgesch\u00e4ft der PROCLADE INTERNAZIONALE.<br \/>Sie arbeitet sehr aktiv mit den Beschaffungen der Organisationen zusammen.<\/li>\n<\/ul>\n<p>[\/et_pb_blurb][\/et_pb_column][et_pb_column type=&#8220;1_4&#8243; _builder_version=&#8220;4.16&#8243; _module_preset=&#8220;default&#8220; global_colors_info=&#8220;{}&#8220;][et_pb_image src=&#8220;https:\/\/www.claret.org\/wp-content\/uploads\/2022\/07\/Mosaico-ONU.jpg&#8220; title_text=&#8220;Mosaico ONU&#8220; _builder_version=&#8220;4.17.4&#8243; _module_preset=&#8220;default&#8220; global_colors_info=&#8220;{}&#8220;][\/et_pb_image][et_pb_blurb title=&#8220;UN Team&#8220; _builder_version=&#8220;4.16&#8243; _module_preset=&#8220;default&#8220; box_shadow_style_image=&#8220;preset3&#8243; global_colors_info=&#8220;{}&#8220;]<\/p>\n<ul>\n<li>Sie akkreditiert PROCLADE INTERNAZIONALE bei verschiedenen UN-Institutionen.<\/li>\n<li>Es f\u00f6rdert die Bereicherung der Informationen und Projekte der UNO, indem es die Stimme der Kongregation und derer, die mit ihr leben, in fast 70 Nationen verbreitet.<\/li>\n<li>Sie versucht, die Ressourcen und Vorschl\u00e4ge der UNO den christlichen Gemeinschaften n\u00e4her zu bringen, immer auf der Suche nach Gerechtigkeit, Frieden und der Verteidigung der Bewahrung der Sch\u00f6pfung.<\/li>\n<\/ul>\n<p>[\/et_pb_blurb][et_pb_image src=&#8220;https:\/\/www.claret.org\/wp-content\/uploads\/2022\/07\/cmf-global.png&#8220; title_text=&#8220;cmf global&#8220; url=&#8220;https:\/\/un.globalcmf.com\/&#8220; url_new_window=&#8220;on&#8220; _builder_version=&#8220;4.17.4&#8243; _module_preset=&#8220;default&#8220; global_colors_info=&#8220;{}&#8220;][\/et_pb_image][\/et_pb_column][\/et_pb_row][\/et_pb_section]<\/p>\n","protected":false},"excerpt":{"rendered":"<p>Ermutigt die Konferenzen und gro\u00dfen Organisationen, die Optionen und Projekte der Kongregation zu f\u00f6rdern. In enger Zusammenarbeit mit dem Pr\u00e4fekten f\u00fcr Bibelarbeit und Kommunikation und dem Pr\u00e4fekten f\u00fcr Jugendarbeit und Berufungen f\u00f6rdert er das Apostolat der Kongregation. F\u00f6rdert das Engagement f\u00fcr universelle Br\u00fcderlichkeit, Gerechtigkeit, Frieden und die Sorge f\u00fcr das gemeinsame Haus und begleitet Solidarit\u00e4ts- [&hellip;]<\/p>\n","protected":false},"author":2,"featured_media":114322,"parent":0,"menu_order":0,"comment_status":"closed","ping_status":"closed","template":"","meta":{"_et_pb_use_builder":"on","_et_pb_old_content":"","_et_gb_content_width":"","footnotes":""},"class_list":["post-114313","page","type-page","status-publish","has-post-thumbnail","hentry"],"jetpack_sharing_enabled":true,"jetpack_shortlink":"https:\/\/wp.me\/PdaBmi-tJL","jetpack_likes_enabled":true,"_links":{"self":[{"href":"https:\/\/www.claret.org\/de\/wp-json\/wp\/v2\/pages\/114313","targetHints":{"allow":["GET"]}}],"collection":[{"href":"https:\/\/www.claret.org\/de\/wp-json\/wp\/v2\/pages"}],"about":[{"href":"https:\/\/www.claret.org\/de\/wp-json\/wp\/v2\/types\/page"}],"author":[{"embeddable":true,"href":"https:\/\/www.claret.org\/de\/wp-json\/wp\/v2\/users\/2"}],"replies":[{"embeddable":true,"href":"https:\/\/www.claret.org\/de\/wp-json\/wp\/v2\/comments?post=114313"}],"version-history":[{"count":0,"href":"https:\/\/www.claret.org\/de\/wp-json\/wp\/v2\/pages\/114313\/revisions"}],"wp:featuredmedia":[{"embeddable":true,"href":"https:\/\/www.claret.org\/de\/wp-json\/wp\/v2\/media\/114322"}],"wp:attachment":[{"href":"https:\/\/www.claret.org\/de\/wp-json\/wp\/v2\/media?parent=114313"}],"curies":[{"name":"wp","href":"https:\/\/api.w.org\/{rel}","templated":true}]}}