{"id":115168,"date":"2022-03-22T09:33:40","date_gmt":"2022-03-22T08:33:40","guid":{"rendered":"https:\/\/www.claret.org\/ueber-uns\/"},"modified":"2022-07-19T00:34:08","modified_gmt":"2022-07-18T22:34:08","slug":"ueber-uns","status":"publish","type":"page","link":"https:\/\/www.claret.org\/de\/ueber-uns\/","title":{"rendered":"Claretiner"},"content":{"rendered":"\n[et_pb_section fb_built=&#8220;1&#8243; fullwidth=&#8220;on&#8220; _builder_version=&#8220;4.17.6&#8243; _module_preset=&#8220;default&#8220; global_colors_info=&#8220;{}&#8220;][et_pb_fullwidth_header title=&#8220;Wer sind die Claretiner?&#8220; _builder_version=&#8220;4.17.6&#8243; _module_preset=&#8220;default&#8220; global_colors_info=&#8220;{}&#8220;][\/et_pb_fullwidth_header][\/et_pb_section][et_pb_section fb_built=&#8220;1&#8243; _builder_version=&#8220;4.17.6&#8243; _module_preset=&#8220;default&#8220; custom_padding=&#8220;32px|||||&#8220; global_colors_info=&#8220;{}&#8220;][et_pb_row _builder_version=&#8220;4.17.6&#8243; _module_preset=&#8220;default&#8220; global_colors_info=&#8220;{}&#8220;][et_pb_column type=&#8220;4_4&#8243; _builder_version=&#8220;4.17.6&#8243; _module_preset=&#8220;default&#8220; global_colors_info=&#8220;{}&#8220;][et_pb_text _builder_version=&#8220;4.17.6&#8243; _module_preset=&#8220;default&#8220; global_colors_info=&#8220;{}&#8220;]Wir sind eine Kongregation von Missionaren, die vom heiligen Antonius Maria Claret am 16. Juli 1849 in Vic, Spanien, zusammen mit den P. Stephen Sala, Joseph Xifr\u00e9, Dominic Fabregas, Jaime Clotet und Manuel Vilaro gegr\u00fcndet wurde.\r\n\r\nDer offizielle Name unserer Kongregation ist Kongregation der Missionare S\u00f6hne des Unbefleckten Herzens der seligen Jungfrau Maria, allgemein bekannt als Claretiner.\r\n\r\nEIN CLARETINER ein Sohn des unbefleckten Herzens Mariens ist ein Mann voll gl\u00fchender Liebe, der \u00fcberall, wohin er kommt, z\u00fcndend wirkt. Er trachtet danach, in allen Menschen die Glut der Liebe Gottes zu entfachen, und setzt sich mit allen Mitteln daf\u00fcr ein. Durch nichts l\u00e4\u00dft er sich abschrecken, er freut sich auch in Entbehrung, geht an die Arbeit, nimmt auch Opfer gern auf sich, macht sich nichts aus Verleumdungen, freut sich selbst in Qualen und Schmerzen, die er leidet, denn er r\u00fchmt sich im Kreuze Jesu Christi. Er denkt an nichts anderes, als Christus nachzufol\u00acgen und ihn nachzuahmen im Beten, im Arbeiten, im Leiden und im st\u00e4ndigen und ausschlie\u00dflichen Einsatz f\u00fcr die Verherrlichung Gottes und das Heil der Menschen.\r\n\r\nAm Ende unserer Namen setzen wir das C.M.F., die Abk\u00fcrzung f\u00fcr die lateinischen Worte Cordis Mariae Filius, was Sohn des Herzens Mariens bedeutet.\r\n\r\n<p><img data-recalc-dims=\"1\" loading=\"lazy\" decoding=\"async\" data-attachment-id=\"130772\" data-permalink=\"https:\/\/www.claret.org\/de\/cmf-fb-banner-en-es-2\/\" data-orig-file=\"https:\/\/i0.wp.com\/www.claret.org\/wp-content\/uploads\/2022\/07\/cmf-fb-banner-en-es.jpg?fit=1366%2C391&amp;ssl=1\" data-orig-size=\"1366,391\" data-comments-opened=\"0\" data-image-meta=\"{&quot;aperture&quot;:&quot;0&quot;,&quot;credit&quot;:&quot;&quot;,&quot;camera&quot;:&quot;&quot;,&quot;caption&quot;:&quot;&quot;,&quot;created_timestamp&quot;:&quot;1652957830&quot;,&quot;copyright&quot;:&quot;&quot;,&quot;focal_length&quot;:&quot;0&quot;,&quot;iso&quot;:&quot;0&quot;,&quot;shutter_speed&quot;:&quot;0&quot;,&quot;title&quot;:&quot;&quot;,&quot;orientation&quot;:&quot;0&quot;}\" data-image-title=\"cmf fb banner en es\" data-image-description=\"\" data-image-caption=\"\" data-medium-file=\"https:\/\/i0.wp.com\/www.claret.org\/wp-content\/uploads\/2022\/07\/cmf-fb-banner-en-es.jpg?fit=300%2C86&amp;ssl=1\" data-large-file=\"https:\/\/i0.wp.com\/www.claret.org\/wp-content\/uploads\/2022\/07\/cmf-fb-banner-en-es.jpg?fit=1024%2C293&amp;ssl=1\" src=\"https:\/\/i0.wp.com\/www.claret.org\/wp-content\/uploads\/2022\/07\/cmf-fb-banner-en-es.jpg?resize=1080%2C309&#038;ssl=1\" alt=\"\" class=\"wp-image-130772 alignnone size-full\" width=\"1080\" height=\"309\" title=\"\" srcset=\"https:\/\/www.claret.org\/wp-content\/uploads\/2022\/07\/cmf-fb-banner-en-es.jpg 1366w, https:\/\/www.claret.org\/wp-content\/uploads\/2022\/07\/cmf-fb-banner-en-es-1280x366.jpg 1280w, https:\/\/www.claret.org\/wp-content\/uploads\/2022\/07\/cmf-fb-banner-en-es-980x281.jpg 980w, https:\/\/www.claret.org\/wp-content\/uploads\/2022\/07\/cmf-fb-banner-en-es-480x137.jpg 480w\" sizes=\"(min-width: 0px) and (max-width: 480px) 480px, (min-width: 481px) and (max-width: 980px) 980px, (min-width: 981px) and (max-width: 1280px) 1280px, (min-width: 1281px) 1366px, 100vw\" \/><\/p>\r\n\r\nWir sind MISSION\u00c4RE! Die Mission geh\u00f6rt zum Kern unserer grundlegenden Identit\u00e4t. Wir haben vom Heiligen Geist ein Charisma empfangen, das uns mit Jesus gleichgestaltet und uns den Aposteln \u00e4hnlich macht, in einer Lebensgemeinschaft, die ganz dem Vater und dem Reich Gottes gewidmet ist (vgl. CC 3-4). Vor einhundertf\u00fcnfzig Jahren erlebte unsere claretinische Gemeinschaft eine gro\u00dfe Freude, als die Kirche unsere Konstitutionen genehmigte und mit Freude anerkannte, dass unsere Kongregation der Missionare ein Geschenk des Geistes ist. Heute verk\u00fcnden wir, ebenfalls mit gro\u00dfer Freude, mit Maria dankbar die Gr\u00f6\u00dfe des Herrn.\r\n\r\nMissionare \u2018mit Geist\u2019. Wir sind mit einer besonderen Spiritualit\u00e4t gesegnet, die wir vom heiligen Antonius Maria Claret und von unserer reichen Tradition geerbt haben. Als S\u00f6hne des Herzens Mariens sind wir dazu berufen, Menschen zu sein, die f\u00fcr den Geist offen sind, von ihm gef\u00fchrt werden und seinen Bewegungen stets gef\u00fcgig sind; Menschen, die vor Liebe brennen.\r\n\r\nH\u00f6rer und Diener des Wortes Gottes.Unser charismatisches Erbe definiert uns als \u201cH\u00f6rer und Diener des Wortes\u201d. Wir sind in der Kirche und in der Gesellschaft ein Echo von Claret (vgl. Aut 686), leidenschaftlicher Diener des Evangeliums zur rechten Zeit und zur Unzeit, der alle ihm zur Verf\u00fcgung stehenden Mittel einsetzt. Wie Maria, als S\u00f6hne ihres Herzens, wollen wir das Wort in unserem Herzen aufnehmen und meditieren und es mit Leidenschaft verk\u00fcnden.\r\n\r\nMissionare in Gemeinschaft. Als Zeugen und Boten der Freude des Evangeliums bem\u00fchen wir uns in apostolischer Gemeinschaft um eine gemeinsame Vision, um uns den menschlichen Randgebieten zuzuwenden, die uns an jedem Ort zu einer missionarischen Haltung herausfordern.\r\n\r\nGesandt, um zu evangelisieren und den Armen zuzuh\u00f6ren. Man kann nicht claretinisch sein, wenn man so tut, als g\u00e4be es die Armen nicht. Man kann auch nicht claretinisch sein, ohne ungerechte Strukturen anzuprangern, gegen das System zu k\u00e4mpfen, das die Armen unterdr\u00fcckt, und Alternativen vorzuschlagen.\r\n\r\nMit der ganzen Kirche und denjenigen, die sich um die Ver\u00e4nderung der Welt bem\u00fchen. F\u00fcr unsere Kongregation ist die Dimension des \u201cEvangelisierens mit anderen\u201d, der Multiplikation evangelisierender F\u00fchrungskr\u00e4fte und der gemeinsamen Mission ein unverzichtbares charismatisches Merkmal (vgl. KKK 3, 7, 48), das wir auf verschiedene Weise verstehen und verwirklichen.\r\n\r\nOffen f\u00fcr die ganze Welt im prophetischen Dialog. Der Dialog nimmt verschiedene Formen an: Dialog als Pr\u00e4senz \u2013 mehr leben als tun -, interreligi\u00f6ser und interkultureller Dialog, der Frieden und Vers\u00f6hnung f\u00f6rdert; Dialog mit der Sch\u00f6pfung, der zu einer \u00f6kologischen Umkehr f\u00fchrt. In diesem Dialog leben wir die Verk\u00fcndigung und die Anprangerung, die Teil der Prophetie ist, ein Dialog, den wir auch auf den neuen digitalen Kontinent und auf die neuen Generationen von Jugendlichen ausdehnen, um zu evangelisieren und evangelisiert zu werden. Wir sind Menschen, die f\u00fcr die Liebe brennen (N\u00e4chstenliebe), und \u201cder Dialog ist der neue Name der N\u00e4chstenliebe\u201d (VC 74).\r\n\r\n\r\nWir tr\u00e4umen von einer pilgernden Kongregation, die im Glauben an Jesus Christus und in der claretinischen Spiritualit\u00e4t verwurzelt ist.\r\nWir tr\u00e4umen wie Claret von einer Kongregation, die nach dem Vorbild Mariens das Wort Gottes in ihrem Herzen bewahrt, erf\u00fcllt und verk\u00fcndet.\r\nWir tr\u00e4umen von einer Kongregation von Missionaren, die ihr Leben, ihre Vielfalt und ihre Ressourcen in Gemeinschaften teilen, die von der Mission und den Diensten gepr\u00e4gt sind, die Gott uns anvertraut hat. Wir ermutigen und begleiten uns gegenseitig als Br\u00fcder durch gegenseitiges Zuh\u00f6ren, ohne jemanden auszuschlie\u00dfen.\r\nWir tr\u00e4umen von einer k\u00fchnen und wandernden Kongregation, die, vom Geist des Herrn gesandt (vgl. Lk 4,18; Apg 8,28.39), an die Peripherie geht, sich den Jugendlichen n\u00e4hert, mit ihnen geht und sie ermutigt, dem Ruf Gottes zu folgen.\r\nWir tr\u00e4umen von einer Kongregation, die von der biblischen Animation aller pastoralen Dienste ausgeht (vgl. WD 73), die mit allen Mitteln der gemeinsamen Mission, des interreligi\u00f6sen Dialogs und der intelligenten Nutzung der verschiedenen Kommunikationsmittel evangelisiert.\r\nWir tr\u00e4umen von einer Kongregation, die sich der universalen Br\u00fcderlichkeit (Fratelli tutti), der Gerechtigkeit, dem Frieden und der Sorge um das gemeinsame Haus (Laudato si\u2019) verpflichtet f\u00fchlt. Im Geist der Synodalit\u00e4t arbeiten wir mit Menschen verschiedener Kulturen, Ethnien und Religionen zusammen, um die Welt nach dem Plan Gottes zu ver\u00e4ndern (vgl. CC 46).\r\nWir tr\u00e4umen von einer Kongregation, die bereit ist, auf neue Herausforderungen durch einen ganzheitlichen und kontinuierlichen Ausbildungsprozess zu antworten, offen f\u00fcr die universale Sendung, gem\u00e4\u00df dem Geist und Charisma unseres Vaters und Gr\u00fcnders.\r\n\r\nWir sind in 70 L\u00e4ndern auf der ganzen Welt vertreten und engagieren uns f\u00fcr eine qualitativ hochwertige Bildung, die Herausgabe von Bibeln und religi\u00f6sen B\u00fcchern, den Betrieb von Kirchengemeinden, die F\u00f6rderung und Unterst\u00fctzung des sozialen Wohlergehens der Menschen und die Pflege unseres gemeinsamen Hauses.\r\n\r\nSie k\u00f6nnen uns finden in: ANGOLA | <a href=\"https:\/\/www.claretianosdelsur.org\/\" rel=\"nofollow noopener\" target=\"_blank\">ARGENTINA<\/a> | <a href=\"https:\/\/www.gallardoprovince.org\/\" rel=\"nofollow noopener\" target=\"_blank\">AUSTRALIA<\/a> | <a href=\"https:\/\/www.claretiner.org\/\" rel=\"nofollow noopener\" target=\"_blank\">AUSTRIA<\/a> | BANGLADESH | <a href=\"https:\/\/www.klaretyni.pl\/\" rel=\"nofollow noopener\" target=\"_blank\">BELARUS<\/a> | <a href=\"http:\/\/www.claretianosperubolivia.org\/\" rel=\"nofollow noopener\" target=\"_blank\">BOLIVIA<\/a> | <a href=\"http:\/\/claretianos.com.br\/\" rel=\"nofollow noopener\" target=\"_blank\">BRASIL<\/a> | <a href=\"https:\/\/www.klaretyni.pl\/\" rel=\"nofollow noopener\" target=\"_blank\">BURKINA FASO<\/a> | <a href=\"http:\/\/www.cmfcameroon.com\/\" rel=\"nofollow noopener\" target=\"_blank\">CAMEROUN<\/a> | <a href=\"https:\/\/www.claretiansusa.org\/\" rel=\"nofollow noopener\" target=\"_blank\">CANADA<\/a> | <a href=\"https:\/\/www.cmfnigeria.org\/\" rel=\"nofollow noopener\" target=\"_blank\">CHAD<\/a> | <a href=\"https:\/\/www.claretianosdelsur.org\/\" rel=\"nofollow noopener\" target=\"_blank\">CHILE<\/a> | CHINA | <a href=\"cmfcolven.org\/\">COLO<\/a><a href=\"https:\/\/claretianoscolombiaecuador.org.co\/\" rel=\"nofollow noopener\" target=\"_blank\">MBIA<\/a> | <a href=\"https:\/\/centroamericacmf.org\/\" rel=\"nofollow noopener\" target=\"_blank\">COSTA RICA<\/a> | <a href=\"https:\/\/www.klaretyni.pl\/\" rel=\"nofollow noopener\" target=\"_blank\">C\u00d4TE D\u2019IVOIRE<\/a> | <a href=\"https:\/\/cmfantillas.org\/\" rel=\"nofollow noopener\" target=\"_blank\">CUBA<\/a> | <a href=\"https:\/\/www.claretiner.org\/\" rel=\"nofollow noopener\" target=\"_blank\">DEUTSCHLAND<\/a> | <a href=\"https:\/\/claretianoscolombiaecuador.org.co\/\" rel=\"nofollow noopener\" target=\"_blank\">ECUADOR<\/a> | <a href=\"https:\/\/centroamericacmf.org\/\" rel=\"nofollow noopener\" target=\"_blank\">EL SALVADOR<\/a> | <a href=\"https:\/\/www.fatimacmf.org\/\" rel=\"nofollow noopener\" target=\"_blank\">ES<\/a><a href=\"https:\/\/www.claretpaulus.org\/\" rel=\"nofollow noopener\" target=\"_blank\">PA<\/a><a href=\"https:\/\/www.claretianos.es\/\" rel=\"nofollow noopener\" target=\"_blank\">\u00d1A<\/a> | <a href=\"https:\/\/www.claretpaulus.org\/\" rel=\"nofollow noopener\" target=\"_blank\">FRANCE<\/a> | <a href=\"http:\/\/www.padrexifrecmf.org\/\" rel=\"nofollow noopener\" target=\"_blank\">GABON<\/a> | <a href=\"https:\/\/www.cmfnigeria.org\/\" rel=\"nofollow noopener\" target=\"_blank\">GHANA<\/a> | <a href=\"https:\/\/centroamericacmf.org\/\" rel=\"nofollow noopener\" target=\"_blank\">GUATEMALA<\/a> | <a href=\"http:\/\/www.padrexifrecmf.org\/\" rel=\"nofollow noopener\" target=\"_blank\">GUINEA ECUATORIAL<\/a> | <a href=\"https:\/\/cmfantillas.org\/\" rel=\"nofollow noopener\" target=\"_blank\">HA\u00cfTI<\/a> | <a href=\"https:\/\/centroamericacmf.org\/\" rel=\"nofollow noopener\" target=\"_blank\">HONDURAS<\/a> | <a href=\"https:\/\/claretiansbangalore.com\/\" rel=\"nofollow noopener\" target=\"_blank\">I<\/a><a href=\"https:\/\/chennaicmf.org\/\" rel=\"nofollow noopener\" target=\"_blank\">N<\/a><a href=\"https:\/\/www.claretiansnortheast.com\/\" rel=\"nofollow noopener\" target=\"_blank\">D<\/a><a href=\"https:\/\/www.claret-santhome.org\/\" rel=\"nofollow noopener\" target=\"_blank\">I<\/a>A | <a href=\"https:\/\/www.cmfindotiles.org\/\" rel=\"nofollow noopener\" target=\"_blank\">INDONESIA<\/a> | <a href=\"https:\/\/www.claretpaulus.org\/\" rel=\"nofollow noopener\" target=\"_blank\">ITALIA<\/a> | JAPAN | <a href=\"https:\/\/www.cmfeastafrica.org\/\" rel=\"nofollow noopener\" target=\"_blank\">KENYA<\/a> | MADAGASCAR | <a href=\"https:\/\/chennaicmf.org\/\" rel=\"nofollow noopener\" target=\"_blank\">MALAYSIA<\/a> | <a href=\"https:\/\/claretianos.mx\" rel=\"nofollow noopener\" target=\"_blank\">M\u00c9XICO<\/a> | <a href=\"http:\/\/claretianos.com.br\/\" rel=\"nofollow noopener\" target=\"_blank\">MO\u00c7AMBIQUE<\/a> | <a href=\"https:\/\/www.gallardoprovince.org\/\" rel=\"nofollow noopener\" target=\"_blank\">MYANMAR<\/a> | <a href=\"https:\/\/claretiansbangalore.com\/\" rel=\"nofollow noopener\" target=\"_blank\">NEW ZEALAND<\/a> | <a href=\"https:\/\/centroamericacmf.org\/\" rel=\"nofollow noopener\" target=\"_blank\">NICARAGUA<\/a> | <a href=\"https:\/\/www.cmfnigeria.org\/\" rel=\"nofollow noopener\" target=\"_blank\">NIGE<\/a><a href=\"https:\/\/claretwestng.org\/\" rel=\"nofollow noopener\" target=\"_blank\">RIA<\/a> | <a href=\"https:\/\/centroamericacmf.org\/\" rel=\"nofollow noopener\" target=\"_blank\">PANAM\u00c1<\/a> | <a href=\"https:\/\/www.claretianosdelsur.org\/\" rel=\"nofollow noopener\" target=\"_blank\">PARAGUA<\/a>Y | <a href=\"http:\/\/www.claretianosperubolivia.org\/\" rel=\"nofollow noopener\" target=\"_blank\">PER\u00da<\/a> | <a href=\"https:\/\/www.gallardoprovince.org\/\" rel=\"nofollow noopener\" target=\"_blank\">PHILIPPINES<\/a> | <a href=\"https:\/\/www.klaretyni.pl\/\" rel=\"nofollow noopener\" target=\"_blank\">POLSKA<\/a> | <a href=\"https:\/\/www.fatimacmf.org\/\" rel=\"nofollow noopener\" target=\"_blank\">PORTUGAL<\/a> | <a href=\"https:\/\/cmfantillas.org\/\" rel=\"nofollow noopener\" target=\"_blank\">PUERTO RICO<\/a> | <a href=\"https:\/\/www.klaretyni.pl\/\" rel=\"nofollow noopener\" target=\"_blank\">REPUBLIKA CZESKA<\/a> | <a href=\"https:\/\/cmfantillas.org\/\" rel=\"nofollow noopener\" target=\"_blank\">REP\u00daBLICA DOMINICANA<\/a> | REPUBLIQUE DEMOCRATIQUE DU CONGO | <a href=\"https:\/\/www.klaretyni.pl\/\" rel=\"nofollow noopener\" target=\"_blank\">RUS<\/a><a href=\"https:\/\/www.claretianos.es\/\" rel=\"nofollow noopener\" target=\"_blank\">SIA<\/a> | S\u00c3O TOM\u00c9 E PR\u00cdNCIPE | <a href=\"https:\/\/www.claretiner.org\/\" rel=\"nofollow noopener\" target=\"_blank\">SCHWEIZ<\/a> | <a href=\"https:\/\/www.claretpaulus.org\/\" rel=\"nofollow noopener\" target=\"_blank\">SLOVENIJA<\/a> | <a href=\"https:\/\/claretwestng.org\/\" rel=\"nofollow noopener\" target=\"_blank\">SOUTH AFRICA<\/a> | <a href=\"http:\/\/www.claret.or.kr\/\" rel=\"nofollow noopener\" target=\"_blank\">SOUTH KOREA<\/a> | <a href=\"https:\/\/claretianslanka.org\/\" rel=\"nofollow noopener\" target=\"_blank\">SRI LANKA<\/a> | TAIWAN | <a href=\"https:\/\/www.cmfeastafrica.org\/\" rel=\"nofollow noopener\" target=\"_blank\">TANZANIA<\/a> | <a href=\"https:\/\/www.cmfindotiles.org\/\" rel=\"nofollow noopener\" target=\"_blank\">TIMOR LESTE<\/a> | <a href=\"https:\/\/www.cmfeastafrica.org\/\" rel=\"nofollow noopener\" target=\"_blank\">UGANDA<\/a> | <a href=\"https:\/\/www.klaretyni.pl\/\" rel=\"nofollow noopener\" target=\"_blank\">UKRAINE<\/a> | <a href=\"https:\/\/www.fatimacmf.org\/\" rel=\"nofollow noopener\" target=\"_blank\">UNITED KINGDOM<\/a> | <a href=\"https:\/\/www.claretiansusa.org\/\" rel=\"nofollow noopener\" target=\"_blank\">UNITED STATES OF AMERICA<\/a> | <a href=\"https:\/\/www.claretianosdelsur.org\/\" rel=\"nofollow noopener\" target=\"_blank\">URUGUAY<\/a> | <a href=\"cmfcolven.org\/\">VENEZUELA<\/a> | <a href=\"https:\/\/www.gallardoprovince.org\/\" rel=\"nofollow noopener\" target=\"_blank\">VIETNAM<\/a> | <a href=\"https:\/\/www.fatimacmf.org\/\" rel=\"nofollow noopener\" target=\"_blank\">ZIMBABWE<\/a><\/p>[\/et_pb_text][\/et_pb_column][\/et_pb_row][\/et_pb_section]\n","protected":false},"excerpt":{"rendered":"<p>Wir sind eine Kongregation von Missionaren, die vom heiligen Antonius Maria Claret am 16. Juli 1849 in Vic, Spanien, zusammen mit den P. Stephen Sala, Joseph Xifr\u00e9, Dominic Fabregas, Jaime Clotet und Manuel Vilaro gegr\u00fcndet wurde. Der offizielle Name unserer Kongregation ist Kongregation der Missionare S\u00f6hne des Unbefleckten Herzens der seligen Jungfrau Maria, allgemein bekannt [&hellip;]<\/p>\n","protected":false},"author":2,"featured_media":0,"parent":0,"menu_order":0,"comment_status":"closed","ping_status":"closed","template":"","meta":{"_et_pb_use_builder":"on","_et_pb_old_content":"","_et_gb_content_width":"","footnotes":""},"class_list":["post-115168","page","type-page","status-publish","hentry"],"jetpack_sharing_enabled":true,"jetpack_shortlink":"https:\/\/wp.me\/PdaBmi-tXy","jetpack_likes_enabled":true,"_links":{"self":[{"href":"https:\/\/www.claret.org\/de\/wp-json\/wp\/v2\/pages\/115168","targetHints":{"allow":["GET"]}}],"collection":[{"href":"https:\/\/www.claret.org\/de\/wp-json\/wp\/v2\/pages"}],"about":[{"href":"https:\/\/www.claret.org\/de\/wp-json\/wp\/v2\/types\/page"}],"author":[{"embeddable":true,"href":"https:\/\/www.claret.org\/de\/wp-json\/wp\/v2\/users\/2"}],"replies":[{"embeddable":true,"href":"https:\/\/www.claret.org\/de\/wp-json\/wp\/v2\/comments?post=115168"}],"version-history":[{"count":0,"href":"https:\/\/www.claret.org\/de\/wp-json\/wp\/v2\/pages\/115168\/revisions"}],"wp:attachment":[{"href":"https:\/\/www.claret.org\/de\/wp-json\/wp\/v2\/media?parent=115168"}],"curies":[{"name":"wp","href":"https:\/\/api.w.org\/{rel}","templated":true}]}}