{"id":116179,"date":"2022-03-22T09:33:42","date_gmt":"2022-03-22T08:33:42","guid":{"rendered":"https:\/\/www.claret.org\/unser-traum\/"},"modified":"2022-03-28T20:51:28","modified_gmt":"2022-03-28T18:51:28","slug":"unser-traum","status":"publish","type":"page","link":"https:\/\/www.claret.org\/de\/unser-traum\/","title":{"rendered":"Unser Traum"},"content":{"rendered":"<p>[et_pb_section fb_built=&#8220;1&#8243; fullwidth=&#8220;on&#8220; _builder_version=&#8220;4.15.1&#8243; _module_preset=&#8220;default&#8220; global_colors_info=&#8220;{}&#8220;][et_pb_fullwidth_header title=&#8220;Der kongregationale Traum&#8220; _builder_version=&#8220;4.15.1&#8243; _module_preset=&#8220;default&#8220; content_font_size=&#8220;18px&#8220; background_color=&#8220;#1777b7&#8243; background_image=&#8220;https:\/\/www.claret.org\/wp-content\/uploads\/2018\/03\/jpic.jpg&#8220; background_blend=&#8220;multiply&#8220; global_colors_info=&#8220;{}&#8220;]Die von Claret gegr\u00fcndete Kongregation begann als ein gro\u00dfer missionarischer Traum inmitten vieler Einschr\u00e4nkungen. Diese kleine Gruppe in der Zelle von Vic ist heute eine multikulturelle Kongregation, die berufen ist, den Traum von Claret zu verwirklichen. Versammelt im Generalkapitel, bewegt von demselben Geist, der ihn und die ersten Gef\u00e4hrten inspirierte, und motiviert durch unser Motto &#8222;verwurzelt und k\u00fchn&#8220; (QC 43)[\/et_pb_fullwidth_header][\/et_pb_section][et_pb_section fb_built=&#8220;1&#8243; _builder_version=&#8220;4.15.1&#8243; _module_preset=&#8220;default&#8220; custom_padding=&#8220;35px||24px|||&#8220; global_colors_info=&#8220;{}&#8220;][et_pb_row _builder_version=&#8220;4.15.1&#8243; _module_preset=&#8220;default&#8220; global_colors_info=&#8220;{}&#8220;][et_pb_column type=&#8220;4_4&#8243; _builder_version=&#8220;4.15.1&#8243; _module_preset=&#8220;default&#8220; global_colors_info=&#8220;{}&#8220;][et_pb_text _builder_version=&#8220;4.15.1&#8243; _module_preset=&#8220;default&#8220; text_font=&#8220;Roboto|300|||||||&#8220; text_text_color=&#8220;#000000&#8243; text_font_size=&#8220;28px&#8220; text_line_height=&#8220;1.8em&#8220; text_orientation=&#8220;center&#8220; text_font_size_tablet=&#8220;28px&#8220; text_font_size_phone=&#8220;20px&#8220; text_font_size_last_edited=&#8220;on|phone&#8220; global_colors_info=&#8220;{}&#8220;]Wir tr\u00e4umen von einer pilgernden Kongregation, die im Glauben an Jesus Christus und in der claretinischen Spiritualit\u00e4t verwurzelt ist.[\/et_pb_text][et_pb_divider _builder_version=&#8220;4.15.1&#8243; _module_preset=&#8220;default&#8220; global_colors_info=&#8220;{}&#8220;][\/et_pb_divider][et_pb_text _builder_version=&#8220;4.15.1&#8243; _module_preset=&#8220;default&#8220; text_font=&#8220;Roboto|300|||||||&#8220; text_text_color=&#8220;#000000&#8243; text_font_size=&#8220;28px&#8220; text_line_height=&#8220;1.8em&#8220; text_orientation=&#8220;center&#8220; text_font_size_tablet=&#8220;28px&#8220; text_font_size_phone=&#8220;20px&#8220; text_font_size_last_edited=&#8220;on|phone&#8220; global_colors_info=&#8220;{}&#8220;]Wir tr\u00e4umen wie Claret von einer Kongregation, die nach dem Vorbild Mariens das Wort Gottes in ihrem Herzen bewahrt, erf\u00fcllt und verk\u00fcndet.[\/et_pb_text][et_pb_divider _builder_version=&#8220;4.15.1&#8243; _module_preset=&#8220;default&#8220; global_colors_info=&#8220;{}&#8220;][\/et_pb_divider][et_pb_text _builder_version=&#8220;4.15.1&#8243; _module_preset=&#8220;default&#8220; text_font=&#8220;Roboto|300|||||||&#8220; text_text_color=&#8220;#000000&#8243; text_font_size=&#8220;28px&#8220; text_line_height=&#8220;1.8em&#8220; text_orientation=&#8220;center&#8220; text_font_size_tablet=&#8220;28px&#8220; text_font_size_phone=&#8220;20px&#8220; text_font_size_last_edited=&#8220;on|phone&#8220; global_colors_info=&#8220;{}&#8220;]Wir tr\u00e4umen von einer Kongregation von Missionaren, die ihr Leben, ihre Vielfalt und ihre Ressourcen in Gemeinschaften teilen, die von der Mission und den Diensten gepr\u00e4gt sind, die Gott uns anvertraut hat. Wir ermutigen und begleiten uns gegenseitig als Br\u00fcder durch gegenseitiges Zuh\u00f6ren, ohne jemanden auszuschlie\u00dfen.[\/et_pb_text][et_pb_divider _builder_version=&#8220;4.15.1&#8243; _module_preset=&#8220;default&#8220; global_colors_info=&#8220;{}&#8220;][\/et_pb_divider][et_pb_text _builder_version=&#8220;4.15.1&#8243; _module_preset=&#8220;default&#8220; text_font=&#8220;Roboto|300|||||||&#8220; text_text_color=&#8220;#000000&#8243; text_font_size=&#8220;28px&#8220; text_line_height=&#8220;1.8em&#8220; text_orientation=&#8220;center&#8220; text_font_size_tablet=&#8220;28px&#8220; text_font_size_phone=&#8220;20px&#8220; text_font_size_last_edited=&#8220;on|phone&#8220; global_colors_info=&#8220;{}&#8220;]Wir tr\u00e4umen von einer k\u00fchnen und wandernden Kongregation, die, vom Geist des Herrn gesandt (vgl. Lk 4,18; Apg 8,28.39), an die Peripherie geht, sich den Jugendlichen n\u00e4hert, mit ihnen geht und sie ermutigt, dem Ruf Gottes zu folgen.[\/et_pb_text][et_pb_divider _builder_version=&#8220;4.15.1&#8243; _module_preset=&#8220;default&#8220; global_colors_info=&#8220;{}&#8220;][\/et_pb_divider][et_pb_text _builder_version=&#8220;4.15.1&#8243; _module_preset=&#8220;default&#8220; text_font=&#8220;Roboto|300|||||||&#8220; text_text_color=&#8220;#000000&#8243; text_font_size=&#8220;28px&#8220; text_line_height=&#8220;1.8em&#8220; text_orientation=&#8220;center&#8220; text_font_size_tablet=&#8220;28px&#8220; text_font_size_phone=&#8220;20px&#8220; text_font_size_last_edited=&#8220;on|phone&#8220; global_colors_info=&#8220;{}&#8220;]Wir tr\u00e4umen von einer Kongregation, die von der biblischen Animation aller pastoralen Dienste ausgeht (vgl. WD 73), die mit allen Mitteln der gemeinsamen Mission, des interreligi\u00f6sen Dialogs und der intelligenten Nutzung der verschiedenen Kommunikationsmittel evangelisiert.[\/et_pb_text][et_pb_divider _builder_version=&#8220;4.15.1&#8243; _module_preset=&#8220;default&#8220; global_colors_info=&#8220;{}&#8220;][\/et_pb_divider][et_pb_text _builder_version=&#8220;4.15.1&#8243; _module_preset=&#8220;default&#8220; text_font=&#8220;Roboto|300|||||||&#8220; text_text_color=&#8220;#000000&#8243; text_font_size=&#8220;28px&#8220; text_line_height=&#8220;1.8em&#8220; text_orientation=&#8220;center&#8220; text_font_size_tablet=&#8220;28px&#8220; text_font_size_phone=&#8220;20px&#8220; text_font_size_last_edited=&#8220;on|phone&#8220; global_colors_info=&#8220;{}&#8220;]Wir tr\u00e4umen von einer Kongregation, die sich der universalen Br\u00fcderlichkeit (Fratelli tutti), der Gerechtigkeit, dem Frieden und der Sorge um das gemeinsame Haus (Laudato si&#8216;) verpflichtet f\u00fchlt. Im Geist der Synodalit\u00e4t arbeiten wir mit Menschen verschiedener Kulturen, Ethnien und Religionen zusammen, um die Welt nach dem Plan Gottes zu ver\u00e4ndern (vgl. CC 46).[\/et_pb_text][et_pb_divider _builder_version=&#8220;4.15.1&#8243; _module_preset=&#8220;default&#8220; global_colors_info=&#8220;{}&#8220;][\/et_pb_divider][et_pb_text _builder_version=&#8220;4.15.1&#8243; _module_preset=&#8220;default&#8220; text_font=&#8220;Roboto|300|||||||&#8220; text_text_color=&#8220;#000000&#8243; text_font_size=&#8220;28px&#8220; text_line_height=&#8220;1.8em&#8220; text_orientation=&#8220;center&#8220; text_font_size_tablet=&#8220;28px&#8220; text_font_size_phone=&#8220;20px&#8220; text_font_size_last_edited=&#8220;on|phone&#8220; global_colors_info=&#8220;{}&#8220;]Wir tr\u00e4umen von einer Kongregation, die bereit ist, auf neue Herausforderungen durch einen ganzheitlichen und kontinuierlichen Ausbildungsprozess zu antworten, offen f\u00fcr die universale Sendung, gem\u00e4\u00df dem Geist und Charisma unseres Vaters und Gr\u00fcnders.[\/et_pb_text][\/et_pb_column][\/et_pb_row][\/et_pb_section][et_pb_section fb_built=&#8220;1&#8243; fullwidth=&#8220;on&#8220; _builder_version=&#8220;4.15.1&#8243; _module_preset=&#8220;default&#8220; global_colors_info=&#8220;{}&#8220;][et_pb_fullwidth_header _builder_version=&#8220;4.15.1&#8243; _module_preset=&#8220;default&#8220; background_enable_image=&#8220;off&#8220; parallax=&#8220;on&#8220; global_colors_info=&#8220;{}&#8220;][\/et_pb_fullwidth_header][\/et_pb_section]<\/p>\n","protected":false},"excerpt":{"rendered":"<p>Die von Claret gegr\u00fcndete Kongregation begann als ein gro\u00dfer missionarischer Traum inmitten vieler Einschr\u00e4nkungen. Diese kleine Gruppe in der Zelle von Vic ist heute eine multikulturelle Kongregation, die berufen ist, den Traum von Claret zu verwirklichen. Versammelt im Generalkapitel, bewegt von demselben Geist, der ihn und die ersten Gef\u00e4hrten inspirierte, und motiviert durch unser Motto [&hellip;]<\/p>\n","protected":false},"author":2,"featured_media":0,"parent":0,"menu_order":0,"comment_status":"closed","ping_status":"closed","template":"","meta":{"_et_pb_use_builder":"on","_et_pb_old_content":"","_et_gb_content_width":"","footnotes":""},"class_list":["post-116179","page","type-page","status-publish","hentry"],"jetpack_sharing_enabled":true,"jetpack_shortlink":"https:\/\/wp.me\/PdaBmi-udR","jetpack_likes_enabled":true,"_links":{"self":[{"href":"https:\/\/www.claret.org\/de\/wp-json\/wp\/v2\/pages\/116179","targetHints":{"allow":["GET"]}}],"collection":[{"href":"https:\/\/www.claret.org\/de\/wp-json\/wp\/v2\/pages"}],"about":[{"href":"https:\/\/www.claret.org\/de\/wp-json\/wp\/v2\/types\/page"}],"author":[{"embeddable":true,"href":"https:\/\/www.claret.org\/de\/wp-json\/wp\/v2\/users\/2"}],"replies":[{"embeddable":true,"href":"https:\/\/www.claret.org\/de\/wp-json\/wp\/v2\/comments?post=116179"}],"version-history":[{"count":0,"href":"https:\/\/www.claret.org\/de\/wp-json\/wp\/v2\/pages\/116179\/revisions"}],"wp:attachment":[{"href":"https:\/\/www.claret.org\/de\/wp-json\/wp\/v2\/media?parent=116179"}],"curies":[{"name":"wp","href":"https:\/\/api.w.org\/{rel}","templated":true}]}}