{"id":116364,"date":"2022-03-24T07:36:44","date_gmt":"2022-03-24T06:36:44","guid":{"rendered":"https:\/\/www.claret.org\/necrologium\/"},"modified":"2022-11-10T09:54:50","modified_gmt":"2022-11-10T08:54:50","slug":"necrologium","status":"publish","type":"page","link":"https:\/\/www.claret.org\/de\/ueber-uns\/necrologium\/","title":{"rendered":"Necrologium"},"content":{"rendered":"<p>[et_pb_section fb_built=&#8220;1&#8243; fullwidth=&#8220;on&#8220; _builder_version=&#8220;4.17.4&#8243; _module_preset=&#8220;default&#8220; global_colors_info=&#8220;{}&#8220;][et_pb_fullwidth_header title=&#8220;@ET-DC@eyJkeW5hbWljIjp0cnVlLCJjb250ZW50IjoicG9zdF90aXRsZSIsInNldHRpbmdzIjp7ImJlZm9yZSI6IiIsImFmdGVyIjoiIn19@&#8220; _builder_version=&#8220;4.17.4&#8243; _dynamic_attributes=&#8220;title&#8220; _module_preset=&#8220;default&#8220; background_color=&#8220;rgba(224,196,145,0.75)&#8220; background_layout=&#8220;light&#8220; global_colors_info=&#8220;{}&#8220;]<\/p>\n<div class=\"et_pb_blurb_container\">\n<div class=\"et_pb_blurb_description\">\n<p>Wenn ein Missionar stirbt, sollten wir die letzte \u00d6lung mit Hingabe, br\u00fcderlicher Liebe und Einfachheit feiern. Wir sollten all unserer Br\u00fcder gedenken, die uns im Dienst des Evangeliums vorausgegangen sind, und sie mit den vorgeschriebenen Gebeten dem Herrn empfehlen, besonders in der Feier der Eucharistie.<\/p>\n<p>&nbsp;<\/p>\n<p>Die gleiche Ehrfurcht und den gleichen Respekt sollten wir unseren verstorbenen Eltern und den verstorbenen Mitarbeitern der Kongregation entgegenbringen.<\/p>\n<p>(Konstitution 19)<\/p>\n<\/div>\n<\/div>\n<p>[\/et_pb_fullwidth_header][\/et_pb_section][et_pb_section fb_built=&#8220;1&#8243; _builder_version=&#8220;4.17.4&#8243; _module_preset=&#8220;default&#8220; custom_padding=&#8220;45px|||||&#8220; global_colors_info=&#8220;{}&#8220;][et_pb_row _builder_version=&#8220;4.17.4&#8243; _module_preset=&#8220;default&#8220; global_colors_info=&#8220;{}&#8220;][et_pb_column type=&#8220;4_4&#8243; _builder_version=&#8220;4.17.4&#8243; _module_preset=&#8220;default&#8220; global_colors_info=&#8220;{}&#8220;][et_pb_text _builder_version=&#8220;4.17.6&#8243; _module_preset=&#8220;default&#8220; hover_enabled=&#8220;0&#8243; global_colors_info=&#8220;{}&#8220; sticky_enabled=&#8220;0&#8243;]<\/p>\n<p><div class=\"wpfd-content wpfd-content-default wpfd-content-category-normal wpfd-content-multi\" data-category=\"4886\"             style=\"display: none; background-color: ;\"><input type=\"hidden\" id=\"current_category_4886\" value=\"4886\" \/>                    <input type=\"hidden\" id=\"current_category_slug_4886\" value=\"necrologium\" \/>                    <input type=\"hidden\" id=\"current_ordering_4886\" value=\"title\" \/>                    <input type=\"hidden\" id=\"current_ordering_direction_4886\" value=\"desc\" \/>                    <input type=\"hidden\" id=\"page_limit_4886\" value=\"100\" \/><input type=\"hidden\" id=\"wpfd_display_empty_category_message\" value=\"1\" \/><input type=\"hidden\" id=\"wpfd_empty_category_message_val\" value=\"This file category has no files to display\" \/><input type=\"hidden\" id=\"wpfd_display_empty_folder\" value=\"0\" \/><input type=\"hidden\" id=\"wpfd_is_empty_subcategories\" value=\"1\" \/><input type=\"hidden\" id=\"wpfd_is_empty_files\" value=\"1\" \/><input type=\"hidden\" id=\"wpfd_root_category_id\" class=\"wpfd_root_category_id\" value=\"4886\" \/><input type=\"hidden\" id=\"wpfd_root_category_theme\" class=\"wpfd_root_category_theme\" value=\"default\" \/><input type=\"hidden\" id=\"wpfd_root_category_clone_theme_type\" class=\"wpfd_root_category_clone_theme_type\" value=\"none\" \/><input type=\"hidden\" id=\"wpfd_root_category_type\" class=\"wpfd_root_category_type\" value=\"4886\" \/><input type=\"hidden\" id=\"wpfd_category_notify_file_changes\" class=\"wpfd_category_notify_file_changes\" value=\"0\" \/><input type=\"hidden\" id=\"wpfd_global_notify_file_changes\" class=\"wpfd_global_notify_file_changes\" value=\"0\" \/><input type=\"hidden\" id=\"wpfd_download_selected\" class=\"wpfd_download_selected\" value=\"1\" \/><input type=\"hidden\" id=\"wpfd_user_login\" class=\"wpfd_user_login\" value=\"0\" \/><div class=\"wpfd-content-header-section\"><div class=\"wpfd-header-btn-group\"><a class=\"wpfd-category-mail-subscribe-all\" href=\"#\" style=\"display: none\">Email Subscribe All<\/a><\/div><ul class=\"breadcrumbs wpfd-breadcrumbs-default head-category-default\">                            <li class=\"active\">Necrologium<\/li>                        <\/ul><\/div>    <script type=\"text\/x-handlebars-template\" class=\"wpfd-template-categories\">        <div class=\"wpfd-categories \">{{#if category}}{{#with category}}{{#if parent}}<a class=\"catlink backcategory\" href=\"#\" data-idcat=\"{{parent}}\">                        <i class=\"zmdi zmdi-chevron-left\"><\/i><span>Back<\/span><\/a>{{\/if}}{{\/with}}{{\/if}}{{#if category.desc}}<div class=\"wpfd-category-desc\">{{category.desc}}<\/div>{{\/if}}{{#if categories}}{{#each categories}}<a class=\"wpfdcategory catlink \" style=\"margin : 10px 10px 10px 10px;\" href=\"#\" data-idcat=\"{{termID}}\" title=\"{{name}}\">                                <span>{{name}}<\/span><i class=\"zmdi zmdi-folder wpfd-folder\" style=\"color: {{color}}\"><\/i>                            <\/a>{{\/each}}{{\/if}}<div class=\"wpfdcategory_placeholder\" style=\"margin : 0 10px 0 10px;\"><\/div><div class=\"wpfdcategory_placeholder\" style=\"margin : 0 10px 0 10px;\"><\/div><div class=\"wpfdcategory_placeholder\" style=\"margin : 0 10px 0 10px;\"><\/div><\/div>    <\/script>    <script type=\"text\/x-handlebars-template\" class=\"wpfd-template-files\">        {{#if files }}        <div class=\"wpfd_list\">            {{#each files}}            <div class=\"file {{ext}} {{new_file_marker_class}}\" style=\"display: none; margin : 10px 10px 10px 10px;\" data-id=\"{{ID}}\" data-catid=\"{{catid}}\" data-edit=\"{{edited}}\">                <input type=\"hidden\" class=\"wpfd_file_preview_link_download\" value=\"{{linkdownload}}\" data-filetitle=\"{{post_title}}\" data-fileicons=\"ext ext-{{ext}} wpfd-icon-set-png\" \/>                <div class=\"filecontent\">                    {{#if file_custom_icon}}                    <div class=\"icon-custom\"><img src=\"{{file_custom_icon}}\" \/><\/div>                    {{else}}                    <div class=\"ext ext-{{ext}} wpfd-icon-set-png\"><span class=\"txt\">{{ext}}<\/span><\/div>                    {{\/if}}<h3><label class=\"wpfd_checkbox\"><input class=\"cbox_file_download\" type=\"checkbox\" data-id=\"{{ID}}\" \/><span><\/span><\/label><a href=\"{{linkdownload}}\"   class=\"wpfd_downloadlink\" title=\"{{post_title}}\" target=\"{{#if remote_file}}_blank{{\/if}}\"><span class=\"f_title\">{{{crop_title}}}<\/span>{{{new_marker_icon}}}<\/a><\/h3>                    <div class=\"file-xinfo\">                        {{#if description}}<div class=\"file-desc\">{{{description}}}<\/div>{{\/if}}{{#if versionNumber}}<div class=\"file-version\"><span>Version:<\/span> {{versionNumber}}<\/div>{{\/if}}<div class=\"file-size\"><span>Size:<\/span> {{bytesToSize size}}<\/div><div class=\"file-hits\"><span>Hits:<\/span> {{hits}}<\/div><div class=\"file-dated\"><span>Date added:<\/span> {{created}}<\/div>                    <\/div>                <\/div>                <span class=\"file-right\">                    <a class=\"downloadlink wpfd_downloadlink\"  href=\"{{linkdownload}}\"  style=\"background-color:#76bc58;color:#c25d19;\" target=\"{{#if remote_file}}_blank{{\/if}}\">Download<i class=\"zmdi zmdi-cloud-download wpfd-download\"><\/i><\/a>{{#if openpdflink}}<a class=\"openlink wpfd_previewlink\" href=\"{{openpdflink}}\"  target=\"_blank\">Preview                            <i class=\"zmdi zmdi-filter-center-focus wpfd-preview\"><\/i>                        <\/a>{{else}}{{#if viewerlink}}<a                            href=\"{{viewerlink}}\"                                                        class=\"openlink wpfd_previewlink\"                            target=\"_blank\"                            data-id=\"{{ID}}\"                            data-catid=\"{{catid}}\"                            data-file-type=\"{{ext}}\">Preview<i class=\"zmdi zmdi-filter-center-focus wpfd-preview\"><\/i>                        <\/a>{{\/if}}{{\/if}}                <\/span>            <\/div>            {{\/each}}            <div class=\"file flex_span\" style=\"margin : 10px 10px 10px 10px;\"><\/div>        <\/div>        {{\/if}}    <\/script>    <div class=\"wpfd-container show_breadcrumb show_subcategories\">                <div class=\"wpfd-open-tree\"><\/div>        <div class=\"wpfd-container-default \">            <div class=\"wpfd-categories \"><div class=\"wpfd-category-desc\"><\/div><\/div>                            <div class=\"wpfd_list\">                                                                                                    <div class=\"file pdf\"                                 style=\"margin : 10px 10px 10px 10px;\"                                 data-id=\"187267\"                                 data-catid=\"4886\"                                 data-edit=\"0\">                                                                <input type=\"hidden\" class=\"wpfd_file_preview_link_download\" value=\"https:\/\/www.claret.org\/download\/4886\/necrologium\/187267\/2025-2030-necrologium-apendix-2\"                                       data-filetitle=\"2025 - 2030 Necrologium Apendix\" data-fileicons=\"ext ext-pdf wpfd-icon-set-png\" \/>                                <div class=\"filecontent\">                                    <div class=\"ext ext-pdf wpfd-icon-set-png\"><span class=\"txt\">pdf<\/span><\/div><h3><label class=\"wpfd_checkbox\"><input class=\"cbox_file_download\" type=\"checkbox\" data-id=\"187267\" data-catid=\"4886\" \/><span><\/span><\/label><a href=\"https:\/\/www.claret.org\/download\/4886\/necrologium\/187267\/2025-2030-necrologium-apendix-2\"   class=\"wpfd_downloadlink\" title=\"2025 - 2030 Necrologium Apendix\" target=\"\"><span class=\"f_title\">2025 - 2030 Necrologium Apendix<\/span><\/a><\/h3>                                    <div class=\"file-xinfo\">                                        <div class=\"file-desc\"><\/div><div class=\"file-size\"><span>Size:<\/span> 207.11 KB<\/div><div class=\"file-hits\"><span>Hits:<\/span> 94<\/div><div class=\"file-dated\"><span>Date added:<\/span> 21 - 03 - 2026<\/div>                                    <\/div>                                <\/div>                                <div class=\"file-right\">                                    <a class=\"downloadlink wpfd_downloadlink\"  href=\"https:\/\/www.claret.org\/download\/4886\/necrologium\/187267\/2025-2030-necrologium-apendix-2\"  style=\"background-color:#76bc58;color:#c25d19;\" target=\"\">Download<i class=\"zmdi zmdi-cloud-download wpfd-download\"><\/i><\/a><a class=\"openlink wpfd_previewlink\" href=\"https:\/\/www.claret.org\/wp-admin\/admin-ajax.php?juwpfisadmin=false&#038;action=wpfd&#038;task=file.download&#038;wpfd_category_id=4886&#038;wpfd_file_id=187267&#038;token=&#038;preview=1\"  target=\"_blank\">Preview                            <i class=\"zmdi zmdi-filter-center-focus wpfd-preview\"><\/i>                        <\/a>                                <\/div>                            <\/div>                                                                <div class=\"file flex_span\" style=\"margin : 10px 10px 10px 10px;\"><\/div>                <\/div>                                <\/div>    <\/div><\/div><\/p>\n<p>[\/et_pb_text][\/et_pb_column][\/et_pb_row][et_pb_row _builder_version=&#8220;4.17.4&#8243; _module_preset=&#8220;default&#8220; global_colors_info=&#8220;{}&#8220;][et_pb_column type=&#8220;4_4&#8243; _builder_version=&#8220;4.17.4&#8243; _module_preset=&#8220;default&#8220; global_colors_info=&#8220;{}&#8220;][et_pb_text _builder_version=&#8220;4.17.4&#8243; _module_preset=&#8220;default&#8220; global_colors_info=&#8220;{}&#8220;]<\/p>\n<h1>IM GEDENKEN UNSERER GELIEBTEN AUDACIOUS BR\u00dcDER:<\/h1>\n<p>[\/et_pb_text][\/et_pb_column][\/et_pb_row][et_pb_row _builder_version=&#8220;4.17.4&#8243; _module_preset=&#8220;default&#8220; global_colors_info=&#8220;{}&#8220;][et_pb_column type=&#8220;4_4&#8243; _builder_version=&#8220;4.17.4&#8243; _module_preset=&#8220;default&#8220; global_colors_info=&#8220;{}&#8220;][dgbm_blog_module posts_number=&#8220;1000&#8243; type=&#8220;3&#8243; include_categories=&#8220;33&#8243; show_excerpt=&#8220;off&#8220; show_categories=&#8220;off&#8220; show_author=&#8220;off&#8220; layout=&#8220;masonry&#8220; item_in_desktop=&#8220;4&#8243; image_size=&#8220;default_image&#8220; default_position_alignment=&#8220;center&#8220; article_margin=&#8220;||||false|false&#8220; title_margin=&#8220;1em||||false|false&#8220; _builder_version=&#8220;4.17.4&#8243; _module_preset=&#8220;default&#8220; title_font=&#8220;|700||on|||||&#8220; title_text_align=&#8220;center&#8220; title_text_color=&#8220;#000000&#8243; box_shadow_style_image=&#8220;preset3&#8243; global_colors_info=&#8220;{}&#8220;][\/dgbm_blog_module][\/et_pb_column][\/et_pb_row][\/et_pb_section]<\/p>\n","protected":false},"excerpt":{"rendered":"<p>Wenn ein Missionar stirbt, sollten wir die letzte \u00d6lung mit Hingabe, br\u00fcderlicher Liebe und Einfachheit feiern. Wir sollten all unserer Br\u00fcder gedenken, die uns im Dienst des Evangeliums vorausgegangen sind, und sie mit den vorgeschriebenen Gebeten dem Herrn empfehlen, besonders in der Feier der Eucharistie. &nbsp; Die gleiche Ehrfurcht und den gleichen Respekt sollten wir [&hellip;]<\/p>\n","protected":false},"author":2,"featured_media":0,"parent":115168,"menu_order":0,"comment_status":"closed","ping_status":"closed","template":"","meta":{"_et_pb_use_builder":"on","_et_pb_old_content":"","_et_gb_content_width":"","footnotes":""},"class_list":["post-116364","page","type-page","status-publish","hentry"],"jetpack_sharing_enabled":true,"jetpack_shortlink":"https:\/\/wp.me\/PdaBmi-ugQ","jetpack_likes_enabled":true,"_links":{"self":[{"href":"https:\/\/www.claret.org\/de\/wp-json\/wp\/v2\/pages\/116364","targetHints":{"allow":["GET"]}}],"collection":[{"href":"https:\/\/www.claret.org\/de\/wp-json\/wp\/v2\/pages"}],"about":[{"href":"https:\/\/www.claret.org\/de\/wp-json\/wp\/v2\/types\/page"}],"author":[{"embeddable":true,"href":"https:\/\/www.claret.org\/de\/wp-json\/wp\/v2\/users\/2"}],"replies":[{"embeddable":true,"href":"https:\/\/www.claret.org\/de\/wp-json\/wp\/v2\/comments?post=116364"}],"version-history":[{"count":0,"href":"https:\/\/www.claret.org\/de\/wp-json\/wp\/v2\/pages\/116364\/revisions"}],"up":[{"embeddable":true,"href":"https:\/\/www.claret.org\/de\/wp-json\/wp\/v2\/pages\/115168"}],"wp:attachment":[{"href":"https:\/\/www.claret.org\/de\/wp-json\/wp\/v2\/media?parent=116364"}],"curies":[{"name":"wp","href":"https:\/\/api.w.org\/{rel}","templated":true}]}}