{"id":130415,"date":"2022-07-09T19:34:53","date_gmt":"2022-07-09T17:34:53","guid":{"rendered":"https:\/\/www.claret.org\/claretinerfamilie\/laien-claretiner-msc\/"},"modified":"2022-09-29T17:39:31","modified_gmt":"2022-09-29T15:39:31","slug":"laien-claretiner-msc","status":"publish","type":"page","link":"https:\/\/www.claret.org\/de\/claretinerfamilie\/laien-claretiner-msc\/","title":{"rendered":"Laien-Claretiner (MSC)"},"content":{"rendered":"\n<p><p><em>\u201eIn diesen letzten Tagen scheint es, dass Gott will, dass die Laien eine wichtige Rolle bei der Rettung der Seelen spielen\u201c<\/em> (heiliger Antonius Maria Claret).<\/p><\/p>\n\n<p class=\"has-drop-cap\">Die Bewegung der Laien-Claretiner hat ihren Ursprung in den Laiengruppen, die der heilige Antonius Maria Claret f\u00fcr das Werk der Verk\u00fcndigung des Evangeliums organisierte. Darunter ragen heraus: die Verbr\u00fcderung vom Herzen Mariens (1847), die Bruderschaft von der christlichen Lehre (1849), die St. Michaels-Akademie (1858) und die Volks- und Pfarrb\u00fcchereien (1864). Im selben Jahr plante er, eine Vereinigung zu schaffen mit der Bezeichnung Erzbruderschaft vom Herzen Mariens, die er als gro\u00dfes Heer von Verk\u00fcndern des Evangeliums konzipierte, mit drei Zweigen: die Missionare, S\u00f6hne des unbefleckten Herzens Mariens, die sich der nicht ortsgebundenen Verk\u00fcndigung des Evangeliums widmen, die Di\u00f6zesanpriester, die ihren apostolischen Auftrag in festen und stabilien Strukturen der Verk\u00fcndigung des Evangeliums ausf\u00fchren sollten, und die Laien.&#13;\n<\/p>\n\n<p>Clarets Tod (1870) und die schwierige Lage der spanischen Kirche infolge der Revolution von 1868 machte f\u00fcr die von Claret gegr\u00fcndeten Gruppen das \u00dcberlegen sehr schwer. In der Tat verschwanden sie im Laufe weniger Jahr alle. Die Gruppen verschwanden, aber viele Laien blieben, die, vom selben Geist wie Claret beseelt, beim Werk der Verk\u00fcndigung des Evangeliums mitarbeiteten, gew\u00f6hnlich Seite an Seite mit den Claretiner-Missionaren.&#13;\n<\/p>\n\n<p>Die Neuorganisation der claretinischen Laienschaft begann im Jahr 1938, als der Generalobere der Missionar die Vereinigung der \u201eClaretinermitarbeiter\u201c gr\u00fcndete. Diese Vereinigung war als \u201eeigenes Werk\u201c der Kongregation konzipiert und wurde vom Heiligen Stuhl 1943 gutgehei\u00dfen. In ihren Satzungen wird festgestellt, dass diejenigen, die im Einklang mit dem Geiste der Kongregation leben und in ihrem Apostolat mitarbeiten wollen, Claretinermitarbeiter werden k\u00f6nnen.&#13;\n&#13;\n<\/p>\n\n<p>Ab 1972 wurden die Claretinermitarbeiter als Assoziierte der Claretiner bezeichnet. Das Generalkapitel von 1973 sagt, dass die Assozierten der Claretiner Kleriker und Laien sein k\u00f6nnen, die Anteil am claretinischen Charisma haben und sich in verschiedenen Abstufungen und auf Dauer verpflichten, dieses Charisma in Verbundenheit mit der Kongregation der Missionare zu leben.<\/p>\n\n<p>1979 nehmen sie den Namen Laien-Claretiner an. Das Generalkapitel gibt in diesem Jahr der claretinischen Laienschaft eine neue Orientierung. Es stellt fest, dass die F\u00f6rderung der Laien-Claretiner nicht aufgrund der Bed\u00fcrfnisse und Interessen der Kongregation erfolgen soll. Die Laien-Claretiner-Berufung hat ihren eigenen inneren Wert, und man muss das Wirken des Heiligen Geistes unterst\u00fctzung, der von Anfang an auch Laien berufen hat, um den missionarischen Auftrag der Claretiner zu erf\u00fcllen.<\/p>\n\n<p>Die Laien und die Ordensleute sind zwei verschiedene Formen des Claretinerseins. Die Laien-Claretiner haben nicht Anteil am Charisma der Kongregation, wie man fr\u00fcher zu sagen pflegte, sondern vielmehr am Charisma und missionarischen Auftrag Clarets.&#13;\n<\/p>\n\n<p>Website: <a href=\"http:\/\/www.seglaresclaretianos.org\" target=\"_blank\" rel=\"noreferrer noopener nofollow\">http:\/\/www.seglaresclaretianos.org<\/a><\/p>\n","protected":false},"excerpt":{"rendered":"<p>\u201eIn diesen letzten Tagen scheint es, dass Gott will, dass die Laien eine wichtige Rolle bei der Rettung der Seelen spielen\u201c (heiliger Antonius Maria Claret). Die Bewegung der Laien-Claretiner hat ihren Ursprung in den Laiengruppen, die der heilige Antonius Maria Claret f\u00fcr das Werk der Verk\u00fcndigung des Evangeliums organisierte. Darunter ragen heraus: die Verbr\u00fcderung vom [&hellip;]<\/p>\n","protected":false},"author":2,"featured_media":161356,"parent":116345,"menu_order":0,"comment_status":"closed","ping_status":"closed","template":"","meta":{"_et_pb_use_builder":"off","_et_pb_old_content":"","_et_gb_content_width":"","footnotes":""},"class_list":["post-130415","page","type-page","status-publish","has-post-thumbnail","hentry"],"jetpack_sharing_enabled":true,"jetpack_shortlink":"https:\/\/wp.me\/PdaBmi-xVt","jetpack_likes_enabled":true,"_links":{"self":[{"href":"https:\/\/www.claret.org\/de\/wp-json\/wp\/v2\/pages\/130415","targetHints":{"allow":["GET"]}}],"collection":[{"href":"https:\/\/www.claret.org\/de\/wp-json\/wp\/v2\/pages"}],"about":[{"href":"https:\/\/www.claret.org\/de\/wp-json\/wp\/v2\/types\/page"}],"author":[{"embeddable":true,"href":"https:\/\/www.claret.org\/de\/wp-json\/wp\/v2\/users\/2"}],"replies":[{"embeddable":true,"href":"https:\/\/www.claret.org\/de\/wp-json\/wp\/v2\/comments?post=130415"}],"version-history":[{"count":0,"href":"https:\/\/www.claret.org\/de\/wp-json\/wp\/v2\/pages\/130415\/revisions"}],"up":[{"embeddable":true,"href":"https:\/\/www.claret.org\/de\/wp-json\/wp\/v2\/pages\/116345"}],"wp:featuredmedia":[{"embeddable":true,"href":"https:\/\/www.claret.org\/de\/wp-json\/wp\/v2\/media\/161356"}],"wp:attachment":[{"href":"https:\/\/www.claret.org\/de\/wp-json\/wp\/v2\/media?parent=130415"}],"curies":[{"name":"wp","href":"https:\/\/api.w.org\/{rel}","templated":true}]}}