{"id":130427,"date":"2022-07-09T19:38:43","date_gmt":"2022-07-09T17:38:43","guid":{"rendered":"https:\/\/www.claret.org\/claretinerfamilie\/herz-marien-missionarinnen-mcm\/"},"modified":"2022-07-16T00:55:21","modified_gmt":"2022-07-15T22:55:21","slug":"herz-marien-missionarinnen-mcm","status":"publish","type":"page","link":"https:\/\/www.claret.org\/de\/claretinerfamilie\/herz-marien-missionarinnen-mcm\/","title":{"rendered":"Herz-Marien-Missionarinnen (MCM)"},"content":{"rendered":"\n<p>Die Vereinigung wurde am 19. M\u00e4rz 1921 in Mexiko-Stadt von zwei Personen gegr\u00fcndet. Auf der einen Seite war es Carmen Serano y Rugama, eine sehr bescheidene Frau mit einer tiefen Liebe zu Gott und zum Herzen Mariens, die die Inspiration dazu 1913 erhalten hatte. Auf der anderen Seite war es P. Juli\u00e1n Collell y Guix, ein wagemutiger und hartn\u00e4ckiger Mann, beispielhafter Priester, Mitglied der Kongregation der Missionar, S\u00f6hne des unbefleckten Herzens Marians. Beide waren unerm\u00fcdliche Katecheten, sie sich sehr eifrig um die Verherrlichung Gottes m\u00fchten.&#13;\n<\/p>\n\n<p>Auftrag der Kongregation ist es, die Botschaft des Evangeliums mit gro\u00dfem brennendem Eifer bei allen auszubreiten, die sie brauchen, insbesondere bei den niedrigsten: den Campesionos, Ureinwohnern, Gefangenen und Behinderten. Unter diesen wird den Frauen, jungen Menschen und Kindern der Vorrang einger\u00e4umt durch Katechese, Bildung und Massenmedien.&#13;\n<\/p>\n\n<p>Die Spiritualit\u00e4t der Kongregation ist in der Spiritualit\u00e4t des heiligen Antonius Maria Claret verwurzelt, wie sie von ihren Gr\u00fcndern gelebt und wahrgenommen wurde. Die Spiritualit\u00e4t ihrer Mitglieder ist gekennzeichnet durch eine tiefinnige Beziehung zum Herzen Mariens, um von ihr zu lernen, wie man in inniger Verbundenheit mit dem Herrn lebt. So sollten sie Christus, dem Missionar, folgen, der sich dem Vater darbietet als lebendige Gabe und sich ihm als Opfer f\u00fcr die Erl\u00f6sung der Menschen ausliefert.&#13;\n<\/p>\n\n<p>Website: <a href=\"http:\/\/www.miscordi.com.mx\/\" target=\"_blank\" rel=\"noopener nofollow\">http:\/\/www.miscordi.com.mx\/<\/a><\/p>\n","protected":false},"excerpt":{"rendered":"<p>Die Vereinigung wurde am 19. M\u00e4rz 1921 in Mexiko-Stadt von zwei Personen gegr\u00fcndet. Auf der einen Seite war es Carmen Serano y Rugama, eine sehr bescheidene Frau mit einer tiefen Liebe zu Gott und zum Herzen Mariens, die die Inspiration dazu 1913 erhalten hatte. Auf der anderen Seite war es P. Juli\u00e1n Collell y Guix, [&hellip;]<\/p>\n","protected":false},"author":2,"featured_media":161346,"parent":116345,"menu_order":6,"comment_status":"closed","ping_status":"closed","template":"","meta":{"_et_pb_use_builder":"off","_et_pb_old_content":"","_et_gb_content_width":"","footnotes":""},"class_list":["post-130427","page","type-page","status-publish","has-post-thumbnail","hentry"],"jetpack_sharing_enabled":true,"jetpack_shortlink":"https:\/\/wp.me\/PdaBmi-xVF","jetpack_likes_enabled":true,"_links":{"self":[{"href":"https:\/\/www.claret.org\/de\/wp-json\/wp\/v2\/pages\/130427","targetHints":{"allow":["GET"]}}],"collection":[{"href":"https:\/\/www.claret.org\/de\/wp-json\/wp\/v2\/pages"}],"about":[{"href":"https:\/\/www.claret.org\/de\/wp-json\/wp\/v2\/types\/page"}],"author":[{"embeddable":true,"href":"https:\/\/www.claret.org\/de\/wp-json\/wp\/v2\/users\/2"}],"replies":[{"embeddable":true,"href":"https:\/\/www.claret.org\/de\/wp-json\/wp\/v2\/comments?post=130427"}],"version-history":[{"count":0,"href":"https:\/\/www.claret.org\/de\/wp-json\/wp\/v2\/pages\/130427\/revisions"}],"up":[{"embeddable":true,"href":"https:\/\/www.claret.org\/de\/wp-json\/wp\/v2\/pages\/116345"}],"wp:featuredmedia":[{"embeddable":true,"href":"https:\/\/www.claret.org\/de\/wp-json\/wp\/v2\/media\/161346"}],"wp:attachment":[{"href":"https:\/\/www.claret.org\/de\/wp-json\/wp\/v2\/media?parent=130427"}],"curies":[{"name":"wp","href":"https:\/\/api.w.org\/{rel}","templated":true}]}}