{"id":134300,"date":"2022-07-01T23:15:12","date_gmt":"2022-07-01T21:15:12","guid":{"rendered":"https:\/\/www.claret.org\/konferenzen-und-wichtige-organismen\/allgemeine-haeuser\/"},"modified":"2022-09-07T12:35:48","modified_gmt":"2022-09-07T10:35:48","slug":"allgemeine-haeuser","status":"publish","type":"page","link":"https:\/\/www.claret.org\/de\/allgemeine-haeuser\/","title":{"rendered":"Allgemeine H\u00e4user"},"content":{"rendered":"\n[et_pb_section fb_built=&#8220;1&#8243; fullwidth=&#8220;on&#8220; _builder_version=&#8220;4.17.4&#8243; _module_preset=&#8220;default&#8220; global_colors_info=&#8220;{}&#8220;][et_pb_fullwidth_header title=&#8220;@ET-DC@eyJkeW5hbWljIjp0cnVlLCJjb250ZW50IjoicG9zdF90aXRsZSIsInNldHRpbmdzIjp7ImJlZm9yZSI6IiIsImFmdGVyIjoiIn19@&#8220; _builder_version=&#8220;4.17.4&#8243; _dynamic_attributes=&#8220;title&#8220; _module_preset=&#8220;default&#8220; global_colors_info=&#8220;{}&#8220;]<p>Dies sind die General Houses in Rom.<\/p>[\/et_pb_fullwidth_header][\/et_pb_section][et_pb_section fb_built=&#8220;1&#8243; _builder_version=&#8220;4.17.4&#8243; _module_preset=&#8220;default&#8220; global_colors_info=&#8220;{}&#8220;][et_pb_row column_structure=&#8220;2_5,3_5&#8243; _builder_version=&#8220;4.17.4&#8243; _module_preset=&#8220;default&#8220; global_colors_info=&#8220;{}&#8220;][et_pb_column type=&#8220;2_5&#8243; _builder_version=&#8220;4.17.4&#8243; _module_preset=&#8220;default&#8220; global_colors_info=&#8220;{}&#8220;][et_pb_blurb title=&#8220;Generalkurie&#8220; image=&#8220;https:\/\/www.claret.org\/wp-content\/uploads\/2022\/07\/Casa-Generalizia-scaled.jpg&#8220; _builder_version=&#8220;4.17.4&#8243; _module_preset=&#8220;default&#8220; header_font=&#8220;|700|||||||&#8220; global_colors_info=&#8220;{}&#8220;]<p>Via del Sacro Cuore di Maria, 5. 00197 Roma ITALIA<\/p>[\/et_pb_blurb][\/et_pb_column][et_pb_column type=&#8220;3_5&#8243; _builder_version=&#8220;4.17.4&#8243; _module_preset=&#8220;default&#8220; global_colors_info=&#8220;{}&#8220;][et_pb_text _builder_version=&#8220;4.17.6&#8243; _module_preset=&#8220;default&#8220; hover_enabled=&#8220;0&#8243; global_colors_info=&#8220;{}&#8220; sticky_enabled=&#8220;0&#8243;]<h2><strong>Major Superior:<\/strong> Fr. Mathew Vattamattam, CMF<\/h2>\r\n<p>&nbsp;<\/p>\r\n<h2>LOCAL GOVERNMENT<\/h2>\r\n<p><strong>Local Superior:<\/strong> Fr. Vicente Sanz Tobes, CMF<\/p>\r\n<p><strong>Local Vicar and Secretary:<\/strong> Fr. Efren Limpo Lo, CMF<\/p>\r\n<p><strong>Local Econome:<\/strong> Bro. Salvador Segura Santana, CMF<\/p>[\/et_pb_text][\/et_pb_column][\/et_pb_row][et_pb_row column_structure=&#8220;2_5,3_5&#8243; _builder_version=&#8220;4.17.4&#8243; _module_preset=&#8220;default&#8220; global_colors_info=&#8220;{}&#8220;][et_pb_column type=&#8220;2_5&#8243; _builder_version=&#8220;4.17.4&#8243; _module_preset=&#8220;default&#8220; global_colors_info=&#8220;{}&#8220;][et_pb_blurb title=&#8220;Claretianum&#8220; image=&#8220;https:\/\/www.claret.org\/wp-content\/uploads\/2022\/07\/Claretianum.jpg&#8220; _builder_version=&#8220;4.17.4&#8243; _module_preset=&#8220;default&#8220; header_font=&#8220;|700|||||||&#8220; global_colors_info=&#8220;{}&#8220;]<p>Largo Lorenzo Mossa, 4 &#8211; Roma, Italia<\/p>[\/et_pb_blurb][\/et_pb_column][et_pb_column type=&#8220;3_5&#8243; _builder_version=&#8220;4.17.4&#8243; _module_preset=&#8220;default&#8220; global_colors_info=&#8220;{}&#8220;][et_pb_text _builder_version=&#8220;4.17.4&#8243; _module_preset=&#8220;default&#8220; global_colors_info=&#8220;{}&#8220;]<h2><strong>Delegate Major Superior:<\/strong> Fr. Carlos Enrique S\u00e1nchez Miranda, CMF<\/h2>\r\n<p>&nbsp;<\/p>\r\n<h2>LOCAL GOVERNMENT<\/h2>\r\n<p><strong>Local Superior:<\/strong> Fr. Edgardo Alfredo Guzm\u00e1n, CMF<\/p>\r\n<p><strong>Local Vicar and Secretary:<\/strong> Fr. Carlos Luis Garc\u00eda, CMF<\/p>\r\n<p><strong>Local Econome:<\/strong> Fr. Thomas Thannickal, CMF<\/p>[\/et_pb_text][\/et_pb_column][\/et_pb_row][et_pb_row column_structure=&#8220;2_5,3_5&#8243; _builder_version=&#8220;4.17.4&#8243; _module_preset=&#8220;default&#8220; global_colors_info=&#8220;{}&#8220;][et_pb_column type=&#8220;2_5&#8243; _builder_version=&#8220;4.17.4&#8243; _module_preset=&#8220;default&#8220; global_colors_info=&#8220;{}&#8220;][et_pb_blurb title=&#8220;Iuridicum&#8220; image=&#8220;https:\/\/www.claret.org\/wp-content\/uploads\/2022\/07\/Iuridicum-scaled.jpg&#8220; _builder_version=&#8220;4.17.4&#8243; _module_preset=&#8220;default&#8220; header_font=&#8220;|700|||||||&#8220; global_colors_info=&#8220;{}&#8220;]<p><span class=\"LrzXr\">Via Giacomo Medici, 5, 00153 Roma<\/span>, Italia<\/p>[\/et_pb_blurb][\/et_pb_column][et_pb_column type=&#8220;3_5&#8243; _builder_version=&#8220;4.17.4&#8243; _module_preset=&#8220;default&#8220; global_colors_info=&#8220;{}&#8220;][et_pb_text _builder_version=&#8220;4.17.4&#8243; _module_preset=&#8220;default&#8220; global_colors_info=&#8220;{}&#8220;]<h2><strong>Delegate Major Superior:<\/strong> Fr. Manuel Alfredo Tamargo Rodr\u00edguez, CMF<\/h2>\r\n<p>&nbsp;<\/p>\r\n<h2>LOCAL GOVERNMENT<\/h2>\r\n<p><strong>Local Superior:<\/strong> Fr. Jos\u00e9-F\u00e9lix Valderr\u00e1bano, CMF<\/p>\r\n<p><strong>Local Vicar and Secretary:<\/strong> Fr. Aitor Jim\u00e9nez, CMF<\/p>\r\n<p><strong>Local Econome:<\/strong> Fr. Jose Koonamparampil, CMF<\/p>[\/et_pb_text][\/et_pb_column][\/et_pb_row][\/et_pb_section]\n","protected":false},"excerpt":{"rendered":"<p>Dies sind die General Houses in Rom.Via del Sacro Cuore di Maria, 5. 00197 Roma ITALIAMajor Superior: Fr. Mathew Vattamattam, CMF &nbsp; LOCAL GOVERNMENT Local Superior: Fr. Vicente Sanz Tobes, CMF Local Vicar and Secretary: Fr. Efren Limpo Lo, CMF Local Econome: Bro. Salvador Segura Santana, CMFLargo Lorenzo Mossa, 4 &#8211; Roma, ItaliaDelegate Major Superior: [&hellip;]<\/p>\n","protected":false},"author":2,"featured_media":0,"parent":0,"menu_order":0,"comment_status":"closed","ping_status":"closed","template":"","meta":{"_et_pb_use_builder":"on","_et_pb_old_content":"","_et_gb_content_width":"","footnotes":""},"class_list":["post-134300","page","type-page","status-publish","hentry"],"jetpack_sharing_enabled":true,"jetpack_shortlink":"https:\/\/wp.me\/PdaBmi-yW8","jetpack_likes_enabled":true,"_links":{"self":[{"href":"https:\/\/www.claret.org\/de\/wp-json\/wp\/v2\/pages\/134300","targetHints":{"allow":["GET"]}}],"collection":[{"href":"https:\/\/www.claret.org\/de\/wp-json\/wp\/v2\/pages"}],"about":[{"href":"https:\/\/www.claret.org\/de\/wp-json\/wp\/v2\/types\/page"}],"author":[{"embeddable":true,"href":"https:\/\/www.claret.org\/de\/wp-json\/wp\/v2\/users\/2"}],"replies":[{"embeddable":true,"href":"https:\/\/www.claret.org\/de\/wp-json\/wp\/v2\/comments?post=134300"}],"version-history":[{"count":0,"href":"https:\/\/www.claret.org\/de\/wp-json\/wp\/v2\/pages\/134300\/revisions"}],"wp:attachment":[{"href":"https:\/\/www.claret.org\/de\/wp-json\/wp\/v2\/media?parent=134300"}],"curies":[{"name":"wp","href":"https:\/\/api.w.org\/{rel}","templated":true}]}}