{"id":27846,"date":"2018-09-04T15:07:27","date_gmt":"2018-09-04T13:07:27","guid":{"rendered":"https:\/\/www.claret.org\/fecha-16-de-juli-unsere-liebe-frau-vom-berge-karmel-und-grundungstag-der-kongregation\/"},"modified":"2018-09-04T15:07:27","modified_gmt":"2018-09-04T13:07:27","slug":"fecha-16-de-juli-unsere-liebe-frau-vom-berge-karmel-und-grundungstag-der-kongregation","status":"publish","type":"page","link":"https:\/\/www.claret.org\/de\/ephemeride\/fecha-16-de-juli-unsere-liebe-frau-vom-berge-karmel-und-grundungstag-der-kongregation\/","title":{"rendered":"Fecha: 16 de Juli &#8211; Unsere Liebe Frau vom Berge Karmel und Gr\u00fcndungstag der Kongregation"},"content":{"rendered":"<p style=\"text-align: justify;\">\u201eDa ich den gro\u00dfen Mangel sehe, der in unserem spanischen Gebiet an apostolischen Verk\u00fcndern des Evangeliums herrscht, die gro\u00dfen W\u00fcnsche, die das Volk hat, das g\u00f6ttliche Wort zu h\u00f6ren, und die vielen dringenden Bitten, die man aus allen Teilen Spaniens an mich richtet, ich solle in ihre St\u00e4dte und D\u00f6rfer gehen und das Evangelium verk\u00fcndigen, beschloss ich, einige eifrige Gef\u00e4hrten zusammenzuf\u00fchren und zu schulen und so zusammen mit anderen das zu tun, was ich allein nicht kann\u201c (Claret, <em>Brief an den Apostolischen Nuntius<\/em> vom 12. August 1849).<\/p>\n<p>\u201eMitte Mai kam ich nach Barcelona und zog mich nach Vich zur\u00fcck und sprach mit meinen Freunden, den Domkapitularen Soler und Passarell, \u00fcber meinen Gedanken, eine Kongregation von Priestern zu bilden, die S\u00f6hne des unbefleckten Herzens Marias sein und hei\u00dfen sollten. Alle beide nahmen meinen Gedanken sehr gut auf. Der Erstgenannte, damals Rektor des Seminars in Vich, sagte zu mir, wir k\u00f6nnten, sobald die Seminaristen nach Hause in die Ferien gegangen seien, dort im Seminar zusammenkommen und in ihren Zimmern wohnen. Mittlerweise w\u00fcrde unser Herrgott schon f\u00fcr eine andere R\u00e4umlichkeit sorgen\u201c (<em>Autobiographie, <\/em>488).<\/p>\n<p>\u201eDiesen Gedanken trug ich dem hochw\u00fcrdigsten Herrn Bischof von Vich, Luciano Casadevall, vor, der mir sehr herzlich zugetan war. Er begr\u00fc\u00dfte den Plan, den ich ihm er\u00f6ffnete, au\u00dferordentlich, und wir vereinbarten, dass wir w\u00e4hrend der Ferien im Seminar wohnten und er in der Zwischenzeit das Merzedarierkloster, das ihm die Regierung zur Verf\u00fcgung gestellt hatte, herrichten lie\u00df. So geschah es auch. Der Bischof lie\u00df die vorgesehenen R\u00e4ume im Merzedarierkloster in Ordnung bringen, w\u00e4hrend ich mit einigen Priestern sprach, denen unser Herrgott denselben Geist gegeben hatte, von dem ich mich beseelt f\u00fchlte. Es waren Esteban Sala, Jos\u00e9 Xifr\u00e9, Domingo F\u00e1bregas, Manuel Vilar\u00f3, Jaime Clotet und ich, Antonio Claret, der geringste von allen. Es ist wirklich wahr, sie alle sind gebildeter und tugendreicher als ich, und ich sch\u00e4tzte mich \u00fcbergl\u00fccklich, mich als ihrer aller Diener betrachten zu d\u00fcrfen\u201c <em>(Autobiographie,<\/em> 489)<\/p>\n<p>\u201eAm 16. Juli 1849 \u2013 wir hatten uns mit Erlaubnis des hochw\u00fcrdigsten Herrn Bischofs und des Herrn Rektors bereits versammelt \u2013 begannen wir im Seminar ganz f\u00fcr uns allein mit allem Ernst und mit gl\u00fchendem Eifer die heiligen Exerzitien. Und da gerade an diesem Tag, dem 16. Juli, das Fest des heiligen Kreuzes und der Mutter Gottes vom Berge Karmel ist, nahm ich zum Thema meiner ersten Ansprache die Worte aus Psalm 22: <em>Dein Stock und dein Stab geben mir Zuversicht<\/em>, Vers 4. Dabei wies ich darauf hin, welche Verehrung und welches Vertrauen wir dem heiligen Kreuz und Maria schulden. Dann legte ich noch den gesamten Psalm im Hinblick auf unser Vorhaben aus. Wir alle kamen sehr begeistert, entschieden und zum Durchhalten entschlossen aus diesen Exerzitien, und \u2013 Gott und Maria sei Dank daf\u00fcr \u2013 alle haben sehr gut durchgehalten. Zwei sind gestorben und leben jetzt schon in der Herrlichkeit des Himmels, wo sie an Gott und am Lohn f\u00fcr ihre apostolischen Arbeiten ihre Freude haben und f\u00fcr ihre Br\u00fcder beten\u201c (<em>Autobiographie,<\/em> 490)<\/p>\n<p>\u201eSo also machten wir den Anfang, und so lebten wir auch weiter: in einem konsequent befolgten vollkommen gemeinschaftlichen Leben. Wir alle widmeten uns der Arbeit im heiligen Dienst. Nach Abschluss der Exerzitien, die ich der kleinen, im Werden begriffenen Gemeinschaft gab, sagte man zu mir, ich solle auch noch f\u00fcr den Klerus der Stadt Vich in der Seminarkirche Exerzitien geben. Und da geschah es nun: Als ich am 11. August am Ende der letzten Veranstaltung von der Kanzel herunterstieg, bestellte mich der hochw\u00fcrdigste Herr Bischof in das Palais, und als ich dorthin kam, \u00fcberreichte er mir die k\u00f6nigliche Ernennung zum Erzbischof von Kuba, datiert vom 4. August. Ich war angesichts dieser Nachricht ganz erschlagen. Ich sagte, ich n\u00e4hme auf gar keinen Fall an, und bat den Bischof auch dringend, so freundlich zu sein und f\u00fcr mich die Antwort zu \u00fcberreichen, dass ich auf gar keinen Fall ann\u00e4hme\u201c (<em>Autobiographie,<\/em> 491)<\/p>\n<p>\u201eO Mein Gott, gepriesen seist du, dass du die G\u00fcte hattest, deine niedrigen Diener zu S\u00f6hnen des unbefleckten Herzens deiner heiligen Mutter zu erw\u00e4hlen!\u201c (<em>Autobiographie,<\/em> 492)<\/p>\n<p>\u201eO hochgeehrte Mutter, sei tausendmal gelobt f\u00fcr die G\u00fcte deines unbefleckten Herzens und daf\u00fcr, dass du uns als deine S\u00f6hne angenommen hast! Mutter, gib, dass wir dieser so gro\u00dfen G\u00fcte entsprechen, dass wir jeden Tag dem\u00fctiger und gl\u00fchender werden und uns t\u00e4glich eifriger f\u00fcr die Rettung der Seelen einsetzen\u201c (<em>Autobiographie,<\/em> 493)<\/p>\n","protected":false},"excerpt":{"rendered":"<p>\u201eDa ich den gro\u00dfen Mangel sehe, der in unserem spanischen Gebiet an apostolischen Verk\u00fcndern des Evangeliums herrscht, die gro\u00dfen W\u00fcnsche, die das Volk hat, das g\u00f6ttliche Wort zu h\u00f6ren, und die vielen dringenden Bitten, die man aus allen Teilen Spaniens an mich richtet, ich solle in ihre St\u00e4dte und D\u00f6rfer gehen und das Evangelium verk\u00fcndigen, [&hellip;]<\/p>\n","protected":false},"author":69,"featured_media":0,"parent":33293,"menu_order":0,"comment_status":"closed","ping_status":"closed","template":"","meta":{"_et_pb_use_builder":"","_et_pb_old_content":"","_et_gb_content_width":"","footnotes":""},"class_list":["post-27846","page","type-page","status-publish","hentry"],"jetpack_sharing_enabled":true,"jetpack_shortlink":"https:\/\/wp.me\/PdaBmi-7f8","jetpack_likes_enabled":true,"_links":{"self":[{"href":"https:\/\/www.claret.org\/de\/wp-json\/wp\/v2\/pages\/27846","targetHints":{"allow":["GET"]}}],"collection":[{"href":"https:\/\/www.claret.org\/de\/wp-json\/wp\/v2\/pages"}],"about":[{"href":"https:\/\/www.claret.org\/de\/wp-json\/wp\/v2\/types\/page"}],"author":[{"embeddable":true,"href":"https:\/\/www.claret.org\/de\/wp-json\/wp\/v2\/users\/69"}],"replies":[{"embeddable":true,"href":"https:\/\/www.claret.org\/de\/wp-json\/wp\/v2\/comments?post=27846"}],"version-history":[{"count":0,"href":"https:\/\/www.claret.org\/de\/wp-json\/wp\/v2\/pages\/27846\/revisions"}],"up":[{"embeddable":true,"href":"https:\/\/www.claret.org\/de\/wp-json\/wp\/v2\/pages\/33293"}],"wp:attachment":[{"href":"https:\/\/www.claret.org\/de\/wp-json\/wp\/v2\/media?parent=27846"}],"curies":[{"name":"wp","href":"https:\/\/api.w.org\/{rel}","templated":true}]}}