{"id":28166,"date":"2018-09-05T08:46:40","date_gmt":"2018-09-05T06:46:40","guid":{"rendered":"https:\/\/www.claret.org\/fecha-24-de-august-hl-bartolomaus-apostel-und-mitpatron\/"},"modified":"2018-09-05T08:46:40","modified_gmt":"2018-09-05T06:46:40","slug":"fecha-24-de-august-hl-bartolomaus-apostel-und-mitpatron","status":"publish","type":"page","link":"https:\/\/www.claret.org\/de\/ephemeride\/fecha-24-de-august-hl-bartolomaus-apostel-und-mitpatron\/","title":{"rendered":"Fecha: 24 de August &#8211; Hl. Bartolom\u00e4us, Apostel und Mitpatron"},"content":{"rendered":"<p style=\"text-align: justify;\">\u00dcber keinen der zw\u00f6lf Apostel wissen wir so wenig wie \u00fcber Bartholom\u00e4us. Sein Name scheint der Vatername <em>Bar Talmai<\/em> zu sein, der \u201eSohn des Talmai\u201c bedeuten k\u00f6nnte oder \u201eSohn des Tholomaios\u201c, ein Name, den Flavius Josephus bezeugt. Dieser Apostel ist nur aufgrund seiner Erw\u00e4hnung in den Listen der Zw\u00f6lf bekannt, wo er an sechster (in den Evangelien) oder siebter Stelle (in der Apostelgeschichte) steht; seine Zugeh\u00f6rigkeit zur Gruppe entspricht einer gefestigten urspr\u00fcnglichen \u00dcberlieferung.<\/p>\n<p style=\"text-align: justify;\"><img data-recalc-dims=\"1\" loading=\"lazy\" decoding=\"async\" class=\"alignleft\" src=\"https:\/\/i0.wp.com\/www2.claret.org\/sites\/default\/files\/imagenes\/espiritualidad\/calendario\/45-bartolome_gregrio_baus.jpg?resize=271%2C354\" width=\"271\" height=\"354\" alt=\"\" title=\"\"><\/p>\n<p style=\"text-align: justify;\">Da es zu ihm keine weiteren Angaben gibt, wollte ihn eine sehr sp\u00e4te \u00dcberlieferung, die erst seit dem 9. Jahrhundert bekannt ist, mit dem Natana\u00ebl des vierten Evangeliums gleichsetzen. Doch die einzige Grundlage, auf die man sich berufen k\u00f6nnte, ist sehr schwach: Wie Natana\u00ebl im Johannesevangelium von Philippus gerufen wird, so folgt in den synoptischen Listen Bartholom\u00e4us immer auf Philippus, doch die Apostelgeschichte durchbricht diese Reihenfolge. Diese Gleichsetzung ist einer alten \u2013 heute eher aufgegebenen \u2013 Neigung geschuldet, die J\u00fcnger Jesu aus dem vierten Evangelium zu Mitgliedern des Zw\u00f6lferkreise zu machen.<\/p>\n<p>Wenn diese Gleichsetzung historisch w\u00e4re, w\u00fcssten wir \u00fcber Natana\u00ebl Bartholom\u00e4us ein wenig mehr: dass er aus Kana in Galil\u00e4a geb\u00fcrtig war, dass er von Philippus das erste Zeugnis vom Glauben an Jesus h\u00f6rte, auch wenn er das etwas skeptisch annahm, dass er aber, sobald Jesus pers\u00f6nlich mit ihm gesprochen hat, ihn als Meister, Sohn Gottes und K\u00f6nig von Israel bekennt. Nach Ostern begegnen wir Natana\u00ebl zusammen mit Petrus und weiteren J\u00fcngern am See Gennesaret beim Fischen, wo ihnen der Auferstandene erscheint.<\/p>\n<p>Da biblische Nachrichten \u00fcber die apostolische T\u00e4tigkeit von Bartholom\u00e4us fehlen, machte ihn die legendarische \u00dcberlieferung zum Missionar in Indien, \u00c4thiopien, Arabien, Mesopotamien, Lykaonien, Kleinasien \u2026 Auch \u00fcber seinen Tod verbreiteten sich ganz unterschiedliche \u00dcberlieferungen: Im Orient verehrt man ihn als Gekreuzigten, das Martyrologium des Hrabanus Maurus stellt ihn als Enthaupteten dar, und nach dem heiligen Isidor von Sevilla ist ihm die Haut abgezogen worden.<\/p>\n<p><strong>Erw\u00e4gungen Clarets<\/strong><\/p>\n<p>In seinem Brief an den Missionar Theophilus sagt Claret dann \u00fcber den heiligen Bartholom\u00e4us: \u201eWer wird sich, geliebtester Theophilus, um Verfolgungen und andere Hindernisse k\u00fcmmern, die sich dem Missionar entgegenstellen, wenn er sieht, dass Jesus Christus, der heilige Paulus, die \u00fcbrigen Apostel und alle wirklichen Missionare diesen Weg gehen mussten. Deshalb musst du dich an das erinnern, was der Prophet Jesaja sagt: In der Stille und im Vertrauen liegt eure Kraft. Bem\u00fche du dich, zu schweigen, zu arbeiten und zu hoffen, und der Herr wird jenes Unwetter vertreiben. Und wenn die Verfolgung so heftig ist, dann fliehe in eine andere Stadt, doch verlasse deinen Dienst niemals und gibt deine missionarische Sendung nie auf.\u201c<\/p>\n<p>In den Konstitutionen von 1857 ist die folgende gl\u00fchende Ermahnung Clarets aufgenommen: \u201eDie weltlich Gesonnenen lieben die Ehren und die Wertsch\u00e4tzung der Menschen, die Reicht\u00fcmer und Vergn\u00fcgungen und verabscheuen das, was Jesus Christus geliebt hat, n\u00e4mlich Ehrverlust, Schande, Verfolgungen, Armut, Leiden und Tod am Kreuz. Die Missionare werden also als J\u00fcnger, Diener und S\u00f6hne Jesu ganz wahrhaftig Sorge tragen, dieselbe Livree zu tragen wie Jesus; in der Weise, dass sie dort, wo seine g\u00f6ttliche Majest\u00e4t nicht beleidigt wird und es auch dem N\u00e4chsten nicht als Schuld angerechnet wird, w\u00fcnschen, Drangsale, Beleidigungen, Falschaussagen und Beschimpfungen zu erleiden und dass man sie f\u00fcr verr\u00fcckt h\u00e4lt, wobei sie selbst jedoch keinerlei Veranlassung dazu geben und die heiligen Apostel nachahmen sollen, von denen die Heilige Schrift sagt: <em>Ibant Apostoli gaudentes a conspectu concilii, quoniam digni habiti sunt pro nomine Iesu contumeliam pati.<\/em> Selig sind die, die zu dieser Stufe gelangen! Und zu ihr sollen die gelangen, die wahre apostolische Missionare zu sein w\u00fcnschen, so dass jeder von ihnen wie der Prophet sagen kann: <em>Sicut sagittae in manu potentis acutae.\u201c<\/em><\/p>\n","protected":false},"excerpt":{"rendered":"<p>\u00dcber keinen der zw\u00f6lf Apostel wissen wir so wenig wie \u00fcber Bartholom\u00e4us. Sein Name scheint der Vatername Bar Talmai zu sein, der \u201eSohn des Talmai\u201c bedeuten k\u00f6nnte oder \u201eSohn des Tholomaios\u201c, ein Name, den Flavius Josephus bezeugt. Dieser Apostel ist nur aufgrund seiner Erw\u00e4hnung in den Listen der Zw\u00f6lf bekannt, wo er an sechster (in [&hellip;]<\/p>\n","protected":false},"author":69,"featured_media":28158,"parent":33293,"menu_order":0,"comment_status":"closed","ping_status":"closed","template":"","meta":{"_et_pb_use_builder":"","_et_pb_old_content":"","_et_gb_content_width":"","footnotes":""},"class_list":["post-28166","page","type-page","status-publish","has-post-thumbnail","hentry"],"jetpack_sharing_enabled":true,"jetpack_shortlink":"https:\/\/wp.me\/PdaBmi-7ki","jetpack_likes_enabled":true,"_links":{"self":[{"href":"https:\/\/www.claret.org\/de\/wp-json\/wp\/v2\/pages\/28166","targetHints":{"allow":["GET"]}}],"collection":[{"href":"https:\/\/www.claret.org\/de\/wp-json\/wp\/v2\/pages"}],"about":[{"href":"https:\/\/www.claret.org\/de\/wp-json\/wp\/v2\/types\/page"}],"author":[{"embeddable":true,"href":"https:\/\/www.claret.org\/de\/wp-json\/wp\/v2\/users\/69"}],"replies":[{"embeddable":true,"href":"https:\/\/www.claret.org\/de\/wp-json\/wp\/v2\/comments?post=28166"}],"version-history":[{"count":0,"href":"https:\/\/www.claret.org\/de\/wp-json\/wp\/v2\/pages\/28166\/revisions"}],"up":[{"embeddable":true,"href":"https:\/\/www.claret.org\/de\/wp-json\/wp\/v2\/pages\/33293"}],"wp:featuredmedia":[{"embeddable":true,"href":"https:\/\/www.claret.org\/de\/wp-json\/wp\/v2\/media\/28158"}],"wp:attachment":[{"href":"https:\/\/www.claret.org\/de\/wp-json\/wp\/v2\/media?parent=28166"}],"curies":[{"name":"wp","href":"https:\/\/api.w.org\/{rel}","templated":true}]}}