{"id":28344,"date":"2018-09-06T08:10:53","date_gmt":"2018-09-06T06:10:53","guid":{"rendered":"https:\/\/www.claret.org\/fecha-2-de-oktober-hl-schutzengel-mitpatrone\/"},"modified":"2018-09-06T08:10:53","modified_gmt":"2018-09-06T06:10:53","slug":"fecha-2-de-oktober-hl-schutzengel-mitpatrone","status":"publish","type":"page","link":"https:\/\/www.claret.org\/de\/ephemeride\/fecha-2-de-oktober-hl-schutzengel-mitpatrone\/","title":{"rendered":"Fecha: 2 de Oktober &#8211; Hl. Schutzengel, Mitpatrone"},"content":{"rendered":"<p style=\"text-align: justify;\">Gerade einmal drei Tage nach dem liturgischen Fest der heiligen Erzengel Michael, Gabriel und Rafael gedenkt die Kirche heute der heiligen Schutzengel. Die Kongregation schlie\u00dft sich dieser Feier der Kirche an und verehrt das Gedenken an alle Engel, die sie seit jeher als Mitpatrone hat.<\/p>\n<p style=\"text-align: justify;\"><img data-recalc-dims=\"1\" loading=\"lazy\" decoding=\"async\" class=\"alignleft\" src=\"https:\/\/i0.wp.com\/www2.claret.org\/sites\/default\/files\/imagenes\/espiritualidad\/calendario\/55-angeles.jpg?resize=235%2C303\" width=\"235\" height=\"303\" alt=\"\" title=\"\"><\/p>\n<p style=\"text-align: justify;\">Die Aufgabe der Engel besteht, kurz gesagt, darin, Gott anzubeten und seine Befehle zu erf\u00fcllen, indem sie den Menschen seine Botschaften bringen. Ihr Name zeigt genau diesen Auftrag, \u00dcberbringer der Botschaften Gottes zu sein, an: In der Bibel bedeutet das Wort Engel \u201eBote\u201c. Ber\u00fchmt ist diesbez\u00fcglich die Aussage des heiligen Augustinus: \u201eDie Bezeichnung Engel zeigt seine Aufgabe an, nicht sein Wesen. Wenn du nach seinem Wesen fragst, werde ich dir sagen, dass er ein Geist ist; wenn du danach fragst, was er tut, werde ich dir sagen, dass er ein Engel ist.\u201c<\/p>\n<p>Gest\u00fctzt auf die Heilige Schrift und auf die \u00dcberlieferung, hat sich der Glaube an die Existenz der Engel und ihre sch\u00fctzende N\u00e4he zu den Menschen von alters her in der Kirche erhalten und ist in der Liturgie der Gesamtkirche seit dem Jahr 1608 an diesem Datum gefeiert worden.<\/p>\n<p>Der Katechismus der katholischen Kirche bietet uns eine Zusammenfassung der Lehre \u00fcber die Engel. Er stellte fest, dass die Engel Diener und Boten Gottes sind. Sie schauen st\u00e4ndig das Antlitz des Vaters im Himmel. Sie sind \u201eVollstrecker seiner Befehle, seinen Worten gehorsam\u201c. Sie haben Verstand und Willen. Sie sind personale und unsterbliche Gesch\u00f6pfe. Sie \u00fcbertreffen alle sichtbaren Gesch\u00f6pfe an Vollkommenheit. Sie haben Christus, den Herrn, als ihre Mitte. Sie wurden durch ihn und f\u00fcr ihn geschaffen mit dem Auftrag, denen zu helfen, die das Heil erben sollen. Seit der Sch\u00f6pfung und im Verlauf der ganzen Geschichte verk\u00fcnden sie dieses Heil und dienen dem g\u00f6ttlichen Plan zu seiner Verwirklichung: Sie verschlie\u00dfen die T\u00fcr des irdischen Paradieses, besch\u00fctzen Lot, retten Hagar und ihren Sohn, gebieten der Hand Abrahams Einhalt, durch ihren Dienst wird das Gesetz mitgeteilt, sie f\u00fchren das Volk Gottes, verk\u00fcnden Geburten und Berufungen und stehen den Propheten bei.<\/p>\n<p>Ein Engel \u2013 Gabriel \u2013 verk\u00fcndet die Geburt des Vorl\u00e4ufers und die Jesu. Und von der Menschwerdung bis zur Aufnahme in den Himmel ist Jesus, das fleischgewordene Wort, von Engeln umringt, wie es viele Stellen im Neuen Testament bezeugen.<\/p>\n<p>Aus der geheimnisvollen und machtvollen Hilfe der Engel zieht das ganze Leben der Kirche Nutzen. In der Tat sch\u00e4tzt die Kirche ihren Schutz, vertraut darauf, dass auf ihnen die Beh\u00fctung des Menschen von seiner Geburt bis zu seinem Scheiden aus der Welt ruht, und feiert in ihrer Liturgie das Ged\u00e4chtnis der Erzengel Michael, Gabriel und Rafael und der Schutzengel.<\/p>\n<p><strong>Verehrung der Engel bei Pater Stifter<\/strong><\/p>\n<p>Vor drei Tagen haben wir uns an die besondere Verehrung erinnert, die der heilige Antonius Maria Claret dem Erzengel Michael erwies, als er die Akademie, die seinen Namen tr\u00e4gt, unter seine Schirmherrschaft stellte, ihn als Besch\u00fctzer der Librer\u00eda Religiosa betrachtete und als er ihn zusammen mit den Engeln unter die Patrone der von ihm gegr\u00fcndeten Kongregation aufnahm. Doch dass unser Gr\u00fcnder alle Engel verehrte, wird in seinem Bekenntnis klar, das er in seiner Autobiographie abgibt, wenn er sagt: \u201eNiemals verga\u00df ich, den glorreichen heiligen Michael anzurufen, ebenso die Schutzengel, insbesondere meinen eigenen, den des K\u00f6nigsreichs, den der Provinz, den der Ortschaft, in der ich predigte, und den Schutzengel eines jeden einzelnen.\u201c Und er f\u00fcgt hinzu: \u201eDen Schutz der heiligen Schutzengel habe ich augenf\u00e4llig erfahren.\u201c<\/p>\n<p>Der Heilige bezeugt den Schutz, den er durch die Engel erfuhr (neben dem Schutz der Jungfrau Maria und anderer Heiliger), als die Verfolgungen gegen ihn in seinem missionarischen Wirken heftiger wurden. Er sagt: \u201eDie heilige Jungfrau und ihre Engel besch\u00fctzten mich auf unbekannten Wegen, retteten mich vor R\u00e4ubern und M\u00f6rdern und brachten mich in Sicherheit, ohne dass ich wusste, wie.\u201c Er fleht Maria, die K\u00f6nigin der Engel, an, sie ihm zur Hilfe zu senden. Und Claret selbst deutet die Hilfe, die er als junger Priester auf seiner Reise nach Rom in Marseille  erfuhr, als Hilfe des Himmels, weil sich ein Mann derart um ihn k\u00fcmmerte, dass er nach den Worten des Heiligen eher ein Engel zu sein schien als ein Mensch.<\/p>\n<p><strong>Lehren der Engel f\u00fcr unser Spiritualit\u00e4t und unser missionarisches Wirken<\/strong><\/p>\n<p>Wenn wir das Ged\u00e4chtnis der heiligen Engel feiern, ist es verpflichtend, Gott daf\u00fcr zu danken, dass er uns ihrem Schutz anvertraut hat. Sie machen die Vorsehung Gottes in unsichtbarer, aber wirksamer Weise in unserem Leben gegenw\u00e4rtig.<\/p>\n<p>Doch wenn wir ihm danken und uns unter den Schutz der heiligen Engel stellen, m\u00fcssen wir gleichzeitig einige Lehren f\u00fcr unser Leben daraus ziehen. Da die Engel zum einen Teil vor dem Thron Gottes stehen, den sie anbeten, und zum anderen Teil seine Boten sind, die seine Befehle ausf\u00fchren, m\u00f6gen wir von ihnen lernen, Gott anzubeten (kontemplative Dimension unseres Ordenslebens) und uns f\u00fcr den missionarischen Auftrag zur Verf\u00fcgung zu stellen, den wir nach seinem Willen ausf\u00fchren sollen (aktive oder apostolische Dimension).<\/p>\n<p>Da die Engel eine Vermittlerrolle zwischen Gott und den Menschen \u00fcbernehmen, m\u00f6gen sie uns ein Beispiel f\u00fcr den f\u00fcrbittenden Dienst sein, den viele von uns als geweihte Diener im Leben der Kirche zugunsten unserer Br\u00fcder und Schwestern auszu\u00fcben haben.<\/p>\n<p>Und da sie Boten des Planes Gottes mit den Menschen sind, helfen sie uns, unseren Auftrag zur Verk\u00fcndigung des Evangeliums bereitwillig auszuf\u00fchren, damit wir die Gute Nachricht dorthin tragen, wo die Bed\u00fcrftigsten ein Wort der Hoffnung erwarten.<\/p>\n","protected":false},"excerpt":{"rendered":"<p>Gerade einmal drei Tage nach dem liturgischen Fest der heiligen Erzengel Michael, Gabriel und Rafael gedenkt die Kirche heute der heiligen Schutzengel. Die Kongregation schlie\u00dft sich dieser Feier der Kirche an und verehrt das Gedenken an alle Engel, die sie seit jeher als Mitpatrone hat. Die Aufgabe der Engel besteht, kurz gesagt, darin, Gott anzubeten [&hellip;]<\/p>\n","protected":false},"author":69,"featured_media":28337,"parent":33293,"menu_order":0,"comment_status":"closed","ping_status":"closed","template":"","meta":{"_et_pb_use_builder":"","_et_pb_old_content":"","_et_gb_content_width":"","footnotes":""},"class_list":["post-28344","page","type-page","status-publish","has-post-thumbnail","hentry"],"jetpack_sharing_enabled":true,"jetpack_shortlink":"https:\/\/wp.me\/PdaBmi-7na","jetpack_likes_enabled":true,"_links":{"self":[{"href":"https:\/\/www.claret.org\/de\/wp-json\/wp\/v2\/pages\/28344","targetHints":{"allow":["GET"]}}],"collection":[{"href":"https:\/\/www.claret.org\/de\/wp-json\/wp\/v2\/pages"}],"about":[{"href":"https:\/\/www.claret.org\/de\/wp-json\/wp\/v2\/types\/page"}],"author":[{"embeddable":true,"href":"https:\/\/www.claret.org\/de\/wp-json\/wp\/v2\/users\/69"}],"replies":[{"embeddable":true,"href":"https:\/\/www.claret.org\/de\/wp-json\/wp\/v2\/comments?post=28344"}],"version-history":[{"count":0,"href":"https:\/\/www.claret.org\/de\/wp-json\/wp\/v2\/pages\/28344\/revisions"}],"up":[{"embeddable":true,"href":"https:\/\/www.claret.org\/de\/wp-json\/wp\/v2\/pages\/33293"}],"wp:featuredmedia":[{"embeddable":true,"href":"https:\/\/www.claret.org\/de\/wp-json\/wp\/v2\/media\/28337"}],"wp:attachment":[{"href":"https:\/\/www.claret.org\/de\/wp-json\/wp\/v2\/media?parent=28344"}],"curies":[{"name":"wp","href":"https:\/\/api.w.org\/{rel}","templated":true}]}}