{"id":33293,"date":"2018-07-24T19:36:47","date_gmt":"2018-07-24T17:36:47","guid":{"rendered":"https:\/\/www.claret.org\/kalender\/"},"modified":"2022-07-15T17:28:12","modified_gmt":"2022-07-15T15:28:12","slug":"ephemeride","status":"publish","type":"page","link":"https:\/\/www.claret.org\/de\/ephemeride\/","title":{"rendered":"Ephemeride"},"content":{"rendered":"<div class=\"et_pb_row et_pb_row_0\">\n<div class=\"et_pb_column et_pb_column_4_4 et_pb_column_0 et_pb_css_mix_blend_mode_passthrough et-last-child\">\n<div class=\"et_pb_module et_pb_text et_pb_text_0 et_pb_bg_layout_light et_pb_text_align_left\">\n<p><strong>JANUARY<\/strong><\/p>\n<p>06. <a href=\"https:\/\/www.claret.org\/de\/claretiner\/claretiner-kalender\/p-clemente-serrat-generaloberer\/\">Father Clemente Serrat, Superior General (Segovia &#8211; Spain, 1906).<\/a><br \/>\n17. Venerable M. Mar\u00eda Antonia Par\u00eds (Reus &#8211; Spain, 1885).<br \/>\n25. <a href=\"https:\/\/www.claret.org\/ephemeris\/january-25-conversion-of-st-paul\/\">Conversion of Saint Paul.<\/a><\/p>\n<p><strong>FEBRUARY<\/strong><\/p>\n<p>01. <a href=\"https:\/\/www.claret.org\/ephemeris\/february-1-attack-against-father-claret-in-holguin\/\">Attempt against Father Claret in Holgu\u00edn (Cuba, 1856).<\/a><br \/>\n01. <a href=\"https:\/\/www.claret.org\/de\/claretiner\/claretiner-martyrer\/\">109 Blessed Claretian Martyrs<\/a><br \/>\n04. <a href=\"https:\/\/www.claret.org\/ephemeris\/february-4-venerable-james-clotet-co-founder\/\">Venerable Fr. Jaime Clotet, co-founder (Barcelona &#8211; Spain, 1898).<\/a><br \/>\n11. <a href=\"https:\/\/www.claret.org\/ephemeris\/february-11-approval-of-our-claretian-constitutions\/\">Approval of our Constitutions (1870 and 1982).<\/a><br \/>\n24. <a href=\"https:\/\/www.claret.org\/de\/24-de-februar-p-nicolas-garci%c2%ada-generaloberer\/\">Father Nicol\u00e1s Garc\u00eda, Superior General (Rome, 1950).<\/a><br \/>\n25. <a href=\"https:\/\/www.claret.org\/ephemeris\/february-25-beatification-of-our-father-founder\/\">Beatification of the Founder (Rome, 1934).<\/a><\/p>\n<p><strong>MARCH<\/strong><\/p>\n<p>02. <a href=\"https:\/\/www.claret.org\/de\/2-de-marz-p-marti%c2%adn-alsina-generaloberer\/\">Father Mart\u00edn Alsina, Superior General (Zafra &#8211; Spain, 1922).<\/a><br \/>\n16 &#8211; 19. <a href=\"https:\/\/www.claret.org\/ephemeris\/march-16-19-triduum-and-solemnity-of-st-joseph-co-patron-of-the-congregation\/\">Triduum and Solemnity of Saint Joseph, co-patron of the Congregation.<\/a><\/p>\n<p><strong>APRIL<\/strong><\/p>\n<p>18. <a href=\"https:\/\/www.claret.org\/ephemeris\/april-18-fr-stephen-sala-co-founder-and-first-superior-general\/\">Father Stephen Sala, co-founder and first Superior General (Barcelona &#8211; Spain, 1858).<\/a><br \/>\n29. <a href=\"https:\/\/www.claret.org\/ephemeris\/april-29-st-catherine-of-siena-co-patroness\/\">Saint Catherine of Siena, patron saint.<\/a><\/p>\n<p><strong>MAY<\/strong><\/p>\n<p>03. <a href=\"https:\/\/www.claret.org\/ephemeris\/may-3-saints-philip-and-james-apostles-and-co-patrons\/\">St Philip and St. James, apostles and co-patrons.<\/a><br \/>\n03. Fr. Rhoel Gallardo (First Claretian Martyr of the Philippines, 2000)<br \/>\n07. <a href=\"https:\/\/www.claret.org\/ephemeris\/may-7-canonization-of-father-founder\/\">Canonization of the Founder (Rome, 1950).<\/a><br \/>\n10.<a href=\"https:\/\/www.claret.org\/ephemeris\/may-10-st-john-of-avila-priest-and-missionary\/\"> San Juan de \u00c1vila, presbyter and missionary.<\/a><br \/>\n14.<a href=\"https:\/\/www.claret.org\/ephemeris\/may-14-st-matthias-apostle-and-co-patron\/\"> Saint Matthias, apostle and co-patron.<\/a><br \/>\n14. <a href=\"https:\/\/www.claret.org\/ephemeris\/may-14-venerable-father-mariano-avellana\/\">Venerable Father Mariano Avellana (Carrizal Alto &#8211; Chile, 1904).<\/a><br \/>\n22. <a href=\"https:\/\/www.claret.org\/ephemeris\/may-22-st-joaquina-vedruna-founder-of-the-carmelite-sisters-of-charity\/\">Santa Joaquina de Vedruna, founder.<\/a><br \/>\n25. <a href=\"https:\/\/www.claret.org\/ephemeris\/may-25-st-mary-magdalene-of-pazzi-virgin\/\">Santa Mar\u00eda Magdalena de Pazzi, virgin.<\/a><\/p>\n<p><strong>JUNE<\/strong><\/p>\n<p>13. <a href=\"https:\/\/www.claret.org\/ephemeris\/june-13-st-anthony-mary-clarets-priestly-ordination\/\">Presbyteral ordination of Father Claret (Solsona &#8211; Spain, 1835).<\/a><br \/>\n15. <a href=\"https:\/\/www.claret.org\/ephemeris\/june-15-st-mary-micaela-of-the-blessed-sacrament-foundress-of-the-sisters-of-adorers\/\">Santa Mar\u00eda Micaela del Smo. Sacrament, founder.<\/a><br \/>\n23. <a href=\"https:\/\/www.claret.org\/ephemeris\/june-23-student-pedro-mardones\/\">E. Pedro Mardones (Torrijos &#8211; Spain, 1937).<\/a><br \/>\n29. <a href=\"https:\/\/www.claret.org\/ephemeris\/june-29-saints-peter-and-paul-apostles-and-co-patrons\/\">Saints Peter and Paul, apostles and co-patrons.<\/a><\/p>\n<p><a href=\"https:\/\/www.claret.org\/ephemeris\/thursday-after-pentecost-feast-of-jesus-christ-supreme-and-eternal-priest\/\">Thursday, after Pentecost: Feast of Jesus Christ, Supreme and Eternal Priest.<\/a><br \/>\n<a href=\"https:\/\/www.claret.org\/ephemeris\/novena-and-the-solemnity-of-the-immaculate-heart-of-mary\/\">Novena and Solemnity of the Immaculate Heart of Mary, Titular and Patroness of the Congregation.<\/a><\/p>\n<p><strong>JULY<\/strong><\/p>\n<p>03. <a href=\"https:\/\/www.claret.org\/ephemeris\/july-3-saint-thomas-apostle-and-co-patron\/\">Saint Thomas, apostle and co-patron.<\/a><br \/>\n11. <a href=\"https:\/\/www.claret.org\/ephemeris\/july-11-father-filipe-maroto-superior-general\/\">Father Felipe Maroto, Superior General (Rome, 1937).<\/a><br \/>\n13- 16. <a href=\"https:\/\/www.claret.org\/ephemeris\/july-13-16-triduum-and-feast-of-our-lady-of-mt-carmel\/\">Triduum and Feast of Our Lady of Carmen, Foundation of the Congregation (Vic &#8211; Spain, 1849).<\/a><br \/>\n25. <a href=\"https:\/\/www.claret.org\/ephemeris\/july-25-james-the-great-apostle-and-co-patron\/\">Santiago, apostle and co-patron.<\/a><br \/>\n27. <a href=\"https:\/\/www.claret.org\/ephemeris\/july-27-servant-of-god-fr-jose-maria-ruiz-formator-and-martyr\/\">Blessed Jos\u00e9 Mar\u00eda Ruiz, formatpr and martyr (Sig\u00fcenza &#8211; Spain, 1936)<\/a>.<br \/>\n28. <a href=\"https:\/\/www.claret.org\/ephemeris\/july-28-servant-of-god-student-tomas-cordero-and-companions-martyrs\/\">Blessed E. Tom\u00e1s Cordero and companions, martyrs (Fern\u00e1n Caballero &#8211; Spain, 1936).<\/a><br \/>\n29. <a href=\"https:\/\/www.claret.org\/ephemeris\/july-29-servant-of-god-fr-candido-casals-and-companions-martyrs\/\">Blessed C\u00e1ndido Casals and companions, martyrs (Barcelona &#8211; Spain, 1936).<\/a><br \/>\n31. <a href=\"https:\/\/www.claret.org\/ephemeris\/july-31-st-ignatius-of-loyola-co-patron\/\">San Ignatius of Loyola, co-patron.<\/a><\/p>\n<p><strong>AUGUST<\/strong><\/p>\n<p>01. <a href=\"https:\/\/www.claret.org\/ephemeris\/august-1-st-alphonsus-liguori-co-patron\/\">Saint Alfonso Maria de&#8216; Liguori, co-patron.<\/a><br \/>\n07. Blessed Jos\u00e9 Arner and companions, martyrs (Vic &#8211; Spain, 1936).<br \/>\n13. <a href=\"https:\/\/www.claret.org\/ephemeris\/august-13-blessed-claretian-martyrs-of-barbastro\/\">Blessed Claretian Martyrs of Barbastro (Spain, 1936).<\/a><br \/>\n14. <a href=\"https:\/\/www.claret.org\/ephemeris\/august-14-blessed-brother-fernando-saperas-martyred-for-chastity\/\">Blessed Fernando Saperas, martyr of chastity (T\u00e1rrega &#8211; Spain, 1936).<\/a><br \/>\n14.<a href=\"https:\/\/www.claret.org\/ephemeris\/august-14-servants-of-god-fr-marceliano-alonso-and-companions-martyrs\/\"> Blessed Marceliano Alonso and companions, martyrs (Valencia &#8211; Spain, 1936).<\/a><br \/>\n17. <a href=\"https:\/\/www.claret.org\/ephemeris\/august-17-servant-of-god-brother-pedro-marcer\/\">Servant of God Brother Pedro Marcer (Santiago de Chile, 1927).<\/a><br \/>\n18. <a href=\"https:\/\/www.claret.org\/ephemeris\/august-18-father-peter-schweiger-general-superior\/\">Father Pedro Schweiger, Superior General (Spaichingen &#8211; Germany, 1980).<\/a><br \/>\n23. <a href=\"https:\/\/www.claret.org\/ephemeris\/august-23-santa-rosa-de-lima-virgin\/\">St. Rose of Lima, virgin.<\/a><br \/>\n24. <a href=\"https:\/\/www.claret.org\/ephemeris\/august-24-st-bartholomew-apostle-and-co-patron\/\">Saint Bartholomew, apostle and co-patron.<\/a><br \/>\n25. <a href=\"https:\/\/www.claret.org\/ephemeris\/august-25-foundation-of-sisters-of-mary-immaculate-claretian-missionary-sisters\/\">Foundation of the Religious of Mary Immaculate, Claretian Missionaries (Santiago de Cuba, 1855).<\/a><br \/>\n26. <a href=\"https:\/\/www.claret.org\/ephemeris\/august-26-conservation-of-the-holy-eucharistin-in-father-founder\/\">Conservation of the Eucharist in Father Founder (La Granja &#8211; Spain, 1861).<\/a><\/p>\n<p><strong>SEPTEMBER<\/strong><\/p>\n<p>05. <a href=\"https:\/\/www.claret.org\/ephemeris\/september-5-servants-of-god-father-matthew-casals-and-companions-martyrs\/\">Blessed Mateo Casals and companions, martyrs (Province of Barcelona &#8211; Spain, 1936).<\/a><br \/>\n21. <a href=\"https:\/\/www.claret.org\/ephemeris\/september-21-saint-matthew-apostle-evangelist-and-co-patron\/\">Saint Matthew, apostle, evangelist and co-patron.<\/a><br \/>\n22. <a href=\"https:\/\/www.claret.org\/ephemeris\/september-22-blessed-m-maria-patrocinio-giner-claretian-missionary-martyr\/\">Blessed Maria Maria Patrocinio Giner, Claretian missionary, martyr (Valencia &#8211; Spain, 1936).<\/a><br \/>\n27. <a href=\"https:\/\/www.claret.org\/ephemeris\/september-27-fr-manuel-vilaro-co-founder\/\">Father Manuel Vilar\u00f3, co-founder (Vic &#8211; Spain, 1852).<\/a><br \/>\n29.<a href=\"https:\/\/www.claret.org\/ephemeris\/september-29-saint-michael-saint-gabriel-saint-raphael-archangels-and-co-patrons-of-the-congregation\/\"> Saint Michael, Saint Gabriel and Saint Raphael, archangels and co-patrons of the Congregation.<\/a><br \/>\n30. <a href=\"https:\/\/www.claret.org\/ephemeris\/september-30-servant-of-god-father-francesc-crusats-first-claretian-martyr\/\">Servant of God Father Francisco Crusats, proto-martyr of the Congregation (Selva del Campo &#8211; Spain, 1868).<\/a><\/p>\n<p><strong>OCTOBER<\/strong><\/p>\n<p>02. <a href=\"https:\/\/www.claret.org\/ephemeris\/october-2-guardian-angels-co-patrons\/\">Holy Custodian Angels, copatrons.<\/a><br \/>\n06.<a href=\"https:\/\/www.claret.org\/ephemeris\/october-6-episcopal-ordination-of-father-founder\/\"> Episcopal ordination of the Founder (Vic &#8211; Spain, 1850).<\/a><br \/>\n07. <a href=\"https:\/\/www.claret.org\/ephemeris\/october-7-feast-of-our-lady-of-the-rosary\/\">Feast of Our Lady of the Rosary.<\/a><br \/>\n13. <a href=\"https:\/\/www.claret.org\/ephemeris\/october-13-brother-manuel-giol\/\">Blessed Manuel Giol (Cervera, 1909).<\/a><br \/>\n14. <a href=\"https:\/\/www.claret.org\/ephemeris\/october-14-servant-of-god-father-joaquin-gelada-and-companions-martyrs\/\">Blessed Joaquin Gelada and companions, martyrs (Castro Urdiales &#8211; Spain, 1936).<\/a><br \/>\n15. <a href=\"https:\/\/www.claret.org\/ephemeris\/october-15-st-teresa-of-jesus-co-patron\/\">Saint Teresa of Jesus, co-patron.<\/a><br \/>\n16.<a href=\"https:\/\/www.claret.org\/ephemeris\/october-16-servant-of-god-brother-miguel-palau\/\">Blessed Miguel Palau (Cervera &#8211; Spain, 1929).<\/a><br \/>\n19. <a href=\"https:\/\/www.claret.org\/ephemeris\/october-19-servants-of-god-fr-jaime-giron-and-companions-martyrs\/\">Blessed Jaime Gir\u00f3n and companions, martyrs (Cervera &#8211; Spain, 1936).<\/a><br \/>\n21.- 24. <a href=\"https:\/\/www.claret.org\/ephemeris\/october-21-24-triduum-and-solemnity-of-st-anthony-mary-claret-founder-of-the-congregation\/\">Triduum and Solemnity of Saint Anthony Mary Claret, Founder of the Congregation.<\/a><br \/>\n27. <a href=\"https:\/\/www.claret.org\/ephemeris\/october-27-father-domingo-fabregas-co-founder\/\">Father Domingo F\u00e1bregas, co-founder (Solsona &#8211; Spain, 1895).<\/a><br \/>\n28. <a href=\"https:\/\/www.claret.org\/ephemeris\/october-28-saints-simon-and-jude-apostles-and-co-patrons\/\">Saints Simon and Judas, apostles and co-patrons.<\/a><\/p>\n<p><strong>NOVEMBER<\/strong><\/p>\n<p>03. <a href=\"https:\/\/www.claret.org\/ephemeris\/november-3-father-josep-xifre-co-founder-and-superior-general\/\">Fr. Jos\u00e9 Xifr\u00e9, co-founder and Superior General (Cervera &#8211; Spain, 1899).<\/a><br \/>\n05. <a href=\"https:\/\/www.claret.org\/ephemeris\/november-5-commeration-of-those-who-have-died-in-the-congregation-family-and-benefactors\/\">Commemoration of the deceased of the Congregation, relatives and benefactors.<\/a><br \/>\n11. <a href=\"https:\/\/www.claret.org\/ephemeris\/november-11-servants-of-god-father-federico-vila-and-companions-martyrs\/\">Blessed Federico Vila and companions, martyrs (Torredembarra &#8211; Spain, 1936).<\/a><br \/>\n20. <a href=\"https:\/\/www.claret.org\/ephemeris\/november-20-blessed-father-andres-sola-martyr\/\">Blessed Andr\u00e9s Sol\u00e1, martyr (San Joaqu\u00edn &#8211; M\u00e9xico, 1927).<\/a><br \/>\n30. <a href=\"https:\/\/www.claret.org\/ephemeris\/november-30-saint-andrew-apostle-and-co-patron\/\">Saint Andrew, apostle and co-patron.<\/a><\/p>\n<p><strong>DECEMBER<\/strong><\/p>\n<p>08. <a href=\"https:\/\/www.claret.org\/ephemeris\/december-8-the-immaculate-conception-of-the-blessed-virgin-mary\/\">Solemnity of the Immaculate Conception of the Blessed Virgin Mary.<\/a><br \/>\n23. <a href=\"https:\/\/www.claret.org\/ephemeris\/december-23-the-birth-of-st-anthony-mary-claret\/\">Birth of Saint Anthony Mary Claret (Sallent &#8211; Spain, 1807).<\/a><br \/>\n26. <a href=\"https:\/\/www.claret.org\/ephemeris\/december-26-st-stephen-proto-martyr\/\">St. Stephen, the protomartyr.<\/a><br \/>\n27. <a href=\"https:\/\/www.claret.org\/ephemeris\/december-27-st-john-apostle-evangelist-and-co-patron\/\">Saint John, Apostle, Evangelist and co-patron<\/a><\/p>\n<\/div>\n<\/div>\n<\/div>\n","protected":false},"excerpt":{"rendered":"<p>JANUARY 06. Father Clemente Serrat, Superior General (Segovia &#8211; Spain, 1906). 17. Venerable M. Mar\u00eda Antonia Par\u00eds (Reus &#8211; Spain, 1885). 25. Conversion of Saint Paul. FEBRUARY 01. Attempt against Father Claret in Holgu\u00edn (Cuba, 1856). 01. 109 Blessed Claretian Martyrs 04. Venerable Fr. Jaime Clotet, co-founder (Barcelona &#8211; Spain, 1898). 11. Approval of our [&hellip;]<\/p>\n","protected":false},"author":69,"featured_media":124385,"parent":0,"menu_order":0,"comment_status":"closed","ping_status":"closed","template":"","meta":{"_et_pb_use_builder":"on","_et_pb_old_content":"","_et_gb_content_width":"","footnotes":""},"class_list":["post-33293","page","type-page","status-publish","has-post-thumbnail","hentry"],"jetpack_sharing_enabled":true,"jetpack_shortlink":"https:\/\/wp.me\/PdaBmi-8EZ","jetpack_likes_enabled":true,"_links":{"self":[{"href":"https:\/\/www.claret.org\/de\/wp-json\/wp\/v2\/pages\/33293","targetHints":{"allow":["GET"]}}],"collection":[{"href":"https:\/\/www.claret.org\/de\/wp-json\/wp\/v2\/pages"}],"about":[{"href":"https:\/\/www.claret.org\/de\/wp-json\/wp\/v2\/types\/page"}],"author":[{"embeddable":true,"href":"https:\/\/www.claret.org\/de\/wp-json\/wp\/v2\/users\/69"}],"replies":[{"embeddable":true,"href":"https:\/\/www.claret.org\/de\/wp-json\/wp\/v2\/comments?post=33293"}],"version-history":[{"count":0,"href":"https:\/\/www.claret.org\/de\/wp-json\/wp\/v2\/pages\/33293\/revisions"}],"wp:featuredmedia":[{"embeddable":true,"href":"https:\/\/www.claret.org\/de\/wp-json\/wp\/v2\/media\/124385"}],"wp:attachment":[{"href":"https:\/\/www.claret.org\/de\/wp-json\/wp\/v2\/media?parent=33293"}],"curies":[{"name":"wp","href":"https:\/\/api.w.org\/{rel}","templated":true}]}}