{"id":41509,"date":"2019-02-08T09:51:11","date_gmt":"2019-02-08T08:51:11","guid":{"rendered":"https:\/\/www.claret.org\/papasok\/"},"modified":"2019-02-08T09:56:40","modified_gmt":"2019-02-08T08:56:40","slug":"papasok","status":"publish","type":"page","link":"https:\/\/www.claret.org\/de\/papasok\/","title":{"rendered":"Papasok"},"content":{"rendered":"<p><span style=\"color: #800000;\"><strong>DEUTSCH:<\/strong><\/span> <span class=\"tlid-translation translation\"><span class=\"\" title=\"\">Fragen Sie Ihren Provinzial- \/ Delegationssekret\u00e4r nach dem Login-Link.<\/span> <span title=\"\">Wir entschuldigen uns f\u00fcr die Unannehmlichkeiten, aber dies dient dem Schutz der Website nach so vielen Versuchen von Hackern, unsere Website zu besuchen.<\/span><\/span><\/p>\n<p><strong>ENGLISH:<\/strong> Ask your Provincial Secretary for the login link. Sorry for the inconvenience but this is for the protection of the site after so many attempts of hackers to enter our site.<\/p>\n<p><strong>ESPA\u00d1OL: <\/strong><span class=\"tlid-translation translation\"><span class=\"\" title=\"\">Pregunta a tu Secretario Provincial \/ Secretario de la Delegaci\u00f3n por el enlace de inicio de sesi\u00f3n.<\/span> <span title=\"\">Disculpe las molestias, pero esto es para la protecci\u00f3n del sitio despu\u00e9s de tantos intentos de piratas inform\u00e1ticos por ingresar a nuestro sitio.<\/span><\/span><\/p>\n<p><strong>ITALIANO:<\/strong> <span class=\"tlid-translation translation\"><span title=\"\"><span class=\"\" title=\"\">Chiedi al tuo Segretario Provinciale \/ Delegazione il link di accesso.<\/span> Ci scusiamo per l&#8217;inconveniente, ma questo \u00e8 per la protezione del sito dopo tanti tentativi di hacker di entrare nel nostro sito.<\/span><\/span><\/p>\n<p><strong>PORTUGUES:<\/strong> <span class=\"tlid-translation translation\"><span class=\"alt-edited\" title=\"\">Pergunte ao seu Secret\u00e1rio Provincial \/ Delega\u00e7\u00e3o para o link de login.<\/span> <span class=\"\" title=\"\">Desculpe pelo inconveniente, mas isso \u00e9 para a prote\u00e7\u00e3o do site depois de tantas tentativas de hackers entrarem em nosso site.<\/span><\/span><\/p>\n<p><strong>FRAN\u00c7AIS:<\/strong> <span class=\"tlid-translation translation\"><span class=\"\" title=\"\">Demandez \u00e0 votre secr\u00e9taire provincial \/ de d\u00e9l\u00e9gation le lien de connexion.<\/span> <span title=\"\">D\u00e9sol\u00e9 pour le d\u00e9sagr\u00e9ment occasionn\u00e9, mais c\u2019est pour la protection du site apr\u00e8s tant de tentatives de piratage pour acc\u00e9der \u00e0 notre site.<\/span><\/span><\/p>\n","protected":false},"excerpt":{"rendered":"<p>DEUTSCH: Fragen Sie Ihren Provinzial- \/ Delegationssekret\u00e4r nach dem Login-Link. Wir entschuldigen uns f\u00fcr die Unannehmlichkeiten, aber dies dient dem Schutz der Website nach so vielen Versuchen von Hackern, unsere Website zu besuchen. ENGLISH: Ask your Provincial Secretary for the login link. Sorry for the inconvenience but this is for the protection of the site [&hellip;]<\/p>\n","protected":false},"author":2,"featured_media":0,"parent":0,"menu_order":0,"comment_status":"closed","ping_status":"closed","template":"","meta":{"_et_pb_use_builder":"","_et_pb_old_content":"","_et_gb_content_width":"","footnotes":""},"class_list":["post-41509","page","type-page","status-publish","hentry"],"jetpack_sharing_enabled":true,"jetpack_shortlink":"https:\/\/wp.me\/PdaBmi-aNv","jetpack_likes_enabled":true,"_links":{"self":[{"href":"https:\/\/www.claret.org\/de\/wp-json\/wp\/v2\/pages\/41509","targetHints":{"allow":["GET"]}}],"collection":[{"href":"https:\/\/www.claret.org\/de\/wp-json\/wp\/v2\/pages"}],"about":[{"href":"https:\/\/www.claret.org\/de\/wp-json\/wp\/v2\/types\/page"}],"author":[{"embeddable":true,"href":"https:\/\/www.claret.org\/de\/wp-json\/wp\/v2\/users\/2"}],"replies":[{"embeddable":true,"href":"https:\/\/www.claret.org\/de\/wp-json\/wp\/v2\/comments?post=41509"}],"version-history":[{"count":0,"href":"https:\/\/www.claret.org\/de\/wp-json\/wp\/v2\/pages\/41509\/revisions"}],"wp:attachment":[{"href":"https:\/\/www.claret.org\/de\/wp-json\/wp\/v2\/media?parent=41509"}],"curies":[{"name":"wp","href":"https:\/\/api.w.org\/{rel}","templated":true}]}}