{"id":114310,"date":"2022-03-24T07:24:52","date_gmt":"2022-03-24T06:24:52","guid":{"rendered":"https:\/\/www.claret.org\/apostolado\/"},"modified":"2023-07-24T12:33:11","modified_gmt":"2023-07-24T10:33:11","slug":"apostolado","status":"publish","type":"page","link":"https:\/\/www.claret.org\/es\/apostolado\/","title":{"rendered":"Apostolado"},"content":{"rendered":"<p>[et_pb_section fb_built=\u00bb1&#8243; fullwidth=\u00bbon\u00bb _builder_version=\u00bb4.16&#8243; _module_preset=\u00bbdefault\u00bb global_colors_info=\u00bb{}\u00bb][et_pb_fullwidth_header title=\u00bbPrefectura General de Apostolado\u00bb _builder_version=\u00bb4.16&#8243; _module_preset=\u00bbdefault\u00bb background_color=\u00bb#f76200&#8243; custom_padding=\u00bb91px|||||\u00bb global_colors_info=\u00bb{}\u00bb]<\/p>\n<ul>\n<li>Anima a las Conferencias y Organismos Mayores a impulsar las opciones y proyectos de la Congregaci\u00f3n.<\/li>\n<li>Impulsa, en estrecha relaci\u00f3n con el prefecto de pastoral b\u00edblica y comunicaciones y el prefecto de pastoral con j\u00f3venes y vocaciones, el apostolado de la Congregaci\u00f3n.<\/li>\n<li>Promueve el compromiso con la fraternidad universal, la justicia, la paz y el cuidado de la casa com\u00fan, acompa\u00f1ando a los equipos de solidaridad y misi\u00f3n.<\/li>\n<li>Anima a la Congregaci\u00f3n a seguir fomentando la misi\u00f3n compartida, el di\u00e1logo ecum\u00e9nico e interreligioso, la revisi\u00f3n de posiciones y el desplazamiento misionero hacia las periferias.<\/li>\n<\/ul>\n<p>[\/et_pb_fullwidth_header][\/et_pb_section][et_pb_section fb_built=\u00bb1&#8243; fullwidth=\u00bbon\u00bb _builder_version=\u00bb4.21.0&#8243; _module_preset=\u00bbdefault\u00bb global_colors_info=\u00bb{}\u00bb][et_pb_fullwidth_image src=\u00bbhttps:\/\/www.claret.org\/wp-content\/uploads\/2023\/07\/Claret-Vida-Awards-Final-copy-4.jpg\u00bb title_text=\u00bbClaret Vida Awards Final copy\u00bb _builder_version=\u00bb4.21.0&#8243; _module_preset=\u00bbdefault\u00bb hover_enabled=\u00bb0&#8243; global_colors_info=\u00bb{}\u00bb url=\u00bb@ET-DC@eyJkeW5hbWljIjp0cnVlLCJjb250ZW50IjoicG9zdF9saW5rX3VybF9wYWdlIiwic2V0dGluZ3MiOnsicG9zdF9pZCI6IjE1MjIxMyJ9fQ==@\u00bb _dynamic_attributes=\u00bburl\u00bb sticky_enabled=\u00bb0&#8243;][\/et_pb_fullwidth_image][\/et_pb_section][et_pb_section fb_built=\u00bb1&#8243; _builder_version=\u00bb4.16&#8243; _module_preset=\u00bbdefault\u00bb global_colors_info=\u00bb{}\u00bb][et_pb_row column_structure=\u00bb1_4,1_2,1_4&#8243; _builder_version=\u00bb4.16&#8243; _module_preset=\u00bbdefault\u00bb global_colors_info=\u00bb{}\u00bb][et_pb_column type=\u00bb1_4&#8243; _builder_version=\u00bb4.16&#8243; _module_preset=\u00bbdefault\u00bb global_colors_info=\u00bb{}\u00bb][et_pb_image src=\u00bbhttps:\/\/www.claret.org\/wp-content\/uploads\/2022\/07\/jpic.jpg\u00bb title_text=\u00bbjpic\u00bb _builder_version=\u00bb4.17.4&#8243; _module_preset=\u00bbdefault\u00bb global_colors_info=\u00bb{}\u00bb][\/et_pb_image][et_pb_blurb title=\u00bbSecretariado General de JPIC\u00bb _builder_version=\u00bb4.16&#8243; _module_preset=\u00bbdefault\u00bb global_colors_info=\u00bb{}\u00bb]<\/p>\n<ul>\n<li>Coordina las cuestiones relacionadas con la justicia, la paz y la defensa de la integridad de la Creaci\u00f3n.<\/li>\n<li>Promueve programas orientados a intensificar el compromiso de los miembros y obras de la Congregaci\u00f3n con las propuestas de la Iglesia (Laudato S\u00ed, Fratelli tutti\u2026).<\/li>\n<\/ul>\n<p>[\/et_pb_blurb][et_pb_image src=\u00bbhttps:\/\/www.claret.org\/wp-content\/uploads\/2022\/07\/somi-link.png\u00bb title_text=\u00bbsomi\u00bb url=\u00bbhttp:\/\/www.somicmf.org\/\u00bb url_new_window=\u00bbon\u00bb _builder_version=\u00bb4.17.4&#8243; _module_preset=\u00bbdefault\u00bb global_colors_info=\u00bb{}\u00bb][\/et_pb_image][et_pb_image src=\u00bbhttps:\/\/www.claret.org\/wp-content\/uploads\/2022\/07\/procint.jpg\u00bb title_text=\u00bbprocint\u00bb url=\u00bbhttp:\/\/www.procladeint.org\/\u00bb url_new_window=\u00bbon\u00bb _builder_version=\u00bb4.17.4&#8243; _module_preset=\u00bbdefault\u00bb global_colors_info=\u00bb{}\u00bb][\/et_pb_image][\/et_pb_column][et_pb_column type=\u00bb1_2&#8243; _builder_version=\u00bb4.16&#8243; _module_preset=\u00bbdefault\u00bb global_colors_info=\u00bb{}\u00bb][et_pb_image src=\u00bbhttps:\/\/www.claret.org\/wp-content\/uploads\/2022\/07\/with-Lord-Winner.jpg\u00bb title_text=\u00bbwith-Lord-Winner\u00bb _builder_version=\u00bb4.17.4&#8243; _module_preset=\u00bbdefault\u00bb global_colors_info=\u00bb{}\u00bb][\/et_pb_image][et_pb_blurb title=\u00bbProcura General de Misiones\u00bb _builder_version=\u00bb4.16&#8243; _module_preset=\u00bbdefault\u00bb box_shadow_style_image=\u00bbpreset3&#8243; global_colors_info=\u00bb{}\u00bb]<\/p>\n<ul>\n<li>Anima la conciencia misional de la Congregaci\u00f3n y la oraci\u00f3n por las misiones.<\/li>\n<li>Canaliza la b\u00fasqueda de fondos y recursos que permitan la atenci\u00f3n misionera a las poblaciones m\u00e1s alejadas de Cristo o dotadas de menos recursos.<\/li>\n<li>En coordinaci\u00f3n con otras instancias anima la implicaci\u00f3n de otras personas en el voluntariado misionero.<\/li>\n<li>Estimula la cualificaci\u00f3n de los coordinadores de procuras y equipos de atenci\u00f3n misionera de la Congregaci\u00f3n.<\/li>\n<li>Coordina el d\u00eda a d\u00eda de PROCLADE INTERNAZIONALE.<\/li>\n<li>Se relaciona muy activamente con las procuras de los Organismos.<\/li>\n<\/ul>\n<p>[\/et_pb_blurb][\/et_pb_column][et_pb_column type=\u00bb1_4&#8243; _builder_version=\u00bb4.16&#8243; _module_preset=\u00bbdefault\u00bb global_colors_info=\u00bb{}\u00bb][et_pb_image src=\u00bbhttps:\/\/www.claret.org\/wp-content\/uploads\/2022\/07\/Mosaico-ONU.jpg\u00bb title_text=\u00bbMosaico ONU\u00bb _builder_version=\u00bb4.17.4&#8243; _module_preset=\u00bbdefault\u00bb global_colors_info=\u00bb{}\u00bb][\/et_pb_image][et_pb_blurb title=\u00bbEquipo ante las Naciones Unidas (ONU)\u00bb _builder_version=\u00bb4.16&#8243; _module_preset=\u00bbdefault\u00bb box_shadow_style_image=\u00bbpreset3&#8243; global_colors_info=\u00bb{}\u00bb]<\/p>\n<ul>\n<li>Acreditada PROCLADE INTERNAZIONALE ante diversas instituciones de la ONU.<\/li>\n<li>Promueve el enriquecimiento de la informaci\u00f3n y proyectos de la ONU haciendo llegar la voz de la Congregaci\u00f3n y quienes comparten vida con ella en casi 70 naciones.<\/li>\n<li>Intenta acercar a las comunidades cristianas los recursos y propuestas de la ONU buscando siempre la justicia, la paz y la defensa de la integridad de la Creaci\u00f3n.<\/li>\n<\/ul>\n<p>[\/et_pb_blurb][et_pb_image src=\u00bbhttps:\/\/www.claret.org\/wp-content\/uploads\/2022\/07\/cmf-global.png\u00bb title_text=\u00bbcmf global\u00bb url=\u00bbhttps:\/\/un.globalcmf.com\/\u00bb url_new_window=\u00bbon\u00bb _builder_version=\u00bb4.17.4&#8243; _module_preset=\u00bbdefault\u00bb global_colors_info=\u00bb{}\u00bb][\/et_pb_image][\/et_pb_column][\/et_pb_row][\/et_pb_section]<\/p>\n","protected":false},"excerpt":{"rendered":"<p>Anima a las Conferencias y Organismos Mayores a impulsar las opciones y proyectos de la Congregaci\u00f3n. Impulsa, en estrecha relaci\u00f3n con el prefecto de pastoral b\u00edblica y comunicaciones y el prefecto de pastoral con j\u00f3venes y vocaciones, el apostolado de la Congregaci\u00f3n. Promueve el compromiso con la fraternidad universal, la justicia, la paz y el [&hellip;]<\/p>\n","protected":false},"author":2,"featured_media":114325,"parent":0,"menu_order":0,"comment_status":"closed","ping_status":"closed","template":"","meta":{"_et_pb_use_builder":"on","_et_pb_old_content":"","_et_gb_content_width":"","footnotes":""},"class_list":["post-114310","page","type-page","status-publish","has-post-thumbnail","hentry"],"jetpack_sharing_enabled":true,"jetpack_shortlink":"https:\/\/wp.me\/PdaBmi-tJI","jetpack_likes_enabled":true,"_links":{"self":[{"href":"https:\/\/www.claret.org\/es\/wp-json\/wp\/v2\/pages\/114310","targetHints":{"allow":["GET"]}}],"collection":[{"href":"https:\/\/www.claret.org\/es\/wp-json\/wp\/v2\/pages"}],"about":[{"href":"https:\/\/www.claret.org\/es\/wp-json\/wp\/v2\/types\/page"}],"author":[{"embeddable":true,"href":"https:\/\/www.claret.org\/es\/wp-json\/wp\/v2\/users\/2"}],"replies":[{"embeddable":true,"href":"https:\/\/www.claret.org\/es\/wp-json\/wp\/v2\/comments?post=114310"}],"version-history":[{"count":0,"href":"https:\/\/www.claret.org\/es\/wp-json\/wp\/v2\/pages\/114310\/revisions"}],"wp:featuredmedia":[{"embeddable":true,"href":"https:\/\/www.claret.org\/es\/wp-json\/wp\/v2\/media\/114325"}],"wp:attachment":[{"href":"https:\/\/www.claret.org\/es\/wp-json\/wp\/v2\/media?parent=114310"}],"curies":[{"name":"wp","href":"https:\/\/api.w.org\/{rel}","templated":true}]}}