{"id":115153,"date":"2022-03-22T09:33:40","date_gmt":"2022-03-22T08:33:40","guid":{"rendered":"https:\/\/www.claret.org\/acerca-de-nosotros\/"},"modified":"2022-07-19T00:22:38","modified_gmt":"2022-07-18T22:22:38","slug":"claretianos","status":"publish","type":"page","link":"https:\/\/www.claret.org\/es\/claretianos\/","title":{"rendered":"Claretianos"},"content":{"rendered":"\n[et_pb_section fb_built=\u00bb1&#8243; fullwidth=\u00bbon\u00bb _builder_version=\u00bb4.17.6&#8243; _module_preset=\u00bbdefault\u00bb global_colors_info=\u00bb{}\u00bb][et_pb_fullwidth_header title=\u00bb\u00bfQui\u00e9nes son los Claretianos?\u00bb _builder_version=\u00bb4.17.6&#8243; _module_preset=\u00bbdefault\u00bb global_colors_info=\u00bb{}\u00bb][\/et_pb_fullwidth_header][\/et_pb_section][et_pb_section fb_built=\u00bb1&#8243; _builder_version=\u00bb4.17.6&#8243; _module_preset=\u00bbdefault\u00bb custom_padding=\u00bb32px|||||\u00bb global_colors_info=\u00bb{}\u00bb][et_pb_row _builder_version=\u00bb4.17.6&#8243; _module_preset=\u00bbdefault\u00bb global_colors_info=\u00bb{}\u00bb][et_pb_column type=\u00bb4_4&#8243; _builder_version=\u00bb4.17.6&#8243; _module_preset=\u00bbdefault\u00bb global_colors_info=\u00bb{}\u00bb][et_pb_text _builder_version=\u00bb4.17.6&#8243; _module_preset=\u00bbdefault\u00bb global_colors_info=\u00bb{}\u00bb]<strong>Somos una Congregaci\u00f3n de Misioneros<\/strong> fundada por <a href=\"https:\/\/www.claret.org\/our-congregation\/st-anthony-mary-claret\/\">San Antonio Mar\u00eda Claret<\/a> el <a href=\"https:\/\/www.claret.org\/claretians\/history\/\">16 de julio de 1849, en Vic, Espa\u00f1a,<\/a> junto con los <a href=\"https:\/\/www.claret.org\/founders\/\">PP. Esteban Sala, Jos\u00e9 Xifr\u00e9, Domingo F\u00e1bregas, Jaime Clotet, Manuel Vilaro.<\/a>\r\n\r\nEl nombre oficial de nuestra congregaci\u00f3n es Congregaci\u00f3n de Misioneros Hijos del <a href=\"https:\/\/www.claret.org\/claretians\/immaculate-heart-of-mary\/\">Inmaculado Coraz\u00f3n de la Bienaventurada Virgen Mar\u00eda<\/a>, com\u00fanmente conocidos como Claretianos.\r\n\r\n<a href=\"\/?page_id=113693\">UN CLARETIANO<\/a> es un Hijo del Inmaculado Coraz\u00f3n de Mar\u00eda es un hombre que arde en caridad y que abrasa por donde pasa. Que desea eficazmente y procura por todos los medios encender a todos los hombres en el fuego del divino amor. Nada le arredra; se goza en las privaciones; aborda los trabajos; abraza los sacrificios; se complace en las calumnias; se alegra en los tormentos y dolores que sufre y se glor\u00eda en la cruz de Jesucristo [12], No piensa sino c\u00f3mo seguir\u00e1 e imitar\u00e1 a Cristo en orar, en trabajar, en sufrir, en procurar siempre y \u00fanicamente la mayor gloria de Dios y la salvaci\u00f3n de los hombres.\r\n\r\nAl final de nuestros nombres, ponemos el C.M.F., el acr\u00f3nimo de las palabras latinas <em>Cordis Mariae Filius<\/em> que significa Hijo del Coraz\u00f3n de Mar\u00eda.\r\n\r\n<img data-recalc-dims=\"1\" loading=\"lazy\" decoding=\"async\" data-attachment-id=\"130775\" data-permalink=\"https:\/\/www.claret.org\/es\/cmf-fb-banner-en-es-2\/\" data-orig-file=\"https:\/\/i0.wp.com\/www.claret.org\/wp-content\/uploads\/2022\/07\/cmf-fb-banner-en-es.jpg?fit=1366%2C391&amp;ssl=1\" data-orig-size=\"1366,391\" data-comments-opened=\"0\" data-image-meta=\"{&quot;aperture&quot;:&quot;0&quot;,&quot;credit&quot;:&quot;&quot;,&quot;camera&quot;:&quot;&quot;,&quot;caption&quot;:&quot;&quot;,&quot;created_timestamp&quot;:&quot;1652957830&quot;,&quot;copyright&quot;:&quot;&quot;,&quot;focal_length&quot;:&quot;0&quot;,&quot;iso&quot;:&quot;0&quot;,&quot;shutter_speed&quot;:&quot;0&quot;,&quot;title&quot;:&quot;&quot;,&quot;orientation&quot;:&quot;0&quot;}\" data-image-title=\"cmf fb banner en es\" data-image-description=\"\" data-image-caption=\"\" data-medium-file=\"https:\/\/i0.wp.com\/www.claret.org\/wp-content\/uploads\/2022\/07\/cmf-fb-banner-en-es.jpg?fit=300%2C86&amp;ssl=1\" data-large-file=\"https:\/\/i0.wp.com\/www.claret.org\/wp-content\/uploads\/2022\/07\/cmf-fb-banner-en-es.jpg?fit=1024%2C293&amp;ssl=1\" class=\"wp-image-130775 alignnone size-full\" src=\"https:\/\/i0.wp.com\/www.claret.org\/wp-content\/uploads\/2022\/07\/cmf-fb-banner-en-es.jpg?resize=1080%2C309&#038;ssl=1\" alt=\"\" width=\"1080\" height=\"309\" title=\"\" srcset=\"https:\/\/www.claret.org\/wp-content\/uploads\/2022\/07\/cmf-fb-banner-en-es.jpg 1366w, https:\/\/www.claret.org\/wp-content\/uploads\/2022\/07\/cmf-fb-banner-en-es-1280x366.jpg 1280w, https:\/\/www.claret.org\/wp-content\/uploads\/2022\/07\/cmf-fb-banner-en-es-980x281.jpg 980w, https:\/\/www.claret.org\/wp-content\/uploads\/2022\/07\/cmf-fb-banner-en-es-480x137.jpg 480w\" sizes=\"(min-width: 0px) and (max-width: 480px) 480px, (min-width: 481px) and (max-width: 980px) 980px, (min-width: 981px) and (max-width: 1280px) 1280px, (min-width: 1281px) 1366px, 100vw\" \/>\r\n\r\n<strong>\u00a1Somos misioneros!<\/strong> La Misi\u00f3n pertenece al n\u00facleo de nuestra identidad m\u00e1s fundamental. Hemos recibido del Esp\u00edritu un carisma que nos conforma con Jes\u00fas y nos hace semejantes a los ap\u00f3stoles, en una comuni\u00f3n de vida, totalmente entregados al Padre y al Reino (cf. CC 3-4). Hace ciento cincuenta a\u00f1os, nuestra comunidad claretiana experiment\u00f3 una gran alegr\u00eda cuando la Iglesia aprob\u00f3 nuestras Constituciones y reconoci\u00f3, con gozo, que nuestra Congregaci\u00f3n de Misioneros es un don del Esp\u00edritu. Hoy, tambi\u00e9n con gran alegr\u00eda, proclamamos agradecidos con Mar\u00eda la grandeza del Se\u00f1or.\r\n\r\n<strong>Somos misioneros \u2018con Esp\u00edritu.\u2019<\/strong> Hemos sido agraciados con una espiritualidad particular, heredada de San Antonio Mar\u00eda Claret y de nuestra rica tradici\u00f3n. Como Hijos del Coraz\u00f3n de Mar\u00eda, estamos llamados a ser hombres abiertos al Esp\u00edritu, guiados por \u00e9l y siempre d\u00f3ciles a sus mociones; hombres que arden de amor.\r\n\r\n<strong>Somos oyentes y servidores de la Palabra de Dios.<\/strong> Nuestra herencia carism\u00e1tica nos define como \u201coyentes y servidores de la Palabra\u201d. Somos en la Iglesia y en la sociedad un eco de Claret (cf. Aut 686), ministro apasionado del Evangelio a tiempo y a destiempo, utilizando todos los medios a su alcance. Nosotros, como Mar\u00eda, como Hijos de su Coraz\u00f3n, queremos acoger y meditar la Palabra en nuestro coraz\u00f3n y proclamarla con pasi\u00f3n.\r\n\r\n<strong>Somos misioneros en comunidad.<\/strong> Como testigos y mensajeros de la alegr\u00eda del Evangelio, en comunidad apost\u00f3lica, nos esforzamos por tener una visi\u00f3n com\u00fan al abordar las periferias humanas que nos desaf\u00edan en cada lugar a tener una actitud de alcance misionero.\r\n\r\n<strong>Somos enviados a evangelizar escuchando a los pobres.<\/strong> No se puede ser claretiano si se act\u00faa como si los pobres no existieran. Tampoco se puede ser claretiano si no se denuncian las estructuras injustas, se lucha contra el sistema que somete a los pobres y se proponen alternativas.\r\n\r\n<strong>Estamos con toda la Iglesia y los que buscan la transformaci\u00f3n del mundo.<\/strong> Para nuestra Congregaci\u00f3n la dimensi\u00f3n de \u201cevangelizar con otros\u201d, multiplicar los l\u00edderes evangelizadores y la misi\u00f3n compartida es un rasgo carism\u00e1tico indispensable (cf. CC 3, 7, 48) que entendemos y llevamos a cabo de diversas maneras.\r\n\r\n<strong>Somos abiertos a todo el mundo en el di\u00e1logo prof\u00e9tico.<\/strong> El di\u00e1logo toma diferentes formas: el di\u00e1logo como presencia -vivir m\u00e1s que hacer-, el di\u00e1logo interreligioso e intercultural que promueve la paz y la reconciliaci\u00f3n; el di\u00e1logo con la creaci\u00f3n que lleva a la conversi\u00f3n ecol\u00f3gica. En este di\u00e1logo vivimos el anuncio y la denuncia que forma parte de la profec\u00eda, un di\u00e1logo que extendemos tambi\u00e9n al nuevo continente digital y a las nuevas generaciones de j\u00f3venes para evangelizar y ser evangelizados. Somos hombres que arden de amor (caridad) y \u201cel di\u00e1logo es el nuevo nombre de la caridad\u201d (VC 74).\r\n<p style=\"box-sizing: border-box; margin: 0px; padding: 0px 0px 1em; border: 0px; outline: 0px; font-size: 16px; text-size-adjust: 100%; vertical-align: baseline; background: #ffffff; color: #000000; font-family: 'Open Sans', Arial, sans-serif; font-style: normal; font-variant-ligatures: normal; font-variant-caps: normal; font-weight: 500; letter-spacing: normal; orphans: 2; text-align: left; text-indent: 0px; text-transform: none; white-space: normal; widows: 2; word-spacing: 0px; -webkit-text-stroke-width: 0px; text-decoration-thickness: initial; text-decoration-style: initial; text-decoration-color: initial;\"><\/p>\r\n<p style=\"box-sizing: border-box; margin: 0px; padding: 0px 0px 1em; border: 0px; outline: 0px; font-size: 16px; text-size-adjust: 100%; vertical-align: baseline; background: #ffffff; color: #000000; font-family: 'Open Sans', Arial, sans-serif; font-style: normal; font-variant-ligatures: normal; font-variant-caps: normal; font-weight: 500; letter-spacing: normal; orphans: 2; text-align: left; text-indent: 0px; text-transform: none; white-space: normal; widows: 2; word-spacing: 0px; -webkit-text-stroke-width: 0px; text-decoration-thickness: initial; text-decoration-style: initial; text-decoration-color: initial;\"><\/p>\r\n<strong><a href=\"https:\/\/www.claret.org\/our-dream\/\">So\u00f1amos<\/a>\u00a0una Congregaci\u00f3n peregrina,<\/strong> arraigada en la fe en Jesucristo y en la <a href=\"https:\/\/www.claret.org\/es?page_id=115802\">espiritualidad claretiana<\/a>.\r\n\r\n<strong> <a href=\"https:\/\/www.claret.org\/our-dream\/\">So\u00f1amos<\/a> con Claret una Congregaci\u00f3n<\/strong> que, a ejemplo de Mar\u00eda, atesora en su coraz\u00f3n, <a href=\"https:\/\/postulgen.claret.org\/\" rel=\"nofollow noopener\" target=\"_blank\">cumple y proclama la Palabra de Dios<\/a>.\r\n\r\n<strong> <a href=\"https:\/\/www.claret.org\/our-dream\/\">So\u00f1amos<\/a>\u00a0una Congregaci\u00f3n de misioneros<\/strong> que compartimos nuestra vida, diversidad y recursos en comunidades configuradas por <a href=\"https:\/\/www.claret.org\/apostolate\/\">la misi\u00f3n y ministerios<\/a> que Dios nos conf\u00eda. Nos animamos y acompa\u00f1amos unos a otros, como hermanos, a trav\u00e9s de la mutua escucha, sin descartar a nadie.\r\n\r\n<strong> <a href=\"https:\/\/www.claret.org\/our-dream\/\">So\u00f1amos<\/a>\u00a0una Congregaci\u00f3n<\/strong> audaz e itinerante que, enviada por el Esp\u00edritu del Se\u00f1or (cf. Lc 4,18; Hch 8,28.39), sale hacia las periferias, se acerca <a href=\"https:\/\/www.claret.org\/youth-ministry-and-vocations\/\">a los j\u00f3venes<\/a>, camina con ellos y los anima a <a href=\"https:\/\/www.claret.org\/youth-ministry-and-vocations\/\">responder a la llamada de Dios.<\/a>\r\n\r\n<strong><a href=\"https:\/\/www.claret.org\/our-dream\/\">So\u00f1amos<\/a> una Congregaci\u00f3n<\/strong> que, partiendo de la <a href=\"https:\/\/www.claret.org\/bible-ministry-and-communication\/\">animaci\u00f3n b\u00edblica de toda la pastoral<\/a> (cf. VD 73), evangeliza con todos los medios en misi\u00f3n compartida, en di\u00e1logo interreligioso y haciendo uso inteligente de diferentes medios de comunicaci\u00f3n.\r\n\r\n<strong> <a href=\"https:\/\/www.claret.org\/our-dream\/\">So\u00f1amos<\/a> una Congregaci\u00f3n<\/strong> comprometida con la fraternidad universal (Fratelli tutti), <a href=\"https:\/\/www.somicmf.org\/\" rel=\"nofollow noopener\" target=\"_blank\">la justicia, la paz y el cuidado de la casa com\u00fan<\/a> (<em>Laudato si\u2019<\/em>). Con <a href=\"https:\/\/www.claret.org\/apostolate\/institutes-for-consecrated-life\/\">esp\u00edritu de sinodalidad,<\/a> <a href=\"https:\/\/procladeint.org\/\" rel=\"nofollow noopener\" target=\"_blank\">colaboramos con gentes de diferentes culturas, etnias y religiones<\/a> para la transformaci\u00f3n del mundo seg\u00fan el designio de Dios (cf. CC 46).\r\n\r\n<strong> <a href=\"https:\/\/www.claret.org\/our-dream\/\">So\u00f1amos<\/a>\u00a0una Congregaci\u00f3n<\/strong> preparada para responder a los nuevos desaf\u00edos a trav\u00e9s de <a href=\"https:\/\/www.claret.org\/formation\/\">un proceso formativo<\/a> integral y continuado, abierto a la misi\u00f3n universal, seg\u00fan el esp\u00edritu y el carisma de nuestro Padre Fundador.\r\n\r\n<a href=\"https:\/\/www.claret.org\/where-we-are\/\">Estamos presentes en 70 pa\u00edses<\/a> de todo el mundo dedicados a impartir educaci\u00f3n de calidad, publicar biblias y libros religiosos, dirigir parroquias, elevar y ayudar en el bienestar social de la gente y el cuidado de nuestra casa com\u00fan.\r\n\r\nPod\u00e9is encontrarnos en: ANGOLA | <a href=\"https:\/\/www.claretianosdelsur.org\/\" rel=\"nofollow noopener\" target=\"_blank\">ARGENTINA<\/a> | <a href=\"https:\/\/www.gallardoprovince.org\/\" rel=\"nofollow noopener\" target=\"_blank\">AUSTRALIA<\/a> | <a href=\"https:\/\/www.claretiner.org\/\" rel=\"nofollow noopener\" target=\"_blank\">AUSTRIA<\/a> | BANGLADESH | <a href=\"https:\/\/www.klaretyni.pl\/\" rel=\"nofollow noopener\" target=\"_blank\">BELARUS<\/a> | <a href=\"http:\/\/www.claretianosperubolivia.org\/\" rel=\"nofollow noopener\" target=\"_blank\">BOLIVIA<\/a> | <a href=\"http:\/\/claretianos.com.br\/\" rel=\"nofollow noopener\" target=\"_blank\">BRASIL<\/a> | <a href=\"https:\/\/www.klaretyni.pl\/\" rel=\"nofollow noopener\" target=\"_blank\">BURKINA FASO<\/a> | <a href=\"http:\/\/www.cmfcameroon.com\/\" rel=\"nofollow noopener\" target=\"_blank\">CAMEROUN<\/a> | <a href=\"https:\/\/www.claretiansusa.org\/\" rel=\"nofollow noopener\" target=\"_blank\">CANADA<\/a> | <a href=\"https:\/\/www.cmfnigeria.org\/\" rel=\"nofollow noopener\" target=\"_blank\">CHAD<\/a> | <a href=\"https:\/\/www.claretianosdelsur.org\/\" rel=\"nofollow noopener\" target=\"_blank\">CHILE<\/a> | CHINA | <a href=\"cmfcolven.org\/\">COLO<\/a><a href=\"https:\/\/claretianoscolombiaecuador.org.co\/\" rel=\"nofollow noopener\" target=\"_blank\">MBIA<\/a> | <a href=\"https:\/\/centroamericacmf.org\/\" rel=\"nofollow noopener\" target=\"_blank\">COSTA RICA<\/a> | <a href=\"https:\/\/www.klaretyni.pl\/\" rel=\"nofollow noopener\" target=\"_blank\">C\u00d4TE D\u2019IVOIRE<\/a> | <a href=\"https:\/\/cmfantillas.org\/\" rel=\"nofollow noopener\" target=\"_blank\">CUBA<\/a> | <a href=\"https:\/\/www.claretiner.org\/\" rel=\"nofollow noopener\" target=\"_blank\">DEUTSCHLAND<\/a> | <a href=\"https:\/\/claretianoscolombiaecuador.org.co\/\" rel=\"nofollow noopener\" target=\"_blank\">ECUADOR<\/a> | <a href=\"https:\/\/centroamericacmf.org\/\" rel=\"nofollow noopener\" target=\"_blank\">EL SALVADOR<\/a> | <a href=\"https:\/\/www.fatimacmf.org\/\" rel=\"nofollow noopener\" target=\"_blank\">ES<\/a><a href=\"https:\/\/www.claretpaulus.org\/\" rel=\"nofollow noopener\" target=\"_blank\">PA<\/a><a href=\"https:\/\/www.claretianos.es\/\" rel=\"nofollow noopener\" target=\"_blank\">\u00d1A<\/a> | <a href=\"https:\/\/www.claretpaulus.org\/\" rel=\"nofollow noopener\" target=\"_blank\">FRANCE<\/a> | <a href=\"http:\/\/www.padrexifrecmf.org\/\" rel=\"nofollow noopener\" target=\"_blank\">GABON<\/a> | <a href=\"https:\/\/www.cmfnigeria.org\/\" rel=\"nofollow noopener\" target=\"_blank\">GHANA<\/a> | <a href=\"https:\/\/centroamericacmf.org\/\" rel=\"nofollow noopener\" target=\"_blank\">GUATEMALA<\/a> | <a href=\"http:\/\/www.padrexifrecmf.org\/\" rel=\"nofollow noopener\" target=\"_blank\">GUINEA ECUATORIAL<\/a> | <a href=\"https:\/\/cmfantillas.org\/\" rel=\"nofollow noopener\" target=\"_blank\">HA\u00cfTI<\/a> | <a href=\"https:\/\/centroamericacmf.org\/\" rel=\"nofollow noopener\" target=\"_blank\">HONDURAS<\/a> | <a href=\"https:\/\/claretiansbangalore.com\/\" rel=\"nofollow noopener\" target=\"_blank\">I<\/a><a href=\"https:\/\/chennaicmf.org\/\" rel=\"nofollow noopener\" target=\"_blank\">N<\/a><a href=\"https:\/\/www.claretiansnortheast.com\/\" rel=\"nofollow noopener\" target=\"_blank\">D<\/a><a href=\"https:\/\/www.claret-santhome.org\/\" rel=\"nofollow noopener\" target=\"_blank\">I<\/a>A | <a href=\"https:\/\/www.cmfindotiles.org\/\" rel=\"nofollow noopener\" target=\"_blank\">INDONESIA<\/a> | <a href=\"https:\/\/www.claretpaulus.org\/\" rel=\"nofollow noopener\" target=\"_blank\">ITALIA<\/a> | JAPAN | <a href=\"https:\/\/www.cmfeastafrica.org\/\" rel=\"nofollow noopener\" target=\"_blank\">KENYA<\/a> | MADAGASCAR | <a href=\"https:\/\/chennaicmf.org\/\" rel=\"nofollow noopener\" target=\"_blank\">MALAYSIA<\/a> | <a href=\"https:\/\/claretianos.mx\" rel=\"nofollow noopener\" target=\"_blank\">M\u00c9XICO<\/a> | <a href=\"http:\/\/claretianos.com.br\/\" rel=\"nofollow noopener\" target=\"_blank\">MO\u00c7AMBIQUE<\/a> | <a href=\"https:\/\/www.gallardoprovince.org\/\" rel=\"nofollow noopener\" target=\"_blank\">MYANMAR<\/a> | <a href=\"https:\/\/claretiansbangalore.com\/\" rel=\"nofollow noopener\" target=\"_blank\">NEW ZEALAND<\/a> | <a href=\"https:\/\/centroamericacmf.org\/\" rel=\"nofollow noopener\" target=\"_blank\">NICARAGUA<\/a> | <a href=\"https:\/\/www.cmfnigeria.org\/\" rel=\"nofollow noopener\" target=\"_blank\">NIGE<\/a><a href=\"https:\/\/claretwestng.org\/\" rel=\"nofollow noopener\" target=\"_blank\">RIA<\/a> | <a href=\"https:\/\/centroamericacmf.org\/\" rel=\"nofollow noopener\" target=\"_blank\">PANAM\u00c1<\/a> | <a href=\"https:\/\/www.claretianosdelsur.org\/\" rel=\"nofollow noopener\" target=\"_blank\">PARAGUA<\/a>Y | <a href=\"http:\/\/www.claretianosperubolivia.org\/\" rel=\"nofollow noopener\" target=\"_blank\">PER\u00da<\/a> | <a href=\"https:\/\/www.gallardoprovince.org\/\" rel=\"nofollow noopener\" target=\"_blank\">PHILIPPINES<\/a> | <a href=\"https:\/\/www.klaretyni.pl\/\" rel=\"nofollow noopener\" target=\"_blank\">POLSKA<\/a> | <a href=\"https:\/\/www.fatimacmf.org\/\" rel=\"nofollow noopener\" target=\"_blank\">PORTUGAL<\/a> | <a href=\"https:\/\/cmfantillas.org\/\" rel=\"nofollow noopener\" target=\"_blank\">PUERTO RICO<\/a> | <a href=\"https:\/\/www.klaretyni.pl\/\" rel=\"nofollow noopener\" target=\"_blank\">REPUBLIKA CZESKA<\/a> | <a href=\"https:\/\/cmfantillas.org\/\" rel=\"nofollow noopener\" target=\"_blank\">REP\u00daBLICA DOMINICANA<\/a> | REPUBLIQUE DEMOCRATIQUE DU CONGO | <a href=\"https:\/\/www.klaretyni.pl\/\" rel=\"nofollow noopener\" target=\"_blank\">RUS<\/a><a href=\"https:\/\/www.claretianos.es\/\" rel=\"nofollow noopener\" target=\"_blank\">SIA<\/a> | S\u00c3O TOM\u00c9 E PR\u00cdNCIPE | <a href=\"https:\/\/www.claretiner.org\/\" rel=\"nofollow noopener\" target=\"_blank\">SCHWEIZ<\/a> | <a href=\"https:\/\/www.claretpaulus.org\/\" rel=\"nofollow noopener\" target=\"_blank\">SLOVENIJA<\/a> | <a href=\"https:\/\/claretwestng.org\/\" rel=\"nofollow noopener\" target=\"_blank\">SOUTH AFRICA<\/a> | <a href=\"http:\/\/www.claret.or.kr\/\" rel=\"nofollow noopener\" target=\"_blank\">SOUTH KOREA<\/a> | <a href=\"https:\/\/claretianslanka.org\/\" rel=\"nofollow noopener\" target=\"_blank\">SRI LANKA<\/a> | TAIWAN | <a href=\"https:\/\/www.cmfeastafrica.org\/\" rel=\"nofollow noopener\" target=\"_blank\">TANZANIA<\/a> | <a href=\"https:\/\/www.cmfindotiles.org\/\" rel=\"nofollow noopener\" target=\"_blank\">TIMOR LESTE<\/a> | <a href=\"https:\/\/www.cmfeastafrica.org\/\" rel=\"nofollow noopener\" target=\"_blank\">UGANDA<\/a> | <a href=\"https:\/\/www.klaretyni.pl\/\" rel=\"nofollow noopener\" target=\"_blank\">UKRAINE<\/a> | <a href=\"https:\/\/www.fatimacmf.org\/\" rel=\"nofollow noopener\" target=\"_blank\">UNITED KINGDOM<\/a> | <a href=\"https:\/\/www.claretiansusa.org\/\" rel=\"nofollow noopener\" target=\"_blank\">UNITED STATES OF AMERICA<\/a> | <a href=\"https:\/\/www.claretianosdelsur.org\/\" rel=\"nofollow noopener\" target=\"_blank\">URUGUAY<\/a> | <a href=\"cmfcolven.org\/\">VENEZUELA<\/a> | <a href=\"https:\/\/www.gallardoprovince.org\/\" rel=\"nofollow noopener\" target=\"_blank\">VIETNAM<\/a> | <a href=\"https:\/\/www.fatimacmf.org\/\" rel=\"nofollow noopener\" target=\"_blank\">ZIMBABWE<\/a>[\/et_pb_text][\/et_pb_column][\/et_pb_row][\/et_pb_section]\n","protected":false},"excerpt":{"rendered":"<p>Somos una Congregaci\u00f3n de Misioneros fundada por San Antonio Mar\u00eda Claret el 16 de julio de 1849, en Vic, Espa\u00f1a, junto con los PP. Esteban Sala, Jos\u00e9 Xifr\u00e9, Domingo F\u00e1bregas, Jaime Clotet, Manuel Vilaro. El nombre oficial de nuestra congregaci\u00f3n es Congregaci\u00f3n de Misioneros Hijos del Inmaculado Coraz\u00f3n de la Bienaventurada Virgen Mar\u00eda, com\u00fanmente conocidos [&hellip;]<\/p>\n","protected":false},"author":2,"featured_media":0,"parent":0,"menu_order":0,"comment_status":"closed","ping_status":"closed","template":"","meta":{"_et_pb_use_builder":"on","_et_pb_old_content":"","_et_gb_content_width":"","footnotes":""},"class_list":["post-115153","page","type-page","status-publish","hentry"],"jetpack_sharing_enabled":true,"jetpack_shortlink":"https:\/\/wp.me\/PdaBmi-tXj","jetpack_likes_enabled":true,"_links":{"self":[{"href":"https:\/\/www.claret.org\/es\/wp-json\/wp\/v2\/pages\/115153","targetHints":{"allow":["GET"]}}],"collection":[{"href":"https:\/\/www.claret.org\/es\/wp-json\/wp\/v2\/pages"}],"about":[{"href":"https:\/\/www.claret.org\/es\/wp-json\/wp\/v2\/types\/page"}],"author":[{"embeddable":true,"href":"https:\/\/www.claret.org\/es\/wp-json\/wp\/v2\/users\/2"}],"replies":[{"embeddable":true,"href":"https:\/\/www.claret.org\/es\/wp-json\/wp\/v2\/comments?post=115153"}],"version-history":[{"count":0,"href":"https:\/\/www.claret.org\/es\/wp-json\/wp\/v2\/pages\/115153\/revisions"}],"wp:attachment":[{"href":"https:\/\/www.claret.org\/es\/wp-json\/wp\/v2\/media?parent=115153"}],"curies":[{"name":"wp","href":"https:\/\/api.w.org\/{rel}","templated":true}]}}