{"id":115545,"date":"2022-03-22T09:33:42","date_gmt":"2022-03-22T08:33:42","guid":{"rendered":"https:\/\/www.claret.org\/nuestro-sueno\/"},"modified":"2022-03-28T19:28:39","modified_gmt":"2022-03-28T17:28:39","slug":"nuestro-sueno","status":"publish","type":"page","link":"https:\/\/www.claret.org\/es\/nuestro-sueno\/","title":{"rendered":"Nuestro sue\u00f1o"},"content":{"rendered":"<p>[et_pb_section fb_built=\u00bb1&#8243; fullwidth=\u00bbon\u00bb _builder_version=\u00bb4.15.1&#8243; _module_preset=\u00bbdefault\u00bb global_colors_info=\u00bb{}\u00bb][et_pb_fullwidth_header title=\u00bbEl sue\u00f1o congregacional\u00bb _builder_version=\u00bb4.15.1&#8243; _module_preset=\u00bbdefault\u00bb content_font_size=\u00bb18px\u00bb background_color=\u00bb#1777b7&#8243; background_image=\u00bbhttps:\/\/www.claret.org\/wp-content\/uploads\/2018\/03\/jpic.jpg\u00bb background_blend=\u00bbmultiply\u00bb global_colors_info=\u00bb{}\u00bb]La Congregaci\u00f3n fundada por Claret comenz\u00f3 como un gran sue\u00f1o misionero en medio de muchas limitaciones. Aquel peque\u00f1o grupo de la celda de Vic es hoy una congregaci\u00f3n multicultural llamada a hacer contempor\u00e1neo el sue\u00f1o de Claret. Reunidos en Cap\u00edtulo General, y movidos por el mismo Esp\u00edritu que le inspir\u00f3 a \u00e9l y a los primeros compa\u00f1eros e impulsados por nuestro lema \u201carraigados y audaces\u201d:[\/et_pb_fullwidth_header][\/et_pb_section][et_pb_section fb_built=\u00bb1&#8243; _builder_version=\u00bb4.15.1&#8243; _module_preset=\u00bbdefault\u00bb custom_padding=\u00bb35px||24px|||\u00bb global_colors_info=\u00bb{}\u00bb][et_pb_row _builder_version=\u00bb4.15.1&#8243; _module_preset=\u00bbdefault\u00bb global_colors_info=\u00bb{}\u00bb][et_pb_column type=\u00bb4_4&#8243; _builder_version=\u00bb4.15.1&#8243; _module_preset=\u00bbdefault\u00bb global_colors_info=\u00bb{}\u00bb][et_pb_text _builder_version=\u00bb4.15.1&#8243; _module_preset=\u00bbdefault\u00bb text_font=\u00bbRoboto|300|||||||\u00bb text_text_color=\u00bb#000000&#8243; text_font_size=\u00bb28px\u00bb text_line_height=\u00bb1.8em\u00bb text_orientation=\u00bbcenter\u00bb text_font_size_tablet=\u00bb28px\u00bb text_font_size_phone=\u00bb20px\u00bb text_font_size_last_edited=\u00bbon|phone\u00bb global_colors_info=\u00bb{}\u00bb]So\u00f1amos una Congregaci\u00f3n peregrina, arraigada en la fe en Jesucristo y en la espiritualidad claretiana.[\/et_pb_text][et_pb_divider _builder_version=\u00bb4.15.1&#8243; _module_preset=\u00bbdefault\u00bb global_colors_info=\u00bb{}\u00bb][\/et_pb_divider][et_pb_text _builder_version=\u00bb4.15.1&#8243; _module_preset=\u00bbdefault\u00bb text_font=\u00bbRoboto|300|||||||\u00bb text_text_color=\u00bb#000000&#8243; text_font_size=\u00bb28px\u00bb text_line_height=\u00bb1.8em\u00bb text_orientation=\u00bbcenter\u00bb text_font_size_tablet=\u00bb28px\u00bb text_font_size_phone=\u00bb20px\u00bb text_font_size_last_edited=\u00bbon|phone\u00bb global_colors_info=\u00bb{}\u00bb]So\u00f1amos con Claret una Congregaci\u00f3n que, a ejemplo de Mar\u00eda, atesora en su coraz\u00f3n, cumple y proclama la Palabra de Dios.[\/et_pb_text][et_pb_divider _builder_version=\u00bb4.15.1&#8243; _module_preset=\u00bbdefault\u00bb global_colors_info=\u00bb{}\u00bb][\/et_pb_divider][et_pb_text _builder_version=\u00bb4.15.1&#8243; _module_preset=\u00bbdefault\u00bb text_font=\u00bbRoboto|300|||||||\u00bb text_text_color=\u00bb#000000&#8243; text_font_size=\u00bb28px\u00bb text_line_height=\u00bb1.8em\u00bb text_orientation=\u00bbcenter\u00bb text_font_size_tablet=\u00bb28px\u00bb text_font_size_phone=\u00bb20px\u00bb text_font_size_last_edited=\u00bbon|phone\u00bb global_colors_info=\u00bb{}\u00bb]So\u00f1amos una Congregaci\u00f3n de misioneros que compartimos nuestra vida, diversidad y recursos en comunidades configuradas por la misi\u00f3n y ministerios que Dios nos conf\u00eda. Nos animamos y acompa\u00f1amos unos a otros, como hermanos, a trav\u00e9s de la mutua escucha, sin descartar a nadie.[\/et_pb_text][et_pb_divider _builder_version=\u00bb4.15.1&#8243; _module_preset=\u00bbdefault\u00bb global_colors_info=\u00bb{}\u00bb][\/et_pb_divider][et_pb_text _builder_version=\u00bb4.15.1&#8243; _module_preset=\u00bbdefault\u00bb text_font=\u00bbRoboto|300|||||||\u00bb text_text_color=\u00bb#000000&#8243; text_font_size=\u00bb28px\u00bb text_line_height=\u00bb1.8em\u00bb text_orientation=\u00bbcenter\u00bb text_font_size_tablet=\u00bb28px\u00bb text_font_size_phone=\u00bb20px\u00bb text_font_size_last_edited=\u00bbon|phone\u00bb global_colors_info=\u00bb{}\u00bb]So\u00f1amos una Congregaci\u00f3n audaz e itinerante que, enviada por el Esp\u00edritu del Se\u00f1or (cf. Lc 4,18; Hch 8,28.39), sale hacia las periferias, se acerca a los j\u00f3venes, camina con ellos y los anima a responder a la llamada de Dios.[\/et_pb_text][et_pb_divider _builder_version=\u00bb4.15.1&#8243; _module_preset=\u00bbdefault\u00bb global_colors_info=\u00bb{}\u00bb][\/et_pb_divider][et_pb_text _builder_version=\u00bb4.15.1&#8243; _module_preset=\u00bbdefault\u00bb text_font=\u00bbRoboto|300|||||||\u00bb text_text_color=\u00bb#000000&#8243; text_font_size=\u00bb28px\u00bb text_line_height=\u00bb1.8em\u00bb text_orientation=\u00bbcenter\u00bb text_font_size_tablet=\u00bb28px\u00bb text_font_size_phone=\u00bb20px\u00bb text_font_size_last_edited=\u00bbon|phone\u00bb global_colors_info=\u00bb{}\u00bb]So\u00f1amos una Congregaci\u00f3n que, partiendo de la animaci\u00f3n b\u00edblica de toda la pastoral (cf. VD, 73), evangeliza con todos los medios en misi\u00f3n compartida, en di\u00e1logo interreligioso y haciendo uso inteligente de diferentes medios de comunicaci\u00f3n.[\/et_pb_text][et_pb_divider _builder_version=\u00bb4.15.1&#8243; _module_preset=\u00bbdefault\u00bb global_colors_info=\u00bb{}\u00bb][\/et_pb_divider][et_pb_text _builder_version=\u00bb4.15.1&#8243; _module_preset=\u00bbdefault\u00bb text_font=\u00bbRoboto|300|||||||\u00bb text_text_color=\u00bb#000000&#8243; text_font_size=\u00bb28px\u00bb text_line_height=\u00bb1.8em\u00bb text_orientation=\u00bbcenter\u00bb text_font_size_tablet=\u00bb28px\u00bb text_font_size_phone=\u00bb20px\u00bb text_font_size_last_edited=\u00bbon|phone\u00bb global_colors_info=\u00bb{}\u00bb]So\u00f1amos una Congregaci\u00f3n comprometida con la fraternidad universal (Fratelli tutti), la justicia, la paz y el cuidado de la casa com\u00fan (Laudato si\u2019). Con esp\u00edritu de sinodalidad, colaboramos con gentes de diferentes culturas, etnias y religiones para la transformaci\u00f3n del mundo seg\u00fan el designio de Dios (cf. CC 46).[\/et_pb_text][et_pb_divider _builder_version=\u00bb4.15.1&#8243; _module_preset=\u00bbdefault\u00bb global_colors_info=\u00bb{}\u00bb][\/et_pb_divider][et_pb_text _builder_version=\u00bb4.15.1&#8243; _module_preset=\u00bbdefault\u00bb text_font=\u00bbRoboto|300|||||||\u00bb text_text_color=\u00bb#000000&#8243; text_font_size=\u00bb28px\u00bb text_line_height=\u00bb1.8em\u00bb text_orientation=\u00bbcenter\u00bb text_font_size_tablet=\u00bb28px\u00bb text_font_size_phone=\u00bb20px\u00bb text_font_size_last_edited=\u00bbon|phone\u00bb global_colors_info=\u00bb{}\u00bb]So\u00f1amos una Congregaci\u00f3n preparada para responder a los nuevos desaf\u00edos a trav\u00e9s de un proceso formativo integral y continuado, abierto a la misi\u00f3n universal, seg\u00fan el esp\u00edritu y el carisma de nuestro Padre Fundador.[\/et_pb_text][\/et_pb_column][\/et_pb_row][\/et_pb_section][et_pb_section fb_built=\u00bb1&#8243; fullwidth=\u00bbon\u00bb _builder_version=\u00bb4.15.1&#8243; _module_preset=\u00bbdefault\u00bb global_colors_info=\u00bb{}\u00bb][et_pb_fullwidth_header _builder_version=\u00bb4.15.1&#8243; _module_preset=\u00bbdefault\u00bb background_enable_image=\u00bboff\u00bb parallax=\u00bbon\u00bb global_colors_info=\u00bb{}\u00bb][\/et_pb_fullwidth_header][\/et_pb_section]<\/p>\n","protected":false},"excerpt":{"rendered":"<p>La Congregaci\u00f3n fundada por Claret comenz\u00f3 como un gran sue\u00f1o misionero en medio de muchas limitaciones. Aquel peque\u00f1o grupo de la celda de Vic es hoy una congregaci\u00f3n multicultural llamada a hacer contempor\u00e1neo el sue\u00f1o de Claret. Reunidos en Cap\u00edtulo General, y movidos por el mismo Esp\u00edritu que le inspir\u00f3 a \u00e9l y a los [&hellip;]<\/p>\n","protected":false},"author":2,"featured_media":0,"parent":0,"menu_order":0,"comment_status":"closed","ping_status":"closed","template":"","meta":{"_et_pb_use_builder":"on","_et_pb_old_content":"","_et_gb_content_width":"","footnotes":""},"class_list":["post-115545","page","type-page","status-publish","hentry"],"jetpack_sharing_enabled":true,"jetpack_shortlink":"https:\/\/wp.me\/PdaBmi-u3D","jetpack_likes_enabled":true,"_links":{"self":[{"href":"https:\/\/www.claret.org\/es\/wp-json\/wp\/v2\/pages\/115545","targetHints":{"allow":["GET"]}}],"collection":[{"href":"https:\/\/www.claret.org\/es\/wp-json\/wp\/v2\/pages"}],"about":[{"href":"https:\/\/www.claret.org\/es\/wp-json\/wp\/v2\/types\/page"}],"author":[{"embeddable":true,"href":"https:\/\/www.claret.org\/es\/wp-json\/wp\/v2\/users\/2"}],"replies":[{"embeddable":true,"href":"https:\/\/www.claret.org\/es\/wp-json\/wp\/v2\/comments?post=115545"}],"version-history":[{"count":0,"href":"https:\/\/www.claret.org\/es\/wp-json\/wp\/v2\/pages\/115545\/revisions"}],"wp:attachment":[{"href":"https:\/\/www.claret.org\/es\/wp-json\/wp\/v2\/media?parent=115545"}],"curies":[{"name":"wp","href":"https:\/\/api.w.org\/{rel}","templated":true}]}}