{"id":115564,"date":"2022-03-22T09:33:41","date_gmt":"2022-03-22T08:33:41","guid":{"rendered":"https:\/\/www.claret.org\/fundadores\/"},"modified":"2022-10-18T12:00:11","modified_gmt":"2022-10-18T10:00:11","slug":"fundadores","status":"publish","type":"page","link":"https:\/\/www.claret.org\/es\/fundadores\/","title":{"rendered":"Fundadores"},"content":{"rendered":"<p>[et_pb_section fb_built=\u00bb1&#8243; fullwidth=\u00bbon\u00bb _builder_version=\u00bb4.16&#8243; _module_preset=\u00bbdefault\u00bb global_colors_info=\u00bb{}\u00bb][et_pb_fullwidth_header title=\u00bbFundadores\u00bb background_overlay_color=\u00bbrgba(255,255,255,0.83)\u00bb _builder_version=\u00bb4.16.1&#8243; _module_preset=\u00bbdefault\u00bb content_text_color=\u00bb#000000&#8243; background_color=\u00bb#0C71C3&#8243; background_enable_image=\u00bboff\u00bb background_layout=\u00bblight\u00bb global_colors_info=\u00bb{}\u00bb]<\/p>\n<p>La Congregaci\u00f3n de Misioneros Hijos del Inmaculado Coraz\u00f3n de la Bienaventurada Virgen Mar\u00eda, tambi\u00e9n conocida como Misioneros Claretianos fue fundada el 16 de julio de 1849 en Vic, Espa\u00f1a, por San Antonio Mar\u00eda Claret y otros cinco j\u00f3venes sacerdotes, el P. Jos\u00e9 Xifre, el P. Esteban Sala, el P. Domingo F\u00e1bregas, el P. Manuel Vilaro, el P. Jaime Clotet.<\/p>\n<p>[\/et_pb_fullwidth_header][\/et_pb_section][et_pb_section fb_built=\u00bb1&#8243; _builder_version=\u00bb4.16&#8243; _module_preset=\u00bbdefault\u00bb global_colors_info=\u00bb{}\u00bb][et_pb_row column_structure=\u00bb1_3,2_3&#8243; _builder_version=\u00bb4.16&#8243; _module_preset=\u00bbdefault\u00bb global_colors_info=\u00bb{}\u00bb][et_pb_column type=\u00bb1_3&#8243; _builder_version=\u00bb4.16&#8243; _module_preset=\u00bbdefault\u00bb global_colors_info=\u00bb{}\u00bb][et_pb_image src=\u00bbhttps:\/\/www.claret.org\/wp-content\/uploads\/2022\/07\/st-anthony-mary-claret.webp\u00bb title_text=\u00bbst anthony mary claret\u00bb _builder_version=\u00bb4.17.4&#8243; _module_preset=\u00bbdefault\u00bb filter_hue_rotate=\u00bb37deg\u00bb filter_saturate=\u00bb47%\u00bb filter_brightness=\u00bb98%\u00bb filter_contrast=\u00bb131%\u00bb filter_invert=\u00bb9%\u00bb filter_sepia=\u00bb57%\u00bb box_shadow_style=\u00bbpreset2&#8243; global_colors_info=\u00bb{}\u00bb][\/et_pb_image][\/et_pb_column][et_pb_column type=\u00bb2_3&#8243; _builder_version=\u00bb4.16&#8243; _module_preset=\u00bbdefault\u00bb global_colors_info=\u00bb{}\u00bb][et_pb_text _builder_version=\u00bb4.18.0&#8243; _module_preset=\u00bbdefault\u00bb hover_enabled=\u00bb0&#8243; global_colors_info=\u00bb{}\u00bb sticky_enabled=\u00bb0&#8243;]<\/p>\n<h1>San Antonio Mar\u00eda Claret<\/h1>\n<p>Antonio Juan Adjutor Claret y Clara naci\u00f3 en Sallent (Barcelona) el 23 de diciembre de 1807, en el seno de una familia de fabricantes textiles. Es el quinto de once hijos. Fue enviado a Barcelona para estudiar con vistas a su negocio. A pesar de algunas ofertas para montar su propia f\u00e1brica, se niega a satisfacer los deseos de su padre y decide dejarlo todo para hacerse cartujo. Pero acaba ingresando en el seminario de Vic y se ordena como sacerdote diocesano. Aunque no hab\u00eda completado sus estudios teol\u00f3gicos, el 13 de junio de 1835 fue ordenado sacerdote porque su obispo, Pablo de Jes\u00fas Corcuera, vio algo extraordinario en su personalidad. Fue a Roma para ofrecer sus servicios directamente a Propaganda Fide, entonces encargada de la tarea de evangelizaci\u00f3n en todo el mundo. Durante su estancia en Roma, ingres\u00f3 en la Compa\u00f1\u00eda de Jes\u00fas como novicio, pero a los cuatro meses le pidieron que lo dejara y volviera a Espa\u00f1a.<\/p>\n<p><p>Despu\u00e9s de volver a Catalu\u00f1a, se dedic\u00f3 a las misiones populares. En aras de la comuni\u00f3n con la jerarqu\u00eda y las facultades pastorales implicadas, pide a Propaganda Fide el t\u00edtulo de \u00abMisionero Apost\u00f3lico\u00bb que llena de contenido espiritual y apost\u00f3lico. Recorre gran parte de Catalu\u00f1a entre 1843 y 1848, predicando la Palabra de Dios, siempre a pie, sin recoger dinero ni regalos para su ministerio. Le mueve a imitar a Jesucristo y a los ap\u00f3stoles. En 1848 funda la Biblioteca Religiosa, una editorial que en sus primeros dieciocho a\u00f1os lanza 2.811.100 ejemplares de libros, 2.509.500 de libritos y 4.249.200 folletos. Fund\u00f3 la Cofrad\u00eda del Inmaculado Coraz\u00f3n de Mar\u00eda y escribi\u00f3 el libro \u00abHijas del Sant\u00edsimo e Inmaculado Coraz\u00f3n de Mar\u00eda\u00bb, que inspir\u00f3 la fundaci\u00f3n del instituto secular de la Filiaci\u00f3n Cordimariana. Fue enviado a las Islas Canarias y se le llam\u00f3 \u00abel Padrito\u00bb. Se hizo tan popular que es copatrono de la di\u00f3cesis de Las Palmas junto con la Virgen del Pino.<\/p>\n<p><p>Fund\u00f3 la Congregaci\u00f3n de los Hijos Misioneros del Inmaculado Coraz\u00f3n de Mar\u00eda el 16 de julio de 1849 y pocos d\u00edas despu\u00e9s fue nombrado arzobispo de Santiago de Cuba y consagrado obispo el 6 de octubre de 1850 en la Catedral de Vic. Fue un obispo misionero. En seis a\u00f1os, recorri\u00f3 tres veces su vasta di\u00f3cesis. Se preocup\u00f3 por la renovaci\u00f3n espiritual y pastoral del clero y por la fundaci\u00f3n de comunidades religiosas. Junto con Antonia Mar\u00eda Paris fund\u00f3 las Religiosas de Mar\u00eda Inmaculada Misioneras Claretianas. Luch\u00f3 contra la esclavitud, cre\u00f3 una granja escuela para ni\u00f1os pobres, puso en marcha una caja de ahorros de marcado car\u00e1cter social, fund\u00f3 bibliotecas populares, escribi\u00f3 dos libros sobre agricultura, etc.<\/p>\n<p><p>La reina Isabel II le elige personalmente como su confesor en 1857 y por ello debe trasladarse a Madrid. En 1859 la Reina le nombra Protector de la iglesia y el hospital de Montserrat, en Madrid, y Presidente del monasterio de El Escorial. Su uni\u00f3n con Jesucristo alcanza un punto \u00e1lgido en la gracia de la conservaci\u00f3n de las especies sacramentales, concedida en La Granja (Segovia) el 26 de agosto de 1861. Tras la revoluci\u00f3n de septiembre de 1868, parte con la Reina al exilio. En abril de 1869, abandona la corte real y asiste al Concilio Vaticano I donde interviene apasionadamente a favor de la infalibilidad papal.<\/p>\n<p><p>Al volver a Francia, debido a las continuas persecuciones, se ve obligado a huir como un criminal y a refugiarse en el monasterio cisterciense de Fontfroide, cerca de Narbona. En este monasterio escondido, rodeado del cari\u00f1o de los monjes y de algunos de sus misioneros muere, a los 62 a\u00f1os y 10 meses de edad, el 24 de octubre de 1870.<\/p>\n<p><p>Sus restos fueron trasladados a Vic en 1897. Fue beatificado por el Papa P\u00edo XI el 25 de febrero de 1934 y canonizado por P\u00edo XII el 7 de mayo de 1950.<\/p>\n<p><a href=\"https:\/\/www.claret.org\/es\/nuestra-congregacion\/san-antonio-maria-claret\/\">Biograf\u00eda<\/a> <a href=\"https:\/\/www.claret.org\/es\/recursos\/liturgia-claretiana\/\">Liturgia<\/a> <a href=\"https:\/\/www.claret.org\/es?page_id=115802\">Triduo<\/a> <a href=\"https:\/\/www.cescvic.org\/nunc\/\" target=\"_blank\" rel=\"noopener nofollow\">Claret-NUNC<\/a> <a href=\"\/? page_id=73314\">150 Aniversario de la Muerte<\/a> | <a href=\"https:\/\/www.cescvic.org\/\" target=\"_blank\" rel=\"noopener nofollow\">Recursos<\/a> | <a href=\"https:\/\/drive.google.com\/drive\/folders\/1QHcF2GVjG_GREoXWuZ7OajSCweWv4N83\" target=\"_blank\" rel=\"noopener nofollow\">Fotos<\/a><\/p>\n<p>[\/et_pb_text][\/et_pb_column][\/et_pb_row][et_pb_row column_structure=\u00bb1_3,2_3&#8243; _builder_version=\u00bb4.16&#8243; _module_preset=\u00bbdefault\u00bb global_colors_info=\u00bb{}\u00bb][et_pb_column type=\u00bb1_3&#8243; _builder_version=\u00bb4.16&#8243; _module_preset=\u00bbdefault\u00bb global_colors_info=\u00bb{}\u00bb][et_pb_image src=\u00bbhttps:\/\/www.claret.org\/wp-content\/uploads\/2022\/07\/stephen-sala-scaled.webp\u00bb title_text=\u00bbstephen sala\u00bb _builder_version=\u00bb4.17.4&#8243; _module_preset=\u00bbdefault\u00bb filter_hue_rotate=\u00bb131deg\u00bb filter_saturate=\u00bb44%\u00bb filter_brightness=\u00bb94%\u00bb filter_contrast=\u00bb116%\u00bb filter_invert=\u00bb9%\u00bb filter_sepia=\u00bb45%\u00bb box_shadow_style=\u00bbpreset2&#8243; global_colors_info=\u00bb{}\u00bb][\/et_pb_image][\/et_pb_column][et_pb_column type=\u00bb2_3&#8243; _builder_version=\u00bb4.16&#8243; _module_preset=\u00bbdefault\u00bb global_colors_info=\u00bb{}\u00bb][et_pb_text _builder_version=\u00bb4.18.0&#8243; _module_preset=\u00bbdefault\u00bb hover_enabled=\u00bb0&#8243; global_colors_info=\u00bb{}\u00bb sticky_enabled=\u00bb0&#8243;]<\/p>\n<h1>Esteban Sala<\/h1>\n<p>Naci\u00f3 el 28 de mayo de 1812 en una mas\u00eda perteneciente a la parroquia de San Mart\u00edn de Sescors (Barcelona) a una hora de Manlleu y tres de Vic. En 1828 pas\u00f3 al seminario de Vic a cursar filosof\u00eda y despu\u00e9s a Cervera a estudiar la Teolog\u00eda. En 1839 se ordenaba de sacerdote. Conoci\u00f3 al P. Claret en 1843, en unos ejercicios espirituales que \u00e9ste dio en Gombreny a los sacerdotes y que supusieron para \u00e9l un cambio radical. Compart\u00eda la habitaci\u00f3n con el P. Sala D. Benito Vilamitjana, futuro arzobispo de Tarragona, que dio testimonio de su conversi\u00f3n. Desde entonces acompa\u00f1\u00f3 al P. Claret en muchas de las misiones. Y \u00e9l fue con el primero que cont\u00f3 a la hora de fundar la Congregaci\u00f3n, en la que luego ingres\u00f3 un hermano suyo, Bernardo. Cuando el P. Claret march\u00f3 a Cuba como arzobispo, le nombr\u00f3 su sucesor como General de la Congrega\u00acci\u00f3n. Dirigi\u00f3 tambi\u00e9n la reci\u00e9n fundada congregaci\u00f3n de las Carmelitas de la Caridad. Como escrib\u00eda de \u00e9l el P. Xifr\u00e9 \u201cen su f\u00edsico era de estatura regular y de figura agradable; su voz clara con buena pronunciaci\u00f3n. Era bien educado y culto\u2026 Su modestia era notoria: su sola presencia compon\u00eda a todos\u2026Era humild\u00edsimo y manso de coraz\u00f3n, celoso y sobre todo tan casto y limpio de coraz\u00f3n que creemos poder afirmar que muri\u00f3 sin haber perdido la gracia bautismal. Como talento era de los mejores que hab\u00eda en la entonces Universidad de Cervera. Como orador fue de los mejor reputados de su \u00e9poca en el principado de Catalu\u00f1a\u201c. El P. Claret logr\u00f3 que se le nombrara sucesor suyo en la archidi\u00f3cesis de Cuba, pero la enfermedad y la muerte del P. Esteban Sala el 18 de abril de 1858 no permitieron que se hiciera realidad aquel deseo. Ten\u00eda 45 a\u00f1os.<\/p>\n<p><a href=\"https:\/\/drive.google.com\/drive\/folders\/1PRFSoEBILY28NeSe0sVksMBqTBz6TTCn\" target=\"_blank\" rel=\"noopener nofollow\">Fotos<\/a> | <a href=\"https:\/\/www.claret.org\/general-superiors\/esteve-sala\/\">Cartas Circulares y Mensajes<\/a><\/p>\n<p>[\/et_pb_text][\/et_pb_column][\/et_pb_row][et_pb_row column_structure=\u00bb1_3,2_3&#8243; _builder_version=\u00bb4.16&#8243; _module_preset=\u00bbdefault\u00bb global_colors_info=\u00bb{}\u00bb][et_pb_column type=\u00bb1_3&#8243; _builder_version=\u00bb4.16&#8243; _module_preset=\u00bbdefault\u00bb global_colors_info=\u00bb{}\u00bb][et_pb_image src=\u00bbhttps:\/\/www.claret.org\/wp-content\/uploads\/2022\/07\/Xifre-2.webp\u00bb title_text=\u00bbXifre (2)\u00bb _builder_version=\u00bb4.17.4&#8243; _module_preset=\u00bbdefault\u00bb filter_hue_rotate=\u00bb131deg\u00bb filter_saturate=\u00bb44%\u00bb filter_brightness=\u00bb94%\u00bb filter_contrast=\u00bb116%\u00bb filter_invert=\u00bb9%\u00bb filter_sepia=\u00bb45%\u00bb box_shadow_style=\u00bbpreset2&#8243; global_colors_info=\u00bb{}\u00bb][\/et_pb_image][\/et_pb_column][et_pb_column type=\u00bb2_3&#8243; _builder_version=\u00bb4.16&#8243; _module_preset=\u00bbdefault\u00bb global_colors_info=\u00bb{}\u00bb][et_pb_text _builder_version=\u00bb4.18.0&#8243; _module_preset=\u00bbdefault\u00bb hover_enabled=\u00bb0&#8243; global_colors_info=\u00bb{}\u00bb sticky_enabled=\u00bb0&#8243;]<\/p>\n<h1>Jos\u00e9 Xifr\u00e9<\/h1>\n<p>En una mas\u00eda de los alrededores de Vic (Barcelona) nac\u00eda el 18 de febrero de 1817 Jos\u00e9 Xifr\u00e9 Mussach. Muy pronto, en 1829, comenzaba su carrera eclesi\u00e1stica en esta misma ciudad. Ante la imposibilidad de ordenarse en Espa\u00f1a por la situaci\u00f3n de guerra civil, march\u00f3 a Roma en 1839 hosped\u00e1ndose en el convento de San Basilio, donde encontr\u00f3 providen\u00accialmente al P. Claret que hab\u00eda ido con intenci\u00f3n de ingresar en Propaganda Fide. El 16 de febrero de 1840 fue ordenado sacerdote y volvi\u00f3 a Espa\u00f1a. Era de un esp\u00edritu apost\u00f3lico muy similar al P. Claret. Desde muy pronto sinti\u00f3 deseos de dedicarse a predicar pobremente y a pie, practicando este estilo apost\u00f3lico durante algunos a\u00f1os. Con el P. Claret fund\u00f3 la Congregaci\u00f3n de Misioneros. De talento e inteligencia despejada, alto de cuerpo y delgado, de tez morena y ojos brillantes, era todo un car\u00e1cter. Bajo apariencias severas ocultaba un coraz\u00f3n grande y magn\u00e1ni\u00acmo, imperturbable en los peligros y ardiente emprendedor. Muerto el P. Esteban Sala fue nombrado tercer Superior General el primero de mayo de 1858, cargo que desempe\u00f1ar\u00eda hasta su muerte. En vida del P. Fundador siempre le consider\u00f3 como el Superior y mantuvo con \u00e9l continua correspon\u00acden\u00accia, siendo \u00e9l quien le oblig\u00f3 a escribir su Autobiograf\u00eda. Desterrado en Francia tras la revoluci\u00f3n, pudo acompa\u00f1ar al P. Claret en los \u00faltimos d\u00edas de su vida en Fontfroide, administr\u00e1ndole los \u00faltimos sacramentos y recibiendo su profesi\u00f3n religiosa. A partir de ah\u00ed toda su vida fue una continua entrega a la Congregaci\u00f3n a la que llev\u00f3 a su m\u00e1xima expansi\u00f3n hasta el mismo d\u00eda de su muerte ocurrida en 1899 en Cervera.<\/p>\n<p><a href=\"https:\/\/drive.google.com\/drive\/folders\/10zLziL9guWsEINwFYp_cgJ99bC1tKRRz\" target=\"_blank\" rel=\"noopener nofollow\">Fotos<\/a> | <a href=\"https:\/\/www.claret.org\/general-superiors\/josep-xifre\/\">Circulares y Mensajes<\/a> | <a href=\"https:\/\/www.cescvic.org\/en\/xifre-year\/\" target=\"_blank\" rel=\"noopener nofollow\">Bicentenario de su nacimiento<\/a><\/p>\n<p>[\/et_pb_text][\/et_pb_column][\/et_pb_row][et_pb_row column_structure=\u00bb1_3,2_3&#8243; _builder_version=\u00bb4.16&#8243; _module_preset=\u00bbdefault\u00bb global_colors_info=\u00bb{}\u00bb][et_pb_column type=\u00bb1_3&#8243; _builder_version=\u00bb4.16&#8243; _module_preset=\u00bbdefault\u00bb global_colors_info=\u00bb{}\u00bb][et_pb_image src=\u00bbhttps:\/\/www.claret.org\/wp-content\/uploads\/2022\/07\/manuel-vilaro-scaled.webp\u00bb title_text=\u00bbmanuel vilaro\u00bb _builder_version=\u00bb4.17.4&#8243; _module_preset=\u00bbdefault\u00bb filter_hue_rotate=\u00bb131deg\u00bb filter_saturate=\u00bb44%\u00bb filter_brightness=\u00bb94%\u00bb filter_contrast=\u00bb116%\u00bb filter_invert=\u00bb9%\u00bb filter_sepia=\u00bb45%\u00bb box_shadow_style=\u00bbpreset2&#8243; global_colors_info=\u00bb{}\u00bb][\/et_pb_image][\/et_pb_column][et_pb_column type=\u00bb2_3&#8243; _builder_version=\u00bb4.16&#8243; _module_preset=\u00bbdefault\u00bb global_colors_info=\u00bb{}\u00bb][et_pb_text _builder_version=\u00bb4.18.0&#8243; _module_preset=\u00bbdefault\u00bb hover_enabled=\u00bb0&#8243; global_colors_info=\u00bb{}\u00bb sticky_enabled=\u00bb0&#8243;]<\/p>\n<h1>Manuel Vilar\u00f3<\/h1>\n<p>Naci\u00f3 en Vic (Barcelona) el 22 de septiembre de 1816. Era algo bajo de estatura pero de presencia agradable, amable por su jovialidad siempre modesta. Fue de los primeros que acompa\u00f1aron en sus tareas apost\u00f3licas al P. Claret. En atenci\u00f3n a sus cualidades lo escogi\u00f3 para la fundaci\u00f3n de la Congregaci\u00f3n. El fue el que con aire festivo y sonriente respondi\u00f3 al P. Claret cuando este dijo \u201cHoy comenzamos una grande obra\u201d: \u201c\u00bfQu\u00e9 podemos hacer siendo tan j\u00f3venes y tan pocos?\u201c, a lo que respondi\u00f3 Claret: \u201cYa lo ver\u00e1n uds. Si somos j\u00f3venes y pocos, resplandecer\u00e1 m\u00e1s el poder y la misericordia de Dios\u201c. El P. Claret tambi\u00e9n cont\u00f3 con el P. Vilar\u00f3 cuando se fue de arzobispo a Santiago de Cuba. Trabaj\u00f3 all\u00ed incansablemente dando misiones, ejercicios y conferencias, y v\u00edctima de su celo tuvo que regresar en 1852 a Vic. All\u00ed, a instancias de su familia, se hosped\u00f3 en su casa y no en la de la comunidad, quiz\u00e1 por no distraer la atenci\u00f3n de los misioneros en su cuidado, ya que eran muy pocos. Pero con el coraz\u00f3n siempre estuvo entre ellos hasta su muerte que ocurri\u00f3 a los pocos meses. Fue siempre asistido en su enfermedad por el P. Clotet, en cuyos brazos parece ser que expir\u00f3. Debido a los \u00faltimos acontecimientos de su vida el P. Xifr\u00e9 le consider\u00f3 excluido de la Congregaci\u00f3n. El Cap\u00edtulo General de 1922 tuvo que rehabilitar su memoria y ponerle, de nuevo, en paridad con los dem\u00e1s confundadores.<\/p>\n<p>Del P. Vilar\u00f3 escribe el P. Claret en su Autobiograf\u00eda (n1 592): \u201cLe hice mi secretario, y desempe\u00f1\u00f3 muy bien su encargo; adem\u00e1s de la secretar\u00eda predicaba y confesaba siempre; era bastante instruido, virtuoso y muy celoso; trabaj\u00f3 much\u00edsimo, enferm\u00f3, y viendo los m\u00e9dicos que en Cuba no hab\u00eda esperanzas de curar, le mandaron que se volviera a la pen\u00ednsula y muri\u00f3 en Vic, su patria\u201d.<\/p>\n<p><a href=\"https:\/\/drive.google.com\/drive\/folders\/1SC3iJIkuKs5e7RWM1Vcaj4s5QIxHZP80\" target=\"_blank\" rel=\"noopener nofollow\">Fotos<\/a> |<\/p>\n<p>&nbsp;<\/p>\n<p>[\/et_pb_text][\/et_pb_column][\/et_pb_row][et_pb_row column_structure=\u00bb1_3,2_3&#8243; _builder_version=\u00bb4.16&#8243; _module_preset=\u00bbdefault\u00bb global_colors_info=\u00bb{}\u00bb][et_pb_column type=\u00bb1_3&#8243; _builder_version=\u00bb4.16&#8243; _module_preset=\u00bbdefault\u00bb global_colors_info=\u00bb{}\u00bb][et_pb_image src=\u00bbhttps:\/\/www.claret.org\/wp-content\/uploads\/2022\/07\/fabregas-scaled.webp\u00bb title_text=\u00bbfabregas\u00bb _builder_version=\u00bb4.17.4&#8243; _module_preset=\u00bbdefault\u00bb filter_hue_rotate=\u00bb131deg\u00bb filter_saturate=\u00bb44%\u00bb filter_brightness=\u00bb94%\u00bb filter_contrast=\u00bb116%\u00bb filter_invert=\u00bb9%\u00bb filter_sepia=\u00bb45%\u00bb box_shadow_style=\u00bbpreset2&#8243; global_colors_info=\u00bb{}\u00bb][\/et_pb_image][\/et_pb_column][et_pb_column type=\u00bb2_3&#8243; _builder_version=\u00bb4.16&#8243; _module_preset=\u00bbdefault\u00bb global_colors_info=\u00bb{}\u00bb][et_pb_text _builder_version=\u00bb4.18.0&#8243; _module_preset=\u00bbdefault\u00bb hover_enabled=\u00bb0&#8243; global_colors_info=\u00bb{}\u00bb sticky_enabled=\u00bb0&#8243;]<\/p>\n<h1>Domingo F\u00e1bregas<\/h1>\n<p>Naci\u00f3 en Or\u00eds (Barcelona) el 10 de julio de 1817. De estatura m\u00e1s baja que alta, hombre sencillo y t\u00edmido, de temperamento un tanto melanc\u00f3lico, laborioso, de voz clara y penetrante atra\u00eda mucha gente a sus predicaciones. Como Xifr\u00e9, y quiz\u00e1 en su compa\u00f1\u00eda, tambi\u00e9n \u00e9l tuvo que ir a Roma y hospedarse en el convento de San Basilio. All\u00ed fue donde trat\u00f3 por vez primera con el famoso Mos\u00e9n Claret, a quien seguramente conoc\u00eda, pues s\u00f3lo era dos cursos superior a \u00e9l en el seminario. Fue ordenado sacerdote en Roma. Vuelto a Espa\u00f1a se dedic\u00f3 a la cura de almas hasta que un d\u00eda fue llamado por el Sr. Casadevall que le invit\u00f3 a ponerse en contacto con Mos\u00e9n Claret. El 16 de julio de 1849 fundaba la Congregaci\u00f3n con Claret y los dem\u00e1s compa\u00f1eros. Fue consejero general de la Congregaci\u00f3n. Fue responsable de la fundaci\u00f3n de la casa de Segovia en 1861 dedic\u00e1ndose a la predicaci\u00f3n por toda la comarca. Tambi\u00e9n se le encarg\u00f3 la fundaci\u00f3n de Huesca. Despu\u00e9s de varios destinos por Catalu\u00f1a, ya anciano, le alcanz\u00f3 la muerte en Solsona el a\u00f1o 1895.<\/p>\n<p><a href=\"https:\/\/drive.google.com\/drive\/folders\/1v_REGXxiuymNoO9B2aWFxEeJd78w1nMB\" target=\"_blank\" rel=\"noopener nofollow\">Fotos<\/a> |<\/p>\n<p>&nbsp;<\/p>\n<p>[\/et_pb_text][\/et_pb_column][\/et_pb_row][et_pb_row column_structure=\u00bb1_3,2_3&#8243; _builder_version=\u00bb4.16&#8243; _module_preset=\u00bbdefault\u00bb global_colors_info=\u00bb{}\u00bb][et_pb_column type=\u00bb1_3&#8243; _builder_version=\u00bb4.16&#8243; _module_preset=\u00bbdefault\u00bb global_colors_info=\u00bb{}\u00bb][et_pb_image src=\u00bbhttps:\/\/www.claret.org\/wp-content\/uploads\/2022\/07\/jaime-clotet-scaled.webp\u00bb title_text=\u00bbjaime clotet\u00bb _builder_version=\u00bb4.17.4&#8243; _module_preset=\u00bbdefault\u00bb filter_hue_rotate=\u00bb131deg\u00bb filter_saturate=\u00bb44%\u00bb filter_brightness=\u00bb94%\u00bb filter_contrast=\u00bb116%\u00bb filter_invert=\u00bb9%\u00bb filter_sepia=\u00bb45%\u00bb box_shadow_style=\u00bbpreset2&#8243; global_colors_info=\u00bb{}\u00bb][\/et_pb_image][\/et_pb_column][et_pb_column type=\u00bb2_3&#8243; _builder_version=\u00bb4.16&#8243; _module_preset=\u00bbdefault\u00bb global_colors_info=\u00bb{}\u00bb][et_pb_text _builder_version=\u00bb4.18.0&#8243; _module_preset=\u00bbdefault\u00bb hover_enabled=\u00bb0&#8243; global_colors_info=\u00bb{}\u00bb sticky_enabled=\u00bb0&#8243;]<\/p>\n<h1>Jaime Clotet<\/h1>\n<p>Naci\u00f3 en Manresa (Barcelona) el 24 de julio de 1822. Estudi\u00f3 en Barcelona Filosof\u00eda y Teolog\u00eda, traslad\u00e1ndose despu\u00e9s a Vic donde estudi\u00f3 Moral. Fue a Roma, donde recibi\u00f3 la ordenaci\u00f3n sacerdotal. Vuelto a Espa\u00f1a desempe\u00f1\u00f3 diversos cargos pastorales, pero pronto se dio cuenta que no era su vocaci\u00f3n la cura de almas. Aconsejado por el Sr. Passarell, secretario del obispo de Vic, se entrevist\u00f3 con el P. Claret al que s\u00f3lo conoc\u00eda de o\u00eddas. Era junio de 1849. En julio se un\u00eda al P. Claret para fundar la Congregaci\u00f3n. Pronto se encarg\u00f3 de los primeros Hermanos de la Congregaci\u00f3n. Fue nombrado en 1858 Subdirector General de la Congregaci\u00f3n. En 1870 acompa\u00f1\u00f3 en Fontfroide al P. Claret en sus \u00faltimos d\u00edas escribiendo despu\u00e9s un Resumen de su Vida. En 1888 dej\u00f3 de ser Subdirector General y pas\u00f3 a ser Secretario. Escribi\u00f3 libros sobre la catequesis de los sordomudos y promovi\u00f3 la Causa de Beatificaci\u00f3n del P. Claret. En 1898 fallec\u00eda en la casa de Gracia (Barcelona) con fama de santidad. Su causa de Beatificaci\u00f3n est\u00e1 introducida en Roma. Terminamos con esta breve semblanza de un bi\u00f3grafo: \u201cquerido y venerado de todos, forjador infatigable de su propia perfecci\u00f3n cristiana y religiosa; sol\u00edcito del bienestar de cada uno; que pas\u00f3 por la tierra dejando en pos de s\u00ed un suave perfume de santidad. No tuvo enemigo alguno\u00bb.<\/p>\n<p><a href=\"https:\/\/drive.google.com\/drive\/folders\/1-JDEbbAREKWOGoU4mGc6qDW3MC-F6yzB\" target=\"_blank\" rel=\"noopener nofollow\">Fotos<\/a> | <a href=\"https:\/\/www.claret.org\/es\/fundadores\/ano-clotet\/\">A\u00f1o Clotet<\/a> <\/p>\n<p>[\/et_pb_text][\/et_pb_column][\/et_pb_row][\/et_pb_section]<\/p>\n","protected":false},"excerpt":{"rendered":"<p>La Congregaci\u00f3n de Misioneros Hijos del Inmaculado Coraz\u00f3n de la Bienaventurada Virgen Mar\u00eda, tambi\u00e9n conocida como Misioneros Claretianos fue fundada el 16 de julio de 1849 en Vic, Espa\u00f1a, por San Antonio Mar\u00eda Claret y otros cinco j\u00f3venes sacerdotes, el P. Jos\u00e9 Xifre, el P. Esteban Sala, el P. Domingo F\u00e1bregas, el P. Manuel Vilaro, [&hellip;]<\/p>\n","protected":false},"author":2,"featured_media":162285,"parent":0,"menu_order":0,"comment_status":"closed","ping_status":"closed","template":"","meta":{"_et_pb_use_builder":"on","_et_pb_old_content":"","_et_gb_content_width":"","footnotes":""},"class_list":["post-115564","page","type-page","status-publish","has-post-thumbnail","hentry"],"jetpack_sharing_enabled":true,"jetpack_shortlink":"https:\/\/wp.me\/PdaBmi-u3W","jetpack_likes_enabled":true,"_links":{"self":[{"href":"https:\/\/www.claret.org\/es\/wp-json\/wp\/v2\/pages\/115564","targetHints":{"allow":["GET"]}}],"collection":[{"href":"https:\/\/www.claret.org\/es\/wp-json\/wp\/v2\/pages"}],"about":[{"href":"https:\/\/www.claret.org\/es\/wp-json\/wp\/v2\/types\/page"}],"author":[{"embeddable":true,"href":"https:\/\/www.claret.org\/es\/wp-json\/wp\/v2\/users\/2"}],"replies":[{"embeddable":true,"href":"https:\/\/www.claret.org\/es\/wp-json\/wp\/v2\/comments?post=115564"}],"version-history":[{"count":0,"href":"https:\/\/www.claret.org\/es\/wp-json\/wp\/v2\/pages\/115564\/revisions"}],"wp:featuredmedia":[{"embeddable":true,"href":"https:\/\/www.claret.org\/es\/wp-json\/wp\/v2\/media\/162285"}],"wp:attachment":[{"href":"https:\/\/www.claret.org\/es\/wp-json\/wp\/v2\/media?parent=115564"}],"curies":[{"name":"wp","href":"https:\/\/api.w.org\/{rel}","templated":true}]}}