{"id":115574,"date":"2022-03-22T09:33:42","date_gmt":"2022-03-22T08:33:42","guid":{"rendered":"https:\/\/www.claret.org\/historia\/"},"modified":"2023-06-16T10:01:15","modified_gmt":"2023-06-16T08:01:15","slug":"historia","status":"publish","type":"page","link":"https:\/\/www.claret.org\/es\/claretianos\/historia\/","title":{"rendered":"Historia"},"content":{"rendered":"<p>[et_pb_section fb_built=\u00bb1&#8243; fullwidth=\u00bbon\u00bb _builder_version=\u00bb4.16&#8243; _module_preset=\u00bbdefault\u00bb global_colors_info=\u00bb{}\u00bb][et_pb_fullwidth_header title=\u00bb@ET-DC@eyJkeW5hbWljIjp0cnVlLCJjb250ZW50IjoicG9zdF90aXRsZSIsInNldHRpbmdzIjp7ImJlZm9yZSI6IiIsImFmdGVyIjoiIn19@\u00bb _builder_version=\u00bb4.17.6&#8243; _dynamic_attributes=\u00bbtitle\u00bb _module_preset=\u00bbdefault\u00bb background_color=\u00bb#99b0c1&#8243; title_text_shadow_style=\u00bbpreset2&#8243; global_colors_info=\u00bb{}\u00bb]Una breve historia de la Congregaci\u00f3n desde su nacimiento hasta la actualidad.[\/et_pb_fullwidth_header][\/et_pb_section][et_pb_section fb_built=\u00bb1&#8243; _builder_version=\u00bb4.16&#8243; _module_preset=\u00bbdefault\u00bb global_colors_info=\u00bb{}\u00bb][et_pb_row _builder_version=\u00bb4.16&#8243; _module_preset=\u00bbdefault\u00bb global_colors_info=\u00bb{}\u00bb][et_pb_column type=\u00bb4_4&#8243; _builder_version=\u00bb4.16&#8243; _module_preset=\u00bbdefault\u00bb global_colors_info=\u00bb{}\u00bb][et_pb_text _builder_version=\u00bb4.17.6&#8243; _module_preset=\u00bbdefault\u00bb text_text_color=\u00bb#000000&#8243; header_font=\u00bb|700|||||||\u00bb header_text_color=\u00bb#E09900&#8243; global_colors_info=\u00bb{}\u00bb]<\/p>\n<h1>1849-1858<\/h1>\n<p>LA FUNDACI\u00d3N. En un ambiente hostil seis j\u00f3venes sacerdotes inician una aventura misionera en una peque\u00f1a habitaci\u00f3n del seminario de Vic, Espa\u00f1a, animados por un sacerdote de 41 a\u00f1os. A la cabeza, el misionero Antonio Claret. Era el 16 de julio de 1849. Pronto tuvieron que superar enormes dificultades, agravadas por la ausencia del Fundador en Cuba y el escaso crecimiento inicial.<\/p>\n<p>&nbsp;<\/p>\n<h1>1858-1870<\/h1>\n<p>CONSTITUCI\u00d3N DEL INSTITUTO. A la muerte del P. Esteban Sala, segundo General de la Congregaci\u00f3n, la elecci\u00f3n como General del Jos\u00e9 Xifr\u00e9 supuso un impulso formidable de la estructura interna del Instituto y sus instituciones, y de las primeras fundaciones fuera de Vic: Gracia, Segovia. La presencia de Claret, de nuevo en Espa\u00f1a, signific\u00f3 tambi\u00e9n un apoyo constante.<\/p>\n<p>&nbsp;<\/p>\n<h1>1870-1899<\/h1>\n<p>PRIMERA EXPANSI\u00d3N. La muerte del Fundador el 24 de octubre de 1870 y la situaci\u00f3n de la Congregaci\u00f3n, refugiada en Francia, no impidieron la regular vida y consistencia misionera del Instituto. Ya se hab\u00eda fundado en Argel y en Chile. Ahora tocaba continuar la expansi\u00f3n en Espa\u00f1a, Guinea Ecuatorial, M\u00e9xico, Italia, etc. La Congregaci\u00f3n se dividi\u00f3 en Provincias. A su muerte en 1899, el P. Xifr\u00e9 dejaba un futuro esperanzador.<\/p>\n<p>&nbsp;<\/p>\n<h1>1899-1906<\/h1>\n<p>LA CONSOLIDACI\u00d3N. Nac\u00eda un nuevo siglo. Sin el P. Xifr\u00e9, despu\u00e9s de m\u00e1s de 40 a\u00f1os como General, hab\u00eda que consolidar lo logrado hasta el momento. Se escribe la primera Historia de la Congregaci\u00f3n. \u00c9sta se encuentra en Am\u00e9rica en plena ebullici\u00f3n. Todo hace presagiar que la Congregaci\u00f3n comienza a verse a s\u00ed misma como un Organismo consistente bajo la gu\u00eda del P. Clemente Serrat.<\/p>\n<p>&nbsp;<\/p>\n<h1>1906-1922<\/h1>\n<p>EL AUGE. Muere el P. Serrat el 6 de enero de 1906. El Cap\u00edtulo General elige al delf\u00edn de aquellos a\u00f1os, el P. Mart\u00edn Alsina. Su energ\u00eda iba a recordar los tiempos del P. Xifr\u00e9. Son muchas las ofertas de fundaci\u00f3n que tiene que rechazar la Congregaci\u00f3n. El hecho de su crecimiento en Europa (Portugal, Reino Unido, Alemania, Francia) da idea de la validez de la propuesta misionera de la Congregaci\u00f3n.<\/p>\n<p>&nbsp;<\/p>\n<h1>1922-1934<\/h1>\n<p>NUEVA EXPANSI\u00d3N. El 2 de marzo de 1922 mor\u00eda el P. Alsina. El nuevo P. General, Nicol\u00e1s Garc\u00eda, ser\u00eda el que iba a regir la Congregaci\u00f3n pr\u00e1cticamente hasta la mitad del siglo. Tocaba continuar con la expansi\u00f3n en las rep\u00fablicas americanas. Comenzaba la Santa Sede a confiar a los claretianos Vicariatos y Obispados, signo de la confianza que inspiraba en la alta Jerarqu\u00eda de la Iglesia. La fundaci\u00f3n en China supuso un revulsivo misionero formidable en esta \u00e9poca. La etapa se cerraba con la gran noticia de la beatificaci\u00f3n del P. Fundador (febrero 1934).<\/p>\n<p>&nbsp;<\/p>\n<h1>1934-1937<\/h1>\n<p>TIEMPO MARTIRIAL. Tras la beatificaci\u00f3n de Claret (1934), llegaron las persecuciones. Ya se hab\u00edan conocido en M\u00e9xico, con la muerte del Beato Andr\u00e9s Sol\u00e1 en 1927. Ahora afectaban a Espa\u00f1a, punto neur\u00e1lgico de la Congregaci\u00f3n, con sus seminarios llenos a rebosar. Al que le toc\u00f3 sufrir la grav\u00edsima situaci\u00f3n desde el supremo gobierno fue al P. Felipe Maroto, elegido General en 1934. 271 m\u00e1rtires claretianos, la mayor\u00eda de ellos j\u00f3venes. Eran tiempos oscuros.<\/p>\n<p>&nbsp;<\/p>\n<h1>1937-1949<\/h1>\n<p>TPRIMER CENTENARIO. La muerte inesperada del P. Maroto dio paso de nuevo al segundo generalato del P. Nicol\u00e1s Garc\u00eda en julio de 1937. Hab\u00eda que levantarse de la gran tribulaci\u00f3n y atravesar indemnes la gran prueba de la Segunda Guerra Mundial. Una \u00e9poca de grandes nombres de relevancia eclesial: Arturo Tabera, Arcadio Larraona, Siervo Goyeneche. Nacimiento de obras de envergadura: la revista Vida Religiosa, el Institutum Juridicum. La publicaci\u00f3n de la magna obra del P. Crist\u00f3bal Fern\u00e1ndez El Beato Padre Antonio Mar\u00eda Claret (1946) marc\u00f3 un hito en la celebraci\u00f3n del primer centenario de la Congregaci\u00f3n.<\/p>\n<p>&nbsp;<\/p>\n<h1>1949-1967<\/h1>\n<p>UN NUEVO SIGLO. El 16 de julio de 1949 se celebraba en toda la Congregaci\u00f3n el primer centenario. Al frente del Instituto, la gran novedad, un General alem\u00e1n, el P. Pedro Schweiger. Al a\u00f1o siguiente, la canonizaci\u00f3n del P. Fundador y la inauguraci\u00f3n del gran templo en Roma dedicado al Coraz\u00f3n de Mar\u00eda y la nueva Curia General (1952). Crece el optimismo. Se da un grande impulso al universalismo de la Congregaci\u00f3n, simbolizado en las fundaciones en Jap\u00f3n, Canad\u00e1, Holanda, B\u00e9lgica, Suiza, Zaire y las primeras vocaciones en la India. Y surgen los grandes teologados de Roma y Salamanca. Es la grande \u00e9poca del Concilio Vaticano II y la invitaci\u00f3n a la renovaci\u00f3n. Una etapa que se concluye con la publicaci\u00f3n de la segunda gran Historia de la Congregaci\u00f3n, del P. Crist\u00f3bal Fern\u00e1ndez.<\/p>\n<p>&nbsp;<\/p>\n<h1>1967-1979<\/h1>\n<p>LA RENOVACI\u00d3N. Empujados por el Concilio los claretianos emprenden la gran renovaci\u00f3n. El encargado de dirigir la Congregaci\u00f3n en esta etapa es un italo-esloveno, el P. Antonio Leghisa. Esta renovaci\u00f3n vendr\u00e1 acompa\u00f1ada por una particular expansi\u00f3n misionera y tambi\u00e9n por una profunda crisis. Las grandes Provincias asumen misiones en distintas zonas de la Congregaci\u00f3n. Se crean las Conferencias interprovinciales. Y llegan providenciales fundaciones como las de la India y Nigeria. Poco a poco, se consolida la renovaci\u00f3n iniciada en el posconcilio.<\/p>\n<p>&nbsp;<\/p>\n<h1>1979-1985<\/h1>\n<p>LA MISI\u00d3N HOY (MCH). El a\u00f1o 1979 trajo importantes cambios. Entre otros, la persona de un nuevo Superior General, el argentino P. Gustavo Alonso. El Documento Capitular de 1979, conocido como la MCH (Misi\u00f3n del Claretiano Hoy) produjo un gran impacto en toda la Congregaci\u00f3n. Fundamentalmente se revis\u00f3 el estilo misionero a la luz de lo m\u00e1s urgente, oportuno y eficaz. Pero, sobre todo, se incidi\u00f3 en lo que vino a ser llamado revisi\u00f3n de posiciones. Se publicaron las nuevas Constituciones y el nuevo Directorio. Al mismo tiempo, segu\u00edan abri\u00e9ndose nuevos caminos: Corea del Sur, Australia, Polonia\u2026 Y se multiplicaban los encuentros de la Familia Claretiana.<\/p>\n<p>&nbsp;<\/p>\n<h1>1985-1991<\/h1>\n<p>EL CLARETIANO HOY. Este periodo continu\u00f3 con cambios significativos. El P. Gustavo Alonso fue reelegido Superior General. Crec\u00eda la Congregaci\u00f3n, no tanto en personal sino en presencias: Indonesia, Costa de Marfil, Kenia, Sri Lanka. Se multiplicaban cada vez m\u00e1s los Encuentros, Conferencias, Talleres, Semanas debido a la complejidad cada vez mayor de la Congregaci\u00f3n en lenguas, culturas y di\u00e1logo\u00a0religioso.<\/p>\n<p>&nbsp;<\/p>\n<h1>1991-1997<\/h1>\n<p>IDENTIDAD Y MISI\u00d3N. De nuevo un General espa\u00f1ol, el P. Aquilino Bocos. Apenas iniciado su mandato, un nuevo impulso lleg\u00f3 el 25 de octubre de 1992, fecha de la beatificaci\u00f3n de los 51 M\u00e1rtires Claretianos de Barbastro. No se crec\u00eda en n\u00famero, pero s\u00ed en proyecci\u00f3n misionera. Los nuevos beatos acompa\u00f1aron nuevas fundaciones como la de Rusia y Taiw\u00e1n. Y surg\u00edan nuevos proyectos como Palabra-Misi\u00f3n y el comentario a las Constituciones Nuestro Proyecto de Vida Misionera. Se multiplican las publicaciones del Fundador: Epistolario Pasivo, Escritos Pastorales. Se inicia la reestructuraci\u00f3n de Organismos.<\/p>\n<p>&nbsp;<\/p>\n<h1>1997-2003<\/h1>\n<p>EN MISI\u00d3N PROF\u00c9TICA. Se cumpl\u00edan los 150 a\u00f1os de la Fundaci\u00f3n de la Congregaci\u00f3n. Comenzaba ya a sentirse la necesidad en algunas zonas de la Congregaci\u00f3n de mayor\u00eda cristiana de ir uniendo algunos Organismos debilitados en personal y en fase de envejecimiento. Al mismo tiempo, la Congregaci\u00f3n crec\u00eda r\u00e1pidamente en otras zonas de minor\u00eda cristiana necesitadas de ayuda en formaci\u00f3n y en econom\u00eda, como en India, Nigeria, Congo, Sureste asi\u00e1tico, Sri Lanka, Indonesia.<\/p>\n<p>&nbsp;<\/p>\n<h1>2003-2009<\/h1>\n<p>QUE TENGAN VIDA. Llegaba al generalato un misionero espa\u00f1ol afincado en Jap\u00f3n, el P. Josep M\u00aa Abella. Cada vez m\u00e1s se iban dividiendo e independizando los Organismos en crecimiento y uniendo los de tendencia a disminuir. Terminaba la larga etapa del inquieto papa San Juan Pablo II, muerto en abril del 2005. La econom\u00eda iba tomando protagonismo debido a la necesidad de compartir entre los distintos Organismos. Y lleg\u00f3 el bicentenario del nacimiento del P. Fundador en 2007 con una nueva Autobiograf\u00eda (2008) y numerosos actos conmemorativos.<\/p>\n<p>&nbsp;<\/p>\n<h1>2009-2015<\/h1>\n<p>HOMBRES QUE ARDEN. Surgen nuevos proyectos congregacionales como La Fragua en la Vida Cotidiana para facilitar el acceso a las propias fuentes carism\u00e1ticas. La presencia claretiana en la ONU da un nuevo tono universal y de compromiso social a la Congregaci\u00f3n. Se estrena la pel\u00edcula Un Dios Prohibido, relato del martirio de los Beatos M\u00e1rtires de Barbastro. Se celebran nuevas beatificaciones de m\u00e1rtires de la guerra civil espa\u00f1ola. Se publica la esperada biograf\u00eda del P. Xifr\u00e9 en tres tomos, obra del P. Jaume Sidera.<\/p>\n<p>&nbsp;<\/p>\n<h1>2015-2021<\/h1>\n<p>MISSIONARII SUMUS. Es nombrado nuevo General, el P. Mathew Vattamattam, de la India. Uno de los legados recibidos es el de reorganizar la Congregaci\u00f3n en Europa. Al mismo tiempo, surgen nuevos Organismos como las Delegaciones Independientes P. Xifr\u00e9 y M\u00e3e d\u2019\u00c1frica en \u00c1frica y la Provincia de Fatima en Europa y se llevan a cabo nuevas fundaciones como Borneo y Nueva Zelanda. El papa Francisco sigue aportando prelados claretianos a la Iglesia, entre ellos un nuevo cardenal, el ex-superior general P. Aquilino Bocos. Y, finalmente, se cierra el per\u00edodo hist\u00f3rico con un nuevo proyecto congregacional: el A\u00f1o Claretiano.<\/p>\n<p>&nbsp;<\/p>\n<h1>2021 &#8211; Present<\/h1>\n<p>ARRAIGADOS EN CRISTO, AUDACES EN LA MISI\u00d3N. El XXVI Cap\u00edtulo General celebrado en Nemi fue el primer Cap\u00edtulo General sin papel. La Congregaci\u00f3n opt\u00f3 por utilizar la tecnolog\u00eda disponible para estar a la altura de las exigencias de la Laudato Si&#8217;. El Cap\u00edtulo General tambi\u00e9n utiliz\u00f3 un enfoque y unos procedimientos totalmente diferentes. En lugar de preparar un Documento Capitular, se present\u00f3 una Exhortaci\u00f3n, titulada Querida Congregaci\u00f3n. La exhortaci\u00f3n contiene el Sue\u00f1o que la Congregaci\u00f3n se compromete a cumplir durante el sexenio. Se crea una nueva prefectura, la Prefectura de Pastoral B\u00edblica y Comunicaci\u00f3n, y la Prefectura de Espiritualidad se ha cambiado por la de Espiritualidad y Vida Comunitaria. La Provincia de Filipinas, que comprende las misiones de Myanmar, Vietnam, Australia y Filipinas, pasa a llamarse Provincia del Fr. Rhoel Gallardo, por el nombre del m\u00e1rtir filipino cuya causa de santidad est\u00e1 en marcha.<\/p>\n<p>[\/et_pb_text][\/et_pb_column][\/et_pb_row][\/et_pb_section]<\/p>\n","protected":false},"excerpt":{"rendered":"<p>Una breve historia de la Congregaci\u00f3n desde su nacimiento hasta la actualidad.1849-1858 LA FUNDACI\u00d3N. En un ambiente hostil seis j\u00f3venes sacerdotes inician una aventura misionera en una peque\u00f1a habitaci\u00f3n del seminario de Vic, Espa\u00f1a, animados por un sacerdote de 41 a\u00f1os. A la cabeza, el misionero Antonio Claret. Era el 16 de julio de 1849. [&hellip;]<\/p>\n","protected":false},"author":2,"featured_media":113680,"parent":115153,"menu_order":0,"comment_status":"closed","ping_status":"closed","template":"","meta":{"_et_pb_use_builder":"on","_et_pb_old_content":"","_et_gb_content_width":"","footnotes":""},"class_list":["post-115574","page","type-page","status-publish","has-post-thumbnail","hentry"],"jetpack_sharing_enabled":true,"jetpack_shortlink":"https:\/\/wp.me\/PdaBmi-u46","jetpack_likes_enabled":true,"_links":{"self":[{"href":"https:\/\/www.claret.org\/es\/wp-json\/wp\/v2\/pages\/115574","targetHints":{"allow":["GET"]}}],"collection":[{"href":"https:\/\/www.claret.org\/es\/wp-json\/wp\/v2\/pages"}],"about":[{"href":"https:\/\/www.claret.org\/es\/wp-json\/wp\/v2\/types\/page"}],"author":[{"embeddable":true,"href":"https:\/\/www.claret.org\/es\/wp-json\/wp\/v2\/users\/2"}],"replies":[{"embeddable":true,"href":"https:\/\/www.claret.org\/es\/wp-json\/wp\/v2\/comments?post=115574"}],"version-history":[{"count":0,"href":"https:\/\/www.claret.org\/es\/wp-json\/wp\/v2\/pages\/115574\/revisions"}],"up":[{"embeddable":true,"href":"https:\/\/www.claret.org\/es\/wp-json\/wp\/v2\/pages\/115153"}],"wp:featuredmedia":[{"embeddable":true,"href":"https:\/\/www.claret.org\/es\/wp-json\/wp\/v2\/media\/113680"}],"wp:attachment":[{"href":"https:\/\/www.claret.org\/es\/wp-json\/wp\/v2\/media?parent=115574"}],"curies":[{"name":"wp","href":"https:\/\/api.w.org\/{rel}","templated":true}]}}