{"id":118110,"date":"2022-03-22T09:33:48","date_gmt":"2022-03-22T08:33:48","guid":{"rendered":"https:\/\/www.claret.org\/oficinas-y-secretarias\/"},"modified":"2026-02-16T16:04:25","modified_gmt":"2026-02-16T15:04:25","slug":"oficinas-y-secretarias","status":"publish","type":"page","link":"https:\/\/www.claret.org\/es\/gobierno-general\/oficinas-y-secretarias\/","title":{"rendered":"Oficinas y Secretar\u00edas"},"content":{"rendered":"<p>[et_pb_section fb_built=\u00bb1&#8243; fullwidth=\u00bbon\u00bb _builder_version=\u00bb4.16&#8243; _module_preset=\u00bbdefault\u00bb global_colors_info=\u00bb{}\u00bb][et_pb_fullwidth_header title=\u00bb@ET-DC@eyJkeW5hbWljIjp0cnVlLCJjb250ZW50IjoicG9zdF90aXRsZSIsInNldHRpbmdzIjp7ImJlZm9yZSI6IiIsImFmdGVyIjoiIn19@\u00bb _builder_version=\u00bb4.16&#8243; _dynamic_attributes=\u00bbtitle\u00bb _module_preset=\u00bbdefault\u00bb global_colors_info=\u00bb{}\u00bb]<\/p>\n<p>Secretar\u00edas Generales y Oficinas al Servicio del Gobierno General<\/p>\n<p>[\/et_pb_fullwidth_header][\/et_pb_section][et_pb_section fb_built=\u00bb1&#8243; _builder_version=\u00bb4.16&#8243; _module_preset=\u00bbdefault\u00bb custom_padding=\u00bb41px|||||\u00bb global_colors_info=\u00bb{}\u00bb][et_pb_row column_structure=\u00bb1_4,1_4,1_4,1_4&#8243; _builder_version=\u00bb4.16&#8243; _module_preset=\u00bbdefault\u00bb global_colors_info=\u00bb{}\u00bb][et_pb_column type=\u00bb1_4&#8243; _builder_version=\u00bb4.16&#8243; _module_preset=\u00bbdefault\u00bb global_colors_info=\u00bb{}\u00bb][et_pb_blurb title=\u00bbSecretario General\u00bb use_icon=\u00bbon\u00bb font_icon=\u00bb&#xf4ff;||fa||900&#8243; _builder_version=\u00bb4.19.5&#8243; _module_preset=\u00bbdefault\u00bb text_orientation=\u00bbcenter\u00bb global_colors_info=\u00bb{}\u00bb]<\/p>\n<h2>P. Efren Limpo Lo<\/h2>\n<p>[\/et_pb_blurb][\/et_pb_column][et_pb_column type=\u00bb1_4&#8243; _builder_version=\u00bb4.16&#8243; _module_preset=\u00bbdefault\u00bb global_colors_info=\u00bb{}\u00bb][et_pb_blurb title=\u00bbProcurador General\u00bb use_icon=\u00bbon\u00bb font_icon=\u00bb&#xf674;||fa||900&#8243; _builder_version=\u00bb4.19.5&#8243; _module_preset=\u00bbdefault\u00bb text_orientation=\u00bbcenter\u00bb global_colors_info=\u00bb{}\u00bb]<\/p>\n<h2>P. Jose F\u00e9lix Valderr\u00e1bano Ordeig<\/h2>\n<p>[\/et_pb_blurb][\/et_pb_column][et_pb_column type=\u00bb1_4&#8243; _builder_version=\u00bb4.16&#8243; _module_preset=\u00bbdefault\u00bb global_colors_info=\u00bb{}\u00bb][et_pb_blurb title=\u00bbArchivero General\u00bb use_icon=\u00bbon\u00bb font_icon=\u00bb&#xf468;||fa||900&#8243; _builder_version=\u00bb4.19.5&#8243; _module_preset=\u00bbdefault\u00bb text_orientation=\u00bbcenter\u00bb global_colors_info=\u00bb{}\u00bb]<\/p>\n<h2>P. Vicente Sanz<\/h2>\n<p>&nbsp;<\/p>\n<p>[\/et_pb_blurb][\/et_pb_column][et_pb_column type=\u00bb1_4&#8243; _builder_version=\u00bb4.16&#8243; _module_preset=\u00bbdefault\u00bb global_colors_info=\u00bb{}\u00bb][et_pb_blurb title=\u00bbSecretario de las Prefecturas\u00bb use_icon=\u00bbon\u00bb font_icon=\u00bb&#xf80d;||fa||900&#8243; _builder_version=\u00bb4.19.5&#8243; _module_preset=\u00bbdefault\u00bb text_orientation=\u00bbcenter\u00bb global_colors_info=\u00bb{}\u00bb]<\/p>\n<h2>P. Joseph Ikemefuna Iwobi<\/h2>\n<p>&nbsp;<\/p>\n<p>[\/et_pb_blurb][\/et_pb_column][\/et_pb_row][et_pb_row column_structure=\u00bb1_3,1_3,1_3&#8243; _builder_version=\u00bb4.16&#8243; _module_preset=\u00bbdefault\u00bb global_colors_info=\u00bb{}\u00bb][et_pb_column type=\u00bb1_3&#8243; _builder_version=\u00bb4.16&#8243; _module_preset=\u00bbdefault\u00bb global_colors_info=\u00bb{}\u00bb][et_pb_blurb title=\u00bbPostulador General\u00bb use_icon=\u00bbon\u00bb font_icon=\u00bb&#xf684;||fa||900&#8243; _builder_version=\u00bb4.19.5&#8243; _module_preset=\u00bbdefault\u00bb text_orientation=\u00bbcenter\u00bb global_colors_info=\u00bb{}\u00bb]<\/p>\n<h2>P. Krzysztof Gierat<\/h2>\n<p>&nbsp;<\/p>\n<p>[\/et_pb_blurb][\/et_pb_column][et_pb_column type=\u00bb1_3&#8243; _builder_version=\u00bb4.16&#8243; _module_preset=\u00bbdefault\u00bb global_colors_info=\u00bb{}\u00bb][et_pb_blurb title=\u00bbEquipo CESC\u00bb use_icon=\u00bbon\u00bb font_icon=\u00bb&#xf21e;||fa||900&#8243; _builder_version=\u00bb4.19.5&#8243; _module_preset=\u00bbdefault\u00bb text_orientation=\u00bbcenter\u00bb global_colors_info=\u00bb{}\u00bb]<\/p>\n<h2>P. Juan Carlos Martos Paredes<\/h2>\n<p>Director<\/p>\n<p>P. Josep Rovira Arumi<br \/>P. Sebastian Mundackal<br \/>P. Salvador Le\u00f3n Bel\u00e9n<br \/>P. Paulson Veliyannoor<br \/>P. F\u00e9lix K. Ketoglo<br \/>P. Rohan Peires<br \/>H. Mario Kevin Rivera Armijo<\/p>\n<p>[\/et_pb_blurb][\/et_pb_column][et_pb_column type=\u00bb1_3&#8243; _builder_version=\u00bb4.16&#8243; _module_preset=\u00bbdefault\u00bb global_colors_info=\u00bb{}\u00bb][et_pb_blurb title=\u00bbColector General de Misas\u00bb use_icon=\u00bbon\u00bb font_icon=\u00bb&#xf67f;||fa||900&#8243; _builder_version=\u00bb4.19.5&#8243; _module_preset=\u00bbdefault\u00bb text_orientation=\u00bbcenter\u00bb global_colors_info=\u00bb{}\u00bb]<\/p>\n<h2>H. Salvador Segura Santana<\/h2>\n<p>&nbsp;<\/p>\n<p>[\/et_pb_blurb][\/et_pb_column][\/et_pb_row][et_pb_row column_structure=\u00bb1_4,1_4,1_4,1_4&#8243; _builder_version=\u00bb4.16&#8243; _module_preset=\u00bbdefault\u00bb global_colors_info=\u00bb{}\u00bb][et_pb_column type=\u00bb1_4&#8243; _builder_version=\u00bb4.16&#8243; _module_preset=\u00bbdefault\u00bb global_colors_info=\u00bb{}\u00bb][et_pb_blurb title=\u00bbComisi\u00f3n General Econ\u00f3mica\u00bb use_icon=\u00bbon\u00bb font_icon=\u00bb&#xf51e;||fa||900&#8243; _builder_version=\u00bb4.19.5&#8243; _module_preset=\u00bbdefault\u00bb text_orientation=\u00bbcenter\u00bb global_colors_info=\u00bb{}\u00bb]<\/p>\n<p>P. Luiz Claudemir Botteon<br \/>P. Rafael G\u00f3mez Busto<br \/>P. \u00c1ngel de la Parte Par\u00eds<br \/>P. John Arazkaparampil<br \/>P. Juan Jos\u00e9 Garc\u00eda S\u00e1nchez<br \/>P. Gustavo Adolfo Verdugo Lazo<br \/>H. Salvador Segura Santana<br \/>H. Giovanni Mauricio Ram\u00edrez Vanegas<br \/>P. Manuel Alfredo Tamargo Rodr\u00edguez<\/p>\n<p>[\/et_pb_blurb][\/et_pb_column][et_pb_column type=\u00bb1_4&#8243; _builder_version=\u00bb4.16&#8243; _module_preset=\u00bbdefault\u00bb global_colors_info=\u00bb{}\u00bb][et_pb_blurb title=\u00bbConsejo General de la Econom\u00eda\u00bb use_icon=\u00bbon\u00bb font_icon=\u00bb&#xf4ce;||fa||900&#8243; _builder_version=\u00bb4.16&#8243; _module_preset=\u00bbdefault\u00bb text_orientation=\u00bbcenter\u00bb global_colors_info=\u00bb{}\u00bb]<\/p>\n<p>P. Rosendo Urrabazo<br \/>Pr. Domingo \u00c1ngel Grill\u00eda Biestro<br \/>P. Nathaniel Eke<br \/>P. George Vayaliparampil<br \/>P. Luiz Claudemir Botteon<br \/>P. Rafael G\u00f3mez Busto<br \/>P. \u00c1ngel de la Parte Par\u00eds<br \/>P. John Arazkaparampil<br \/>P. Juan Jos\u00e9 Garc\u00eda S\u00e1nchez<br \/>P. Gustavo Adolfo Verdugo Lazo<br \/>H. Salvador Segura Santana<br \/>H. Giovanni Mauricio Ram\u00edrez Vanegas<br \/>P. Manuel Alfredo Tamargo Rodr\u00edguez<\/p>\n<p>&nbsp;<\/p>\n<p>[\/et_pb_blurb][\/et_pb_column][et_pb_column type=\u00bb1_4&#8243; _builder_version=\u00bb4.16&#8243; _module_preset=\u00bbdefault\u00bb global_colors_info=\u00bb{}\u00bb][et_pb_blurb title=\u00bbEquipo de Administraci\u00f3n General\u00bb use_icon=\u00bbon\u00bb font_icon=\u00bb&#xf509;||fa||900&#8243; _builder_version=\u00bb4.17.1&#8243; _module_preset=\u00bbdefault\u00bb text_orientation=\u00bbcenter\u00bb global_colors_info=\u00bb{}\u00bb]<\/p>\n<p>H. Salvador Segura Santana<br \/>H. Giovanni Mauricio Ram\u00edrez Vanegas<br \/>P. Manuel Alfredo Tamargo Rodr\u00edguez<\/p>\n<p>[\/et_pb_blurb][\/et_pb_column][et_pb_column type=\u00bb1_4&#8243; _builder_version=\u00bb4.16&#8243; _module_preset=\u00bbdefault\u00bb global_colors_info=\u00bb{}\u00bb][et_pb_blurb title=\u00bbAsistente a la Administraci\u00f3n General\u00bb use_icon=\u00bbon\u00bb font_icon=\u00bb&#xe0d8;||divi||400&#8243; _builder_version=\u00bb4.19.5&#8243; _module_preset=\u00bbdefault\u00bb text_orientation=\u00bbcenter\u00bb global_colors_info=\u00bb{}\u00bb]<\/p>\n<h2>H. Salvador Segura Santana<\/h2>\n<p>&nbsp;<\/p>\n<p>[\/et_pb_blurb][et_pb_blurb title=\u00bbAsistente a la Administraci\u00f3n General y a la Procura General de las Misiones\u00bb use_icon=\u00bbon\u00bb font_icon=\u00bb&#xf543;||fa||900&#8243; _builder_version=\u00bb4.19.5&#8243; _module_preset=\u00bbdefault\u00bb text_orientation=\u00bbcenter\u00bb global_colors_info=\u00bb{}\u00bb]<\/p>\n<h2>H. Giovanni Ram\u00edrez<\/h2>\n<p>&nbsp;<\/p>\n<p>[\/et_pb_blurb][\/et_pb_column][\/et_pb_row][et_pb_row column_structure=\u00bb1_4,1_4,1_4,1_4&#8243; _builder_version=\u00bb4.16&#8243; _module_preset=\u00bbdefault\u00bb global_colors_info=\u00bb{}\u00bb][et_pb_column type=\u00bb1_4&#8243; _builder_version=\u00bb4.16&#8243; _module_preset=\u00bbdefault\u00bb global_colors_info=\u00bb{}\u00bb][et_pb_blurb title=\u00bbSOLIDARIDAD Y MISI\u00d3N (SOMI)\u00bb use_icon=\u00bbon\u00bb font_icon=\u00bb&#xe08b;||divi||400&#8243; _builder_version=\u00bb4.19.5&#8243; _module_preset=\u00bbdefault\u00bb text_orientation=\u00bbcenter\u00bb global_colors_info=\u00bb{}\u00bb]<\/p>\n<h2>TEAM<\/h2>\n<p>P. Pedro Belderrain Belderrain<br \/>P. Lord Winner Maria John<br \/>P. Susaimanickam Vincent<br \/>P. Rohan Dominic T.L.<\/p>\n<p>[\/et_pb_blurb][\/et_pb_column][et_pb_column type=\u00bb1_4&#8243; _builder_version=\u00bb4.16&#8243; _module_preset=\u00bbdefault\u00bb global_colors_info=\u00bb{}\u00bb][et_pb_blurb title=\u00bbSecretario General de JPIC\u00bb use_icon=\u00bbon\u00bb font_icon=\u00bb&#xf18c;||fa||400&#8243; _builder_version=\u00bb4.19.5&#8243; _module_preset=\u00bbdefault\u00bb text_orientation=\u00bbcenter\u00bb global_colors_info=\u00bb{}\u00bb]<\/p>\n<h2>P. Vincent Anes<\/h2>\n<p>[\/et_pb_blurb][\/et_pb_column][et_pb_column type=\u00bb1_4&#8243; _builder_version=\u00bb4.16&#8243; _module_preset=\u00bbdefault\u00bb global_colors_info=\u00bb{}\u00bb][et_pb_blurb title=\u00bbProcura General de las Misiones\u00bb use_icon=\u00bbon\u00bb font_icon=\u00bb&#xf4c0;||fa||900&#8243; _builder_version=\u00bb4.19.5&#8243; _module_preset=\u00bbdefault\u00bb text_orientation=\u00bbcenter\u00bb global_colors_info=\u00bb{}\u00bb]<\/p>\n<h2>P. Lord Winner<\/h2>\n<p>[\/et_pb_blurb][\/et_pb_column][et_pb_column type=\u00bb1_4&#8243; _builder_version=\u00bb4.16&#8243; _module_preset=\u00bbdefault\u00bb global_colors_info=\u00bb{}\u00bb][et_pb_blurb title=\u00bbEquipo CMF ante la ONU\u00bb use_icon=\u00bbon\u00bb font_icon=\u00bb&#xf024;||fa||900&#8243; _builder_version=\u00bb4.19.5&#8243; _module_preset=\u00bbdefault\u00bb text_orientation=\u00bbcenter\u00bb global_colors_info=\u00bb{}\u00bb]<\/p>\n<p>Director:<\/p>\n<h2>P. Rohan Dominic T.L.<\/h2>\n<p>P. Miguel \u00c1ngel Velasco L\u00f3pez<br \/>P. Henry Ram\u00edrez Soler<br \/>P. Robert A. Omondi<\/p>\n<p>[\/et_pb_blurb][\/et_pb_column][\/et_pb_row][et_pb_row column_structure=\u00bb1_2,1_2&#8243; _builder_version=\u00bb4.16&#8243; _module_preset=\u00bbdefault\u00bb global_colors_info=\u00bb{}\u00bb][et_pb_column type=\u00bb1_2&#8243; _builder_version=\u00bb4.16&#8243; _module_preset=\u00bbdefault\u00bb global_colors_info=\u00bb{}\u00bb][et_pb_blurb title=\u00bbEquipo de Comunicaci\u00f3n\u00bb use_icon=\u00bbon\u00bb font_icon=\u00bb&#xf7c0;||fa||900&#8243; _builder_version=\u00bb4.27.5&#8243; _module_preset=\u00bbdefault\u00bb text_orientation=\u00bbcenter\u00bb hover_enabled=\u00bb0&#8243; global_colors_info=\u00bb{}\u00bb sticky_enabled=\u00bb0&#8243;]<\/p>\n<h2>P. Henry Babatunde Omonisaye<\/h2>\n<p>Prefecto<\/p>\n<h2>P. Nelson Thomas Puthenparambil<\/h2>\n<p>Coordinador<\/p>\n<p>&nbsp;<\/p>\n<h2>P. Joel Nkongolo<\/h2>\n<p>&nbsp;<\/p>\n<h2>P. Joseph Ikemefuna Iwobi<\/h2>\n<p>&nbsp;<\/p>\n<p>[\/et_pb_blurb][\/et_pb_column][et_pb_column type=\u00bb1_2&#8243; _builder_version=\u00bb4.16&#8243; _module_preset=\u00bbdefault\u00bb global_colors_info=\u00bb{}\u00bb][et_pb_blurb title=\u00bbConsejo Consultivo del CMF PJV\u00bb use_icon=\u00bbon\u00bb font_icon=\u00bb&#xf1ae;||fa||900&#8243; _builder_version=\u00bb4.19.5&#8243; _module_preset=\u00bbdefault\u00bb text_orientation=\u00bbcenter\u00bb global_colors_info=\u00bb{}\u00bb]<\/p>\n<p>Direcci\u00f3n:<\/p>\n<h2>H. Carlos Verga<\/h2>\n<p>ACLA<\/p>\n<h2>P. John Obonyo<\/h2>\n<p>ASCLA East<\/p>\n<h2>P. Martin Ele<\/h2>\n<p>ASCLA West<\/p>\n<h2>P. Thomas Paingottu<\/h2>\n<p>ECLA<\/p>\n<h2>P. Jo\u00e3o Lu\u00eds Escaleira<\/h2>\n<p>MICLA<\/p>\n<h2>P. Julio Arv\u00e1ez<\/h2>\n<p>CLARET WAY GLOBAL<\/p>\n<h2>P. Luis Enrique Ortiz<\/h2>\n<p>[\/et_pb_blurb][\/et_pb_column][\/et_pb_row][\/et_pb_section]<\/p>\n","protected":false},"excerpt":{"rendered":"<p>Secretar\u00edas Generales y Oficinas al Servicio del Gobierno GeneralP. Efren Limpo LoP. Jose F\u00e9lix Valderr\u00e1bano OrdeigP. Vicente Sanz &nbsp;P. Joseph Ikemefuna Iwobi &nbsp;P. Krzysztof Gierat &nbsp;P. Juan Carlos Martos Paredes Director P. Josep Rovira ArumiP. Sebastian MundackalP. Salvador Le\u00f3n Bel\u00e9nP. Paulson VeliyannoorP. F\u00e9lix K. KetogloP. Rohan PeiresH. Mario Kevin Rivera ArmijoH. Salvador Segura Santana &nbsp;P. [&hellip;]<\/p>\n","protected":false},"author":2,"featured_media":162302,"parent":115241,"menu_order":0,"comment_status":"closed","ping_status":"closed","template":"","meta":{"_et_pb_use_builder":"on","_et_pb_old_content":"","_et_gb_content_width":"","footnotes":""},"class_list":["post-118110","page","type-page","status-publish","has-post-thumbnail","hentry"],"jetpack_sharing_enabled":true,"jetpack_shortlink":"https:\/\/wp.me\/PdaBmi-uJ0","jetpack_likes_enabled":true,"_links":{"self":[{"href":"https:\/\/www.claret.org\/es\/wp-json\/wp\/v2\/pages\/118110","targetHints":{"allow":["GET"]}}],"collection":[{"href":"https:\/\/www.claret.org\/es\/wp-json\/wp\/v2\/pages"}],"about":[{"href":"https:\/\/www.claret.org\/es\/wp-json\/wp\/v2\/types\/page"}],"author":[{"embeddable":true,"href":"https:\/\/www.claret.org\/es\/wp-json\/wp\/v2\/users\/2"}],"replies":[{"embeddable":true,"href":"https:\/\/www.claret.org\/es\/wp-json\/wp\/v2\/comments?post=118110"}],"version-history":[{"count":1,"href":"https:\/\/www.claret.org\/es\/wp-json\/wp\/v2\/pages\/118110\/revisions"}],"predecessor-version":[{"id":185657,"href":"https:\/\/www.claret.org\/es\/wp-json\/wp\/v2\/pages\/118110\/revisions\/185657"}],"up":[{"embeddable":true,"href":"https:\/\/www.claret.org\/es\/wp-json\/wp\/v2\/pages\/115241"}],"wp:featuredmedia":[{"embeddable":true,"href":"https:\/\/www.claret.org\/es\/wp-json\/wp\/v2\/media\/162302"}],"wp:attachment":[{"href":"https:\/\/www.claret.org\/es\/wp-json\/wp\/v2\/media?parent=118110"}],"curies":[{"name":"wp","href":"https:\/\/api.w.org\/{rel}","templated":true}]}}