{"id":129972,"date":"2022-07-01T23:05:13","date_gmt":"2022-07-01T21:05:13","guid":{"rendered":"https:\/\/www.claret.org\/apostolado\/institutos-de-vida-consagrada\/"},"modified":"2023-07-04T09:46:27","modified_gmt":"2023-07-04T07:46:27","slug":"institutos-de-vida-consagrada","status":"publish","type":"page","link":"https:\/\/www.claret.org\/es\/apostolado\/institutos-de-vida-consagrada\/","title":{"rendered":"Institutos de Vida Consagrada"},"content":{"rendered":"<p>[et_pb_section fb_built=\u00bb1&#8243; fullwidth=\u00bbon\u00bb _builder_version=\u00bb4.17.4&#8243; _module_preset=\u00bbdefault\u00bb global_colors_info=\u00bb{}\u00bb][et_pb_fullwidth_header title=\u00bb@ET-DC@eyJkeW5hbWljIjp0cnVlLCJjb250ZW50IjoicG9zdF90aXRsZSIsInNldHRpbmdzIjp7ImJlZm9yZSI6IiIsImFmdGVyIjoiIn19@\u00bb _builder_version=\u00bb4.17.4&#8243; _dynamic_attributes=\u00bbtitle\u00bb _module_preset=\u00bbdefault\u00bb global_colors_info=\u00bb{}\u00bb]<\/p>\n<p>Institutos de Vida Consagrada dirigidos por los Misioneros Claretianos en todo el mundo<\/p>\n<p>[\/et_pb_fullwidth_header][\/et_pb_section][et_pb_section fb_built=\u00bb1&#8243; _builder_version=\u00bb4.17.4&#8243; _module_preset=\u00bbdefault\u00bb global_colors_info=\u00bb{}\u00bb][et_pb_row _builder_version=\u00bb4.17.4&#8243; _module_preset=\u00bbdefault\u00bb global_colors_info=\u00bb{}\u00bb][et_pb_column type=\u00bb4_4&#8243; _builder_version=\u00bb4.17.4&#8243; _module_preset=\u00bbdefault\u00bb global_colors_info=\u00bb{}\u00bb][et_pb_text _builder_version=\u00bb4.17.4&#8243; _module_preset=\u00bbdefault\u00bb global_colors_info=\u00bb{}\u00bb]<\/p>\n<h1>\u00c1FRICA<\/h1>\n<p>[\/et_pb_text][\/et_pb_column][\/et_pb_row][et_pb_row column_structure=\u00bb2_5,3_5&#8243; _builder_version=\u00bb4.17.4&#8243; _module_preset=\u00bbdefault\u00bb global_colors_info=\u00bb{}\u00bb][et_pb_column type=\u00bb2_5&#8243; _builder_version=\u00bb4.17.4&#8243; _module_preset=\u00bbdefault\u00bb global_colors_info=\u00bb{}\u00bb][et_pb_image src=\u00bbhttps:\/\/www.claret.org\/wp-content\/uploads\/2022\/07\/aicla.jpg\u00bb title_text=\u00bbaicla\u00bb _builder_version=\u00bb4.17.4&#8243; _module_preset=\u00bbdefault\u00bb box_shadow_style=\u00bbpreset2&#8243; global_colors_info=\u00bb{}\u00bb][\/et_pb_image][\/et_pb_column][et_pb_column type=\u00bb3_5&#8243; _builder_version=\u00bb4.17.4&#8243; _module_preset=\u00bbdefault\u00bb global_colors_info=\u00bb{}\u00bb][et_pb_text _builder_version=\u00bb4.17.4&#8243; _module_preset=\u00bbdefault\u00bb global_colors_info=\u00bb{}\u00bb]<\/p>\n<h1>INCLA<\/h1>\n<h2>Instituto de Vida Consagrada en \u00c1frica<\/h2>\n<p>El InCLA es un Instituto de Vida Consagrada en \u00c1frica, \u00fanico en su g\u00e9nero, que ofrece una especializaci\u00f3n en la vida consagrada. InCLA est\u00e1 precedido por varias conferencias organizadas localmente por claretianos para dar a conocer esta iniciativa: la primera Conferencia se celebr\u00f3 en Abuja en noviembre de 2017, la segunda en Enugu en noviembre de 2018, mientras que la tercera Conferencia se celebr\u00f3 en Lagos en noviembre de 2019. El Instituto est\u00e1 afiliado a la Universidad Pontificia Lateranense de Roma.<\/p>\n<p><p>Sitio web: <a href=\"https:\/\/aicla.org.ng\" target=\"_blank\" rel=\"noopener nofollow\">https:\/\/aicla.org.ng<\/a><\/p>\n<p>[\/et_pb_text][et_pb_text _builder_version=\u00bb4.17.4&#8243; _module_preset=\u00bbdefault\u00bb global_colors_info=\u00bb{}\u00bb]<\/p>\n<div class=\"col-lg-6 col-md-6 col-sm-6 col-xs-6\">\n<div class=\"mu-header-top-left\">\n<div class=\"mu-top-phone\">Bwari Area Council, FCT, Abuja, Nigeria<br \/><strong>Tel.<\/strong> +234 080 6475 8374<br \/><strong>E-mail:<\/strong> info@aicla.org.ng<\/div>\n<\/div>\n<\/div>\n<p>[\/et_pb_text][\/et_pb_column][\/et_pb_row][et_pb_row _builder_version=\u00bb4.17.4&#8243; _module_preset=\u00bbdefault\u00bb global_colors_info=\u00bb{}\u00bb][et_pb_column type=\u00bb4_4&#8243; _builder_version=\u00bb4.17.4&#8243; _module_preset=\u00bbdefault\u00bb global_colors_info=\u00bb{}\u00bb][et_pb_text _builder_version=\u00bb4.17.4&#8243; _module_preset=\u00bbdefault\u00bb global_colors_info=\u00bb{}\u00bb]<\/p>\n<h1>AM\u00c9RICA<\/h1>\n<p>[\/et_pb_text][\/et_pb_column][\/et_pb_row][et_pb_row column_structure=\u00bb2_5,3_5&#8243; _builder_version=\u00bb4.17.4&#8243; _module_preset=\u00bbdefault\u00bb global_colors_info=\u00bb{}\u00bb][et_pb_column type=\u00bb2_5&#8243; _builder_version=\u00bb4.17.4&#8243; _module_preset=\u00bbdefault\u00bb global_colors_info=\u00bb{}\u00bb][et_pb_image src=\u00bbhttps:\/\/www.claret.org\/wp-content\/uploads\/2022\/07\/itvca.webp\u00bb title_text=\u00bbitvca\u00bb _builder_version=\u00bb4.17.4&#8243; _module_preset=\u00bbdefault\u00bb box_shadow_style=\u00bbpreset2&#8243; global_colors_info=\u00bb{}\u00bb][\/et_pb_image][\/et_pb_column][et_pb_column type=\u00bb3_5&#8243; _builder_version=\u00bb4.17.4&#8243; _module_preset=\u00bbdefault\u00bb global_colors_info=\u00bb{}\u00bb][et_pb_text _builder_version=\u00bb4.17.4&#8243; _module_preset=\u00bbdefault\u00bb global_colors_info=\u00bb{}\u00bb]<\/p>\n<h1>ITVCA<\/h1>\n<h2>Instituto Teol\u00f3gico de Vida Consagrada de Am\u00e9rica<\/h2>\n<p>El ITVCA &#8211; Instituto Teol\u00f3gico de Vida Consagrada de Am\u00e9rica, es una instituci\u00f3n de la Congregaci\u00f3n de los Hijos Misioneros del Inmaculado Coraz\u00f3n de Mar\u00eda &#8211; Misioneros Claretianos, dependiente de la Conferencia Interprovincial Claretiana de Am\u00e9rica (MICLA) que, en sinton\u00eda con las orientaciones de la Iglesia y la tradici\u00f3n congregacional pretende responder a la necesidad de una reflexi\u00f3n teol\u00f3gica interdisciplinar sobre la Vida Consagrada, desde una perspectiva misionera hoy, al servicio de la formaci\u00f3n pastoral, integral y acad\u00e9mica de las personas consagradas y de otros Disc\u00edpulos Misioneros de la Iglesia que peregrinan en Am\u00e9rica. <\/p>\n<p>Sitio web: <a href=\"https:\/\/www.itvca.org\" rel=\"nofollow noopener\" target=\"_blank\">https:\/\/www.itvca.org<\/a><\/p>\n<p>[\/et_pb_text][et_pb_text _builder_version=\u00bb4.17.4&#8243; _module_preset=\u00bbdefault\u00bb global_colors_info=\u00bb{}\u00bb]<\/p>\n<p>Carrera 15 No. 10 \u2013 41, Piso 5 de la ciudad de Bogot\u00e1 D.C (Colombia)<br \/><strong>E-mail:<\/strong> itvcacomunicaciones@gmail.com<\/p>\n<p>[\/et_pb_text][\/et_pb_column][\/et_pb_row][et_pb_row _builder_version=\u00bb4.17.4&#8243; _module_preset=\u00bbdefault\u00bb global_colors_info=\u00bb{}\u00bb][et_pb_column type=\u00bb4_4&#8243; _builder_version=\u00bb4.17.4&#8243; _module_preset=\u00bbdefault\u00bb global_colors_info=\u00bb{}\u00bb][et_pb_text _builder_version=\u00bb4.17.4&#8243; _module_preset=\u00bbdefault\u00bb global_colors_info=\u00bb{}\u00bb]<\/p>\n<h1>ASIA<\/h1>\n<p>[\/et_pb_text][\/et_pb_column][\/et_pb_row][et_pb_row column_structure=\u00bb2_5,3_5&#8243; _builder_version=\u00bb4.17.4&#8243; _module_preset=\u00bbdefault\u00bb global_colors_info=\u00bb{}\u00bb][et_pb_column type=\u00bb2_5&#8243; _builder_version=\u00bb4.17.4&#8243; _module_preset=\u00bbdefault\u00bb global_colors_info=\u00bb{}\u00bb][et_pb_image src=\u00bbhttps:\/\/www.claret.org\/wp-content\/uploads\/2022\/07\/icla.webp\u00bb title_text=\u00bbicla\u00bb _builder_version=\u00bb4.17.4&#8243; _module_preset=\u00bbdefault\u00bb box_shadow_style=\u00bbpreset2&#8243; global_colors_info=\u00bb{}\u00bb][\/et_pb_image][\/et_pb_column][et_pb_column type=\u00bb3_5&#8243; _builder_version=\u00bb4.17.4&#8243; _module_preset=\u00bbdefault\u00bb global_colors_info=\u00bb{}\u00bb][et_pb_text _builder_version=\u00bb4.17.4&#8243; _module_preset=\u00bbdefault\u00bb global_colors_info=\u00bb{}\u00bb]<\/p>\n<h1>ICLA<\/h1>\n<h2>Instituto para la Vida Consagrada en Asia<\/h2>\n<p>El ICLA es un centro de estudios superiores en Teolog\u00eda y Pastoral incorporado a la Facultad de Sagrada Teolog\u00eda de la Universidad de Santo Tom\u00e1s (UST) y al Colegio San Antonio Mar\u00eda Claret (SAMCC) como su Departamento de Postgrado.<\/p>\n<p><p>Sirve a una poblaci\u00f3n estudiantil multicultural (religiosos, l\u00edderes laicos, ministros y sacerdotes) de las iglesias emergentes, particularmente en Asia.<\/p>\n<p><p>Sitio web: <a href=\"https:\/\/www.icla.org.ph\" target=\"_blank\" rel=\"noopener nofollow\">https:\/\/www.icla.org.ph<\/a><\/p>\n<p>[\/et_pb_text][et_pb_text _builder_version=\u00bb4.17.4&#8243; _module_preset=\u00bbdefault\u00bb global_colors_info=\u00bb{}\u00bb]<\/p>\n<p>526 Tandang Sora Avenue, Brgy. Culiat, Quezon City 1128 Philippines<br \/><strong>Tel.<\/strong> +63-2-8932-0343<br \/><strong>E-mail:<\/strong> icla@icla.org.ph<\/p>\n<p>[\/et_pb_text][\/et_pb_column][\/et_pb_row][et_pb_row column_structure=\u00bb2_5,3_5&#8243; _builder_version=\u00bb4.17.4&#8243; _module_preset=\u00bbdefault\u00bb global_colors_info=\u00bb{}\u00bb][et_pb_column type=\u00bb2_5&#8243; _builder_version=\u00bb4.17.4&#8243; _module_preset=\u00bbdefault\u00bb global_colors_info=\u00bb{}\u00bb][et_pb_image src=\u00bbhttps:\/\/www.claret.org\/wp-content\/uploads\/2022\/07\/sanyasa.webp\u00bb title_text=\u00bbsanyasa\u00bb _builder_version=\u00bb4.17.4&#8243; _module_preset=\u00bbdefault\u00bb hover_enabled=\u00bb0&#8243; box_shadow_style=\u00bbpreset2&#8243; global_colors_info=\u00bb{}\u00bb sticky_enabled=\u00bb0&#8243;][\/et_pb_image][\/et_pb_column][et_pb_column type=\u00bb3_5&#8243; _builder_version=\u00bb4.17.4&#8243; _module_preset=\u00bbdefault\u00bb global_colors_info=\u00bb{}\u00bb][et_pb_text _builder_version=\u00bb4.17.4&#8243; _module_preset=\u00bbdefault\u00bb hover_enabled=\u00bb0&#8243; global_colors_info=\u00bb{}\u00bb sticky_enabled=\u00bb0&#8243;]<\/p>\n<h1>Sanyasa (ICL)<\/h1>\n<h2 style=\"text-align: left;\">El Instituto de Vida Consagrada<\/h2>\n<p>El Instituto se llama Sanyasa porque esta palabra parece ser el equivalente m\u00e1s cercano a la vida consagrada en las tradiciones indias. Pero el Instituto no debe ser malinterpretado como un Ashram para quienes buscan un tiempo de oraci\u00f3n, meditaci\u00f3n y soledad. Contextualizando la vida religiosa en el entorno asi\u00e1tico, Sanyasa ofrece un programa acad\u00e9mico para profundizar en la comprensi\u00f3n de la forma de vida consagrada en la Iglesia, especialmente a la luz de la Escritura, el Magisterio, la tradici\u00f3n y las diversas interpretaciones teol\u00f3gicas con el objetivo de reavivar y potenciar a las personas consagradas.<\/p>\n<p>Sitio web: <a href=\"http:\/\/sanyasa.com\" target=\"_blank\" rel=\"noopener nofollow\">http:\/\/sanyasa.com<\/a><\/p>\n<p>[\/et_pb_text][et_pb_text _builder_version=\u00bb4.17.4&#8243; _module_preset=\u00bbdefault\u00bb hover_enabled=\u00bb0&#8243; global_colors_info=\u00bb{}\u00bb sticky_enabled=\u00bb0&#8243;]<\/p>\n<p>Institute of Consecrated Life Sanyasa<br \/>Carmelaram Bangalore \u2013 560035<br \/><strong>Tel.<\/strong> +91 080 29519259 <br \/>\u00a0\u00a0\u00a0\u00a0\u00a0\u00a0\u00a0 +91 9964161332 <br \/>\u00a0 \u00a0 \u00a0\u00a0\u00a0 +91 8310857049 (Director)<br \/><strong>Email:<\/strong> sanyasac@gmail.com<\/p>\n<p>[\/et_pb_text][\/et_pb_column][\/et_pb_row][et_pb_row _builder_version=\u00bb4.17.4&#8243; _module_preset=\u00bbdefault\u00bb global_colors_info=\u00bb{}\u00bb][et_pb_column type=\u00bb4_4&#8243; _builder_version=\u00bb4.17.4&#8243; _module_preset=\u00bbdefault\u00bb global_colors_info=\u00bb{}\u00bb][et_pb_text _builder_version=\u00bb4.17.4&#8243; _module_preset=\u00bbdefault\u00bb global_colors_info=\u00bb{}\u00bb]<\/p>\n<h1>EUROPA<\/h1>\n<p>[\/et_pb_text][\/et_pb_column][\/et_pb_row][et_pb_row column_structure=\u00bb2_5,3_5&#8243; _builder_version=\u00bb4.17.4&#8243; _module_preset=\u00bbdefault\u00bb global_colors_info=\u00bb{}\u00bb][et_pb_column type=\u00bb2_5&#8243; _builder_version=\u00bb4.17.4&#8243; _module_preset=\u00bbdefault\u00bb global_colors_info=\u00bb{}\u00bb][et_pb_image src=\u00bbhttps:\/\/www.claret.org\/wp-content\/uploads\/2022\/07\/Screenshot-2022-07-04-210248.webp\u00bb title_text=\u00bbScreenshot 2022-07-04 210248&#8243; _builder_version=\u00bb4.17.4&#8243; _module_preset=\u00bbdefault\u00bb box_shadow_style=\u00bbpreset2&#8243; global_colors_info=\u00bb{}\u00bb][\/et_pb_image][\/et_pb_column][et_pb_column type=\u00bb3_5&#8243; _builder_version=\u00bb4.17.4&#8243; _module_preset=\u00bbdefault\u00bb global_colors_info=\u00bb{}\u00bb][et_pb_text _builder_version=\u00bb4.17.4&#8243; _module_preset=\u00bbdefault\u00bb global_colors_info=\u00bb{}\u00bb]<\/p>\n<h1>ITVR<\/h1>\n<h2>Instituto Teol\u00f3gico de Vida Religiosa<\/h2>\n<p>El Instituto Teol\u00f3gico de Vida Religiosa es un centro superior de investigaci\u00f3n y ense\u00f1anza, fundado por los Misioneros Claretianos en 1971. Es una secci\u00f3n de la Facultad de Teolog\u00eda de la Universidad Pontificia de Salamanca (Campus de Madrid). Desde su fundaci\u00f3n, realiza un estudio riguroso sobre:<br \/>1) la inspiraci\u00f3n b\u00edblica de la vida consagrada;<br \/>2) la historia de sus formas;<br \/>3) los n\u00facleos teol\u00f3gico-sistem\u00e1ticos de su misi\u00f3n e identidad carism\u00e1tica en el contexto de otras formas de vida y ministerios en la Iglesia;<br \/>4) los aspectos pr\u00e1cticos y existenciales de la vida consagrada;<br \/>5) los aspectos pr\u00e1cticos y existenciales que la caracterizan en este tiempo de cambio e interrelaci\u00f3n.<\/p>\n<p>El Instituto Teol\u00f3gico acompa\u00f1a el proceso de renovaci\u00f3n y adaptaci\u00f3n de la vida consagrada desde la referencia permanente a la eclesiolog\u00eda de comuni\u00f3n y misi\u00f3n, al di\u00e1logo interconfesional, interreligioso e intercultural y a la opci\u00f3n por los pobres y excluidos. Ofrece una visi\u00f3n inclusiva y cat\u00f3lica de la realidad, siempre atenta a los desaf\u00edos emergentes y a la globalidad de la vida consagrada en los diferentes continentes y contextos.<\/p>\n<p>Sitio web: <a href=\"https:\/\/www.itvr.org\" target=\"_blank\" rel=\"noopener nofollow\">https:\/\/www.itvr.org<\/a><\/p>\n<p>[\/et_pb_text][et_pb_text _builder_version=\u00bb4.17.4&#8243; _module_preset=\u00bbdefault\u00bb global_colors_info=\u00bb{}\u00bb]<\/p>\n<p>C\/ Juan \u00c1lvarez Mendiz\u00e1bal, 65 dupdo.<br \/>28008 Madrid, ESPA\u00d1A<br \/><strong>Tel.<\/strong> 91 540 12 73<br \/><strong>Whatsapp:<\/strong> 626 278 077<br \/><strong>E-mail:<\/strong> secretaria@itvr.org<\/p>\n<p>[\/et_pb_text][\/et_pb_column][\/et_pb_row][et_pb_row column_structure=\u00bb2_5,3_5&#8243; _builder_version=\u00bb4.17.4&#8243; _module_preset=\u00bbdefault\u00bb global_colors_info=\u00bb{}\u00bb][et_pb_column type=\u00bb2_5&#8243; _builder_version=\u00bb4.17.4&#8243; _module_preset=\u00bbdefault\u00bb global_colors_info=\u00bb{}\u00bb][et_pb_image src=\u00bbhttps:\/\/www.claret.org\/wp-content\/uploads\/2022\/06\/ITVC-20220531-Closing-of-Golden-Anniversary-18-1.webp\u00bb title_text=\u00bbITVC-20220531-Closing-of-Golden-Anniversary-18&#8243; _builder_version=\u00bb4.17.4&#8243; _module_preset=\u00bbdefault\u00bb box_shadow_style=\u00bbpreset2&#8243; global_colors_info=\u00bb{}\u00bb][\/et_pb_image][\/et_pb_column][et_pb_column type=\u00bb3_5&#8243; _builder_version=\u00bb4.17.4&#8243; _module_preset=\u00bbdefault\u00bb global_colors_info=\u00bb{}\u00bb][et_pb_text _builder_version=\u00bb4.17.4&#8243; _module_preset=\u00bbdefault\u00bb global_colors_info=\u00bb{}\u00bb]<\/p>\n<h1>Claretianum<\/h1>\n<h2>Instituto de Teolog\u00eda de la Vida Consagrada<\/h2>\n<p>El Instituto de Teolog\u00eda de la Vida Consagrada \u00abClaretianum\u00bb fue erigido y establecido por el Decreto de la Sagrada Congregaci\u00f3n para la Educaci\u00f3n Cat\u00f3lica del 6 de junio de 1971. Est\u00e1 incorporado a la Pontificia Universidad Lateranense como Instituto de Especializaci\u00f3n en Teolog\u00eda de la Vida Consagrada.<\/p>\n<p>Realiza sus investigaciones en el campo de la Vida Consagrada sobre bases b\u00edblico-teol\u00f3gicas, considerando tanto los aspectos hist\u00f3rico-culturales, psico-sociol\u00f3gicos y jur\u00eddicos, como las condiciones en que se desarrolla la actividad pastoral de la Iglesia y de las personas consagradas.<\/p>\n<p>Ofrece un plan de estudios para la obtenci\u00f3n de la Licencia y el Doctorado en Teolog\u00eda de la Vida Consagrada. Tambi\u00e9n ofrece un curso de dos a\u00f1os para la obtenci\u00f3n del Diploma y un curso de un a\u00f1o. Cada a\u00f1o organiza una Conferencia para la profundizaci\u00f3n de un tema relativo a la Vida Consagrada.<\/p>\n<p>Sitio web: <a href=\"https:\/\/www.claretianum.org\" target=\"_blank\" rel=\"noopener nofollow\">https:\/\/www.claretianum.org<\/a><a href=\"https:\/\/www.icla.org.ph\" target=\"_blank\" rel=\"noopener nofollow\"><\/a><\/p>\n<p>[\/et_pb_text][et_pb_text _builder_version=\u00bb4.17.4&#8243; _module_preset=\u00bbdefault\u00bb global_colors_info=\u00bb{}\u00bb]<\/p>\n<p>Largo Lorenzo Mossa, 4 &#8211; Roma, Italia<br \/><strong>Tel.<\/strong> (0039) 06 98376722<br \/>\u00a0\u00a0\u00a0\u00a0\u00a0\u00a0\u00a0\u00a0 (0039) 06 98376723<br \/><strong>E-mail:<\/strong> itvclaretianum@gmail.com<\/p>\n<p>[\/et_pb_text][\/et_pb_column][\/et_pb_row][\/et_pb_section]<\/p>\n","protected":false},"excerpt":{"rendered":"<p>Institutos de Vida Consagrada dirigidos por los Misioneros Claretianos en todo el mundo \u00c1FRICAINCLA Instituto de Vida Consagrada en \u00c1frica El InCLA es un Instituto de Vida Consagrada en \u00c1frica, \u00fanico en su g\u00e9nero, que ofrece una especializaci\u00f3n en la vida consagrada. InCLA est\u00e1 precedido por varias conferencias organizadas localmente por claretianos para dar a [&hellip;]<\/p>\n","protected":false},"author":2,"featured_media":127036,"parent":114310,"menu_order":0,"comment_status":"closed","ping_status":"closed","template":"","meta":{"_et_pb_use_builder":"on","_et_pb_old_content":"","_et_gb_content_width":"","footnotes":""},"class_list":["post-129972","page","type-page","status-publish","has-post-thumbnail","hentry"],"jetpack_sharing_enabled":true,"jetpack_shortlink":"https:\/\/wp.me\/PdaBmi-xOk","jetpack_likes_enabled":true,"_links":{"self":[{"href":"https:\/\/www.claret.org\/es\/wp-json\/wp\/v2\/pages\/129972","targetHints":{"allow":["GET"]}}],"collection":[{"href":"https:\/\/www.claret.org\/es\/wp-json\/wp\/v2\/pages"}],"about":[{"href":"https:\/\/www.claret.org\/es\/wp-json\/wp\/v2\/types\/page"}],"author":[{"embeddable":true,"href":"https:\/\/www.claret.org\/es\/wp-json\/wp\/v2\/users\/2"}],"replies":[{"embeddable":true,"href":"https:\/\/www.claret.org\/es\/wp-json\/wp\/v2\/comments?post=129972"}],"version-history":[{"count":0,"href":"https:\/\/www.claret.org\/es\/wp-json\/wp\/v2\/pages\/129972\/revisions"}],"up":[{"embeddable":true,"href":"https:\/\/www.claret.org\/es\/wp-json\/wp\/v2\/pages\/114310"}],"wp:featuredmedia":[{"embeddable":true,"href":"https:\/\/www.claret.org\/es\/wp-json\/wp\/v2\/media\/127036"}],"wp:attachment":[{"href":"https:\/\/www.claret.org\/es\/wp-json\/wp\/v2\/media?parent=129972"}],"curies":[{"name":"wp","href":"https:\/\/api.w.org\/{rel}","templated":true}]}}