{"id":130381,"date":"2022-07-09T19:34:53","date_gmt":"2022-07-09T17:34:53","guid":{"rendered":"https:\/\/www.claret.org\/familia-claretiana\/movimiento-de-los-seglares-claretianos-m-s-c\/"},"modified":"2022-09-29T17:38:45","modified_gmt":"2022-09-29T15:38:45","slug":"movimiento-de-los-seglares-claretianos-m-s-c","status":"publish","type":"page","link":"https:\/\/www.claret.org\/es\/familia-claretiana\/movimiento-de-los-seglares-claretianos-m-s-c\/","title":{"rendered":"Movimiento de los Seglares Claretianos (M.S.C.)"},"content":{"rendered":"\n<p><p><em>\u00abEn estos \u00faltimos tiempos parece que Dios quiere que los seglares tengan una gran parte en la salvaci\u00f3n de las almas\u00bb<\/em> (S.Antonio M\u00aa Claret)<\/p><\/p>\n\n<p class=\"has-drop-cap\">El Movimiento de Seglares Claretianos tiene su origen en los grupos de laicos que San Antonio Mar\u00eda Claret cre\u00f3 en orden a la evangelizaci\u00f3n\u00ad. Entre estos grupos destacan: la Hermandad del Coraz\u00f3n de Mar\u00eda (1847), la Hermandad de la Doctrina Cristiana (1849), la Academia de San Miguel (1858), y las Bibliotecas Populares y Parroquiales (1864). En este mismo a\u00f1o proyect\u00f3 crear una asociaci\u00f3n denominada Archicofrad\u00eda del Coraz\u00f3n de Mar\u00eda, que \u00e9l concibi\u00f3 como un gran ej\u00e9rcito de evangelizado\u00adres con tres cuerpos: Los Misioneros Hijos del Coraz\u00f3n de Mar\u00eda, entregados a la evangelizaci\u00f3n itinerante, los Cl\u00e9rigos Seculares, que realizar\u00edan la misi\u00f3n apost\u00f3lica a trav\u00e9s de estructuras de evangelizaci\u00f3n fijas y estables, y los seglares.&#13;\n<\/p>\n\n<p>La muerte de Claret (1870) y la dif\u00edcil situaci\u00f3n creada a la Iglesia espa\u00f1ola a partir de la revoluci\u00f3n de 1868 hicieron muy dif\u00edcil la supervi\u00advencia de los grupos de seglares creados por Claret. Efectivamente, en el transcurso de pocos a\u00f1os desaparecieron todos. Desaparecieron los grupos, pero continuaron existiendo muchos seglares que, animados por el esp\u00edritu de Claret, cooperaron a la obra de la evangelizaci\u00f3n, generalmente al lado de los Misioneros Claretianos.<\/p>\n\n<p>El proceso de reorganizaci\u00f3n del laicado claretiano se inicia en el a\u00f1o 1938 por obra del Superior General de los Misioneros que crea la asociaci\u00f3n de <em>Colaboradores Claretianos<\/em>. Esta asociaci\u00f3n, concebida como <em>\u00abobra propia\u00bb<\/em> de la Congregaci\u00f3n, fue aprobada por la Santa Sede en 1943. En sus estatutos se dice que pueden ser Colaboradores Claretianos quienes quieran vivir seg\u00fan el esp\u00edritu de la Congregaci\u00f3n y colaborar en su apostolado.&#13;\n<\/p>\n\n<p>A partir de 1972 los Colaboradores Claretianos pasan a llamarse <em>Asociados Claretianos<\/em>. El Cap\u00edtulo General de la Congregaci\u00f3n correspon\u00addiente a 1973 dice que son Asociados Claretianos los cl\u00e9rigos y laicos que participan del carisma claretiano y que se comprometen, en grados diversos y de un modo permanente, a vivirlo en comuni\u00f3n con la Congregaci\u00f3n de Misioneros.&#13;\n<\/p>\n\n<p>En 1979 toma el nombre de <em>Seglares Claretianos<\/em>. El Cap\u00edtulo General de este mismo a\u00f1o imprime una nueva orientaci\u00f3n al laicado claretiano. Afirma que la promoci\u00f3n del laicado claretiano se ha de hacer, no por las necesidades o los intereses de la Congregaci\u00f3n, sino por el valor que en s\u00ed misma tiene la vocaci\u00f3n laical claretiana, es decir, para secundar la acci\u00f3n del Esp\u00edritu que desde el principio ha llamado tambi\u00e9n a los laicos a realizar la misi\u00f3n claretiana.&#13;\n<\/p>\n\n<p>Los seglares y los religiosos son dos maneras diferentes de ser claretianos. Los seglares claretianos no participan del carisma de la Congrega\u00adci\u00f3n, como se dec\u00eda en etapas anteriores, sino del carisma y misi\u00f3n de Claret.&#13;\n<\/p>\n\n<p>Website: <a href=\"http:\/\/www.seglaresclaretianos.org\" target=\"_blank\" rel=\"noreferrer noopener nofollow\">http:\/\/www.seglaresclaretianos.org<\/a><\/p>\n","protected":false},"excerpt":{"rendered":"<p>\u00abEn estos \u00faltimos tiempos parece que Dios quiere que los seglares tengan una gran parte en la salvaci\u00f3n de las almas\u00bb (S.Antonio M\u00aa Claret) El Movimiento de Seglares Claretianos tiene su origen en los grupos de laicos que San Antonio Mar\u00eda Claret cre\u00f3 en orden a la evangelizaci\u00f3n\u00ad. Entre estos grupos destacan: la Hermandad del [&hellip;]<\/p>\n","protected":false},"author":2,"featured_media":161359,"parent":116337,"menu_order":0,"comment_status":"closed","ping_status":"closed","template":"","meta":{"_et_pb_use_builder":"off","_et_pb_old_content":"","_et_gb_content_width":"","footnotes":""},"class_list":["post-130381","page","type-page","status-publish","has-post-thumbnail","hentry"],"jetpack_sharing_enabled":true,"jetpack_shortlink":"https:\/\/wp.me\/PdaBmi-xUV","jetpack_likes_enabled":true,"_links":{"self":[{"href":"https:\/\/www.claret.org\/es\/wp-json\/wp\/v2\/pages\/130381","targetHints":{"allow":["GET"]}}],"collection":[{"href":"https:\/\/www.claret.org\/es\/wp-json\/wp\/v2\/pages"}],"about":[{"href":"https:\/\/www.claret.org\/es\/wp-json\/wp\/v2\/types\/page"}],"author":[{"embeddable":true,"href":"https:\/\/www.claret.org\/es\/wp-json\/wp\/v2\/users\/2"}],"replies":[{"embeddable":true,"href":"https:\/\/www.claret.org\/es\/wp-json\/wp\/v2\/comments?post=130381"}],"version-history":[{"count":0,"href":"https:\/\/www.claret.org\/es\/wp-json\/wp\/v2\/pages\/130381\/revisions"}],"up":[{"embeddable":true,"href":"https:\/\/www.claret.org\/es\/wp-json\/wp\/v2\/pages\/116337"}],"wp:featuredmedia":[{"embeddable":true,"href":"https:\/\/www.claret.org\/es\/wp-json\/wp\/v2\/media\/161359"}],"wp:attachment":[{"href":"https:\/\/www.claret.org\/es\/wp-json\/wp\/v2\/media?parent=130381"}],"curies":[{"name":"wp","href":"https:\/\/api.w.org\/{rel}","templated":true}]}}