{"id":130389,"date":"2022-07-09T19:32:33","date_gmt":"2022-07-09T17:32:33","guid":{"rendered":"https:\/\/www.claret.org\/familia-claretiana\/religiosas-de-maria-inmaculada-misioneras-claretianas-r-m-i\/"},"modified":"2022-07-16T00:30:37","modified_gmt":"2022-07-15T22:30:37","slug":"religiosas-de-maria-inmaculada-misioneras-claretianas-r-m-i","status":"publish","type":"page","link":"https:\/\/www.claret.org\/es\/familia-claretiana\/religiosas-de-maria-inmaculada-misioneras-claretianas-r-m-i\/","title":{"rendered":"Religiosas de Mar\u00eda Inmaculada &#8211; Misioneras Claretianas (R.M.I.)"},"content":{"rendered":"\n<p>San Antonio Mar\u00eda Claret, en uno de sus viajes apost\u00f3licos a Tarrago\u00acna en el a\u00f1o 1850, conoci\u00f3 a la novicia Mar\u00eda Antonia Par\u00eds. En la entre\u00acvis\u00acta que tuvieron le manifest\u00f3 lo que hab\u00eda entendido ser Voluntad de Dios respecto a la fundaci\u00f3n de un nuevo Instituto apost\u00f3lico para la predicaci\u00f3n de la Ley Santa del Se\u00f1or. El le asegur\u00f3 que la obra se llevar\u00eda a cabo.<\/p>\n\n<p>La Vble. Mar\u00eda Antonia Par\u00eds hab\u00eda nacido en Vallmoll, pueblecito de la Provincia de Tarragona en Espa\u00f1a, el 28 de junio de 1813. Al d\u00eda siguien\u00acte, festividad de los Santos Ap\u00f3stoles Pedro y Pablo, 29 de junio, fue bautiza\u00acda en la Parroquia de Santa Mar\u00eda de Vallmoll. Siguiendo la vocaci\u00f3n religiosa, entra en el noviciado de la Compa\u00f1\u00eda de Mar\u00eda el 23 de octubre de 1841. En 1842, estando en oraci\u00f3n, tiene una experiencia m\u00edstica, en la que el Se\u00f1or le da a conocer su vocaci\u00f3n de fundadora de un nuevo Instituto de vida apost\u00f3lica, en el que la vivencia de la pobreza evang\u00e9li\u00acca y la predicaci\u00f3n de la Ley Santa del Se\u00f1or juegan un papel muy importan\u00acte para promover la renovaci\u00f3n de la iglesia. El 1851 sale del noviciado con el fin de estar m\u00e1s libre para realizar la obra que el Se\u00f1or le hab\u00eda manifes\u00actado. Durante un a\u00f1o y medio se dedica a la formaci\u00f3n de las j\u00f3venes que se le unen para compartir su mismo ideal. Con ellas, el 15 de agosto, hace voto de no separarse y de atravesar el oc\u00e9ano, si Dios lo quiere. El 22 de febrero del a\u00f1o siguiente, llamada por San Antonio Mar\u00eda Claret, reci\u00e9n consagrado Arzobispo de Santiago de Cuba, embarca con sus cuatro compa\u00f1eras rumbo a la perla de las Antillas. Despu\u00e9s de un viaje lleno de peligros y peripecias, llega a Santiago el 26 de mayo de 1852. Poco tiempo despu\u00e9s inician su labor apost\u00f3lica entre la ni\u00f1ez cubana, colaborando as\u00ed en la pastoral de la Archidi\u00f3cesis.<\/p>\n\n<p>El 25 de agosto de 1855 el Arzobispo Claret firma el Decreto de Fundaci\u00f3n, y dos d\u00edas m\u00e1s tarde, el 27 de agosto, Mar\u00eda Antonia profesa en manos del Santo Arzobispo, Fundador juntamente con ella de las Religiosas de Mar\u00eda Inmaculada, Misioneras Claretianas. En 1859 San Antonio Mar\u00eda Claret, que se hallaba en Espa\u00f1a, llama a Mar\u00eda Antonia a la Pen\u00ednsula, con el fin de establecer una casa noviciado en Tremp, en la Provincia de L\u00e9rida, para la formaci\u00f3n misionera para el Nuevo Mundo. Se siguen luego las fundaciones de Reus, en la Provincia de Tarrago\u00acna, Carcagente, en la de Valencia y V\u00e9lez-Rubio, en Almer\u00eda, de Espa\u00f1a, y Baracoa en Cuba. El 17 de enero de 1885, despu\u00e9s de una larga enfermedad, muere en Reus Mar\u00eda Antonia. Su causa de Beatificaci\u00f3n y Canonizaci\u00f3n est\u00e1 introdu\u00accida, habi\u00e9ndose firmado el Decreto sobre la heroicidad de sus virtudes el 23 de diciembre de 1993. El a\u00f1o 2001 el Papa Juan Pablo II beatificaba a la m\u00e1rtir claretiana M. Patrocinio Giner. En la actualidad, las hermanas, fieles a la misi\u00f3n que les legaron sus Fundadores, trabajan en las diversas partes en donde est\u00e1 extendida la Congregaci\u00f3n, en anunciar el Evangelio.&#13;\n<\/p>\n\n<p>Sitio web: <a href=\"http:\/\/www.claretianasrmi.org\" rel=\"nofollow noopener\" target=\"_blank\">http:\/\/www.claretianasrmi.org<\/a><\/p>\n","protected":false},"excerpt":{"rendered":"<p>San Antonio Mar\u00eda Claret, en uno de sus viajes apost\u00f3licos a Tarrago\u00acna en el a\u00f1o 1850, conoci\u00f3 a la novicia Mar\u00eda Antonia Par\u00eds. En la entre\u00acvis\u00acta que tuvieron le manifest\u00f3 lo que hab\u00eda entendido ser Voluntad de Dios respecto a la fundaci\u00f3n de un nuevo Instituto apost\u00f3lico para la predicaci\u00f3n de la Ley Santa del [&hellip;]<\/p>\n","protected":false},"author":2,"featured_media":161343,"parent":116337,"menu_order":2,"comment_status":"closed","ping_status":"closed","template":"","meta":{"_et_pb_use_builder":"off","_et_pb_old_content":"","_et_gb_content_width":"","footnotes":""},"class_list":["post-130389","page","type-page","status-publish","has-post-thumbnail","hentry"],"jetpack_sharing_enabled":true,"jetpack_shortlink":"https:\/\/wp.me\/PdaBmi-xV3","jetpack_likes_enabled":true,"_links":{"self":[{"href":"https:\/\/www.claret.org\/es\/wp-json\/wp\/v2\/pages\/130389","targetHints":{"allow":["GET"]}}],"collection":[{"href":"https:\/\/www.claret.org\/es\/wp-json\/wp\/v2\/pages"}],"about":[{"href":"https:\/\/www.claret.org\/es\/wp-json\/wp\/v2\/types\/page"}],"author":[{"embeddable":true,"href":"https:\/\/www.claret.org\/es\/wp-json\/wp\/v2\/users\/2"}],"replies":[{"embeddable":true,"href":"https:\/\/www.claret.org\/es\/wp-json\/wp\/v2\/comments?post=130389"}],"version-history":[{"count":0,"href":"https:\/\/www.claret.org\/es\/wp-json\/wp\/v2\/pages\/130389\/revisions"}],"up":[{"embeddable":true,"href":"https:\/\/www.claret.org\/es\/wp-json\/wp\/v2\/pages\/116337"}],"wp:featuredmedia":[{"embeddable":true,"href":"https:\/\/www.claret.org\/es\/wp-json\/wp\/v2\/media\/161343"}],"wp:attachment":[{"href":"https:\/\/www.claret.org\/es\/wp-json\/wp\/v2\/media?parent=130389"}],"curies":[{"name":"wp","href":"https:\/\/api.w.org\/{rel}","templated":true}]}}