{"id":130395,"date":"2022-07-09T19:37:23","date_gmt":"2022-07-09T17:37:23","guid":{"rendered":"https:\/\/www.claret.org\/familia-claretiana\/misioneras-de-maria-inmaculada-m-m-i\/"},"modified":"2022-07-16T00:32:48","modified_gmt":"2022-07-15T22:32:48","slug":"misioneras-de-maria-inmaculada-m-m-i","status":"publish","type":"page","link":"https:\/\/www.claret.org\/es\/familia-claretiana\/misioneras-de-maria-inmaculada-m-m-i\/","title":{"rendered":"Misioneras de Maria Inmaculada (M. M. I.)"},"content":{"rendered":"\n<p>Al calor de los Hijos del Coraz\u00f3n de Mar\u00eda y las Misioneras de la Inmaculada Concepci\u00f3n (Concepcionistas), nace en Guinea Ecuatorial este Instituto africano. Su fundador, el P. Armengol Coll y Armengol, claretiano, primer Vicario Apost\u00f3lico, e Imelda Makole, fundadora, transmitieron su esp\u00edritu a las primeras hermanas, Regina, Clotilde, Eugenia y Felisa. El d\u00eda 7 de octubre de 1909 nac\u00eda el Instituto. Atareado el P. Armengol con sus visitas pastorales y el cuidado de toda la iglesia de Guinea no pod\u00eda atender personalmente la formaci\u00f3n de las hermanas, por lo que encarg\u00f3 esta tarea al P. Cirilo Montaner y Fabr\u00e9. Entonces a\u00fan se llamaban \u00abAuxiliadoras de las misiones\u00bb.<\/p>\n\n<p>Su misi\u00f3n ha sido la de evangelizar \u00c1frica, un continente de pobres, y marginados, despose\u00eddos y humildes, colaborando con todos los que buscan la transformaci\u00f3n del mundo seg\u00fan los designios de Dios, sobre todo con los obispos y misioneros de la Iglesias j\u00f3venes de \u00c1frica. Colaboran con la promoci\u00f3n humana y cristiana de la mujer africana y la capacitan para su misi\u00f3n en la comunidad eclesial y en el mundo.<\/p>\n","protected":false},"excerpt":{"rendered":"<p>Al calor de los Hijos del Coraz\u00f3n de Mar\u00eda y las Misioneras de la Inmaculada Concepci\u00f3n (Concepcionistas), nace en Guinea Ecuatorial este Instituto africano. Su fundador, el P. Armengol Coll y Armengol, claretiano, primer Vicario Apost\u00f3lico, e Imelda Makole, fundadora, transmitieron su esp\u00edritu a las primeras hermanas, Regina, Clotilde, Eugenia y Felisa. El d\u00eda 7 [&hellip;]<\/p>\n","protected":false},"author":2,"featured_media":161328,"parent":116337,"menu_order":4,"comment_status":"closed","ping_status":"closed","template":"","meta":{"_et_pb_use_builder":"off","_et_pb_old_content":"","_et_gb_content_width":"","footnotes":""},"class_list":["post-130395","page","type-page","status-publish","has-post-thumbnail","hentry"],"jetpack_sharing_enabled":true,"jetpack_shortlink":"https:\/\/wp.me\/PdaBmi-xV9","jetpack_likes_enabled":true,"_links":{"self":[{"href":"https:\/\/www.claret.org\/es\/wp-json\/wp\/v2\/pages\/130395","targetHints":{"allow":["GET"]}}],"collection":[{"href":"https:\/\/www.claret.org\/es\/wp-json\/wp\/v2\/pages"}],"about":[{"href":"https:\/\/www.claret.org\/es\/wp-json\/wp\/v2\/types\/page"}],"author":[{"embeddable":true,"href":"https:\/\/www.claret.org\/es\/wp-json\/wp\/v2\/users\/2"}],"replies":[{"embeddable":true,"href":"https:\/\/www.claret.org\/es\/wp-json\/wp\/v2\/comments?post=130395"}],"version-history":[{"count":0,"href":"https:\/\/www.claret.org\/es\/wp-json\/wp\/v2\/pages\/130395\/revisions"}],"up":[{"embeddable":true,"href":"https:\/\/www.claret.org\/es\/wp-json\/wp\/v2\/pages\/116337"}],"wp:featuredmedia":[{"embeddable":true,"href":"https:\/\/www.claret.org\/es\/wp-json\/wp\/v2\/media\/161328"}],"wp:attachment":[{"href":"https:\/\/www.claret.org\/es\/wp-json\/wp\/v2\/media?parent=130395"}],"curies":[{"name":"wp","href":"https:\/\/api.w.org\/{rel}","templated":true}]}}