{"id":130399,"date":"2022-07-09T19:38:43","date_gmt":"2022-07-09T17:38:43","guid":{"rendered":"https:\/\/www.claret.org\/familia-claretiana\/congregacion-de-misioneras-cordimarianas-m-c-m\/"},"modified":"2022-07-16T00:34:50","modified_gmt":"2022-07-15T22:34:50","slug":"congregacion-de-misioneras-cordimarianas-m-c-m","status":"publish","type":"page","link":"https:\/\/www.claret.org\/es\/familia-claretiana\/congregacion-de-misioneras-cordimarianas-m-c-m\/","title":{"rendered":"Congregaci\u00f3n de Misioneras Cordimarianas (M. C. M.)"},"content":{"rendered":"\n<p>El Instituto fue fundado en la ciudad de M\u00e9xico, el 19 de marzo de 1921, por la se\u00f1orita Carmen Serrano y Rugama, mujer muy humilde y de gran amor a Dios y al Coraz\u00f3n de Mar\u00eda, quien hab\u00eda recibido la inspiraci\u00f3n en 1913; y por el Padre Juli\u00e1n Collell y Guix, hombre intr\u00e9pido y tenaz, sacerdote ejemplar de la Congregaci\u00f3n de Misioneros Hijos del Inmaculado Coraz\u00f3n de Mar\u00eda. Ambos, catequistas incansables y muy celosos de la gloria de Dios.<\/p>\n\n<p>La Misi\u00f3n de la Congregaci\u00f3n consiste en transmitir el Mensaje Evang\u00e9lico, con grande y ardent\u00edsimo celo, a todos los necesitados de \u00e9l, especialmente a los m\u00e1s humildes: campesinos, ind\u00edgenas, presos, minusv\u00e1li\u00acdos,; con preferencia a mujeres, j\u00f3venes y ni\u00f1os, a trav\u00e9s de la cateque\u00acsis, educaci\u00f3n y medios de comunicaci\u00f3n social.&#13;\n<\/p>\n\n<p>La espiritualidad de la Congregaci\u00f3n se enra\u00edza en la espiritualidad de San Antonio Mar\u00eda Claret, vivida y experimentada por los fundadores. La espiritualidad de miembros de la Congregaci\u00f3n se caracteriza por una profunda intimidad con el Coraz\u00f3n de Mar\u00eda, para aprender de Ella a vivir en la intimidad con el Se\u00f1or, siguiendo a Cristo Misionero, que se ofrece al Padre como hostia viva, y se entrega a El como v\u00edctima por la rendici\u00f3n de los hombres.&#13;\n<\/p>\n\n<p>Website: http:\/\/www.miscordi.com.mx<\/p>\n","protected":false},"excerpt":{"rendered":"<p>El Instituto fue fundado en la ciudad de M\u00e9xico, el 19 de marzo de 1921, por la se\u00f1orita Carmen Serrano y Rugama, mujer muy humilde y de gran amor a Dios y al Coraz\u00f3n de Mar\u00eda, quien hab\u00eda recibido la inspiraci\u00f3n en 1913; y por el Padre Juli\u00e1n Collell y Guix, hombre intr\u00e9pido y tenaz, [&hellip;]<\/p>\n","protected":false},"author":2,"featured_media":161349,"parent":116337,"menu_order":6,"comment_status":"closed","ping_status":"closed","template":"","meta":{"_et_pb_use_builder":"off","_et_pb_old_content":"","_et_gb_content_width":"","footnotes":""},"class_list":["post-130399","page","type-page","status-publish","has-post-thumbnail","hentry"],"jetpack_sharing_enabled":true,"jetpack_shortlink":"https:\/\/wp.me\/PdaBmi-xVd","jetpack_likes_enabled":true,"_links":{"self":[{"href":"https:\/\/www.claret.org\/es\/wp-json\/wp\/v2\/pages\/130399","targetHints":{"allow":["GET"]}}],"collection":[{"href":"https:\/\/www.claret.org\/es\/wp-json\/wp\/v2\/pages"}],"about":[{"href":"https:\/\/www.claret.org\/es\/wp-json\/wp\/v2\/types\/page"}],"author":[{"embeddable":true,"href":"https:\/\/www.claret.org\/es\/wp-json\/wp\/v2\/users\/2"}],"replies":[{"embeddable":true,"href":"https:\/\/www.claret.org\/es\/wp-json\/wp\/v2\/comments?post=130399"}],"version-history":[{"count":0,"href":"https:\/\/www.claret.org\/es\/wp-json\/wp\/v2\/pages\/130399\/revisions"}],"up":[{"embeddable":true,"href":"https:\/\/www.claret.org\/es\/wp-json\/wp\/v2\/pages\/116337"}],"wp:featuredmedia":[{"embeddable":true,"href":"https:\/\/www.claret.org\/es\/wp-json\/wp\/v2\/media\/161349"}],"wp:attachment":[{"href":"https:\/\/www.claret.org\/es\/wp-json\/wp\/v2\/media?parent=130399"}],"curies":[{"name":"wp","href":"https:\/\/api.w.org\/{rel}","templated":true}]}}