{"id":130407,"date":"2022-07-09T19:42:42","date_gmt":"2022-07-09T17:42:42","guid":{"rendered":"https:\/\/www.claret.org\/familia-claretiana\/misioneras-de-san-antonio-maria-claret-m-s-a-m-c\/"},"modified":"2022-07-16T00:41:33","modified_gmt":"2022-07-15T22:41:33","slug":"misioneras-de-san-antonio-maria-claret-m-s-a-m-c","status":"publish","type":"page","link":"https:\/\/www.claret.org\/es\/familia-claretiana\/misioneras-de-san-antonio-maria-claret-m-s-a-m-c\/","title":{"rendered":"Misioneras de San Antonio Mar\u00eda Claret (M.S.A.M.C)"},"content":{"rendered":"\n<p>La Madre Leonia Milito naci\u00f3 en Sapri, Italia, el 24 de junio de 1913 y desde peque\u00f1a destac\u00f3 por su amor a Dios y al pr\u00f3jimo. En su adolescencia frecuent\u00f3 la Acci\u00f3n Cat\u00f3lica, donde abri\u00f3 su esp\u00edritu a ideales grandes y nobles. M\u00e1s tarde sinti\u00f3 la llamada a la vida consagrada, y, en medio de oraci\u00f3n y reflexi\u00f3n, luchas, sufrimientos y oposiciones, entr\u00f3 en el estado religioso a la edad de 22 a\u00f1os. Movida por el Esp\u00edritu Santo, se puso totalmente a disposici\u00f3n de la Iglesia. Bajo la gu\u00eda de Monse\u00f1or Geraldo Fernandes, fund\u00f3 la Congregaci\u00f3n de las Misioneras de San Antonio Mar\u00eda Claret para ocuparse de los pobres, movida por un vibrante celo misionero. El 22 de julio de 1980 la muerte la sorprendi\u00f3 en la carretera pero sigui\u00f3 viva su obra, que mantiene fielmente su ideal religioso y misionero.<\/p>\n\n<p>Inspir\u00e1ndose en el ideal de San Antonio Mar\u00eda Claret, la Congregaci\u00f3n funda su espiritualidad en el culto a la Eucarist\u00eda, que es el secreto de su perenne vitalidad. La vida y el apostolado de cada miembro se transfor\u00acma, a los pies del sagrario, en una oblaci\u00f3n ofrecida con Jes\u00fas, que se inmola para gloria del Padre y salvaci\u00f3n de los hombres, formando una sola cosa con El.<\/p>\n\n<p>Monse\u00f1or Geraldo Fernandes era un ap\u00f3stol din\u00e1mico y fervoroso, preocupado s\u00f3lo de cumplir siempre y en todo la voluntad del Padre. Claretiano convencido de su vocaci\u00f3n y de su misi\u00f3n, lleno de celo por la expansi\u00f3n del Reino de Cristo, demostr\u00f3 una preocupaci\u00f3n especial por los pobres. A \u00e9l le correspondi\u00f3 ser el Padre y el gu\u00eda espiritual de la Congregaci\u00f3n de Misioneras de San Antonio Mar\u00eda Claret. Nacido en Contagem (Estado de Minas Gerais), en Brasil, el 2 de febrero de 1913, entr\u00f3 en la Congregaci\u00f3n de los Misioneros Claretianos, y con gran entrega y fidelidad super\u00f3 las etapas de preparaci\u00f3n para el sacerdocio, que recibi\u00f3 en 1936. En 1957 fue nombrado obispo de Londrina y arzobispo de la misma di\u00f3cesis en 1970.<\/p>\n\n<p>Como Padre de la Congregaci\u00f3n, acompa\u00f1\u00f3 su desarrollo durante 25 a\u00f1os, orient\u00e1ndola y revelando su preocupaci\u00f3n de Pastor. Gast\u00f3 su coraz\u00f3n por el pueblo, al que am\u00f3 y gui\u00f3, consciente de que \u00abeste mundo todav\u00eda puede ser m\u00e1s feliz\u00bb, como afirma en su testamento espiritual. Monse\u00f1or Fernandes muri\u00f3 el 29 de marzo de 1982, en Sao Paulo, Brasil. El a\u00f1o 200 quedaban definitivamente aprobadas las Constituciones de la congregaci\u00f3n.&#13;\n<\/p>\n\n<p>Website: http:\/\/www.missionariasclaretianas.com.br<\/p>\n","protected":false},"excerpt":{"rendered":"<p>La Madre Leonia Milito naci\u00f3 en Sapri, Italia, el 24 de junio de 1913 y desde peque\u00f1a destac\u00f3 por su amor a Dios y al pr\u00f3jimo. En su adolescencia frecuent\u00f3 la Acci\u00f3n Cat\u00f3lica, donde abri\u00f3 su esp\u00edritu a ideales grandes y nobles. M\u00e1s tarde sinti\u00f3 la llamada a la vida consagrada, y, en medio de [&hellip;]<\/p>\n","protected":false},"author":2,"featured_media":161374,"parent":116337,"menu_order":8,"comment_status":"closed","ping_status":"closed","template":"","meta":{"_et_pb_use_builder":"off","_et_pb_old_content":"","_et_gb_content_width":"","footnotes":""},"class_list":["post-130407","page","type-page","status-publish","has-post-thumbnail","hentry"],"jetpack_sharing_enabled":true,"jetpack_shortlink":"https:\/\/wp.me\/PdaBmi-xVl","jetpack_likes_enabled":true,"_links":{"self":[{"href":"https:\/\/www.claret.org\/es\/wp-json\/wp\/v2\/pages\/130407","targetHints":{"allow":["GET"]}}],"collection":[{"href":"https:\/\/www.claret.org\/es\/wp-json\/wp\/v2\/pages"}],"about":[{"href":"https:\/\/www.claret.org\/es\/wp-json\/wp\/v2\/types\/page"}],"author":[{"embeddable":true,"href":"https:\/\/www.claret.org\/es\/wp-json\/wp\/v2\/users\/2"}],"replies":[{"embeddable":true,"href":"https:\/\/www.claret.org\/es\/wp-json\/wp\/v2\/comments?post=130407"}],"version-history":[{"count":0,"href":"https:\/\/www.claret.org\/es\/wp-json\/wp\/v2\/pages\/130407\/revisions"}],"up":[{"embeddable":true,"href":"https:\/\/www.claret.org\/es\/wp-json\/wp\/v2\/pages\/116337"}],"wp:featuredmedia":[{"embeddable":true,"href":"https:\/\/www.claret.org\/es\/wp-json\/wp\/v2\/media\/161374"}],"wp:attachment":[{"href":"https:\/\/www.claret.org\/es\/wp-json\/wp\/v2\/media?parent=130407"}],"curies":[{"name":"wp","href":"https:\/\/api.w.org\/{rel}","templated":true}]}}