{"id":131730,"date":"2022-07-01T23:15:12","date_gmt":"2022-07-01T21:15:12","guid":{"rendered":"https:\/\/www.claret.org\/conferencias-y-organismos-mayores\/casas-generales\/"},"modified":"2026-03-22T19:42:02","modified_gmt":"2026-03-22T18:42:02","slug":"casas-generales","status":"publish","type":"page","link":"https:\/\/www.claret.org\/es\/casas-generales\/","title":{"rendered":"Casas Generales"},"content":{"rendered":"<p>[et_pb_section fb_built=\u00bb1&#8243; fullwidth=\u00bbon\u00bb _builder_version=\u00bb4.17.4&#8243; _module_preset=\u00bbdefault\u00bb global_colors_info=\u00bb{}\u00bb][et_pb_fullwidth_header title=\u00bb@ET-DC@eyJkeW5hbWljIjp0cnVlLCJjb250ZW50IjoicG9zdF90aXRsZSIsInNldHRpbmdzIjp7ImJlZm9yZSI6IiIsImFmdGVyIjoiIn19@\u00bb _builder_version=\u00bb4.17.4&#8243; _dynamic_attributes=\u00bbtitle\u00bb _module_preset=\u00bbdefault\u00bb global_colors_info=\u00bb{}\u00bb]<\/p>\n<p>Estas son las Casas Generalicias situadas en Roma.<\/p>\n<p>[\/et_pb_fullwidth_header][\/et_pb_section][et_pb_section fb_built=\u00bb1&#8243; _builder_version=\u00bb4.17.4&#8243; _module_preset=\u00bbdefault\u00bb global_colors_info=\u00bb{}\u00bb][et_pb_row column_structure=\u00bb2_5,3_5&#8243; _builder_version=\u00bb4.17.4&#8243; _module_preset=\u00bbdefault\u00bb global_colors_info=\u00bb{}\u00bb][et_pb_column type=\u00bb2_5&#8243; _builder_version=\u00bb4.17.4&#8243; _module_preset=\u00bbdefault\u00bb global_colors_info=\u00bb{}\u00bb][et_pb_blurb title=\u00bbCuria General\u00bb image=\u00bbhttps:\/\/www.claret.org\/wp-content\/uploads\/2022\/07\/Casa-Generalizia-scaled.jpg\u00bb _builder_version=\u00bb4.17.4&#8243; _module_preset=\u00bbdefault\u00bb header_font=\u00bb|700|||||||\u00bb global_colors_info=\u00bb{}\u00bb]<\/p>\n<p>Via del Sacro Cuore di Maria, 5. 00197 Roma ITALIA<\/p>\n<p>[\/et_pb_blurb][\/et_pb_column][et_pb_column type=\u00bb3_5&#8243; _builder_version=\u00bb4.17.4&#8243; _module_preset=\u00bbdefault\u00bb global_colors_info=\u00bb{}\u00bb][et_pb_text _builder_version=\u00bb4.27.3&#8243; _module_preset=\u00bbdefault\u00bb global_colors_info=\u00bb{}\u00bb]<\/p>\n<h2><strong>Superior Mayor:<\/strong> P. Mathew Vattamattam, CMF<\/h2>\n<p>&nbsp;<\/p>\n<h2>GOBIERNO LOCAL<\/h2>\n<p><strong>Superior Local:<\/strong> P. Vicente Sanz Tobes, CMF<\/p>\n<p><strong>Vicario Local y Secretario:<\/strong> P. Efren Limpo Lo, CMF<\/p>\n<p><strong>Ec\u00f3nomo local:<\/strong> H. Salvador Segura Santana, CMF<\/p>\n<p>[\/et_pb_text][\/et_pb_column][\/et_pb_row][et_pb_row column_structure=\u00bb2_5,3_5&#8243; _builder_version=\u00bb4.17.4&#8243; _module_preset=\u00bbdefault\u00bb global_colors_info=\u00bb{}\u00bb][et_pb_column type=\u00bb2_5&#8243; _builder_version=\u00bb4.17.4&#8243; _module_preset=\u00bbdefault\u00bb global_colors_info=\u00bb{}\u00bb][et_pb_blurb title=\u00bbClaretianum\u00bb image=\u00bbhttps:\/\/www.claret.org\/wp-content\/uploads\/2022\/07\/Claretianum.jpg\u00bb _builder_version=\u00bb4.17.4&#8243; _module_preset=\u00bbdefault\u00bb header_font=\u00bb|700|||||||\u00bb global_colors_info=\u00bb{}\u00bb]<\/p>\n<p>Largo Lorenzo Mossa, 4 &#8211; Roma, Italia<\/p>\n<p>[\/et_pb_blurb][\/et_pb_column][et_pb_column type=\u00bb3_5&#8243; _builder_version=\u00bb4.17.4&#8243; _module_preset=\u00bbdefault\u00bb global_colors_info=\u00bb{}\u00bb][et_pb_text _builder_version=\u00bb4.27.3&#8243; _module_preset=\u00bbdefault\u00bb global_colors_info=\u00bb{}\u00bb]<\/p>\n<h2><strong>Superior Mayor Delegado:<\/strong> P. Carlos Enrique S\u00e1nchez Miranda, CMF<\/h2>\n<p>&nbsp;<\/p>\n<h2>GOBIERNO LOCAL<\/h2>\n<p><strong>Superior local:<\/strong> P. Edgardo Alfredo Guzm\u00e1n, CMF<\/p>\n<p><strong>Vicario Local y Secretario:<\/strong> P. Carlos Luis Garc\u00eda, CMF<\/p>\n<p><strong>Ec\u00f3nomo local:<\/strong> P. Thomas Thannickal, CMF<\/p>\n<p>[\/et_pb_text][\/et_pb_column][\/et_pb_row][et_pb_row column_structure=\u00bb2_5,3_5&#8243; _builder_version=\u00bb4.17.4&#8243; _module_preset=\u00bbdefault\u00bb global_colors_info=\u00bb{}\u00bb][et_pb_column type=\u00bb2_5&#8243; _builder_version=\u00bb4.17.4&#8243; _module_preset=\u00bbdefault\u00bb global_colors_info=\u00bb{}\u00bb][et_pb_blurb title=\u00bbIuridicum\u00bb image=\u00bbhttps:\/\/www.claret.org\/wp-content\/uploads\/2022\/07\/Iuridicum-scaled.jpg\u00bb _builder_version=\u00bb4.17.4&#8243; _module_preset=\u00bbdefault\u00bb header_font=\u00bb|700|||||||\u00bb global_colors_info=\u00bb{}\u00bb]<\/p>\n<p><span class=\"LrzXr\">Via Giacomo Medici, 5, 00153 Roma<\/span>, Italia<\/p>\n<p>[\/et_pb_blurb][\/et_pb_column][et_pb_column type=\u00bb3_5&#8243; _builder_version=\u00bb4.17.4&#8243; _module_preset=\u00bbdefault\u00bb global_colors_info=\u00bb{}\u00bb][et_pb_text _builder_version=\u00bb4.27.3&#8243; _module_preset=\u00bbdefault\u00bb global_colors_info=\u00bb{}\u00bb]<\/p>\n<h2><strong>Superior Mayor Delegado:<\/strong> P. Carlos E. Sanchez Miranda CMF<\/h2>\n<p>&nbsp;<\/p>\n<h2>GOBIERNO LOCAL<\/h2>\n<p><strong>Superior Local:<\/strong> P. Jos\u00e9-F\u00e9lix Valderr\u00e1bano, CMF<\/p>\n<p><strong>Vicario Local y Secretario:<\/strong> P. Aitor Jim\u00e9nez, CMF<\/p>\n<p><strong>Ec\u00f3nomo local:<\/strong> P. Jos\u00e9 Koonamparampil, CMF<\/p>\n<p>[\/et_pb_text][\/et_pb_column][\/et_pb_row][et_pb_row column_structure=\u00bb2_5,3_5&#8243; _builder_version=\u00bb4.27.3&#8243; _module_preset=\u00bbdefault\u00bb global_colors_info=\u00bb{}\u00bb][et_pb_column type=\u00bb2_5&#8243; _builder_version=\u00bb4.27.3&#8243; _module_preset=\u00bbdefault\u00bb global_colors_info=\u00bb{}\u00bb][et_pb_image src=\u00bbhttps:\/\/www.claret.org\/wp-content\/uploads\/2024\/11\/basilica_home._1-1-scaled.jpg\u00bb title_text=\u00bbbasilica_home._1 (1)\u00bb _builder_version=\u00bb4.27.3&#8243; _module_preset=\u00bbdefault\u00bb global_colors_info=\u00bb{}\u00bb][\/et_pb_image][et_pb_text _builder_version=\u00bb4.27.3&#8243; _module_preset=\u00bbdefault\u00bb global_colors_info=\u00bb{}\u00bb]<\/p>\n<h4>Basilica Sacro Cuore di Maria<\/h4>\n<p>Via del Sacro Cuore di Maria, 5. 00197 Roma ITALIA<\/p>\n<p>[\/et_pb_text][\/et_pb_column][et_pb_column type=\u00bb3_5&#8243; _builder_version=\u00bb4.27.3&#8243; _module_preset=\u00bbdefault\u00bb global_colors_info=\u00bb{}\u00bb][et_pb_text _builder_version=\u00bb4.27.6&#8243; _module_preset=\u00bbdefault\u00bb hover_enabled=\u00bb0&#8243; global_colors_info=\u00bb{}\u00bb sticky_enabled=\u00bb0&#8243;]<\/p>\n<h2><strong>Superior Mayor Delegado:<\/strong> P. Carlos E. Sanchez Miranda CMF<\/h2>\n<p>&nbsp;<\/p>\n<h2>LOCAL GOVERNMENT<\/h2>\n<p><strong>Superior Local:<\/strong> P. Norberto Padilla Cruz, CMF<\/p>\n<p><strong>Vicario Local :<\/strong><strong><br \/><\/strong><\/p>\n<p><strong>Ec\u00f3nomo local:<\/strong> P. Juan Jos\u00e9 Guti\u00e9rrez Quinteros, CMF<\/p>\n<p>[\/et_pb_text][\/et_pb_column][\/et_pb_row][\/et_pb_section]<\/p>\n","protected":false},"excerpt":{"rendered":"<p>Estas son las Casas Generalicias situadas en Roma.Via del Sacro Cuore di Maria, 5. 00197 Roma ITALIASuperior Mayor: P. Mathew Vattamattam, CMF &nbsp; GOBIERNO LOCAL Superior Local: P. Vicente Sanz Tobes, CMF Vicario Local y Secretario: P. Efren Limpo Lo, CMF Ec\u00f3nomo local: H. Salvador Segura Santana, CMFLargo Lorenzo Mossa, 4 &#8211; Roma, ItaliaSuperior Mayor [&hellip;]<\/p>\n","protected":false},"author":2,"featured_media":0,"parent":0,"menu_order":0,"comment_status":"closed","ping_status":"closed","template":"","meta":{"_et_pb_use_builder":"on","_et_pb_old_content":"","_et_gb_content_width":"","footnotes":""},"class_list":["post-131730","page","type-page","status-publish","hentry"],"jetpack_sharing_enabled":true,"jetpack_shortlink":"https:\/\/wp.me\/PdaBmi-ygG","jetpack_likes_enabled":true,"_links":{"self":[{"href":"https:\/\/www.claret.org\/es\/wp-json\/wp\/v2\/pages\/131730","targetHints":{"allow":["GET"]}}],"collection":[{"href":"https:\/\/www.claret.org\/es\/wp-json\/wp\/v2\/pages"}],"about":[{"href":"https:\/\/www.claret.org\/es\/wp-json\/wp\/v2\/types\/page"}],"author":[{"embeddable":true,"href":"https:\/\/www.claret.org\/es\/wp-json\/wp\/v2\/users\/2"}],"replies":[{"embeddable":true,"href":"https:\/\/www.claret.org\/es\/wp-json\/wp\/v2\/comments?post=131730"}],"version-history":[{"count":3,"href":"https:\/\/www.claret.org\/es\/wp-json\/wp\/v2\/pages\/131730\/revisions"}],"predecessor-version":[{"id":187304,"href":"https:\/\/www.claret.org\/es\/wp-json\/wp\/v2\/pages\/131730\/revisions\/187304"}],"wp:attachment":[{"href":"https:\/\/www.claret.org\/es\/wp-json\/wp\/v2\/media?parent=131730"}],"curies":[{"name":"wp","href":"https:\/\/api.w.org\/{rel}","templated":true}]}}