{"id":149802,"date":"2023-07-04T19:47:46","date_gmt":"2023-07-04T17:47:46","guid":{"rendered":"https:\/\/www.claret.org\/materiales\/"},"modified":"2023-07-04T22:14:10","modified_gmt":"2023-07-04T20:14:10","slug":"materiales","status":"publish","type":"page","link":"https:\/\/www.claret.org\/es\/jubileo\/materiales\/","title":{"rendered":"Materiales"},"content":{"rendered":"<p>[et_pb_section fb_built=\u00bb1&#8243; theme_builder_area=\u00bbpost_content\u00bb _builder_version=\u00bb4.21.0&#8243; _module_preset=\u00bbdefault\u00bb][et_pb_row _builder_version=\u00bb4.21.0&#8243; _module_preset=\u00bbdefault\u00bb theme_builder_area=\u00bbpost_content\u00bb column_structure=\u00bb1_3,1_3,1_3&#8243;][et_pb_column _builder_version=\u00bb4.21.0&#8243; _module_preset=\u00bbdefault\u00bb type=\u00bb1_3&#8243; theme_builder_area=\u00bbpost_content\u00bb][et_pb_blurb title=\u00bbAnuncio del Jubileo\u00bb image=\u00bbhttps:\/\/www.claret.org\/wp-content\/uploads\/2023\/06\/175-foundation-anniversary.jpg\u00bb _builder_version=\u00bb4.21.0&#8243; _module_preset=\u00bbdefault\u00bb theme_builder_area=\u00bbpost_content\u00bb hover_enabled=\u00bb0&#8243; sticky_enabled=\u00bb0&#8243; title_text=\u00bb175 foundation anniversary\u00bb url_new_window=\u00bbon\u00bb link_option_url=\u00bb@ET-DC@eyJkeW5hbWljIjp0cnVlLCJjb250ZW50IjoicG9zdF9saW5rX3VybF9wb3N0Iiwic2V0dGluZ3MiOnsicG9zdF9pZCI6IjE0ODAzNCJ9fQ==@\u00bb _dynamic_attributes=\u00bblink_option_url,url\u00bb header_text_color=\u00bb#000000&#8243; header_font=\u00bb|600||on|||||\u00bb link_option_url_new_window=\u00bbon\u00bb url=\u00bb@ET-DC@eyJkeW5hbWljIjp0cnVlLCJjb250ZW50IjoicG9zdF9saW5rX3VybF9wb3N0Iiwic2V0dGluZ3MiOnsicG9zdF9pZCI6IjE0ODAzNCJ9fQ==@\u00bb]<\/p>\n<p>Carta Circular del Superior General anunciando la celebraci\u00f3n del A\u00f1o de Jubileo<\/p>\n<p>[\/et_pb_blurb][\/et_pb_column][et_pb_column _builder_version=\u00bb4.21.0&#8243; _module_preset=\u00bbdefault\u00bb type=\u00bb1_3&#8243; theme_builder_area=\u00bbpost_content\u00bb][et_pb_blurb title=\u00bbMensaje de apertura &#8211; Inauguraci\u00f3n\u00bb image=\u00bbhttps:\/\/www.claret.org\/wp-content\/uploads\/2023\/07\/175-Foundation-Jubilee-Innaguration-Jully-1-2023-3.png\u00bb _builder_version=\u00bb4.21.0&#8243; _module_preset=\u00bbdefault\u00bb theme_builder_area=\u00bbpost_content\u00bb hover_enabled=\u00bb0&#8243; sticky_enabled=\u00bb0&#8243; title_text=\u00bb175-Foundation-Jubilee-Innaguration-Jully-1-2023-3&#8243; header_text_color=\u00bb#000000&#8243; header_font=\u00bb|700||on|||||\u00bb url=\u00bbhttps:\/\/www.claret.org\/download\/5054\/materials\/149762\/opening-address-jubilee-year?lang=en\u00bb url_new_window=\u00bbon\u00bb link_option_url=\u00bbhttps:\/\/www.claret.org\/download\/5054\/materials\/149762\/opening-address-jubilee-year?lang=en\u00bb link_option_url_new_window=\u00bbon\u00bb]<\/p>\n<p>Saludo de apertura y mensaje del Padre General durante la Inauguraci\u00f3n celebrada el 1 de julio de 2023 en la Capilla de la Curia General.<\/p>\n<p>[\/et_pb_blurb][et_pb_text _builder_version=\u00bb4.21.0&#8243; _module_preset=\u00bbdefault\u00bb theme_builder_area=\u00bbpost_content\u00bb hover_enabled=\u00bb0&#8243; sticky_enabled=\u00bb0&#8243;]<\/p>\n<p><a href=\"https:\/\/www.claret.org\/download\/5054\/materials\/149762\/opening-address-jubilee-year?lang=en\" target=\"_blank\" rel=\"noopener\">ENGLISH<\/a> <\/p>\n<p>[\/et_pb_text][\/et_pb_column][et_pb_column _builder_version=\u00bb4.21.0&#8243; _module_preset=\u00bbdefault\u00bb type=\u00bb1_3&#8243; theme_builder_area=\u00bbpost_content\u00bb][et_pb_blurb title=\u00bbEl Mural de la Capilla de la Curia General\u00bb image=\u00bbhttps:\/\/www.claret.org\/wp-content\/uploads\/2023\/07\/IMG_20200326_182011.jpg\u00bb _builder_version=\u00bb4.21.0&#8243; _module_preset=\u00bbdefault\u00bb theme_builder_area=\u00bbpost_content\u00bb sticky_enabled=\u00bb0&#8243; title_text=\u00bbIMG_20200326_182011&#8243; header_text_color=\u00bb#000000&#8243; header_font=\u00bb|700||on|||||\u00bb]<\/p>\n<p>Breve explicaci\u00f3n del P. Carlos S\u00e1nchez, CMF sobre el mural pintado por el P. Cerezo Barredo, CMF en el \u00e1bside de la Capilla de la Curia General.<\/p>\n<p>[\/et_pb_blurb][et_pb_text _builder_version=\u00bb4.21.0&#8243; _module_preset=\u00bbdefault\u00bb theme_builder_area=\u00bbpost_content\u00bb hover_enabled=\u00bb0&#8243; sticky_enabled=\u00bb0&#8243;]<\/p>\n<p><a href=\"https:\/\/www.claret.org\/download\/5054\/materials\/149760\/reflection-at-the-inaugural-celebration?lang=en\" target=\"_blank\" rel=\"noopener\">ENGLISH<\/a> * <a href=\"https:\/\/www.claret.org\/download\/5054\/materials\/149761\/reflexion-en-la-celebracion-de-inauguracion-de-los-175-anos-de-la-fundacion-cmf?lang=en\" target=\"_blank\" rel=\"noopener\">ESPA\u00d1OL<\/a><\/p>\n<p>[\/et_pb_text][\/et_pb_column][\/et_pb_row][\/et_pb_section]<\/p>\n","protected":false},"excerpt":{"rendered":"<p>Carta Circular del Superior General anunciando la celebraci\u00f3n del A\u00f1o de JubileoSaludo de apertura y mensaje del Padre General durante la Inauguraci\u00f3n celebrada el 1 de julio de 2023 en la Capilla de la Curia General.ENGLISH Breve explicaci\u00f3n del P. Carlos S\u00e1nchez, CMF sobre el mural pintado por el P. Cerezo Barredo, CMF en el [&hellip;]<\/p>\n","protected":false},"author":2,"featured_media":0,"parent":149825,"menu_order":0,"comment_status":"closed","ping_status":"closed","template":"","meta":{"_et_pb_use_builder":"on","_et_pb_old_content":"","_et_gb_content_width":"","footnotes":""},"class_list":["post-149802","page","type-page","status-publish","hentry"],"jetpack_sharing_enabled":true,"jetpack_shortlink":"https:\/\/wp.me\/PdaBmi-CYa","jetpack_likes_enabled":true,"_links":{"self":[{"href":"https:\/\/www.claret.org\/es\/wp-json\/wp\/v2\/pages\/149802","targetHints":{"allow":["GET"]}}],"collection":[{"href":"https:\/\/www.claret.org\/es\/wp-json\/wp\/v2\/pages"}],"about":[{"href":"https:\/\/www.claret.org\/es\/wp-json\/wp\/v2\/types\/page"}],"author":[{"embeddable":true,"href":"https:\/\/www.claret.org\/es\/wp-json\/wp\/v2\/users\/2"}],"replies":[{"embeddable":true,"href":"https:\/\/www.claret.org\/es\/wp-json\/wp\/v2\/comments?post=149802"}],"version-history":[{"count":0,"href":"https:\/\/www.claret.org\/es\/wp-json\/wp\/v2\/pages\/149802\/revisions"}],"up":[{"embeddable":true,"href":"https:\/\/www.claret.org\/es\/wp-json\/wp\/v2\/pages\/149825"}],"wp:attachment":[{"href":"https:\/\/www.claret.org\/es\/wp-json\/wp\/v2\/media?parent=149802"}],"curies":[{"name":"wp","href":"https:\/\/api.w.org\/{rel}","templated":true}]}}