{"id":149812,"date":"2023-07-04T15:55:48","date_gmt":"2023-07-04T13:55:48","guid":{"rendered":"https:\/\/www.claret.org\/inauguracion\/"},"modified":"2023-07-06T02:18:15","modified_gmt":"2023-07-06T00:18:15","slug":"inauguracion","status":"publish","type":"page","link":"https:\/\/www.claret.org\/es\/jubileo\/inauguracion\/","title":{"rendered":"Inauguraci\u00f3n"},"content":{"rendered":"<p>[et_pb_section fb_built=\u00bb1&#8243; fullwidth=\u00bbon\u00bb _builder_version=\u00bb4.21.0&#8243; _module_preset=\u00bbdefault\u00bb global_colors_info=\u00bb{}\u00bb][et_pb_fullwidth_header title=\u00bb@ET-DC@eyJkeW5hbWljIjp0cnVlLCJjb250ZW50IjoicG9zdF90aXRsZSIsInNldHRpbmdzIjp7ImJlZm9yZSI6IiIsImFmdGVyIjoiIn19@\u00bb text_orientation=\u00bbcenter\u00bb _builder_version=\u00bb4.21.0&#8243; _dynamic_attributes=\u00bbtitle\u00bb _module_preset=\u00bbdefault\u00bb background_color=\u00bb#000000&#8243; title_text_shadow_style=\u00bbpreset1&#8243; global_colors_info=\u00bb{}\u00bb]<\/p>\n<p>Inauguraci\u00f3n del A\u00f1o de Jubileo presidida por el P. Mathew Vattamattam, CMF, Superior General, en la Capilla de la Curia General en Roma, Italia.<\/p>\n<p>[\/et_pb_fullwidth_header][\/et_pb_section][et_pb_section fb_built=\u00bb1&#8243; fullwidth=\u00bbon\u00bb _builder_version=\u00bb4.21.0&#8243; _module_preset=\u00bbdefault\u00bb global_colors_info=\u00bb{}\u00bb][et_pb_fullwidth_code _builder_version=\u00bb4.21.0&#8243; _module_preset=\u00bbdefault\u00bb global_colors_info=\u00bb{}\u00bb]<iframe loading=\"lazy\" width=\"560\" height=\"315\" src=\"https:\/\/www.youtube.com\/embed\/AXwig0Eqx14\" title=\"YouTube video player\" frameborder=\"0\" allow=\"accelerometer; autoplay; clipboard-write; encrypted-media; gyroscope; picture-in-picture; web-share\" allowfullscreen><\/iframe>[\/et_pb_fullwidth_code][\/et_pb_section][et_pb_section fb_built=\u00bb1&#8243; _builder_version=\u00bb4.21.0&#8243; _module_preset=\u00bbdefault\u00bb hover_enabled=\u00bb0&#8243; global_colors_info=\u00bb{}\u00bb background_color=\u00bb#000000&#8243; sticky_enabled=\u00bb0&#8243;][et_pb_row column_structure=\u00bb2_5,3_5&#8243; _builder_version=\u00bb4.21.0&#8243; _module_preset=\u00bbdefault\u00bb global_colors_info=\u00bb{}\u00bb][et_pb_column type=\u00bb2_5&#8243; _builder_version=\u00bb4.21.0&#8243; _module_preset=\u00bbdefault\u00bb global_colors_info=\u00bb{}\u00bb][et_pb_text _builder_version=\u00bb4.21.0&#8243; _module_preset=\u00bbdefault\u00bb hover_enabled=\u00bb0&#8243; global_colors_info=\u00bb{}\u00bb text_text_color=\u00bb#c4c4c4&#8243; header_text_color=\u00bb#FFFFFF\u00bb header_2_text_color=\u00bb#ffffff\u00bb sticky_enabled=\u00bb0&#8243;]<\/p>\n<h2><strong>PROGRAMA<\/strong><\/h2>\n<p>I. Saludo del Padre General<br \/>II. Lectura del documento fundacional extra\u00eddo de la autobiograf\u00eda<br \/>III. Himno del Jubileo: Nuevo Pentecost\u00e9s<br \/>IV. Oraci\u00f3n de apertura<br \/>V. Lectura de la Palabra de Dios<br \/>VI. Explicaci\u00f3n del Mural en el \u00e1bside de la Capilla de la Curia<br \/>VII. Definici\u00f3n de un Misionero (Un v\u00eddeo preparado por Lecco)<br \/>VIII. Acci\u00f3n de gracias y peticiones<br \/>IX. Oraci\u00f3n de clausura<br \/>X. Canci\u00f3n de clausura: Definici\u00f3n de un Misionero<br \/>XI. Anuncios<br \/>XII. Bendici\u00f3n final<\/p>\n<p>[\/et_pb_text][\/et_pb_column][et_pb_column type=\u00bb3_5&#8243; _builder_version=\u00bb4.21.0&#8243; _module_preset=\u00bbdefault\u00bb global_colors_info=\u00bb{}\u00bb][et_pb_text _builder_version=\u00bb4.21.0&#8243; _module_preset=\u00bbdefault\u00bb header_2_font=\u00bb|700|||||||\u00bb header_2_text_color=\u00bb#FFFFFF\u00bb hover_enabled=\u00bb0&#8243; global_colors_info=\u00bb{}\u00bb sticky_enabled=\u00bb0&#8243;]<\/p>\n<h2>ESPA\u00d1OL<\/h2>\n<p>[\/et_pb_text][et_pb_video src=\u00bbhttps:\/\/youtu.be\/ie3a43zta1o\u00bb _builder_version=\u00bb4.21.0&#8243; _module_preset=\u00bbdefault\u00bb global_colors_info=\u00bb{}\u00bb][\/et_pb_video][\/et_pb_column][\/et_pb_row][\/et_pb_section]<\/p>\n","protected":false},"excerpt":{"rendered":"<p>Inauguraci\u00f3n del A\u00f1o de Jubileo presidida por el P. Mathew Vattamattam, CMF, Superior General, en la Capilla de la Curia General en Roma, Italia.PROGRAMA I. Saludo del Padre GeneralII. Lectura del documento fundacional extra\u00eddo de la autobiograf\u00edaIII. Himno del Jubileo: Nuevo Pentecost\u00e9sIV. Oraci\u00f3n de aperturaV. Lectura de la Palabra de DiosVI. Explicaci\u00f3n del Mural en [&hellip;]<\/p>\n","protected":false},"author":2,"featured_media":149660,"parent":149825,"menu_order":0,"comment_status":"closed","ping_status":"closed","template":"","meta":{"_et_pb_use_builder":"on","_et_pb_old_content":"","_et_gb_content_width":"","footnotes":""},"class_list":["post-149812","page","type-page","status-publish","has-post-thumbnail","hentry"],"jetpack_sharing_enabled":true,"jetpack_shortlink":"https:\/\/wp.me\/PdaBmi-CYk","jetpack_likes_enabled":true,"_links":{"self":[{"href":"https:\/\/www.claret.org\/es\/wp-json\/wp\/v2\/pages\/149812","targetHints":{"allow":["GET"]}}],"collection":[{"href":"https:\/\/www.claret.org\/es\/wp-json\/wp\/v2\/pages"}],"about":[{"href":"https:\/\/www.claret.org\/es\/wp-json\/wp\/v2\/types\/page"}],"author":[{"embeddable":true,"href":"https:\/\/www.claret.org\/es\/wp-json\/wp\/v2\/users\/2"}],"replies":[{"embeddable":true,"href":"https:\/\/www.claret.org\/es\/wp-json\/wp\/v2\/comments?post=149812"}],"version-history":[{"count":0,"href":"https:\/\/www.claret.org\/es\/wp-json\/wp\/v2\/pages\/149812\/revisions"}],"up":[{"embeddable":true,"href":"https:\/\/www.claret.org\/es\/wp-json\/wp\/v2\/pages\/149825"}],"wp:featuredmedia":[{"embeddable":true,"href":"https:\/\/www.claret.org\/es\/wp-json\/wp\/v2\/media\/149660"}],"wp:attachment":[{"href":"https:\/\/www.claret.org\/es\/wp-json\/wp\/v2\/media?parent=149812"}],"curies":[{"name":"wp","href":"https:\/\/api.w.org\/{rel}","templated":true}]}}