{"id":152165,"date":"2023-07-14T10:15:39","date_gmt":"2023-07-14T08:15:39","guid":{"rendered":"https:\/\/www.claret.org\/premio-claret-vida\/"},"modified":"2023-07-18T18:10:56","modified_gmt":"2023-07-18T16:10:56","slug":"premio-claret-vida","status":"publish","type":"page","link":"https:\/\/www.claret.org\/es\/premio-claret-vida\/","title":{"rendered":"Premio Claret-Vida"},"content":{"rendered":"<p>[et_pb_section fb_built=\u00bb1&#8243; fullwidth=\u00bbon\u00bb _builder_version=\u00bb4.21.0&#8243; _module_preset=\u00bbdefault\u00bb global_colors_info=\u00bb{}\u00bb][\/et_pb_section][et_pb_section fb_built=\u00bb1&#8243; fullwidth=\u00bbon\u00bb _builder_version=\u00bb4.21.0&#8243; _module_preset=\u00bbdefault\u00bb global_colors_info=\u00bb{}\u00bb][et_pb_fullwidth_image src=\u00bbhttps:\/\/www.claret.org\/wp-content\/uploads\/2023\/07\/Claret-Life-Award-copy-2.jpg\u00bb title_text=\u00bbClaret Life Award copy\u00bb _builder_version=\u00bb4.21.0&#8243; _module_preset=\u00bbdefault\u00bb global_colors_info=\u00bb{}\u00bb][\/et_pb_fullwidth_image][\/et_pb_section][et_pb_section fb_built=\u00bb1&#8243; _builder_version=\u00bb4.21.0&#8243; _module_preset=\u00bbdefault\u00bb width=\u00bb100%\u00bb custom_padding=\u00bb|||2px||\u00bb global_colors_info=\u00bb{}\u00bb][et_pb_row column_structure=\u00bb1_4,1_4,1_4,1_4&#8243; _builder_version=\u00bb4.21.0&#8243; _module_preset=\u00bbdefault\u00bb global_colors_info=\u00bb{}\u00bb][et_pb_column type=\u00bb1_4&#8243; _builder_version=\u00bb4.21.0&#8243; _module_preset=\u00bbdefault\u00bb global_colors_info=\u00bb{}\u00bb][et_pb_blurb image=\u00bbhttps:\/\/www.claret.org\/wp-content\/uploads\/2023\/07\/About-Claret-Life-Award-copy.jpg\u00bb _builder_version=\u00bb4.21.0&#8243; _module_preset=\u00bbdefault\u00bb header_font=\u00bb|700|||||||\u00bb header_text_align=\u00bbcenter\u00bb header_font_size=\u00bb21px\u00bb body_text_align=\u00bbcenter\u00bb background_color=\u00bbRGBA(255,255,255,0)\u00bb text_orientation=\u00bbcenter\u00bb box_shadow_style_image=\u00bbpreset2&#8243; text_shadow_style=\u00bbpreset4&#8243; global_colors_info=\u00bb{}\u00bb]<\/p>\n<p>El Premio Claret-Vida reafirma el compromiso de los Misioneros Claretianos en la defensa y cuidado de la vida, y su disposici\u00f3n a trabajar con los j\u00f3venes para enriquecerse con sus valores y sue\u00f1os de una humanidad mejor, luchando contra el hambre, la pobreza y toda clase de injusticia. <em><a href=\"https:\/\/www.claret.org\/with-the-youth-caring-for-and-defending-life-second-edition-of-the-claret-life-award\/\">leer m\u00e1s&#8230;<\/a><\/em><\/p>\n<p>[\/et_pb_blurb][\/et_pb_column][et_pb_column type=\u00bb1_4&#8243; _builder_version=\u00bb4.21.0&#8243; _module_preset=\u00bbdefault\u00bb global_colors_info=\u00bb{}\u00bb][et_pb_blurb image=\u00bbhttps:\/\/www.claret.org\/wp-content\/uploads\/2023\/07\/Objective.jpg\u00bb _builder_version=\u00bb4.21.0&#8243; _module_preset=\u00bbdefault\u00bb header_font=\u00bb|700|||||||\u00bb header_text_align=\u00bbcenter\u00bb header_font_size=\u00bb21px\u00bb body_text_align=\u00bbcenter\u00bb text_orientation=\u00bbcenter\u00bb box_shadow_style_image=\u00bbpreset2&#8243; text_shadow_style=\u00bbpreset4&#8243; global_colors_info=\u00bb{}\u00bb]<\/p>\n<p style=\"text-align: center;\">\u00abTo make known to adolescents and young people the initiatives of the Claretian Family in favor of life as a way to combat indifference and counteract the throwaway culture.\u00bb<\/p>\n<p>[\/et_pb_blurb][\/et_pb_column][et_pb_column type=\u00bb1_4&#8243; _builder_version=\u00bb4.21.0&#8243; _module_preset=\u00bbdefault\u00bb global_colors_info=\u00bb{}\u00bb][et_pb_blurb image=\u00bbhttps:\/\/www.claret.org\/wp-content\/uploads\/2023\/07\/Participants.jpg\u00bb _builder_version=\u00bb4.21.0&#8243; _module_preset=\u00bbdefault\u00bb header_font=\u00bb|700|||||||\u00bb header_text_align=\u00bbcenter\u00bb header_font_size=\u00bb21px\u00bb body_text_align=\u00bbcenter\u00bb text_orientation=\u00bbcenter\u00bb box_shadow_style_image=\u00bbpreset2&#8243; text_shadow_style=\u00bbpreset4&#8243; global_colors_info=\u00bb{}\u00bb]<\/p>\n<p style=\"text-align: center;\">All platforms of apostolate linked to the Claretian Family that carry out practices of defense and care for life in their communities and\/or in broader contexts. They have to be \u00abClaretian\u00bb experiences. They have to be experiences in defense and care for life.<\/p>\n<p style=\"text-align: center;\">[\/et_pb_blurb][\/et_pb_column][et_pb_column type=\u00bb1_4&#8243; _builder_version=\u00bb4.21.0&#8243; _module_preset=\u00bbdefault\u00bb global_colors_info=\u00bb{}\u00bb][et_pb_blurb image=\u00bbhttps:\/\/www.claret.org\/wp-content\/uploads\/2023\/07\/Prizes.jpg\u00bb _builder_version=\u00bb4.21.0&#8243; _module_preset=\u00bbdefault\u00bb header_font=\u00bb|700|||||||\u00bb header_text_align=\u00bbcenter\u00bb header_font_size=\u00bb21px\u00bb body_text_align=\u00bbcenter\u00bb text_orientation=\u00bbcenter\u00bb box_shadow_style_image=\u00bbpreset2&#8243; text_shadow_style=\u00bbpreset4&#8243; global_colors_info=\u00bb{}\u00bb]<\/p>\n<p style=\"text-align: center;\">FIRST CLASSIFIED: 5,000 EUROS<br \/>SECOND CLASSIFIED: 2,500 EUROS<br \/>THIRD PLACE: 1,000 EUROS<\/p>\n<p style=\"text-align: center;\">FOR ALL SELECTED EXPERIENCES:<br \/>A COMMEMORATIVE SOUVENIR WILL BE AWARDED<\/p>\n<p>[\/et_pb_blurb][\/et_pb_column][\/et_pb_row][\/et_pb_section][et_pb_section fb_built=\u00bb1&#8243; fullwidth=\u00bbon\u00bb _builder_version=\u00bb4.21.0&#8243; _module_preset=\u00bbdefault\u00bb global_colors_info=\u00bb{}\u00bb][et_pb_fullwidth_image src=\u00bbhttps:\/\/www.claret.org\/wp-content\/uploads\/2023\/07\/Participating-Ministries-2-copy-3.jpg\u00bb title_text=\u00bbParticipating Ministries 2 copy\u00bb _builder_version=\u00bb4.21.0&#8243; _module_preset=\u00bbdefault\u00bb global_colors_info=\u00bb{}\u00bb][\/et_pb_fullwidth_image][\/et_pb_section][et_pb_section fb_built=\u00bb1&#8243; _builder_version=\u00bb4.21.0&#8243; _module_preset=\u00bbdefault\u00bb global_colors_info=\u00bb{}\u00bb][et_pb_row column_structure=\u00bb1_4,1_4,1_4,1_4&#8243; _builder_version=\u00bb4.21.0&#8243; _module_preset=\u00bbdefault\u00bb global_colors_info=\u00bb{}\u00bb][et_pb_column type=\u00bb1_4&#8243; _builder_version=\u00bb4.21.0&#8243; _module_preset=\u00bbdefault\u00bb global_colors_info=\u00bb{}\u00bb][et_pb_blurb title=\u00bbWATER IS LIFE: GIVING LIFE AND FREEDOM TO PEOPLE IN CAMEROON\u00bb url=\u00bb@ET-DC@eyJkeW5hbWljIjp0cnVlLCJjb250ZW50IjoicG9zdF9saW5rX3VybF9wYWdlIiwic2V0dGluZ3MiOnsicG9zdF9pZCI6IjE1MTE3MiJ9fQ==@\u00bb image=\u00bbhttps:\/\/www.claret.org\/wp-content\/uploads\/2023\/07\/Claret-Vida-7-1-scaled.jpg\u00bb _builder_version=\u00bb4.21.0&#8243; _dynamic_attributes=\u00bburl,link_option_url\u00bb _module_preset=\u00bbdefault\u00bb header_font=\u00bb|||||on|||\u00bb header_text_align=\u00bbcenter\u00bb link_option_url=\u00bb@ET-DC@eyJkeW5hbWljIjp0cnVlLCJjb250ZW50IjoicG9zdF9saW5rX3VybF9wYWdlIiwic2V0dGluZ3MiOnsicG9zdF9pZCI6IjE1MTE3MiJ9fQ==@\u00bb header_text_shadow_style=\u00bbpreset4&#8243; border_radii_image=\u00bbon|26px|26px|26px|26px\u00bb box_shadow_style_image=\u00bbpreset1&#8243; box_shadow_horizontal_image=\u00bb11px\u00bb global_colors_info=\u00bb{}\u00bb][\/et_pb_blurb][\/et_pb_column][et_pb_column type=\u00bb1_4&#8243; _builder_version=\u00bb4.21.0&#8243; _module_preset=\u00bbdefault\u00bb global_colors_info=\u00bb{}\u00bb][et_pb_blurb title=\u00bbBETANIA PROJECT &#8211; SEVILLE (SPAIN)\u00bb url=\u00bb@ET-DC@eyJkeW5hbWljIjp0cnVlLCJjb250ZW50IjoicG9zdF9saW5rX3VybF9wYWdlIiwic2V0dGluZ3MiOnsicG9zdF9pZCI6IjE1MTE3NCJ9fQ==@\u00bb image=\u00bbhttps:\/\/www.claret.org\/wp-content\/uploads\/2023\/07\/IMG-20190922-WA0014-1.jpg\u00bb _builder_version=\u00bb4.21.0&#8243; _dynamic_attributes=\u00bburl,link_option_url\u00bb _module_preset=\u00bbdefault\u00bb header_font=\u00bb|||||on|||\u00bb header_text_align=\u00bbcenter\u00bb link_option_url=\u00bb@ET-DC@eyJkeW5hbWljIjp0cnVlLCJjb250ZW50IjoicG9zdF9saW5rX3VybF9wYWdlIiwic2V0dGluZ3MiOnsicG9zdF9pZCI6IjE1MTE3NCJ9fQ==@\u00bb header_text_shadow_style=\u00bbpreset4&#8243; border_radii_image=\u00bbon|26px|26px|26px|26px\u00bb box_shadow_style_image=\u00bbpreset1&#8243; box_shadow_horizontal_image=\u00bb11px\u00bb global_colors_info=\u00bb{}\u00bb][\/et_pb_blurb][\/et_pb_column][et_pb_column type=\u00bb1_4&#8243; _builder_version=\u00bb4.21.0&#8243; _module_preset=\u00bbdefault\u00bb global_colors_info=\u00bb{}\u00bb][et_pb_blurb title=\u00bbCARE FOR AND DEFEND LIFE THE CLARETIAN WAY IN NORTHEAST INDIA\u00bb url=\u00bb@ET-DC@eyJkeW5hbWljIjp0cnVlLCJjb250ZW50IjoicG9zdF9saW5rX3VybF9wYWdlIiwic2V0dGluZ3MiOnsicG9zdF9pZCI6IjE1MTE3NiJ9fQ==@\u00bb image=\u00bbhttps:\/\/www.claret.org\/wp-content\/uploads\/2023\/07\/northeast-india-scaled.jpg\u00bb image_icon_width_last_edited=\u00bboff|desktop\u00bb _builder_version=\u00bb4.21.0&#8243; _dynamic_attributes=\u00bburl,link_option_url\u00bb _module_preset=\u00bbdefault\u00bb header_font=\u00bb|||||on|||\u00bb header_text_align=\u00bbcenter\u00bb width=\u00bb100%\u00bb max_width=\u00bb150%\u00bb link_option_url=\u00bb@ET-DC@eyJkeW5hbWljIjp0cnVlLCJjb250ZW50IjoicG9zdF9saW5rX3VybF9wYWdlIiwic2V0dGluZ3MiOnsicG9zdF9pZCI6IjE1MTE3NiJ9fQ==@\u00bb header_text_shadow_style=\u00bbpreset4&#8243; border_radii_image=\u00bbon|26px|26px|26px|26px\u00bb box_shadow_style_image=\u00bbpreset1&#8243; box_shadow_horizontal_image=\u00bb11px\u00bb global_colors_info=\u00bb{}\u00bb][\/et_pb_blurb][\/et_pb_column][et_pb_column type=\u00bb1_4&#8243; _builder_version=\u00bb4.21.0&#8243; _module_preset=\u00bbdefault\u00bb global_colors_info=\u00bb{}\u00bb][et_pb_blurb title=\u00bbCLARETIAN INVOLVEMENT IN PRISON MINITRY\u00bb url=\u00bb@ET-DC@eyJkeW5hbWljIjp0cnVlLCJjb250ZW50IjoicG9zdF9saW5rX3VybF9wYWdlIiwic2V0dGluZ3MiOnsicG9zdF9pZCI6IjE1MTE3OCJ9fQ==@\u00bb image=\u00bbhttps:\/\/www.claret.org\/wp-content\/uploads\/2023\/07\/Image-1.jpeg\u00bb _builder_version=\u00bb4.21.0&#8243; _dynamic_attributes=\u00bburl,link_option_url\u00bb _module_preset=\u00bbdefault\u00bb header_font=\u00bb|||||on|||\u00bb header_text_align=\u00bbcenter\u00bb link_option_url=\u00bb@ET-DC@eyJkeW5hbWljIjp0cnVlLCJjb250ZW50IjoicG9zdF9saW5rX3VybF9wYWdlIiwic2V0dGluZ3MiOnsicG9zdF9pZCI6IjE1MTE3OCJ9fQ==@\u00bb header_text_shadow_style=\u00bbpreset4&#8243; border_radii_image=\u00bbon|26px|26px|26px|26px\u00bb box_shadow_style_image=\u00bbpreset1&#8243; box_shadow_horizontal_image=\u00bb11px\u00bb global_colors_info=\u00bb{}\u00bb][\/et_pb_blurb][\/et_pb_column][\/et_pb_row][et_pb_row column_structure=\u00bb1_4,1_4,1_4,1_4&#8243; _builder_version=\u00bb4.21.0&#8243; _module_preset=\u00bbdefault\u00bb global_colors_info=\u00bb{}\u00bb][et_pb_column type=\u00bb1_4&#8243; _builder_version=\u00bb4.21.0&#8243; _module_preset=\u00bbdefault\u00bb global_colors_info=\u00bb{}\u00bb][et_pb_blurb title=\u00bbCLARET ENEA PROJECT FOR THE RECEPTION OF IMMIGRANTS\u00bb url=\u00bb@ET-DC@eyJkeW5hbWljIjp0cnVlLCJjb250ZW50IjoicG9zdF9saW5rX3VybF9wYWdlIiwic2V0dGluZ3MiOnsicG9zdF9pZCI6IjE1MTE4MCJ9fQ==@\u00bb image=\u00bbhttps:\/\/www.claret.org\/wp-content\/uploads\/2023\/07\/2023Campeonato-copy-scaled.jpg\u00bb _builder_version=\u00bb4.21.0&#8243; _dynamic_attributes=\u00bburl,link_option_url\u00bb _module_preset=\u00bbdefault\u00bb header_font=\u00bb|||||on|||\u00bb header_text_align=\u00bbcenter\u00bb link_option_url=\u00bb@ET-DC@eyJkeW5hbWljIjp0cnVlLCJjb250ZW50IjoicG9zdF9saW5rX3VybF9wYWdlIiwic2V0dGluZ3MiOnsicG9zdF9pZCI6IjE1MTE4MCJ9fQ==@\u00bb header_text_shadow_style=\u00bbpreset4&#8243; border_radii_image=\u00bbon|26px|26px|26px|26px\u00bb box_shadow_style_image=\u00bbpreset1&#8243; box_shadow_horizontal_image=\u00bb11px\u00bb global_colors_info=\u00bb{}\u00bb][\/et_pb_blurb][\/et_pb_column][et_pb_column type=\u00bb1_4&#8243; _builder_version=\u00bb4.21.0&#8243; _module_preset=\u00bbdefault\u00bb global_colors_info=\u00bb{}\u00bb][et_pb_blurb title=\u00bbYOUTH COMMUNICATION NETWORKS FOR THE CARE FOR THE COMMON HOME\u00bb url=\u00bb@ET-DC@eyJkeW5hbWljIjp0cnVlLCJjb250ZW50IjoicG9zdF9saW5rX3VybF9wYWdlIiwic2V0dGluZ3MiOnsicG9zdF9pZCI6IjE1MTE4MiJ9fQ==@\u00bb image=\u00bbhttps:\/\/www.claret.org\/wp-content\/uploads\/2023\/07\/GUATEMALA-scaled.jpg\u00bb _builder_version=\u00bb4.21.0&#8243; _dynamic_attributes=\u00bburl,link_option_url\u00bb _module_preset=\u00bbdefault\u00bb header_font=\u00bb|||||on|||\u00bb header_text_align=\u00bbcenter\u00bb link_option_url=\u00bb@ET-DC@eyJkeW5hbWljIjp0cnVlLCJjb250ZW50IjoicG9zdF9saW5rX3VybF9wYWdlIiwic2V0dGluZ3MiOnsicG9zdF9pZCI6IjE1MTE4MiJ9fQ==@\u00bb header_text_shadow_style=\u00bbpreset4&#8243; border_radii_image=\u00bbon|26px|26px|26px|26px\u00bb box_shadow_style_image=\u00bbpreset1&#8243; box_shadow_horizontal_image=\u00bb11px\u00bb global_colors_info=\u00bb{}\u00bb][\/et_pb_blurb][\/et_pb_column][et_pb_column type=\u00bb1_4&#8243; _builder_version=\u00bb4.21.0&#8243; _module_preset=\u00bbdefault\u00bb global_colors_info=\u00bb{}\u00bb][et_pb_blurb title=\u00bbGenerating intercultural and intergenerational spaces\u00bb url=\u00bb@ET-DC@eyJkeW5hbWljIjp0cnVlLCJjb250ZW50IjoicG9zdF9saW5rX3VybF9wYWdlIiwic2V0dGluZ3MiOnsicG9zdF9pZCI6IjE1MTE3MCJ9fQ==@\u00bb image=\u00bbhttps:\/\/www.claret.org\/wp-content\/uploads\/2023\/07\/Foto-3-copy-scaled.jpg\u00bb _builder_version=\u00bb4.21.0&#8243; _dynamic_attributes=\u00bburl,link_option_url\u00bb _module_preset=\u00bbdefault\u00bb header_font=\u00bb|||on|||||\u00bb header_text_align=\u00bbcenter\u00bb link_option_url=\u00bb@ET-DC@eyJkeW5hbWljIjp0cnVlLCJjb250ZW50IjoicG9zdF9saW5rX3VybF9wYWdlIiwic2V0dGluZ3MiOnsicG9zdF9pZCI6IjE1MTE3MCJ9fQ==@\u00bb header_text_shadow_style=\u00bbpreset4&#8243; border_radii_image=\u00bbon|26px|26px|26px|26px\u00bb box_shadow_style_image=\u00bbpreset1&#8243; box_shadow_horizontal_image=\u00bb11px\u00bb global_colors_info=\u00bb{}\u00bb][\/et_pb_blurb][\/et_pb_column][et_pb_column type=\u00bb1_4&#8243; _builder_version=\u00bb4.21.0&#8243; _module_preset=\u00bbdefault\u00bb global_colors_info=\u00bb{}\u00bb][\/et_pb_column][\/et_pb_row][\/et_pb_section]<\/p>\n","protected":false},"excerpt":{"rendered":"<p>El Premio Claret-Vida reafirma el compromiso de los Misioneros Claretianos en la defensa y cuidado de la vida, y su disposici\u00f3n a trabajar con los j\u00f3venes para enriquecerse con sus valores y sue\u00f1os de una humanidad mejor, luchando contra el hambre, la pobreza y toda clase de injusticia. leer m\u00e1s&#8230;\u00bbTo make known to adolescents and [&hellip;]<\/p>\n","protected":false},"author":2,"featured_media":151664,"parent":0,"menu_order":0,"comment_status":"closed","ping_status":"closed","template":"","meta":{"_et_pb_use_builder":"on","_et_pb_old_content":"","_et_gb_content_width":"","footnotes":""},"class_list":["post-152165","page","type-page","status-publish","has-post-thumbnail","hentry"],"jetpack_sharing_enabled":true,"jetpack_shortlink":"https:\/\/wp.me\/PdaBmi-DAh","jetpack_likes_enabled":true,"_links":{"self":[{"href":"https:\/\/www.claret.org\/es\/wp-json\/wp\/v2\/pages\/152165","targetHints":{"allow":["GET"]}}],"collection":[{"href":"https:\/\/www.claret.org\/es\/wp-json\/wp\/v2\/pages"}],"about":[{"href":"https:\/\/www.claret.org\/es\/wp-json\/wp\/v2\/types\/page"}],"author":[{"embeddable":true,"href":"https:\/\/www.claret.org\/es\/wp-json\/wp\/v2\/users\/2"}],"replies":[{"embeddable":true,"href":"https:\/\/www.claret.org\/es\/wp-json\/wp\/v2\/comments?post=152165"}],"version-history":[{"count":0,"href":"https:\/\/www.claret.org\/es\/wp-json\/wp\/v2\/pages\/152165\/revisions"}],"wp:featuredmedia":[{"embeddable":true,"href":"https:\/\/www.claret.org\/es\/wp-json\/wp\/v2\/media\/151664"}],"wp:attachment":[{"href":"https:\/\/www.claret.org\/es\/wp-json\/wp\/v2\/media?parent=152165"}],"curies":[{"name":"wp","href":"https:\/\/api.w.org\/{rel}","templated":true}]}}