{"id":152227,"date":"2023-07-19T09:13:42","date_gmt":"2023-07-19T07:13:42","guid":{"rendered":"https:\/\/www.claret.org\/claret-vida-awards-2023\/"},"modified":"2023-08-24T13:06:04","modified_gmt":"2023-08-24T11:06:04","slug":"claret-vida-awards-2023","status":"publish","type":"page","link":"https:\/\/www.claret.org\/es\/familia-claretiana\/claret-vida-awards-2023\/","title":{"rendered":"Claret Vida Awards 2023"},"content":{"rendered":"<p>[et_pb_section fb_built=\u00bb1&#8243; fullwidth=\u00bbon\u00bb _builder_version=\u00bb4.21.0&#8243; _module_preset=\u00bbdefault\u00bb global_colors_info=\u00bb{}\u00bb][et_pb_fullwidth_image src=\u00bbhttps:\/\/www.claret.org\/wp-content\/uploads\/2023\/07\/Claret-Vida-Awards-Final-2-copy-3.jpg\u00bb title_text=\u00bbClaret Vida Awards Final 2 copy\u00bb _builder_version=\u00bb4.21.0&#8243; _module_preset=\u00bbdefault\u00bb global_colors_info=\u00bb{}\u00bb][\/et_pb_fullwidth_image][\/et_pb_section][et_pb_section fb_built=\u00bb1&#8243; _builder_version=\u00bb4.21.0&#8243; _module_preset=\u00bbdefault\u00bb width=\u00bb100%\u00bb custom_padding=\u00bb|||2px||\u00bb global_colors_info=\u00bb{}\u00bb][et_pb_row column_structure=\u00bb1_4,1_4,1_4,1_4&#8243; _builder_version=\u00bb4.21.0&#8243; _module_preset=\u00bbdefault\u00bb global_colors_info=\u00bb{}\u00bb][et_pb_column type=\u00bb1_4&#8243; _builder_version=\u00bb4.21.0&#8243; _module_preset=\u00bbdefault\u00bb global_colors_info=\u00bb{}\u00bb][et_pb_blurb image=\u00bbhttps:\/\/www.claret.org\/wp-content\/uploads\/2023\/07\/About-Claret-Vida-Awards-copy-2.jpg\u00bb _builder_version=\u00bb4.21.0&#8243; _module_preset=\u00bbdefault\u00bb header_font=\u00bb|700|||||||\u00bb header_text_align=\u00bbcenter\u00bb header_font_size=\u00bb21px\u00bb body_text_align=\u00bbcenter\u00bb background_color=\u00bbRGBA(255,255,255,0)\u00bb text_orientation=\u00bbcenter\u00bb box_shadow_style_image=\u00bbpreset2&#8243; text_shadow_style=\u00bbpreset4&#8243; global_colors_info=\u00bb{}\u00bb]<\/p>\n<p style=\"text-align: center;\">El Premio Claret-Vida reafirma el compromiso de los Misioneros Claretianos en la defensa y cuidado de la vida, y su disposici\u00f3n a trabajar con los j\u00f3venes para enriquecerse con sus valores y sue\u00f1os de una humanidad mejor, luchando contra el hambre, la pobreza y toda clase de injusticia. <a href=\"https:\/\/www.claret.org\/es\/con-los-jovenes-cuidando-y-defendiendo-la-vida-segunda-edicion-del-premio-claret-vida\/\">Leer m\u00e1s&#8230;<\/a><\/p>\n<p>[\/et_pb_blurb][\/et_pb_column][et_pb_column type=\u00bb1_4&#8243; _builder_version=\u00bb4.21.0&#8243; _module_preset=\u00bbdefault\u00bb global_colors_info=\u00bb{}\u00bb][et_pb_blurb image=\u00bbhttps:\/\/www.claret.org\/wp-content\/uploads\/2023\/07\/Objetivos.jpg\u00bb _builder_version=\u00bb4.21.0&#8243; _module_preset=\u00bbdefault\u00bb header_font=\u00bb|700|||||||\u00bb header_text_align=\u00bbcenter\u00bb header_font_size=\u00bb21px\u00bb body_text_align=\u00bbcenter\u00bb text_orientation=\u00bbcenter\u00bb box_shadow_style_image=\u00bbpreset2&#8243; text_shadow_style=\u00bbpreset4&#8243; global_colors_info=\u00bb{}\u00bb]<\/p>\n<p style=\"text-align: center;\">\u201cDar a conocer las iniciativas de la Familia Claretiana en favor de la vida a adolescentes y j\u00f3venes como una forma de combatir la indiferencia y contrarrestar la cultura del descarte\u201d<\/p>\n<p>[\/et_pb_blurb][\/et_pb_column][et_pb_column type=\u00bb1_4&#8243; _builder_version=\u00bb4.21.0&#8243; _module_preset=\u00bbdefault\u00bb global_colors_info=\u00bb{}\u00bb][et_pb_blurb image=\u00bbhttps:\/\/www.claret.org\/wp-content\/uploads\/2023\/07\/Participantes.jpg\u00bb _builder_version=\u00bb4.21.0&#8243; _module_preset=\u00bbdefault\u00bb header_font=\u00bb|700|||||||\u00bb header_text_align=\u00bbcenter\u00bb header_font_size=\u00bb21px\u00bb body_text_align=\u00bbcenter\u00bb text_orientation=\u00bbcenter\u00bb box_shadow_style_image=\u00bbpreset2&#8243; text_shadow_style=\u00bbpreset4&#8243; global_colors_info=\u00bb{}\u00bb]<\/p>\n<p style=\"text-align: center;\">Pueden participar de la iniciativa todas las plataformas de apostolado vinculadas a la Familia Claretiana que lleven a cabo pr\u00e1cticas de defensa y cuidado de la vida en sus comunidades y\/o en contextos m\u00e1s amplios. Tienen que ser experiencias \u00abClaretianas\u00bb. Tienen que ser experiencias de defensa y cuidado de la vida.<\/p>\n<p>[\/et_pb_blurb][\/et_pb_column][et_pb_column type=\u00bb1_4&#8243; _builder_version=\u00bb4.21.0&#8243; _module_preset=\u00bbdefault\u00bb global_colors_info=\u00bb{}\u00bb][et_pb_blurb image=\u00bbhttps:\/\/www.claret.org\/wp-content\/uploads\/2023\/07\/Premios-1.jpg\u00bb _builder_version=\u00bb4.21.0&#8243; _module_preset=\u00bbdefault\u00bb header_font=\u00bb|700|||||||\u00bb header_text_align=\u00bbcenter\u00bb header_font_size=\u00bb21px\u00bb body_text_align=\u00bbcenter\u00bb body_font_size=\u00bb15px\u00bb text_orientation=\u00bbcenter\u00bb box_shadow_style_image=\u00bbpreset2&#8243; text_shadow_style=\u00bbpreset4&#8243; global_colors_info=\u00bb{}\u00bb]<\/p>\n<p style=\"text-align: center;\">PRIMER CLASIFICADO: 5,000 EUROS<br \/>SEGUNDO CLASIFICADO: 2,500 EUROS<br \/>TERCER CLASIFICADO: 1,000 EUROS<\/p>\n<p style=\"text-align: center;\">Y TODAS LAS EXPERIENCIAS SELECCIONADAS<br \/>RECIBIR\u00c1N UN RECUERDO CONMEMORATIVO<\/p>\n<p>[\/et_pb_blurb][\/et_pb_column][\/et_pb_row][\/et_pb_section][et_pb_section fb_built=\u00bb1&#8243; fullwidth=\u00bbon\u00bb _builder_version=\u00bb4.21.0&#8243; _module_preset=\u00bbdefault\u00bb global_colors_info=\u00bb{}\u00bb][et_pb_fullwidth_image src=\u00bbhttps:\/\/www.claret.org\/wp-content\/uploads\/2023\/07\/Ministerious-Participantes-copy-3.jpg\u00bb title_text=\u00bbParticipating Ministries 2 copy\u00bb _builder_version=\u00bb4.21.0&#8243; _module_preset=\u00bbdefault\u00bb global_colors_info=\u00bb{}\u00bb][\/et_pb_fullwidth_image][\/et_pb_section][et_pb_section fb_built=\u00bb1&#8243; _builder_version=\u00bb4.21.0&#8243; _module_preset=\u00bbdefault\u00bb global_colors_info=\u00bb{}\u00bb][et_pb_row column_structure=\u00bb1_4,1_4,1_4,1_4&#8243; _builder_version=\u00bb4.21.0&#8243; _module_preset=\u00bbdefault\u00bb global_colors_info=\u00bb{}\u00bb][et_pb_column type=\u00bb1_4&#8243; _builder_version=\u00bb4.21.0&#8243; _module_preset=\u00bbdefault\u00bb global_colors_info=\u00bb{}\u00bb][et_pb_blurb title=\u00bb1. EL AGUA ES VIDA\u00bb url=\u00bb@ET-DC@eyJkeW5hbWljIjp0cnVlLCJjb250ZW50IjoicG9zdF9saW5rX3VybF9wYWdlIiwic2V0dGluZ3MiOnsicG9zdF9pZCI6IjE1MjI0NyJ9fQ==@\u00bb image=\u00bbhttps:\/\/www.claret.org\/wp-content\/uploads\/2023\/07\/Claret-Vida-7-1-scaled.jpg\u00bb _builder_version=\u00bb4.21.0&#8243; _dynamic_attributes=\u00bburl,link_option_url\u00bb _module_preset=\u00bbdefault\u00bb header_font=\u00bb|||||on|||\u00bb header_text_align=\u00bbcenter\u00bb link_option_url=\u00bb@ET-DC@eyJkeW5hbWljIjp0cnVlLCJjb250ZW50IjoicG9zdF9saW5rX3VybF9wYWdlIiwic2V0dGluZ3MiOnsicG9zdF9pZCI6IjE1MjI0NyJ9fQ==@\u00bb border_radii_image=\u00bbon|26px|26px|26px|26px\u00bb box_shadow_style_image=\u00bbpreset1&#8243; box_shadow_horizontal_image=\u00bb11px\u00bb global_colors_info=\u00bb{}\u00bb][\/et_pb_blurb][\/et_pb_column][et_pb_column type=\u00bb1_4&#8243; _builder_version=\u00bb4.21.0&#8243; _module_preset=\u00bbdefault\u00bb global_colors_info=\u00bb{}\u00bb][et_pb_blurb title=\u00bb2. PROYECTO BETANIA\u00bb url=\u00bb@ET-DC@eyJkeW5hbWljIjp0cnVlLCJjb250ZW50IjoicG9zdF9saW5rX3VybF9wYWdlIiwic2V0dGluZ3MiOnsicG9zdF9pZCI6IjE1MjI2OCJ9fQ==@\u00bb image=\u00bbhttps:\/\/www.claret.org\/wp-content\/uploads\/2023\/07\/IMG-20190922-WA0014-1.jpg\u00bb _builder_version=\u00bb4.21.0&#8243; _dynamic_attributes=\u00bburl,link_option_url\u00bb _module_preset=\u00bbdefault\u00bb header_font=\u00bb|||||on|||\u00bb header_text_align=\u00bbcenter\u00bb link_option_url=\u00bb@ET-DC@eyJkeW5hbWljIjp0cnVlLCJjb250ZW50IjoicG9zdF9saW5rX3VybF9wYWdlIiwic2V0dGluZ3MiOnsicG9zdF9pZCI6IjE1MjI2OCJ9fQ==@\u00bb border_radii_image=\u00bbon|26px|26px|26px|26px\u00bb box_shadow_style_image=\u00bbpreset1&#8243; box_shadow_horizontal_image=\u00bb11px\u00bb global_colors_info=\u00bb{}\u00bb][\/et_pb_blurb][\/et_pb_column][et_pb_column type=\u00bb1_4&#8243; _builder_version=\u00bb4.21.0&#8243; _module_preset=\u00bbdefault\u00bb global_colors_info=\u00bb{}\u00bb][et_pb_blurb title=\u00bb3. CUIDAR Y DEFENDER LA VIDA EL CAMINO CLARETIANO EN EL NORDESTE DE INDIA\u00bb url=\u00bb@ET-DC@eyJkeW5hbWljIjp0cnVlLCJjb250ZW50IjoicG9zdF9saW5rX3VybF9wYWdlIiwic2V0dGluZ3MiOnsicG9zdF9pZCI6IjE1MjI4MCJ9fQ==@\u00bb image=\u00bbhttps:\/\/www.claret.org\/wp-content\/uploads\/2023\/07\/northeast-india-scaled.jpg\u00bb image_icon_width_last_edited=\u00bboff|desktop\u00bb _builder_version=\u00bb4.21.0&#8243; _dynamic_attributes=\u00bburl,link_option_url\u00bb _module_preset=\u00bbdefault\u00bb header_font=\u00bb|||||on|||\u00bb header_text_align=\u00bbcenter\u00bb width=\u00bb100%\u00bb max_width=\u00bb150%\u00bb link_option_url=\u00bb@ET-DC@eyJkeW5hbWljIjp0cnVlLCJjb250ZW50IjoicG9zdF9saW5rX3VybF9wYWdlIiwic2V0dGluZ3MiOnsicG9zdF9pZCI6IjE1MjI4MCJ9fQ==@\u00bb border_radii_image=\u00bbon|26px|26px|26px|26px\u00bb box_shadow_style_image=\u00bbpreset1&#8243; box_shadow_horizontal_image=\u00bb11px\u00bb global_colors_info=\u00bb{}\u00bb][\/et_pb_blurb][\/et_pb_column][et_pb_column type=\u00bb1_4&#8243; _builder_version=\u00bb4.21.0&#8243; _module_preset=\u00bbdefault\u00bb global_colors_info=\u00bb{}\u00bb][et_pb_blurb title=\u00bb4. MINISTERIO PENITENCIARIO\u00bb url=\u00bb@ET-DC@eyJkeW5hbWljIjp0cnVlLCJjb250ZW50IjoicG9zdF9saW5rX3VybF9wYWdlIiwic2V0dGluZ3MiOnsicG9zdF9pZCI6IjE1MjI5MiJ9fQ==@\u00bb image=\u00bbhttps:\/\/www.claret.org\/wp-content\/uploads\/2023\/07\/Image-1.jpeg\u00bb _builder_version=\u00bb4.21.0&#8243; _dynamic_attributes=\u00bburl,link_option_url\u00bb _module_preset=\u00bbdefault\u00bb header_font=\u00bb|||||on|||\u00bb header_text_align=\u00bbcenter\u00bb link_option_url=\u00bb@ET-DC@eyJkeW5hbWljIjp0cnVlLCJjb250ZW50IjoicG9zdF9saW5rX3VybF9wYWdlIiwic2V0dGluZ3MiOnsicG9zdF9pZCI6IjE1MjI5MiJ9fQ==@\u00bb border_radii_image=\u00bbon|26px|26px|26px|26px\u00bb box_shadow_style_image=\u00bbpreset1&#8243; box_shadow_horizontal_image=\u00bb11px\u00bb global_colors_info=\u00bb{}\u00bb][\/et_pb_blurb][\/et_pb_column][\/et_pb_row][et_pb_row column_structure=\u00bb1_4,1_4,1_4,1_4&#8243; _builder_version=\u00bb4.21.0&#8243; _module_preset=\u00bbdefault\u00bb global_colors_info=\u00bb{}\u00bb][et_pb_column type=\u00bb1_4&#8243; _builder_version=\u00bb4.21.0&#8243; _module_preset=\u00bbdefault\u00bb global_colors_info=\u00bb{}\u00bb][et_pb_blurb title=\u00bb5. RED DE COMUNICACI\u00d3N DE J\u00d3VENES\u00bb url=\u00bb@ET-DC@eyJkeW5hbWljIjp0cnVlLCJjb250ZW50IjoicG9zdF9saW5rX3VybF9wYWdlIiwic2V0dGluZ3MiOnsicG9zdF9pZCI6IjE1MjMxMyJ9fQ==@\u00bb image=\u00bbhttps:\/\/www.claret.org\/wp-content\/uploads\/2023\/07\/f.2-1-scaled.jpg\u00bb _builder_version=\u00bb4.21.0&#8243; _dynamic_attributes=\u00bburl\u00bb _module_preset=\u00bbdefault\u00bb header_font=\u00bb|||on|||||\u00bb header_text_align=\u00bbcenter\u00bb border_radii_image=\u00bbon|26px|26px|26px|26px\u00bb box_shadow_style_image=\u00bbpreset1&#8243; box_shadow_horizontal_image=\u00bb11px\u00bb global_colors_info=\u00bb{}\u00bb][\/et_pb_blurb][\/et_pb_column][et_pb_column type=\u00bb1_4&#8243; _builder_version=\u00bb4.21.0&#8243; _module_preset=\u00bbdefault\u00bb global_colors_info=\u00bb{}\u00bb][et_pb_blurb title=\u00bb6. PROYECTO DE ACOGIDA DE INMIGRANTES CLARET ENEA\u00bb url=\u00bb@ET-DC@eyJkeW5hbWljIjp0cnVlLCJjb250ZW50IjoicG9zdF9saW5rX3VybF9wYWdlIiwic2V0dGluZ3MiOnsicG9zdF9pZCI6IjE1MjI5OSJ9fQ==@\u00bb image=\u00bbhttps:\/\/www.claret.org\/wp-content\/uploads\/2023\/07\/2023Campeonato-copy-scaled.jpg\u00bb _builder_version=\u00bb4.21.0&#8243; _dynamic_attributes=\u00bburl\u00bb _module_preset=\u00bbdefault\u00bb header_font=\u00bb|||on|||||\u00bb header_text_align=\u00bbcenter\u00bb border_radii_image=\u00bbon|26px|26px|26px|26px\u00bb box_shadow_style_image=\u00bbpreset1&#8243; box_shadow_horizontal_image=\u00bb11px\u00bb global_colors_info=\u00bb{}\u00bb][\/et_pb_blurb][\/et_pb_column][et_pb_column type=\u00bb1_4&#8243; _builder_version=\u00bb4.21.0&#8243; _module_preset=\u00bbdefault\u00bb global_colors_info=\u00bb{}\u00bb][et_pb_blurb title=\u00bb7. GENERANDO ESPACIOS INTERCULTURALES E INTERGENERACIONALES\u00bb url=\u00bb@ET-DC@eyJkeW5hbWljIjp0cnVlLCJjb250ZW50IjoicG9zdF9saW5rX3VybF9wYWdlIiwic2V0dGluZ3MiOnsicG9zdF9pZCI6IjE1MjI0MCJ9fQ==@\u00bb image=\u00bbhttps:\/\/www.claret.org\/wp-content\/uploads\/2023\/07\/Foto-3-copy-scaled.jpg\u00bb _builder_version=\u00bb4.21.0&#8243; _dynamic_attributes=\u00bburl,link_option_url\u00bb _module_preset=\u00bbdefault\u00bb header_font=\u00bb|||on|||||\u00bb header_text_align=\u00bbcenter\u00bb link_option_url=\u00bb@ET-DC@eyJkeW5hbWljIjp0cnVlLCJjb250ZW50IjoicG9zdF9saW5rX3VybF9wYWdlIiwic2V0dGluZ3MiOnsicG9zdF9pZCI6IjE1MjI0MCJ9fQ==@\u00bb border_radii_image=\u00bbon|26px|26px|26px|26px\u00bb box_shadow_style_image=\u00bbpreset1&#8243; box_shadow_horizontal_image=\u00bb11px\u00bb global_colors_info=\u00bb{}\u00bb][\/et_pb_blurb][\/et_pb_column][et_pb_column type=\u00bb1_4&#8243; _builder_version=\u00bb4.21.0&#8243; _module_preset=\u00bbdefault\u00bb global_colors_info=\u00bb{}\u00bb][\/et_pb_column][\/et_pb_row][\/et_pb_section]<\/p>\n","protected":false},"excerpt":{"rendered":"<p>El Premio Claret-Vida reafirma el compromiso de los Misioneros Claretianos en la defensa y cuidado de la vida, y su disposici\u00f3n a trabajar con los j\u00f3venes para enriquecerse con sus valores y sue\u00f1os de una humanidad mejor, luchando contra el hambre, la pobreza y toda clase de injusticia. Leer m\u00e1s&#8230;\u201cDar a conocer las iniciativas de [&hellip;]<\/p>\n","protected":false},"author":1,"featured_media":0,"parent":116337,"menu_order":0,"comment_status":"closed","ping_status":"closed","template":"","meta":{"_et_pb_use_builder":"on","_et_pb_old_content":"","_et_gb_content_width":"","footnotes":""},"class_list":["post-152227","page","type-page","status-publish","hentry"],"jetpack_sharing_enabled":true,"jetpack_shortlink":"https:\/\/wp.me\/PdaBmi-DBh","jetpack_likes_enabled":true,"_links":{"self":[{"href":"https:\/\/www.claret.org\/es\/wp-json\/wp\/v2\/pages\/152227","targetHints":{"allow":["GET"]}}],"collection":[{"href":"https:\/\/www.claret.org\/es\/wp-json\/wp\/v2\/pages"}],"about":[{"href":"https:\/\/www.claret.org\/es\/wp-json\/wp\/v2\/types\/page"}],"author":[{"embeddable":true,"href":"https:\/\/www.claret.org\/es\/wp-json\/wp\/v2\/users\/1"}],"replies":[{"embeddable":true,"href":"https:\/\/www.claret.org\/es\/wp-json\/wp\/v2\/comments?post=152227"}],"version-history":[{"count":0,"href":"https:\/\/www.claret.org\/es\/wp-json\/wp\/v2\/pages\/152227\/revisions"}],"up":[{"embeddable":true,"href":"https:\/\/www.claret.org\/es\/wp-json\/wp\/v2\/pages\/116337"}],"wp:attachment":[{"href":"https:\/\/www.claret.org\/es\/wp-json\/wp\/v2\/media?parent=152227"}],"curies":[{"name":"wp","href":"https:\/\/api.w.org\/{rel}","templated":true}]}}