{"id":152615,"date":"2023-07-19T16:19:57","date_gmt":"2023-07-19T14:19:57","guid":{"rendered":"https:\/\/www.claret.org\/young-communication-network\/"},"modified":"2023-08-24T13:01:17","modified_gmt":"2023-08-24T11:01:17","slug":"young-communication-network","status":"publish","type":"page","link":"https:\/\/www.claret.org\/es\/familia-claretiana\/claret-vida-awards-2023\/young-communication-network\/","title":{"rendered":"5. Red de comunicaci\u00f3n de j\u00f3venes"},"content":{"rendered":"<p>[et_pb_section fb_built=\u00bb1&#8243; fullwidth=\u00bbon\u00bb _builder_version=\u00bb4.21.0&#8243; _module_preset=\u00bbdefault\u00bb locked=\u00bboff\u00bb global_colors_info=\u00bb{}\u00bb][et_pb_fullwidth_image src=\u00bbhttps:\/\/www.claret.org\/wp-content\/uploads\/2023\/07\/spanish-banner-small.jpeg\u00bb title_text=\u00bbenglish banner small\u00bb url=\u00bb@ET-DC@eyJkeW5hbWljIjp0cnVlLCJjb250ZW50IjoicG9zdF9saW5rX3VybF9wYWdlIiwic2V0dGluZ3MiOnsicG9zdF9pZCI6IjE1MjIxMyJ9fQ==@\u00bb _builder_version=\u00bb4.21.0&#8243; _dynamic_attributes=\u00bburl\u00bb _module_preset=\u00bbdefault\u00bb hover_enabled=\u00bb0&#8243; global_colors_info=\u00bb{}\u00bb sticky_enabled=\u00bb0&#8243;][\/et_pb_fullwidth_image][\/et_pb_section][et_pb_section fb_built=\u00bb1&#8243; fullwidth=\u00bbon\u00bb _builder_version=\u00bb4.21.0&#8243; _module_preset=\u00bbdefault\u00bb locked=\u00bboff\u00bb global_colors_info=\u00bb{}\u00bb][et_pb_fullwidth_post_title meta=\u00bboff\u00bb featured_image=\u00bboff\u00bb _builder_version=\u00bb4.21.0&#8243; _module_preset=\u00bbdefault\u00bb title_font=\u00bb|700||||on|||\u00bb title_text_align=\u00bbcenter\u00bb title_font_size=\u00bb35px\u00bb title_letter_spacing=\u00bb2px\u00bb background_enable_color=\u00bboff\u00bb custom_padding=\u00bb2em||||false|false\u00bb title_text_shadow_style=\u00bbpreset4&#8243; global_colors_info=\u00bb{}\u00bb][\/et_pb_fullwidth_post_title][\/et_pb_section][et_pb_section fb_built=\u00bb1&#8243; fullwidth=\u00bbon\u00bb _builder_version=\u00bb4.21.0&#8243; _module_preset=\u00bbdefault\u00bb global_colors_info=\u00bb{}\u00bb][et_pb_fullwidth_header subhead=\u00bbEste proyecto liderado por los Misioneros Claretianos en Guatemala promueve la sensibilizaci\u00f3n y concienciaci\u00f3n ecol\u00f3gica en comunidades locales\u00bb _builder_version=\u00bb4.21.0&#8243; _module_preset=\u00bbdefault\u00bb subhead_text_align=\u00bbcenter\u00bb subhead_text_color=\u00bb#000000&#8243; subhead_letter_spacing=\u00bb2px\u00bb background_enable_color=\u00bboff\u00bb custom_margin=\u00bb-53px||||false|false\u00bb global_colors_info=\u00bb{}\u00bb][\/et_pb_fullwidth_header][\/et_pb_section][et_pb_section fb_built=\u00bb1&#8243; fullwidth=\u00bbon\u00bb _builder_version=\u00bb4.21.0&#8243; _module_preset=\u00bbdefault\u00bb global_colors_info=\u00bb{}\u00bb][et_pb_fullwidth_header subhead=\u00bbSe enfoca en la defensa de territorios ancestrales, la educaci\u00f3n sobre los derechos constitucionales, y la promoci\u00f3n de la equidad de g\u00e9nero. Incluye la formaci\u00f3n de &quot;Guardianas y Guardianes de la Casa Com\u00fan&quot;,  redes de j\u00f3venes comunicadores. Estos \u00faltimos aprenden a crear material de sensibilizaci\u00f3n para redes sociales y medios de comunicaci\u00f3n.\u00bb _builder_version=\u00bb4.21.0&#8243; _module_preset=\u00bbdefault\u00bb subhead_text_align=\u00bbcenter\u00bb subhead_text_color=\u00bb#000000&#8243; subhead_letter_spacing=\u00bb2px\u00bb background_enable_color=\u00bboff\u00bb custom_margin=\u00bb-106px||||false|false\u00bb global_colors_info=\u00bb{}\u00bb][\/et_pb_fullwidth_header][\/et_pb_section][et_pb_section fb_built=\u00bb1&#8243; fullwidth=\u00bbon\u00bb _builder_version=\u00bb4.21.0&#8243; _module_preset=\u00bbdefault\u00bb global_colors_info=\u00bb{}\u00bb][et_pb_fullwidth_header subhead=\u00bbLa iniciativa se basa en la interacci\u00f3n y el intercambio de soluciones y experiencias entre las diferentes comunidades para fortalecer la protecci\u00f3n del medioambiente y afrontar sus desaf\u00edos \u00fanicos.\u00bb _builder_version=\u00bb4.21.0&#8243; _module_preset=\u00bbdefault\u00bb subhead_text_align=\u00bbcenter\u00bb subhead_text_color=\u00bb#000000&#8243; subhead_letter_spacing=\u00bb2px\u00bb background_enable_color=\u00bboff\u00bb custom_margin=\u00bb-104px||||false|false\u00bb global_colors_info=\u00bb{}\u00bb][\/et_pb_fullwidth_header][\/et_pb_section][et_pb_section fb_built=\u00bb1&#8243; fullwidth=\u00bbon\u00bb _builder_version=\u00bb4.21.0&#8243; _module_preset=\u00bbdefault\u00bb locked=\u00bboff\u00bb global_colors_info=\u00bb{}\u00bb][et_pb_fullwidth_header button_one_text=\u00bbIngl\u00e9s\u00bb button_one_url=\u00bbhttps:\/\/www.claret.org\/download\/5063\/cla-2023\/152993\/en-juvenile-communication-networks-for-the-care-of-our-common-home?lang=en\u00bb button_two_text=\u00bbEspa\u00f1ol\u00bb button_two_url=\u00bbhttps:\/\/www.claret.org\/download\/5063\/cla-2023\/152612\/redes-juveniles-de-comunicacion-para-el-cuiddado-de-la-casa-comun?lang=en\u00bb _builder_version=\u00bb4.21.0&#8243; _module_preset=\u00bbdefault\u00bb title_font=\u00bb|||||on|||\u00bb title_text_align=\u00bbcenter\u00bb title_font_size=\u00bb24px\u00bb title_letter_spacing=\u00bb2px\u00bb content_font=\u00bb|300||||on|||\u00bb content_text_align=\u00bbleft\u00bb content_font_size=\u00bb17px\u00bb content_letter_spacing=\u00bb1px\u00bb subhead_font=\u00bb|300||||on|||\u00bb subhead_text_align=\u00bbcenter\u00bb subhead_font_size=\u00bb22px\u00bb subhead_letter_spacing=\u00bb2px\u00bb background_enable_color=\u00bboff\u00bb custom_button_one=\u00bbon\u00bb button_one_text_size=\u00bb12px\u00bb button_one_bg_color=\u00bbRGBA(255,255,255,0)\u00bb button_one_font=\u00bb|||||on|||\u00bb custom_button_two=\u00bbon\u00bb button_two_text_size=\u00bb12px\u00bb button_two_font=\u00bb|||||on|||\u00bb background_layout=\u00bblight\u00bb custom_margin=\u00bb-70px||||false|false\u00bb custom_padding=\u00bb0px||0px||false|false\u00bb title_text_shadow_style=\u00bbpreset1&#8243; title_text_shadow_color=\u00bbRGBA(255,255,255,0)\u00bb text_shadow_style=\u00bbpreset1&#8243; global_colors_info=\u00bb{}\u00bb]<\/p>\n<p style=\"text-align: left;\">Descargar para m\u00e1s informaci\u00f3n:<\/p>\n<p>[\/et_pb_fullwidth_header][\/et_pb_section][et_pb_section fb_built=\u00bb1&#8243; _builder_version=\u00bb4.21.0&#8243; _module_preset=\u00bbdefault\u00bb global_colors_info=\u00bb{}\u00bb][et_pb_row _builder_version=\u00bb4.21.0&#8243; _module_preset=\u00bbdefault\u00bb global_colors_info=\u00bb{}\u00bb][et_pb_column type=\u00bb4_4&#8243; _builder_version=\u00bb4.21.0&#8243; _module_preset=\u00bbdefault\u00bb global_colors_info=\u00bb{}\u00bb][et_pb_video src=\u00bbhttps:\/\/youtu.be\/11jL7jGI9NY\u00bb _builder_version=\u00bb4.21.0&#8243; _module_preset=\u00bbdefault\u00bb box_shadow_style=\u00bbpreset1&#8243; global_colors_info=\u00bb{}\u00bb][\/et_pb_video][\/et_pb_column][\/et_pb_row][\/et_pb_section][et_pb_section fb_built=\u00bb1&#8243; specialty=\u00bbon\u00bb _builder_version=\u00bb4.21.0&#8243; _module_preset=\u00bbdefault\u00bb locked=\u00bboff\u00bb global_colors_info=\u00bb{}\u00bb][et_pb_column type=\u00bb1_2&#8243; _builder_version=\u00bb4.16&#8243; custom_padding=\u00bb|||\u00bb global_colors_info=\u00bb{}\u00bb custom_padding__hover=\u00bb|||\u00bb][et_pb_image src=\u00bbhttps:\/\/www.claret.org\/wp-content\/uploads\/2023\/07\/f-3-2-scaled.jpg\u00bb title_text=\u00bbf 3 (2)\u00bb _builder_version=\u00bb4.21.0&#8243; _module_preset=\u00bbdefault\u00bb box_shadow_style=\u00bbpreset1&#8243; global_colors_info=\u00bb{}\u00bb][\/et_pb_image][et_pb_image src=\u00bbhttps:\/\/www.claret.org\/wp-content\/uploads\/2023\/07\/f.-4-2-scaled.jpg\u00bb title_text=\u00bbf. 4 (2)\u00bb _builder_version=\u00bb4.21.0&#8243; _module_preset=\u00bbdefault\u00bb box_shadow_style=\u00bbpreset1&#8243; global_colors_info=\u00bb{}\u00bb][\/et_pb_image][\/et_pb_column][et_pb_column type=\u00bb1_2&#8243; specialty_columns=\u00bb2&#8243; _builder_version=\u00bb4.16&#8243; custom_padding=\u00bb|||\u00bb global_colors_info=\u00bb{}\u00bb custom_padding__hover=\u00bb|||\u00bb][et_pb_row_inner column_structure=\u00bb1_2,1_2&#8243; _builder_version=\u00bb4.21.0&#8243; _module_preset=\u00bbdefault\u00bb global_colors_info=\u00bb{}\u00bb][et_pb_column_inner type=\u00bb1_2&#8243; saved_specialty_column_type=\u00bb1_2&#8243; _builder_version=\u00bb4.21.0&#8243; _module_preset=\u00bbdefault\u00bb global_colors_info=\u00bb{}\u00bb][et_pb_image src=\u00bbhttps:\/\/www.claret.org\/wp-content\/uploads\/2023\/07\/f.-1-1.jpg\u00bb title_text=\u00bbf. 1&#8243; _builder_version=\u00bb4.21.0&#8243; _module_preset=\u00bbdefault\u00bb box_shadow_style=\u00bbpreset1&#8243; global_colors_info=\u00bb{}\u00bb][\/et_pb_image][\/et_pb_column_inner][et_pb_column_inner type=\u00bb1_2&#8243; saved_specialty_column_type=\u00bb1_2&#8243; _builder_version=\u00bb4.21.0&#8243; _module_preset=\u00bbdefault\u00bb global_colors_info=\u00bb{}\u00bb][et_pb_image src=\u00bbhttps:\/\/www.claret.org\/wp-content\/uploads\/2023\/07\/f.5-scaled.jpg\u00bb title_text=\u00bbf.5&#8243; _builder_version=\u00bb4.21.0&#8243; _module_preset=\u00bbdefault\u00bb box_shadow_style=\u00bbpreset1&#8243; global_colors_info=\u00bb{}\u00bb][\/et_pb_image][\/et_pb_column_inner][\/et_pb_row_inner][et_pb_row_inner _builder_version=\u00bb4.21.0&#8243; _module_preset=\u00bbdefault\u00bb global_colors_info=\u00bb{}\u00bb][et_pb_column_inner saved_specialty_column_type=\u00bb1_2&#8243; _builder_version=\u00bb4.21.0&#8243; _module_preset=\u00bbdefault\u00bb global_colors_info=\u00bb{}\u00bb][et_pb_image src=\u00bbhttps:\/\/www.claret.org\/wp-content\/uploads\/2023\/07\/f.2-1-scaled.jpg\u00bb title_text=\u00bbf.2&#8243; _builder_version=\u00bb4.21.0&#8243; _module_preset=\u00bbdefault\u00bb box_shadow_style=\u00bbpreset1&#8243; global_colors_info=\u00bb{}\u00bb][\/et_pb_image][\/et_pb_column_inner][\/et_pb_row_inner][et_pb_row_inner _builder_version=\u00bb4.21.0&#8243; _module_preset=\u00bbdefault\u00bb global_colors_info=\u00bb{}\u00bb][et_pb_column_inner saved_specialty_column_type=\u00bb1_2&#8243; _builder_version=\u00bb4.21.0&#8243; _module_preset=\u00bbdefault\u00bb global_colors_info=\u00bb{}\u00bb][et_pb_image src=\u00bbhttps:\/\/www.claret.org\/wp-content\/uploads\/2023\/07\/f-6-2-scaled.jpg\u00bb title_text=\u00bbf 6 (2)\u00bb _builder_version=\u00bb4.21.0&#8243; _module_preset=\u00bbdefault\u00bb box_shadow_style=\u00bbpreset1&#8243; global_colors_info=\u00bb{}\u00bb][\/et_pb_image][\/et_pb_column_inner][\/et_pb_row_inner][\/et_pb_column][\/et_pb_section]<\/p>\n","protected":false},"excerpt":{"rendered":"<p>Descargar para m\u00e1s informaci\u00f3n:<\/p>\n","protected":false},"author":1,"featured_media":151627,"parent":152227,"menu_order":0,"comment_status":"closed","ping_status":"closed","template":"","meta":{"_et_pb_use_builder":"on","_et_pb_old_content":"","_et_gb_content_width":"","footnotes":""},"class_list":["post-152615","page","type-page","status-publish","has-post-thumbnail","hentry"],"jetpack_sharing_enabled":true,"jetpack_shortlink":"https:\/\/wp.me\/PdaBmi-DHx","jetpack_likes_enabled":true,"_links":{"self":[{"href":"https:\/\/www.claret.org\/es\/wp-json\/wp\/v2\/pages\/152615","targetHints":{"allow":["GET"]}}],"collection":[{"href":"https:\/\/www.claret.org\/es\/wp-json\/wp\/v2\/pages"}],"about":[{"href":"https:\/\/www.claret.org\/es\/wp-json\/wp\/v2\/types\/page"}],"author":[{"embeddable":true,"href":"https:\/\/www.claret.org\/es\/wp-json\/wp\/v2\/users\/1"}],"replies":[{"embeddable":true,"href":"https:\/\/www.claret.org\/es\/wp-json\/wp\/v2\/comments?post=152615"}],"version-history":[{"count":0,"href":"https:\/\/www.claret.org\/es\/wp-json\/wp\/v2\/pages\/152615\/revisions"}],"up":[{"embeddable":true,"href":"https:\/\/www.claret.org\/es\/wp-json\/wp\/v2\/pages\/152227"}],"wp:featuredmedia":[{"embeddable":true,"href":"https:\/\/www.claret.org\/es\/wp-json\/wp\/v2\/media\/151627"}],"wp:attachment":[{"href":"https:\/\/www.claret.org\/es\/wp-json\/wp\/v2\/media?parent=152615"}],"curies":[{"name":"wp","href":"https:\/\/api.w.org\/{rel}","templated":true}]}}