{"id":163004,"date":"2024-02-07T17:26:58","date_gmt":"2024-02-07T16:26:58","guid":{"rendered":"https:\/\/www.claret.org\/logotipo-del-jubileo\/"},"modified":"2024-06-17T22:40:27","modified_gmt":"2024-06-17T20:40:27","slug":"logotipo-del-jubileo","status":"publish","type":"page","link":"https:\/\/www.claret.org\/es\/jubileo\/logotipo-del-jubileo\/","title":{"rendered":"Logotipo del Jubileo"},"content":{"rendered":"<p>[et_pb_section fb_built=\u00bb1&#8243; _builder_version=\u00bb4.21.0&#8243; _module_preset=\u00bbdefault\u00bb custom_padding=\u00bb23px||12px|||\u00bb global_colors_info=\u00bb{}\u00bb theme_builder_area=\u00bbpost_content\u00bb][et_pb_row column_structure=\u00bb1_2,1_2&#8243; _builder_version=\u00bb4.21.0&#8243; _module_preset=\u00bbdefault\u00bb global_colors_info=\u00bb{}\u00bb theme_builder_area=\u00bbpost_content\u00bb][et_pb_column type=\u00bb1_2&#8243; _builder_version=\u00bb4.21.0&#8243; _module_preset=\u00bbdefault\u00bb global_colors_info=\u00bb{}\u00bb theme_builder_area=\u00bbpost_content\u00bb][et_pb_text _builder_version=\u00bb4.21.0&#8243; _module_preset=\u00bbdefault\u00bb global_colors_info=\u00bb{}\u00bb theme_builder_area=\u00bbpost_content\u00bb]<\/p>\n<h1>EL LOGOTIPO<\/h1>\n<p>En la propuesta de logotipo quer\u00edamos que fuera universa, no dependiera de idiomas, explicaci\u00f3nes. Pero al mismo tiempo fuera sumamente sencillo. El centro del logotipo es un CMF (Hijo del Coraz\u00f3n de Mar\u00eda). Algo identificativo, sencillo, mariano, universal. Est\u00e1 hecho con tipograf\u00eda caligr\u00e1fica, sencilla y muy \u201cr\u00e1pida\u201d. Pero con una l\u00ednea horizontal algo redondeada, \u201cabrazando\u201d las realizadas que le rodea, y conjuntamente con la \u201cf\u201d forman una cruz como signo de que detr\u00e1s de todo est\u00e1 Dios (la mayor gloria de Dios). Fuera del elemento principal, a la derecha, ponemos ese 175 con n\u00fameros. Est\u00e1 descentrado, destacando y d\u00e1ndole importancia, pero tampoco siendo lo m\u00e1s relevante del la imagen.<\/p>\n<p>Como tercer elemento tenemos el fuego del Esp\u00edritu Santo. Un fuego con movimiento, din\u00e1mico, agitado, con llamas que salen de la llama principal. Un s\u00edmbolo que nace de las propias siglas \u201ccmf\u201d. Esto es lo que redondea completamente el logotipo y engancha con el lema, 175 a\u00f1os abrasando con el fuego del Esp\u00edritu.<\/p>\n<p>Los Misioneros Claretianos son la herramienta, que tiene el Esp\u00edritu Santo, para encender por todos los medios a los hombres en el fuego del amor.<\/p>\n<p>[\/et_pb_text][\/et_pb_column][et_pb_column type=\u00bb1_2&#8243; _builder_version=\u00bb4.21.0&#8243; _module_preset=\u00bbdefault\u00bb global_colors_info=\u00bb{}\u00bb theme_builder_area=\u00bbpost_content\u00bb][et_pb_image src=\u00bbhttps:\/\/www.claret.org\/wp-content\/uploads\/2024\/01\/Es-175-jubilee.png\u00bb title_text=\u00bb175 jubileo\u00bb _builder_version=\u00bb4.24.0&#8243; _module_preset=\u00bbdefault\u00bb global_colors_info=\u00bb{}\u00bb theme_builder_area=\u00bbpost_content\u00bb][\/et_pb_image][\/et_pb_column][\/et_pb_row][\/et_pb_section][et_pb_section fb_built=\u00bb1&#8243; _builder_version=\u00bb4.21.0&#8243; _module_preset=\u00bbdefault\u00bb custom_padding=\u00bb14px|||||\u00bb global_colors_info=\u00bb{}\u00bb theme_builder_area=\u00bbpost_content\u00bb][et_pb_row _builder_version=\u00bb4.21.0&#8243; _module_preset=\u00bbdefault\u00bb global_colors_info=\u00bb{}\u00bb theme_builder_area=\u00bbpost_content\u00bb][et_pb_column type=\u00bb4_4&#8243; _builder_version=\u00bb4.21.0&#8243; _module_preset=\u00bbdefault\u00bb global_colors_info=\u00bb{}\u00bb theme_builder_area=\u00bbpost_content\u00bb][et_pb_text _builder_version=\u00bb4.21.0&#8243; _module_preset=\u00bbdefault\u00bb header_font=\u00bb|700|||||||\u00bb header_2_font=\u00bb|700|||||||\u00bb header_2_text_align=\u00bbcenter\u00bb header_2_text_color=\u00bb#e57600&#8243; custom_margin=\u00bb||8px|||\u00bb global_colors_info=\u00bb{}\u00bb theme_builder_area=\u00bbpost_content\u00bb]<\/p>\n<h2>DESCARGAR EL LOGOTIPO EN FORMATO PNG O JPG<\/h2>\n<p>[\/et_pb_text][divi_wpfd_file_category category_id=\u00bb{%22categoryId%22:%225053%22,%22categoryPath%22:%22Iubilaeum&#8212;Logo%22}\u00bb _builder_version=\u00bb4.24.0&#8243; _module_preset=\u00bbdefault\u00bb hover_enabled=\u00bb0&#8243; global_colors_info=\u00bb{}\u00bb theme_builder_area=\u00bbpost_content\u00bb sticky_enabled=\u00bb0&#8243;][\/divi_wpfd_file_category][\/et_pb_column][\/et_pb_row][\/et_pb_section]<\/p>\n","protected":false},"excerpt":{"rendered":"<p>Logotipo de la celebraci\u00f3n del 175 aniversario de la fundaci\u00f3n de los misioneros claretianos<\/p>\n","protected":false},"author":2,"featured_media":161755,"parent":149825,"menu_order":0,"comment_status":"closed","ping_status":"closed","template":"","meta":{"_et_pb_use_builder":"on","_et_pb_old_content":"","_et_gb_content_width":"","footnotes":""},"class_list":["post-163004","page","type-page","status-publish","has-post-thumbnail","hentry"],"jetpack_sharing_enabled":true,"jetpack_shortlink":"https:\/\/wp.me\/PdaBmi-Gp6","jetpack_likes_enabled":true,"_links":{"self":[{"href":"https:\/\/www.claret.org\/es\/wp-json\/wp\/v2\/pages\/163004","targetHints":{"allow":["GET"]}}],"collection":[{"href":"https:\/\/www.claret.org\/es\/wp-json\/wp\/v2\/pages"}],"about":[{"href":"https:\/\/www.claret.org\/es\/wp-json\/wp\/v2\/types\/page"}],"author":[{"embeddable":true,"href":"https:\/\/www.claret.org\/es\/wp-json\/wp\/v2\/users\/2"}],"replies":[{"embeddable":true,"href":"https:\/\/www.claret.org\/es\/wp-json\/wp\/v2\/comments?post=163004"}],"version-history":[{"count":0,"href":"https:\/\/www.claret.org\/es\/wp-json\/wp\/v2\/pages\/163004\/revisions"}],"up":[{"embeddable":true,"href":"https:\/\/www.claret.org\/es\/wp-json\/wp\/v2\/pages\/149825"}],"wp:featuredmedia":[{"embeddable":true,"href":"https:\/\/www.claret.org\/es\/wp-json\/wp\/v2\/media\/161755"}],"wp:attachment":[{"href":"https:\/\/www.claret.org\/es\/wp-json\/wp\/v2\/media?parent=163004"}],"curies":[{"name":"wp","href":"https:\/\/api.w.org\/{rel}","templated":true}]}}