{"id":163015,"date":"2024-02-07T17:59:40","date_gmt":"2024-02-07T16:59:40","guid":{"rendered":"https:\/\/www.claret.org\/unete-a-nuestro-sueno-2\/"},"modified":"2025-03-24T15:56:57","modified_gmt":"2025-03-24T14:56:57","slug":"unete-a-nuestro-sueno-2","status":"publish","type":"page","link":"https:\/\/www.claret.org\/es\/unete-a-nuestro-sueno-2\/","title":{"rendered":"\u00danete a nuestro sue\u00f1o"},"content":{"rendered":"<p>[et_pb_section fb_built=\u00bb1&#8243; fullwidth=\u00bbon\u00bb _builder_version=\u00bb4.16&#8243; _module_preset=\u00bbdefault\u00bb global_colors_info=\u00bb{}\u00bb][et_pb_fullwidth_header title=\u00bb@ET-DC@eyJkeW5hbWljIjp0cnVlLCJjb250ZW50IjoicG9zdF90aXRsZSIsInNldHRpbmdzIjp7ImJlZm9yZSI6IiIsImFmdGVyIjoiIn19@\u00bb _builder_version=\u00bb4.17.6&#8243; _dynamic_attributes=\u00bbtitle\u00bb _module_preset=\u00bbdefault\u00bb background_color=\u00bb#f75a00&#8243; global_colors_info=\u00bb{}\u00bb]<\/p>\n<p>Hay muchas maneras de unirse a nuestro Sue\u00f1o. Aqu\u00ed tienes las diferentes formas en las que puedes formar parte de \u00e9l:<\/p>\n<p>[\/et_pb_fullwidth_header][\/et_pb_section][et_pb_section fb_built=\u00bb1&#8243; fullwidth=\u00bbon\u00bb _builder_version=\u00bb4.16&#8243; _module_preset=\u00bbdefault\u00bb global_colors_info=\u00bb{}\u00bb][et_pb_fullwidth_header title=\u00bbS\u00c9 UN COLABORADOR DE LA MISI\u00d3N\u00bb _builder_version=\u00bb4.17.6&#8243; _module_preset=\u00bbdefault\u00bb content_link_text_color=\u00bb#EDF000&#8243; background_color=\u00bbrgba(255,220,165,0.66)\u00bb background_layout=\u00bblight\u00bb global_colors_info=\u00bb{}\u00bb]<\/p>\n<p>Algunas de las Provincias y Delegaciones claretianas tienen programas de voluntariado en los que puedes apuntarte y hacer una experiencia de un mes o varios meses en los lugares de misi\u00f3n. Puedes consultar con ellos si tienen un programa en el pa\u00eds en el que te encuentras.<\/p>\n<p>La mayor\u00eda de las comunidades claretianas de todo el mundo invitan colaboradores de misiones en sus respectivas parroquias, escuelas y programas de asistencia social.<\/p>\n<p>[\/et_pb_fullwidth_header][\/et_pb_section][et_pb_section fb_built=\u00bb1&#8243; fullwidth=\u00bbon\u00bb _builder_version=\u00bb4.16&#8243; _module_preset=\u00bbdefault\u00bb global_colors_info=\u00bb{}\u00bb][et_pb_fullwidth_header title=\u00bbAPOYA NUESTRAS MISIONES\u00bb background_overlay_color=\u00bbrgba(0,106,193,0.91)\u00bb _builder_version=\u00bb4.17.6&#8243; _module_preset=\u00bbdefault\u00bb content_link_text_color=\u00bb#FFFFFF\u00bb background_color=\u00bb#0C71C3&#8243; background_image=\u00bbhttps:\/\/www.claret.org\/wp-content\/uploads\/2022\/07\/with-Lord-Winner.jpg\u00bb parallax=\u00bbon\u00bb background_blend=\u00bbdarken\u00bb child_filter_saturate=\u00bb99%\u00bb global_colors_info=\u00bb{}\u00bb]<\/p>\n<p>Puedes apoyar nuestras misiones haciendo un donativo a la Procura General de Misiones a trav\u00e9s de Proclade Internationale. La persona encargada es el P. Lord Winner, CMF. A continuaci\u00f3n, los datos de la cuenta bancaria:<\/p>\n<p>Nombre del banco: UNICREDIT<br \/>Direcci\u00f3n del banco: 30643 Roma CIVININI, Roma, Italia.<br \/>C\u00f3digo SWIFT: UNCRITM1113<br \/>N\u00famero de cuenta o IBAN: IT 73 G 02008 05170 000101556451<br \/>Nombre del titular de la cuenta: PROCLADE INTERNAZIONALE Onlus<\/p>\n<h2>Direcci\u00f3n del titular de la cuenta:<\/h2>\n<p>PROCLADE INTERNAZIONALE Onlus<br \/>Missionari Clarettiani<br \/>Via Sacro Cuore di Maria, 5<br \/>00197 ROMA, Italia<br \/>Tel: 06 80910008 \u2013 Fax: 06 80910047<br \/>Email: projects.proclade@gmail.com<\/p>\n<p>Sitio web:\u00a0<a href=\"http:\/\/www.procladeint.org\/\" target=\"_blank\" rel=\"noopener nofollow\">http:\/\/www.procladeint.org<\/a><\/p>\n<p>[\/et_pb_fullwidth_header][\/et_pb_section][et_pb_section fb_built=\u00bb1&#8243; fullwidth=\u00bbon\u00bb _builder_version=\u00bb4.16&#8243; _module_preset=\u00bbdefault\u00bb global_colors_info=\u00bb{}\u00bb][et_pb_fullwidth_header title=\u00bbS\u00c9 UN MISIONERO CLARETIANO\u00bb _builder_version=\u00bb4.24.0&#8243; _module_preset=\u00bbdefault\u00bb title_font=\u00bb|600|||||||\u00bb background_color=\u00bb#FFFFFF\u00bb background_enable_image=\u00bboff\u00bb parallax=\u00bbon\u00bb background_layout=\u00bblight\u00bb global_colors_info=\u00bb{}\u00bb]<\/p>\n<p>Si te sientes llamado a ser claretiano, hermano religioso o sacerdote, y est\u00e1s dispuesto a formarte como Hijo del Inmaculado Coraz\u00f3n de Mar\u00eda, puedes contactar con los Misioneros Claretianos de tu pa\u00eds.<\/p>\n<p>Puedes encontrarnos en: ANGOLA | ARGENTINA | AUSTRALIA | AUSTRIA | BANGLADESH | BELARUS | BOLIVIA | BRASIL | BURKINA FASO | CAMEROUN | CANADA | CHAD | CHILE | CHINA | COLOMBIA | COSTA RICA | C\u00d4TE D\u2019IVOIRE | CUBA | DEUTSCHLAND | ECUADOR | EL SALVADOR | ESPA\u00d1A | FRANCE | GABON | GHANA | GUATEMALA | GUINEA ECUATORIAL | HA\u00cfTI | HONDURAS | INDIA | INDONESIA | ITALIA | JAPAN | KENYA | MADAGASCAR | MALAYSIA | M\u00c9XICO | MO\u00c7AMBIQUE | MYANMAR | NEW ZEALAND | NICARAGUA | NIGERIA | PANAM\u00c1 | PARAGUAY | PER\u00da | PHILIPPINES | POLSKA | PORTUGAL | PUERTO RICO | REPUBLIKA CZESKA | REP\u00daBLICA DOMINICANA | REPUBLIQUE DEMOCRATIQUE DU CONGO | RUSSIA | S\u00c3O TOM\u00c9 E PR\u00cdNCIPE | SCHWEIZ | SLOVENIJA | SOUTH AFRICA | SOUTH KOREA | SRI LANKA | TAIWAN | TANZANIA | TIMOR LESTE | UGANDA | UKRAINE | UNITED KINGDOM | UNITED STATES OF AMERICA | URUGUAY | VENEZUELA | VIETNAM | ZIMBABWE<\/p>\n<p>[\/et_pb_fullwidth_header][\/et_pb_section][et_pb_section fb_built=\u00bb1&#8243; fullwidth=\u00bbon\u00bb _builder_version=\u00bb4.24.0&#8243; _module_preset=\u00bbdefault\u00bb global_colors_info=\u00bb{}\u00bb][\/et_pb_section]<\/p>\n","protected":false},"excerpt":{"rendered":"<p>Estas son las muchas maneras en que puedes ser parte de nuestro Sue\u00f1o: \u00a1s\u00e9 colaborador de misi\u00f3n, apoya nuestras Misiones con fondos, s\u00e9 un Misionero Claretiano, \u00fanete y celebra la Jornada Misionera Claretiana!<\/p>\n","protected":false},"author":2,"featured_media":0,"parent":0,"menu_order":0,"comment_status":"closed","ping_status":"closed","template":"","meta":{"_et_pb_use_builder":"on","_et_pb_old_content":"","_et_gb_content_width":"","footnotes":""},"class_list":["post-163015","page","type-page","status-publish","hentry"],"jetpack_sharing_enabled":true,"jetpack_shortlink":"https:\/\/wp.me\/PdaBmi-Gph","jetpack_likes_enabled":true,"_links":{"self":[{"href":"https:\/\/www.claret.org\/es\/wp-json\/wp\/v2\/pages\/163015","targetHints":{"allow":["GET"]}}],"collection":[{"href":"https:\/\/www.claret.org\/es\/wp-json\/wp\/v2\/pages"}],"about":[{"href":"https:\/\/www.claret.org\/es\/wp-json\/wp\/v2\/types\/page"}],"author":[{"embeddable":true,"href":"https:\/\/www.claret.org\/es\/wp-json\/wp\/v2\/users\/2"}],"replies":[{"embeddable":true,"href":"https:\/\/www.claret.org\/es\/wp-json\/wp\/v2\/comments?post=163015"}],"version-history":[{"count":3,"href":"https:\/\/www.claret.org\/es\/wp-json\/wp\/v2\/pages\/163015\/revisions"}],"predecessor-version":[{"id":178167,"href":"https:\/\/www.claret.org\/es\/wp-json\/wp\/v2\/pages\/163015\/revisions\/178167"}],"wp:attachment":[{"href":"https:\/\/www.claret.org\/es\/wp-json\/wp\/v2\/media?parent=163015"}],"curies":[{"name":"wp","href":"https:\/\/api.w.org\/{rel}","templated":true}]}}