{"id":167865,"date":"2024-02-06T22:34:31","date_gmt":"2024-02-06T21:34:31","guid":{"rendered":"https:\/\/www.claret.org\/santoral-claretiano-fotos\/"},"modified":"2025-06-25T11:21:17","modified_gmt":"2025-06-25T09:21:17","slug":"santoral-claretiano-fotos","status":"publish","type":"page","link":"https:\/\/www.claret.org\/es\/fotos-claretianas\/santoral-claretiano-fotos\/","title":{"rendered":"Santoral Claretiano Fotos"},"content":{"rendered":"<p>[et_pb_section fb_built=\u00bb1&#8243; theme_builder_area=\u00bbpost_content\u00bb _builder_version=\u00bb4.27.3&#8243; _module_preset=\u00bbdefault\u00bb][et_pb_row _builder_version=\u00bb4.27.3&#8243; _module_preset=\u00bbdefault\u00bb theme_builder_area=\u00bbpost_content\u00bb][et_pb_column _builder_version=\u00bb4.27.3&#8243; _module_preset=\u00bbdefault\u00bb type=\u00bb4_4&#8243; theme_builder_area=\u00bbpost_content\u00bb]<\/p>\n<p>[igd_shortcodes id=\u00bb39&#8243;]<\/p>\n<p>[\/et_pb_column][\/et_pb_row][\/et_pb_section]<\/p>\n","protected":false},"excerpt":{"rendered":"<p>Im\u00e1genes del Inmaculado Coraz\u00f3n de Mar\u00eda, los copatrocinadores de la Congregaci\u00f3n, los beatos m\u00e1rtires claretianos, los claretianos declarados venerables y siervos de Dios.<\/p>\n","protected":false},"author":2,"featured_media":0,"parent":163652,"menu_order":0,"comment_status":"closed","ping_status":"closed","template":"","meta":{"_et_pb_use_builder":"on","_et_pb_old_content":"","_et_gb_content_width":"","footnotes":""},"class_list":["post-167865","page","type-page","status-publish","hentry"],"jetpack_sharing_enabled":true,"jetpack_shortlink":"https:\/\/wp.me\/PdaBmi-HFv","jetpack_likes_enabled":true,"_links":{"self":[{"href":"https:\/\/www.claret.org\/es\/wp-json\/wp\/v2\/pages\/167865","targetHints":{"allow":["GET"]}}],"collection":[{"href":"https:\/\/www.claret.org\/es\/wp-json\/wp\/v2\/pages"}],"about":[{"href":"https:\/\/www.claret.org\/es\/wp-json\/wp\/v2\/types\/page"}],"author":[{"embeddable":true,"href":"https:\/\/www.claret.org\/es\/wp-json\/wp\/v2\/users\/2"}],"replies":[{"embeddable":true,"href":"https:\/\/www.claret.org\/es\/wp-json\/wp\/v2\/comments?post=167865"}],"version-history":[{"count":3,"href":"https:\/\/www.claret.org\/es\/wp-json\/wp\/v2\/pages\/167865\/revisions"}],"predecessor-version":[{"id":180081,"href":"https:\/\/www.claret.org\/es\/wp-json\/wp\/v2\/pages\/167865\/revisions\/180081"}],"up":[{"embeddable":true,"href":"https:\/\/www.claret.org\/es\/wp-json\/wp\/v2\/pages\/163652"}],"wp:attachment":[{"href":"https:\/\/www.claret.org\/es\/wp-json\/wp\/v2\/media?parent=167865"}],"curies":[{"name":"wp","href":"https:\/\/api.w.org\/{rel}","templated":true}]}}