{"id":179436,"date":"2025-03-12T12:03:01","date_gmt":"2025-03-12T11:03:01","guid":{"rendered":"https:\/\/www.claret.org\/claret-way\/"},"modified":"2025-05-14T12:22:54","modified_gmt":"2025-05-14T10:22:54","slug":"claret-way","status":"publish","type":"page","link":"https:\/\/www.claret.org\/es\/claret-way\/","title":{"rendered":"Claret Way"},"content":{"rendered":"<p>[et_pb_section fb_built=\u00bb1&#8243; admin_label=\u00bbAbout\u00bb _builder_version=\u00bb4.22.1&#8243; _module_preset=\u00bbdefault\u00bb background_color=\u00bbrgba(209,185,169,0.56)\u00bb custom_margin=\u00bb1px||52px|||\u00bb custom_padding=\u00bb80px|||||\u00bb collapsed=\u00bbon\u00bb global_colors_info=\u00bb{%22gcid-8d5e1208-6f7f-4920-8a25-a563d46795d8%22:%91%22background_color%22%93}\u00bb theme_builder_area=\u00bbpost_content\u00bb][et_pb_row column_structure=\u00bb1_2,1_2&#8243; _builder_version=\u00bb4.20.0&#8243; _module_preset=\u00bbdefault\u00bb global_colors_info=\u00bb{}\u00bb theme_builder_area=\u00bbpost_content\u00bb][et_pb_column type=\u00bb1_2&#8243; _builder_version=\u00bb4.20.0&#8243; _module_preset=\u00bbdefault\u00bb global_colors_info=\u00bb{}\u00bb theme_builder_area=\u00bbpost_content\u00bb][et_pb_text _builder_version=\u00bb4.22.1&#8243; _module_preset=\u00bb562efa82-9af7-4451-bc06-680596b8795b\u00bb global_colors_info=\u00bb{}\u00bb theme_builder_area=\u00bbpost_content\u00bb]<\/p>\n<h2 style=\"text-align: center;\">Claret &#8211; Way<\/h2>\n<p>[\/et_pb_text][et_pb_text _builder_version=\u00bb4.22.1&#8243; _module_preset=\u00bb3c3005aa-3a49-432a-b913-a492af7d1ac1&#8243; text_font=\u00bb||||||||\u00bb text_font_size=\u00bb20px\u00bb global_colors_info=\u00bb{}\u00bb theme_builder_area=\u00bbpost_content\u00bb]<\/p>\n<p style=\"text-align: center;\">La red mundial de j\u00f3venes claretianos une a todos los j\u00f3venes de 18 a 30 a\u00f1os, desde las realidades de la familia claretiana, integrando las propuestas locales y regionales de la CVM en la FC, con el fin de ofrecer experiencias y espacios de comuni\u00f3n en la misi\u00f3n universal de la Iglesia bajo nuestro carisma claretiano, siguiendo el estilo de vida de Jes\u00fas.<\/p>\n<p>[\/et_pb_text][et_pb_button button_url=\u00bbhttps:\/\/www.claretway.org\/en\u00bb url_new_window=\u00bbon\u00bb button_text=\u00bbLeer m\u00e1s\u00bb button_alignment=\u00bbcenter\u00bb _builder_version=\u00bb4.22.1&#8243; _module_preset=\u00bb8585178e-2b2f-4ac0-85a0-a0103988fb92&#8243; global_colors_info=\u00bb{}\u00bb theme_builder_area=\u00bbpost_content\u00bb][\/et_pb_button][et_pb_button button_url=\u00bbhttps:\/\/www.canva.com\/design\/DAF9LGTAIQo\/4r51bqiMbUcmXPnaphBYRA\/view?utm_content=DAF9LGTAIQo&amp;utm_campaign=designshare&amp;utm_medium=link&amp;utm_source=recording_view\u00bb url_new_window=\u00bbon\u00bb button_text=\u00bbFormaci\u00f3n Claret Way\u00bb button_alignment=\u00bbcenter\u00bb _builder_version=\u00bb4.24.2&#8243; _module_preset=\u00bbdefault\u00bb custom_button=\u00bbon\u00bb button_border_radius=\u00bb0px\u00bb button_letter_spacing=\u00bb0px\u00bb button_icon=\u00bb&#xe04e;||divi||400&#8243; global_colors_info=\u00bb{}\u00bb theme_builder_area=\u00bbpost_content\u00bb][\/et_pb_button][\/et_pb_column][et_pb_column type=\u00bb1_2&#8243; _builder_version=\u00bb4.20.0&#8243; _module_preset=\u00bbdefault\u00bb global_colors_info=\u00bb{}\u00bb theme_builder_area=\u00bbpost_content\u00bb][et_pb_image src=\u00bbhttps:\/\/www.claret.org\/wp-content\/uploads\/2023\/09\/CW-Logo-vertical_v2-_2000x.png\u00bb title_text=\u00bbCW Logo vertical_v2 _2000x\u00bb force_fullwidth=\u00bbon\u00bb _builder_version=\u00bb4.22.2&#8243; _module_preset=\u00bbdefault\u00bb border_radii=\u00bboff|10px|500px|500px|10px\u00bb global_colors_info=\u00bb{}\u00bb theme_builder_area=\u00bbpost_content\u00bb][\/et_pb_image][\/et_pb_column][\/et_pb_row][et_pb_row _builder_version=\u00bb4.22.2&#8243; _module_preset=\u00bbdefault\u00bb global_colors_info=\u00bb{}\u00bb theme_builder_area=\u00bbpost_content\u00bb][et_pb_column type=\u00bb4_4&#8243; _builder_version=\u00bb4.22.2&#8243; _module_preset=\u00bbdefault\u00bb global_colors_info=\u00bb{}\u00bb theme_builder_area=\u00bbpost_content\u00bb][et_pb_divider _builder_version=\u00bb4.22.2&#8243; _module_preset=\u00bbdefault\u00bb custom_margin=\u00bb-10px|||||\u00bb global_colors_info=\u00bb{}\u00bb theme_builder_area=\u00bbpost_content\u00bb][\/et_pb_divider][\/et_pb_column][\/et_pb_row][et_pb_row column_structure=\u00bb1_4,1_4,1_4,1_4&#8243; _builder_version=\u00bb4.22.2&#8243; _module_preset=\u00bbdefault\u00bb custom_margin=\u00bb-34px|auto||auto||\u00bb global_colors_info=\u00bb{}\u00bb theme_builder_area=\u00bbpost_content\u00bb][et_pb_column type=\u00bb1_4&#8243; _builder_version=\u00bb4.22.2&#8243; _module_preset=\u00bbdefault\u00bb global_colors_info=\u00bb{}\u00bb theme_builder_area=\u00bbpost_content\u00bb][et_pb_image src=\u00bbhttps:\/\/www.claret.org\/wp-content\/uploads\/2023\/10\/CLARET-WAY-GLOBAL-NETWORK-OF-YOUNG-PEOPLE-OF-THE-CF-1-1.jpg\u00bb title_text=\u00bbCLARET WAY GLOBAL NETWORK OF YOUNG PEOPLE OF THE CF-1&#8243; url=\u00bbhttps:\/\/www.claret.org\/download\/5110\/claret-way-fundamental-document\/157432\/en-claret-way-global-network-of-young-people-of-the-cf?lang=en\u00bb _builder_version=\u00bb4.22.2&#8243; _module_preset=\u00bbdefault\u00bb global_colors_info=\u00bb{}\u00bb theme_builder_area=\u00bbpost_content\u00bb][\/et_pb_image][et_pb_button button_url=\u00bbhttps:\/\/www.claret.org\/download\/5110\/claret-way-fundamental-document\/157432\/en-claret-way-global-network-of-young-people-of-the-cf?lang=en\u00bb button_text=\u00bbDescargar English\u00bb button_alignment=\u00bbcenter\u00bb _builder_version=\u00bb4.22.2&#8243; _module_preset=\u00bbdefault\u00bb global_colors_info=\u00bb{}\u00bb theme_builder_area=\u00bbpost_content\u00bb][\/et_pb_button][\/et_pb_column][et_pb_column type=\u00bb1_4&#8243; _builder_version=\u00bb4.22.2&#8243; _module_preset=\u00bbdefault\u00bb global_colors_info=\u00bb{}\u00bb theme_builder_area=\u00bbpost_content\u00bb][et_pb_image src=\u00bbhttps:\/\/www.claret.org\/wp-content\/uploads\/2023\/10\/CLARET-WAY-GLOBAL-RED-DE-JOVENES-DE-LA-FAMILIA-CLARETIANA-1-1.jpg\u00bb title_text=\u00bbCLARET WAY GLOBAL &#8211; RED DE J\u00d3VENES DE LA FAMILIA CLARETIANA-1&#8243; url=\u00bbhttps:\/\/www.claret.org\/download\/5110\/claret-way-fundamental-document\/157433\/es-claret-way-global-red-de-jovenes-de-la-familia-claretiana?lang=en\u00bb _builder_version=\u00bb4.22.2&#8243; _module_preset=\u00bbdefault\u00bb global_colors_info=\u00bb{}\u00bb theme_builder_area=\u00bbpost_content\u00bb][\/et_pb_image][et_pb_button button_url=\u00bbhttps:\/\/www.claret.org\/download\/5110\/claret-way-fundamental-document\/157433\/es-claret-way-global-red-de-jovenes-de-la-familia-claretiana?lang=en\u00bb button_text=\u00bbDescargar Espa\u00f1ol\u00bb button_alignment=\u00bbcenter\u00bb _builder_version=\u00bb4.22.2&#8243; _module_preset=\u00bbdefault\u00bb global_colors_info=\u00bb{}\u00bb theme_builder_area=\u00bbpost_content\u00bb][\/et_pb_button][\/et_pb_column][et_pb_column type=\u00bb1_4&#8243; _builder_version=\u00bb4.22.2&#8243; _module_preset=\u00bbdefault\u00bb global_colors_info=\u00bb{}\u00bb theme_builder_area=\u00bbpost_content\u00bb][et_pb_image src=\u00bbhttps:\/\/www.claret.org\/wp-content\/uploads\/2023\/10\/CLARET-WAY-GLOBAL-REDE-DE-JOVENS-DA-FAMILIA-CLARETIANA-1.jpg\u00bb title_text=\u00bbCLARET WAY GLOBAL &#8211; REDE DE JOVENS DA FAM\u00cdLIA CLARETIANA-1&#8243; url=\u00bbhttps:\/\/www.claret.org\/download\/5110\/claret-way-fundamental-document\/157431\/pt-claret-way-global-rede-de-jovens-da-familia-claretiana?lang=en\u00bb _builder_version=\u00bb4.22.2&#8243; _module_preset=\u00bbdefault\u00bb global_colors_info=\u00bb{}\u00bb theme_builder_area=\u00bbpost_content\u00bb][\/et_pb_image][et_pb_button button_url=\u00bbhttps:\/\/www.claret.org\/download\/5110\/claret-way-fundamental-document\/157431\/pt-claret-way-global-rede-de-jovens-da-familia-claretiana?lang=en\u00bb button_text=\u00bbDescargar Portugu\u00eas \u00bb _builder_version=\u00bb4.22.2&#8243; _module_preset=\u00bbdefault\u00bb custom_button=\u00bbon\u00bb button_text_size=\u00bb19px\u00bb global_colors_info=\u00bb{}\u00bb theme_builder_area=\u00bbpost_content\u00bb][\/et_pb_button][\/et_pb_column][et_pb_column type=\u00bb1_4&#8243; _builder_version=\u00bb4.22.2&#8243; _module_preset=\u00bbdefault\u00bb global_colors_info=\u00bb{}\u00bb theme_builder_area=\u00bbpost_content\u00bb][et_pb_image src=\u00bbhttps:\/\/www.claret.org\/wp-content\/uploads\/2023\/10\/CLARET-WAY-GLOBAL-RESEAU-DE-JEUNES-DE-LA-FAMILLE-CLARETAINE-1.jpg\u00bb title_text=\u00bbCLARET WAY GLOBAL &#8211; R\u00c9SEAU DE JEUNES DE LA FAMILLE CLAR\u00c9TAINE-1&#8243; url=\u00bbhttps:\/\/www.claret.org\/download\/5110\/claret-way-fundamental-document\/157434\/fh-claret-way-global-reseau-de-jeunes-de-la-famille-claretaine?lang=en\u00bb _builder_version=\u00bb4.22.2&#8243; _module_preset=\u00bbdefault\u00bb global_colors_info=\u00bb{}\u00bb theme_builder_area=\u00bbpost_content\u00bb][\/et_pb_image][et_pb_button button_url=\u00bbhttps:\/\/www.claret.org\/download\/5110\/claret-way-fundamental-document\/157434\/fh-claret-way-global-reseau-de-jeunes-de-la-famille-claretaine?lang=en\u00bb button_text=\u00bbDescargar Fran\u00e7ais\u00bb button_alignment=\u00bbcenter\u00bb _builder_version=\u00bb4.22.2&#8243; _module_preset=\u00bbdefault\u00bb global_colors_info=\u00bb{}\u00bb theme_builder_area=\u00bbpost_content\u00bb][\/et_pb_button][\/et_pb_column][\/et_pb_row][\/et_pb_section]<\/p>\n","protected":false},"excerpt":{"rendered":"<p>Claret &#8211; WayLa red mundial de j\u00f3venes claretianos une a todos los j\u00f3venes de 18 a 30 a\u00f1os, desde las realidades de la familia claretiana, integrando las propuestas locales y regionales de la CVM en la FC, con el fin de ofrecer experiencias y espacios de comuni\u00f3n en la misi\u00f3n universal de la Iglesia bajo [&hellip;]<\/p>\n","protected":false},"author":69,"featured_media":0,"parent":0,"menu_order":0,"comment_status":"closed","ping_status":"closed","template":"","meta":{"_et_pb_use_builder":"on","_et_pb_old_content":"","_et_gb_content_width":"","footnotes":""},"class_list":["post-179436","page","type-page","status-publish","hentry"],"jetpack_sharing_enabled":true,"jetpack_shortlink":"https:\/\/wp.me\/PdaBmi-KG8","jetpack_likes_enabled":true,"_links":{"self":[{"href":"https:\/\/www.claret.org\/es\/wp-json\/wp\/v2\/pages\/179436","targetHints":{"allow":["GET"]}}],"collection":[{"href":"https:\/\/www.claret.org\/es\/wp-json\/wp\/v2\/pages"}],"about":[{"href":"https:\/\/www.claret.org\/es\/wp-json\/wp\/v2\/types\/page"}],"author":[{"embeddable":true,"href":"https:\/\/www.claret.org\/es\/wp-json\/wp\/v2\/users\/69"}],"replies":[{"embeddable":true,"href":"https:\/\/www.claret.org\/es\/wp-json\/wp\/v2\/comments?post=179436"}],"version-history":[{"count":2,"href":"https:\/\/www.claret.org\/es\/wp-json\/wp\/v2\/pages\/179436\/revisions"}],"predecessor-version":[{"id":179438,"href":"https:\/\/www.claret.org\/es\/wp-json\/wp\/v2\/pages\/179436\/revisions\/179438"}],"wp:attachment":[{"href":"https:\/\/www.claret.org\/es\/wp-json\/wp\/v2\/media?parent=179436"}],"curies":[{"name":"wp","href":"https:\/\/api.w.org\/{rel}","templated":true}]}}