{"id":187460,"date":"2026-02-26T03:43:41","date_gmt":"2026-02-26T02:43:41","guid":{"rendered":"https:\/\/www.claret.org\/mensajero-de-buenas-noticias\/"},"modified":"2026-03-25T10:53:18","modified_gmt":"2026-03-25T09:53:18","slug":"mensajero-de-buenas-noticias","status":"publish","type":"page","link":"https:\/\/www.claret.org\/es\/mensajero-de-buenas-noticias\/","title":{"rendered":"Mensajero de Buenas Noticias"},"content":{"rendered":"<p>[et_pb_section fb_built=\u00bb1&#8243; _builder_version=\u00bb4.27.5&#8243; _module_preset=\u00bbdefault\u00bb background_color=\u00bb#E06100&#8243; global_colors_info=\u00bb{}\u00bb][et_pb_row column_structure=\u00bb1_3,2_3&#8243; _builder_version=\u00bb4.27.5&#8243; _module_preset=\u00bbdefault\u00bb global_colors_info=\u00bb{}\u00bb][et_pb_column type=\u00bb1_3&#8243; _builder_version=\u00bb4.27.5&#8243; _module_preset=\u00bbdefault\u00bb global_colors_info=\u00bb{}\u00bb][et_pb_text _builder_version=\u00bb4.27.5&#8243; _module_preset=\u00bbdefault\u00bb text_font_size=\u00bb19px\u00bb header_2_font=\u00bb|800|||||||\u00bb background_color=\u00bb#f2f2f2&#8243; text_orientation=\u00bbcenter\u00bb border_radii=\u00bbon|12px|12px|12px|12px\u00bb box_shadow_style=\u00bbpreset1&#8243; box_shadow_color=\u00bb#000000&#8243; global_colors_info=\u00bb{}\u00bb]<\/p>\n<p>&nbsp;<\/p>\n<p><\/p>\n<p><strong>HA-MEMBASSER<\/strong><\/p>\n<p><\/p>\n<p>Messengers of the Good News<\/p>\n<p><\/p>\n<p>&nbsp;<\/p>\n<p>[\/et_pb_text][et_pb_text _builder_version=\u00bb4.27.5&#8243; _module_preset=\u00bbdefault\u00bb text_font=\u00bb|800|||||||\u00bb text_text_color=\u00bb#FFFFFF\u00bb text_font_size=\u00bb20px\u00bb text_letter_spacing=\u00bb4px\u00bb text_line_height=\u00bb1.8em\u00bb background_color=\u00bb#ed1e33&#8243; text_orientation=\u00bbcenter\u00bb min_height=\u00bb156px\u00bb custom_padding=\u00bb||0px|||\u00bb text_text_shadow_style=\u00bbpreset1&#8243; border_radii=\u00bbon|12px|12px|12px|12px\u00bb box_shadow_style=\u00bbpreset1&#8243; box_shadow_color=\u00bb#FFFFFF\u00bb global_colors_info=\u00bb{}\u00bb]<\/p>\n<p style=\"text-align: center;\">Mensajero de Buenas Noticias<\/p>\n<p>[\/et_pb_text][et_pb_image src=\u00bbhttps:\/\/www.claret.org\/wp-content\/uploads\/2025\/12\/2025-12-15-Claret-Way-Kenya-Charles-Lwanga-1.jpg\u00bb title_text=\u00bb%912025-12-15%93 Claret Way Kenya &#8211; Charles Lwanga-1&#8243; _builder_version=\u00bb4.27.5&#8243; _module_preset=\u00bbdefault\u00bb border_radii=\u00bbon|12px|12px|12px|12px\u00bb box_shadow_style=\u00bbpreset1&#8243; box_shadow_color=\u00bb#FFFFFF\u00bb global_colors_info=\u00bb{}\u00bb][\/et_pb_image][\/et_pb_column][et_pb_column type=\u00bb2_3&#8243; _builder_version=\u00bb4.27.5&#8243; _module_preset=\u00bbdefault\u00bb global_colors_info=\u00bb{}\u00bb][et_pb_text _builder_version=\u00bb4.27.5&#8243; _module_preset=\u00bbdefault\u00bb global_colors_info=\u00bb{}\u00bb]<\/p>\n<p class=\"cvGsUA direction-ltr align-justify para-style-body\"><strong><span class=\"a_GcMg font-feature-liga-off font-feature-clig-off font-feature-calt-off text-decoration-none text-strikethrough-none\">CAMPAMENTO JUVENIL CLARET WAY 2025<\/span><\/strong><\/p>\n<p><\/p>\n<p class=\"cvGsUA direction-ltr align-justify para-style-body\"><span class=\"a_GcMg font-feature-liga-off font-feature-clig-off font-feature-calt-off text-decoration-none text-strikethrough-none\">Mombasa, Kenia. Alrededor de 230 j\u00f3venes de seis parroquias claretianas de Kenia se reunieron en la parroquia de la Sagrada Familia, en Kiembeni, para el Campamento Juvenil Claret Way 2025, celebrado del 9 al 14 de diciembre de 2025. El evento reuni\u00f3 a j\u00f3venes de Kaptum, Chebororwa, Kerwa, Ngaremara, Shanzu y Kiembeni para la formaci\u00f3n en la fe y la renovaci\u00f3n misionera.<\/span><\/p>\n<p><\/p>\n<p class=\"cvGsUA direction-ltr align-justify para-style-body\"><span class=\"a_GcMg font-feature-liga-off font-feature-clig-off font-feature-calt-off text-decoration-none text-strikethrough-none\">El campamento comenz\u00f3 con una jornada completa dedicada al Claret Way, en la que se present\u00f3 a los participantes la vida de San Antonio Mar\u00eda Claret, la Congregaci\u00f3n Claretiana y su misi\u00f3n. Se anim\u00f3 a los j\u00f3venes a abrazar los valores fundamentales de conocer, amar, servir y alabar a Dios a trav\u00e9s de la red del Claret Way.<\/span><\/p>\n<p>[\/et_pb_text][et_pb_text _builder_version=\u00bb4.27.5&#8243; _module_preset=\u00bbdefault\u00bb global_colors_info=\u00bb{}\u00bb]<\/p>\n<p class=\"cvGsUA direction-ltr align-justify para-style-body\"><strong><span class=\"a_GcMg font-feature-liga-off font-feature-clig-off font-feature-calt-off text-decoration-none text-strikethrough-none\">Los j\u00f3venes regresaron a sus comunidades renovados<\/span><\/strong><\/p>\n<p><\/p>\n<p class=\"cvGsUA direction-ltr align-justify para-style-body\"><span class=\"a_GcMg font-feature-liga-off font-feature-clig-off font-feature-calt-off text-decoration-none text-strikethrough-none\">En los d\u00edas siguientes, se celebraron seminarios sobre crecimiento espiritual, fe, valores morales, salud mental y relaciones, en los que se ofreci\u00f3 a los j\u00f3venes orientaci\u00f3n para su vida personal y cristiana. Uno de los momentos m\u00e1s destacados del campamento fue la peregrinaci\u00f3n a la Catedral del Esp\u00edritu Santo en Mombasa, donde los participantes atravesaron la Puerta Santa de la Esperanza, celebraron la misa y recibieron el sacramento de la reconciliaci\u00f3n. La reuni\u00f3n concluy\u00f3 con una misa de clausura el domingo, tras la cual los j\u00f3venes regresaron a sus parroquias renovados en la fe y el compromiso con la misi\u00f3n.<\/span><\/p>\n<p>[\/et_pb_text][\/et_pb_column][\/et_pb_row][et_pb_row column_structure=\u00bb1_4,1_4,1_4,1_4&#8243; _builder_version=\u00bb4.27.5&#8243; _module_preset=\u00bbdefault\u00bb background_color=\u00bb#FFFFFF\u00bb hover_enabled=\u00bb0&#8243; global_colors_info=\u00bb{}\u00bb sticky_enabled=\u00bb0&#8243;][et_pb_column type=\u00bb1_4&#8243; _builder_version=\u00bb4.27.5&#8243; _module_preset=\u00bbdefault\u00bb custom_padding=\u00bb18px|22px|22px|22px|false|false\u00bb global_colors_info=\u00bb{}\u00bb][et_pb_blurb _builder_version=\u00bb4.27.6&#8243; _module_preset=\u00bbdefault\u00bb use_icon=\u00bbon\u00bb font_icon=\u00bb&#x50;||divi||400&#8243; background_color=\u00bb#D6D6D6&#8243; background_layout=\u00bbdark\u00bb body_text_align=\u00bbleft\u00bb body_text_color=\u00bb#000000&#8243; body_font_size=\u00bb18px\u00bb body_letter_spacing=\u00bb1px\u00bb body_text_shadow_style=\u00bbpreset1&#8243; body_text_shadow_color=\u00bbRGBA(255,255,255,0)\u00bb custom_margin=\u00bb-12px|-22px|22px|0px|false|false\u00bb custom_padding=\u00bb||0px|22px|false|false\u00bb icon_color=\u00bb#FFFFFF\u00bb image_icon_width=\u00bb36px\u00bb icon_alignment=\u00bbright\u00bb image_icon_custom_margin=\u00bb12px|12px|||false|false\u00bb hover_enabled=\u00bb0&#8243; sticky_enabled=\u00bb0&#8243; border_radii=\u00bbon|12px|12px|12px|12px\u00bb content_max_width=\u00bb545px\u00bb box_shadow_style=\u00bbpreset6&#8243; header_font_size=\u00bb16px\u00bb]<\/p>\n<p><strong><span class=\"a_GcMg font-feature-liga-off font-feature-clig-off font-feature-calt-off text-decoration-none text-strikethrough-none\">buenas noticias <\/span><\/strong><\/p>\n<p><\/p>\n<p><span class=\"a_GcMg font-feature-liga-off font-feature-clig-off font-feature-calt-off text-decoration-none text-strikethrough-none\">anteriores<\/span><\/p>\n<p><\/p>\n<p>&nbsp;<\/p>\n<p>[\/et_pb_blurb][et_pb_blurb _builder_version=\u00bb4.27.6&#8243; _module_preset=\u00bbdefault\u00bb hover_enabled=\u00bb0&#8243; sticky_enabled=\u00bb0&#8243; use_icon=\u00bbon\u00bb font_icon=\u00bb&#xf35a;||fa||400&#8243; background_color=\u00bb#fc2041&#8243; body_line_height=\u00bb1em\u00bb icon_color=\u00bb#FFFFFF\u00bb image_icon_width=\u00bb36px\u00bb icon_alignment=\u00bbleft\u00bb border_style_all_image=\u00bbnone\u00bb image_icon_custom_margin=\u00bb26px||0px|122px|false|false\u00bb background_layout=\u00bbdark\u00bb body_letter_spacing=\u00bb1px\u00bb custom_margin=\u00bb0px|-22px|12px||false|false\u00bb custom_padding=\u00bb0px|21px||12px|false|false\u00bb border_radii=\u00bbon|12px|12px|12px|12px\u00bb box_shadow_style=\u00bbpreset6&#8243; min_height=\u00bb200px\u00bb]<\/p>\n<p><span class=\"a_GcMg font-feature-liga-off font-feature-clig-off font-feature-calt-off text-decoration-none text-strikethrough-none\">La ruta claretiana en cuba 2024<\/span><\/p>\n<p>[\/et_pb_blurb][et_pb_button button_alignment=\u00bbcenter\u00bb _builder_version=\u00bb4.27.5&#8243; _module_preset=\u00bbdefault\u00bb custom_button=\u00bbon\u00bb button_text_size=\u00bb28px\u00bb button_text_color=\u00bb#000000&#8243; button_bg_color=\u00bb#E02B20&#8243; button_border_radius=\u00bb100px\u00bb button_icon=\u00bb&#x41;||divi||400&#8243; button_icon_placement=\u00bbleft\u00bb global_colors_info=\u00bb{}\u00bb][\/et_pb_button][\/et_pb_column][et_pb_column type=\u00bb1_4&#8243; _builder_version=\u00bb4.27.5&#8243; _module_preset=\u00bbdefault\u00bb global_colors_info=\u00bb{}\u00bb][et_pb_blurb _builder_version=\u00bb4.27.6&#8243; _module_preset=\u00bbdefault\u00bb use_icon=\u00bbon\u00bb font_icon=\u00bb&#x50;||divi||400&#8243; background_color=\u00bb#fc5400&#8243; background_layout=\u00bbdark\u00bb body_text_align=\u00bbleft\u00bb body_text_color=\u00bb#FFFFFF\u00bb body_font_size=\u00bb21px\u00bb body_letter_spacing=\u00bb1px\u00bb body_text_shadow_style=\u00bbpreset1&#8243; body_text_shadow_color=\u00bbRGBA(255,255,255,0)\u00bb custom_margin=\u00bb0px||2px|0px|false|false\u00bb custom_padding=\u00bb||1px|22px|false|false\u00bb icon_color=\u00bb#FFFFFF\u00bb image_icon_width=\u00bb36px\u00bb icon_alignment=\u00bbright\u00bb image_icon_custom_margin=\u00bb12px|12px|||false|false\u00bb hover_enabled=\u00bb0&#8243; sticky_enabled=\u00bb0&#8243; border_radii=\u00bbon|12px|12px|12px|12px\u00bb content_max_width=\u00bb545px\u00bb box_shadow_style=\u00bbpreset6&#8243;]<\/p>\n<p><span class=\"a_GcMg font-feature-liga-off font-feature-clig-off font-feature-calt-off text-decoration-none text-strikethrough-none\">Pastoral Claret-Askartza Universitarios<\/span><\/p>\n<p>[\/et_pb_blurb][et_pb_blurb _builder_version=\u00bb4.27.6&#8243; _module_preset=\u00bbdefault\u00bb use_icon=\u00bbon\u00bb font_icon=\u00bb&#x50;||divi||400&#8243; background_color=\u00bb#D6D6D6&#8243; body_text_align=\u00bbleft\u00bb body_text_color=\u00bb#000000&#8243; body_font_size=\u00bb21px\u00bb body_letter_spacing=\u00bb1px\u00bb body_text_shadow_style=\u00bbpreset1&#8243; body_text_shadow_color=\u00bbRGBA(255,255,255,0)\u00bb custom_margin=\u00bb22px||0px|0px|false|false\u00bb custom_padding=\u00bb||1px|22px|false|false\u00bb icon_color=\u00bb#FFFFFF\u00bb image_icon_width=\u00bb36px\u00bb icon_alignment=\u00bbright\u00bb image_icon_custom_margin=\u00bb12px|12px|||false|false\u00bb hover_enabled=\u00bb0&#8243; sticky_enabled=\u00bb0&#8243; border_radii=\u00bbon|12px|12px|12px|12px\u00bb content_max_width=\u00bb545px\u00bb box_shadow_style=\u00bbpreset6&#8243;]<\/p>\n<p><span class=\"a_GcMg font-feature-liga-off font-feature-clig-off font-feature-calt-off text-decoration-none text-strikethrough-none\">Encuentros de Claret Way en la Provincia de Chennai<\/span><\/p>\n<p>[\/et_pb_blurb][\/et_pb_column][et_pb_column type=\u00bb1_4&#8243; _builder_version=\u00bb4.27.5&#8243; _module_preset=\u00bbdefault\u00bb global_colors_info=\u00bb{}\u00bb][et_pb_blurb _builder_version=\u00bb4.27.6&#8243; _module_preset=\u00bbdefault\u00bb use_icon=\u00bbon\u00bb font_icon=\u00bb&#x50;||divi||400&#8243; background_color=\u00bb#D6D6D6&#8243; background_layout=\u00bbdark\u00bb body_text_align=\u00bbleft\u00bb body_text_color=\u00bb#000000&#8243; body_font_size=\u00bb21px\u00bb body_letter_spacing=\u00bb1px\u00bb body_text_shadow_style=\u00bbpreset1&#8243; body_text_shadow_color=\u00bbRGBA(255,255,255,0)\u00bb custom_margin=\u00bb0px||2px|0px|false|false\u00bb custom_padding=\u00bb||1px|22px|false|false\u00bb icon_color=\u00bb#FFFFFF\u00bb image_icon_width=\u00bb36px\u00bb icon_alignment=\u00bbright\u00bb image_icon_custom_margin=\u00bb12px|12px|||false|false\u00bb hover_enabled=\u00bb0&#8243; sticky_enabled=\u00bb0&#8243; border_radii=\u00bbon|12px|12px|12px|12px\u00bb content_max_width=\u00bb545px\u00bb box_shadow_style=\u00bbpreset6&#8243;]<\/p>\n<p><span class=\"a_GcMg font-feature-liga-off font-feature-clig-off font-feature-calt-off text-decoration-none text-strikethrough-none\">Camp Claret en Familia Claretiana en la RDC<\/span><\/p>\n<p>[\/et_pb_blurb][et_pb_blurb _builder_version=\u00bb4.27.6&#8243; _module_preset=\u00bbdefault\u00bb use_icon=\u00bbon\u00bb font_icon=\u00bb&#x50;||divi||400&#8243; background_color=\u00bb#0C71C3&#8243; background_layout=\u00bbdark\u00bb body_text_align=\u00bbleft\u00bb body_text_color=\u00bb#FFFFFF\u00bb body_font_size=\u00bb21px\u00bb body_letter_spacing=\u00bb1px\u00bb body_text_shadow_style=\u00bbpreset1&#8243; body_text_shadow_color=\u00bbRGBA(255,255,255,0)\u00bb custom_margin=\u00bb22px||2px|0px|false|false\u00bb custom_padding=\u00bb||1px|22px|false|false\u00bb icon_color=\u00bb#FFFFFF\u00bb image_icon_width=\u00bb36px\u00bb icon_alignment=\u00bbright\u00bb image_icon_custom_margin=\u00bb12px|12px|||false|false\u00bb hover_enabled=\u00bb0&#8243; sticky_enabled=\u00bb0&#8243; border_radii=\u00bbon|12px|12px|12px|12px\u00bb content_max_width=\u00bb545px\u00bb box_shadow_style=\u00bbpreset6&#8243;]<\/p>\n<p><span class=\"a_GcMg font-feature-liga-off font-feature-clig-off font-feature-calt-off text-decoration-none text-strikethrough-none\">Encuentro de Claret Way en Zimbabwe Mission<\/span><\/p>\n<p>[\/et_pb_blurb][\/et_pb_column][et_pb_column type=\u00bb1_4&#8243; _builder_version=\u00bb4.27.5&#8243; _module_preset=\u00bbdefault\u00bb global_colors_info=\u00bb{}\u00bb][et_pb_text _builder_version=\u00bb4.27.6&#8243; _module_preset=\u00bbdefault\u00bb text_text_color=\u00bb#FFFFFF\u00bb text_font_size=\u00bb22px\u00bb text_letter_spacing=\u00bb2px\u00bb header_text_align=\u00bbleft\u00bb header_2_text_align=\u00bbcenter\u00bb header_2_font_size=\u00bb27px\u00bb background_color=\u00bb#f22163&#8243; text_orientation=\u00bbcenter\u00bb custom_margin=\u00bb0px|22px|18px|0px|false|false\u00bb custom_padding=\u00bb22px|22px|18px|22px|false|false\u00bb hover_enabled=\u00bb0&#8243; border_radii=\u00bbon|12px|12px|12px|12px\u00bb box_shadow_style=\u00bbpreset6&#8243; global_colors_info=\u00bb{}\u00bb sticky_enabled=\u00bb0&#8243;]<\/p>\n<p style=\"text-align: left;\"><span class=\"a_GcMg font-feature-liga-off font-feature-clig-off font-feature-calt-off text-decoration-none text-strikethrough-none\">Juventud en salida: Una misi\u00f3n que renueva la esperanza<\/span><\/p>\n<p>[\/et_pb_text][et_pb_text _builder_version=\u00bb4.27.6&#8243; _module_preset=\u00bbdefault\u00bb text_text_color=\u00bb#000000&#8243; text_font_size=\u00bb22px\u00bb text_letter_spacing=\u00bb2px\u00bb header_text_align=\u00bbleft\u00bb header_text_color=\u00bb#FFFFFF\u00bb header_2_text_align=\u00bbcenter\u00bb header_2_font_size=\u00bb27px\u00bb background_color=\u00bb#e2e2e2&#8243; custom_margin=\u00bb22px|22px|20px||false|false\u00bb custom_padding=\u00bb22px|22px|46px|22px|false|false\u00bb hover_enabled=\u00bb0&#8243; text_text_shadow_style=\u00bbpreset1&#8243; header_text_shadow_style=\u00bbpreset3&#8243; border_radii=\u00bbon|12px|12px|12px|12px\u00bb box_shadow_style=\u00bbpreset6&#8243; global_colors_info=\u00bb{}\u00bb sticky_enabled=\u00bb0&#8243;]<\/p>\n<p><span class=\"a_GcMg font-feature-liga-off font-feature-clig-off font-feature-calt-off text-decoration-none text-strikethrough-none\">III Encuentro de PJV + FC de Am\u00e9rica en Guatemala<\/span><\/p>\n<p>[\/et_pb_text][\/et_pb_column][\/et_pb_row][\/et_pb_section]<\/p>\n","protected":false},"excerpt":{"rendered":"<p>&nbsp;HA-MEMBASSERMessengers of the Good News&nbsp;Mensajero de Buenas NoticiasCAMPAMENTO JUVENIL CLARET WAY 2025Mombasa, Kenia. Alrededor de 230 j\u00f3venes de seis parroquias claretianas de Kenia se reunieron en la parroquia de la Sagrada Familia, en Kiembeni, para el Campamento Juvenil Claret Way 2025, celebrado del 9 al 14 de diciembre de 2025. El evento reuni\u00f3 a j\u00f3venes [&hellip;]<\/p>\n","protected":false},"author":1010,"featured_media":0,"parent":0,"menu_order":0,"comment_status":"closed","ping_status":"closed","template":"","meta":{"_et_pb_use_builder":"on","_et_pb_old_content":"","_et_gb_content_width":"","footnotes":""},"class_list":["post-187460","page","type-page","status-publish","hentry"],"jetpack_sharing_enabled":true,"jetpack_shortlink":"https:\/\/wp.me\/PdaBmi-MLy","jetpack_likes_enabled":true,"_links":{"self":[{"href":"https:\/\/www.claret.org\/es\/wp-json\/wp\/v2\/pages\/187460","targetHints":{"allow":["GET"]}}],"collection":[{"href":"https:\/\/www.claret.org\/es\/wp-json\/wp\/v2\/pages"}],"about":[{"href":"https:\/\/www.claret.org\/es\/wp-json\/wp\/v2\/types\/page"}],"author":[{"embeddable":true,"href":"https:\/\/www.claret.org\/es\/wp-json\/wp\/v2\/users\/1010"}],"replies":[{"embeddable":true,"href":"https:\/\/www.claret.org\/es\/wp-json\/wp\/v2\/comments?post=187460"}],"version-history":[{"count":3,"href":"https:\/\/www.claret.org\/es\/wp-json\/wp\/v2\/pages\/187460\/revisions"}],"predecessor-version":[{"id":187465,"href":"https:\/\/www.claret.org\/es\/wp-json\/wp\/v2\/pages\/187460\/revisions\/187465"}],"wp:attachment":[{"href":"https:\/\/www.claret.org\/es\/wp-json\/wp\/v2\/media?parent=187460"}],"curies":[{"name":"wp","href":"https:\/\/api.w.org\/{rel}","templated":true}]}}