{"id":24833,"date":"2018-07-24T19:20:43","date_gmt":"2018-07-24T17:20:43","guid":{"rendered":"https:\/\/www.claret.org\/claretianos\/calendario-claretiano\/p-clemente-serrat-superior-general-version-para-impresion\/"},"modified":"2018-09-13T21:45:57","modified_gmt":"2018-09-13T19:45:57","slug":"p-clemente-serrat-superior-general","status":"publish","type":"page","link":"https:\/\/www.claret.org\/es\/efemeride\/p-clemente-serrat-superior-general\/","title":{"rendered":"P. Clemente Serrat, Superior General"},"content":{"rendered":"<div class=\"field field-name-field-calendario-cmf-fechas field-type-datetime field-label-inline clearfix\">\n<div class=\"field-item even\">Fecha: <span class=\"date-display-single\">6 de Enero<\/span><\/div>\n<\/div>\n<div>\n<p>Naci\u00f3 en Gurb (Barcelona &#8211; Espa\u00f1a) el 12 de enero de 1832. Estudi\u00f3 en el seminario de Vic orden\u00e1ndose de presb\u00edtero el 26 de septiembre de 1856. Trabaj\u00f3 como vicario de Olost (Barcelona &#8211; Espa\u00f1a) durante un a\u00f1o y entr\u00f3 en la Congregaci\u00f3n de Misioneros el 3 de julio de 1859. En cierta ocasi\u00f3n el P. Claret le dijo al P. Xifr\u00e9: \u00abGu\u00e1rdeme ese joven; ser\u00e1 un tesoro para la Congregaci\u00f3n\u00bb.<\/p>\n<p>Profes\u00f3 en Segovia (Espa\u00f1a) en manos de Claret el 25 de agosto de 1862. Reci\u00e9n profeso, a los 29 a\u00f1os, fue nombrado superior de la casa de Segovia donde permaneci\u00f3 hasta la revoluci\u00f3n de 1868, durante la cual se refugi\u00f3 en Francia. M\u00e1s tarde, al ser destinado a Chile el P. Pablo Vallier en 1869, fue nombrado maestro de novicios, cargo que desempe\u00f1\u00f3 en  Prades, Thuir y Vic de 1870 a 1878. Despu\u00e9s ocup\u00f3 el cargo de formador en los colegios superiores de Gracia, Santo Domingo de la Calzada y Cervera. Tambi\u00e9n desempe\u00f1\u00f3 los cargos de superior local de Vic, Gracia, Santo Domingo de la Calzada y Cervera.<\/p>\n<p>En 1876 fue elegido consultor general y en ese cargo permaneci\u00f3 hasta el 1888, a\u00f1o en el que se le confi\u00f3 el cargo de Subdirector general. Al morir el P. Xifr\u00e9, fue elegido Superior General en Vic en el VIII Cap\u00edtulo General (diciembre de 1899).<\/p>\n<p>El P. Clemente Serrat dirigi\u00f3 una preciosa circular a la Congregaci\u00f3n sobre <em>La Vocaci\u00f3n Religiosa<\/em> para suscitar en los hermanos sentimientos de viva gratitud record\u00e1ndoles el beneficio de la divina vocaci\u00f3n. El P. Serrat, sirvi\u00e9ndose de las palabras de san Pablo: \u00abos ruego encarecidamente que os manteng\u00e1is dignamente en la vocaci\u00f3n a la que hab\u00e9is sido llamados\u00bb (Ef 4,1-3), exhorta encarecidamente a todos a permanecer con fidelidad en la vocaci\u00f3n a la que han sido llamados y a que se manifiesten dignos imitadores de las virtudes del divino Maestro.<\/p>\n<p>En los seis a\u00f1os de su generalato fund\u00f3 24 casas e inaugur\u00f3 los noviciados de Vic y Segovia y en 1905 estableci\u00f3 el colegio central en Aranda de Duero. En esta \u00e9poca se acept\u00f3 la primera parroquia en Andacollo &#8211; Chile (1900); se fund\u00f3 en los Estados Unidos (1902) y se cre\u00f3 la Provincia de B\u00e9tica (1904). Asimismo se escribi\u00f3 la primera historia de la Congregaci\u00f3n. Muri\u00f3 santamente en Segovia el 6 de enero de 1906. Fue un hombre lleno de delicadeza, prudencia y amor. Trat\u00f3 siempre con gran respeto y extraordinaria amabilidad a sus hermanos de comunidad.<\/p>\n<\/div>\n","protected":false},"excerpt":{"rendered":"<p>Fecha: 6 de Enero Naci\u00f3 en Gurb (Barcelona &#8211; Espa\u00f1a) el 12 de enero de 1832. Estudi\u00f3 en el seminario de Vic orden\u00e1ndose de presb\u00edtero el 26 de septiembre de 1856. Trabaj\u00f3 como vicario de Olost (Barcelona &#8211; Espa\u00f1a) durante un a\u00f1o y entr\u00f3 en la Congregaci\u00f3n de Misioneros el 3 de julio de 1859. [&hellip;]<\/p>\n","protected":false},"author":69,"featured_media":24832,"parent":24840,"menu_order":0,"comment_status":"closed","ping_status":"closed","template":"page-template-fullwidth.php","meta":{"_et_pb_use_builder":"","_et_pb_old_content":"","_et_gb_content_width":"","footnotes":""},"class_list":["post-24833","page","type-page","status-publish","has-post-thumbnail","hentry"],"jetpack_sharing_enabled":true,"jetpack_shortlink":"https:\/\/wp.me\/PdaBmi-6sx","jetpack_likes_enabled":true,"_links":{"self":[{"href":"https:\/\/www.claret.org\/es\/wp-json\/wp\/v2\/pages\/24833","targetHints":{"allow":["GET"]}}],"collection":[{"href":"https:\/\/www.claret.org\/es\/wp-json\/wp\/v2\/pages"}],"about":[{"href":"https:\/\/www.claret.org\/es\/wp-json\/wp\/v2\/types\/page"}],"author":[{"embeddable":true,"href":"https:\/\/www.claret.org\/es\/wp-json\/wp\/v2\/users\/69"}],"replies":[{"embeddable":true,"href":"https:\/\/www.claret.org\/es\/wp-json\/wp\/v2\/comments?post=24833"}],"version-history":[{"count":0,"href":"https:\/\/www.claret.org\/es\/wp-json\/wp\/v2\/pages\/24833\/revisions"}],"up":[{"embeddable":true,"href":"https:\/\/www.claret.org\/es\/wp-json\/wp\/v2\/pages\/24840"}],"wp:featuredmedia":[{"embeddable":true,"href":"https:\/\/www.claret.org\/es\/wp-json\/wp\/v2\/media\/24832"}],"wp:attachment":[{"href":"https:\/\/www.claret.org\/es\/wp-json\/wp\/v2\/media?parent=24833"}],"curies":[{"name":"wp","href":"https:\/\/api.w.org\/{rel}","templated":true}]}}