{"id":24840,"date":"2018-07-24T19:36:47","date_gmt":"2018-07-24T17:36:47","guid":{"rendered":"https:\/\/www.claret.org\/calendario\/"},"modified":"2022-10-04T11:21:39","modified_gmt":"2022-10-04T09:21:39","slug":"efemeride","status":"publish","type":"page","link":"https:\/\/www.claret.org\/es\/efemeride\/","title":{"rendered":"Efem\u00e9ride"},"content":{"rendered":"<p>[et_pb_section fb_built=\u00bb1&#8243; fullwidth=\u00bbon\u00bb theme_builder_area=\u00bbpost_content\u00bb _builder_version=\u00bb4.17.4&#8243; _module_preset=\u00bbdefault\u00bb][et_pb_fullwidth_header title=\u00bb@ET-DC@eyJkeW5hbWljIjp0cnVlLCJjb250ZW50IjoicG9zdF90aXRsZSIsInNldHRpbmdzIjp7ImJlZm9yZSI6IiIsImFmdGVyIjoiIn19@\u00bb _builder_version=\u00bb4.17.4&#8243; _module_preset=\u00bbdefault\u00bb theme_builder_area=\u00bbpost_content\u00bb _dynamic_attributes=\u00bbtitle\u00bb hover_enabled=\u00bb0&#8243; sticky_enabled=\u00bb0&#8243;][\/et_pb_fullwidth_header][\/et_pb_section][et_pb_section fb_built=\u00bb1&#8243; theme_builder_area=\u00bbpost_content\u00bb _builder_version=\u00bb4.17.4&#8243; _module_preset=\u00bbdefault\u00bb][et_pb_row _builder_version=\u00bb4.17.4&#8243; _module_preset=\u00bbdefault\u00bb theme_builder_area=\u00bbpost_content\u00bb custom_margin=\u00bb-21px|auto||auto||\u00bb][et_pb_column _builder_version=\u00bb4.17.4&#8243; _module_preset=\u00bbdefault\u00bb type=\u00bb4_4&#8243; theme_builder_area=\u00bbpost_content\u00bb][et_pb_text admin_label=\u00bbText\u00bb _builder_version=\u00bb4.17.4&#8243; background_size=\u00bbinitial\u00bb background_position=\u00bbtop_left\u00bb background_repeat=\u00bbrepeat\u00bb hover_enabled=\u00bb0&#8243; global_colors_info=\u00bb{}\u00bb theme_builder_area=\u00bbpost_content\u00bb sticky_enabled=\u00bb0&#8243; header_2_font=\u00bb|600|||||||\u00bb]<\/p>\n<h2>ENERO<\/h2>\n<p>06. <a href=\"https:\/\/www.claret.org\/ephemeris\/january-6-fr-clemente-serrat-superior-general\/\">Clemente Serrat, Superior General (Segovia \u2013 Espa\u00f1a, 1906)<\/a><br \/>17. Venerable M. Mar\u00eda Antonia Par\u00eds (Reus \u2013 Espa\u00f1a, 1885)<br \/>25. <a href=\"https:\/\/www.claret.org\/ephemeris\/january-25-conversion-of-st-paul\/\">Conversi\u00f3n de San Pablo<\/a><\/p>\n<h2>FEBRERO<\/h2>\n<p>01. <a href=\"https:\/\/www.claret.org\/ephemeris\/february-1-attack-against-father-claret-in-holguin\/\">Ataque al Padre Claret en Holgu\u00edn (Cuba, 1856)<\/a><br \/>01. Los beatos m\u00e1rtires claretianos<br \/>04. <a href=\"https:\/\/www.claret.org\/ephemeris\/february-4-venerable-james-clotet-co-founder\/\">Venerable Jaime Clotet, cofundador (Barcelona \u2013 Espa\u00f1a, 1898)<\/a><br \/>11. <a href=\"https:\/\/www.claret.org\/ephemeris\/february-11-approval-of-our-claretian-constitutions\/\">Aprobaci\u00f3n de nuestras Constituciones (1870 y 1982)<\/a><br \/>24. <a href=\"https:\/\/www.claret.org\/ephemeris\/february-24-father-nicolas-garcia-superior-general\/\">Nicol\u00e1s Garc\u00eda, Superior General (Roma, 1950)<\/a><br \/>25. <a href=\"https:\/\/www.claret.org\/ephemeris\/february-25-beatification-of-our-father-founder\/\">Beatificaci\u00f3n del Fundador (Roma, 1934)<\/a><\/p>\n<h2>MARZO<\/h2>\n<p>02. <a href=\"https:\/\/www.claret.org\/ephemeris\/march-2-fr-martin-alsina-superior-general\/\">Mart\u00edn Alsina, Superior General (Zafra \u2013 Espa\u00f1a, 1922)<\/a><br \/>16 &#8211; 19.  <a href=\"https:\/\/www.claret.org\/ephemeris\/march-16-19-triduum-and-solemnity-of-st-joseph-co-patron-of-the-congregation\/\">16 \u2013 19. Triduo y Solemnidad de San Jos\u00e9, copatr\u00f3n de la Congregaci\u00f3n<\/a><\/p>\n<h2>ABRIL<\/h2>\n<p>18. <a href=\"https:\/\/www.claret.org\/ephemeris\/april-18-fr-stephen-sala-co-founder-and-first-superior-general\/\">Esteban Sala, cofundador y primer Superior General (Barcelona \u2013 Espa\u00f1a, 1858)<\/a><br \/>29. <a href=\"https:\/\/www.claret.org\/ephemeris\/april-29-st-catherine-of-siena-co-patroness\/\">Santa Catalina de Siena, patrona<\/a><\/p>\n<h2>MAYO<\/h2>\n<p>03. <a href=\"https:\/\/www.claret.org\/ephemeris\/may-3-saints-philip-and-james-apostles-and-co-patrons\/\">San Felipe y Santiago, Ap\u00f3stoles y copatronos<\/a><br \/>03. P. Rhoel Gallardo (Primer m\u00e1rtir claretiano de Filipinas, 2000)<br \/>07. <a href=\"https:\/\/www.claret.org\/ephemeris\/may-7-canonization-of-father-founder\/\">Canonizaci\u00f3n del Fundador (Roma, 1950)<\/a><br \/>10.<a href=\"https:\/\/www.claret.org\/ephemeris\/may-10-st-john-of-avila-priest-and-missionary\/\"> San Juan de \u00c1vila, presb\u00edtero y misionero<\/a><br \/>14.<a href=\"https:\/\/www.claret.org\/ephemeris\/may-14-st-matthias-apostle-and-co-patron\/\"> San Mat\u00edas, Ap\u00f3stol y copatrono<\/a><br \/>14. <a href=\"https:\/\/www.claret.org\/ephemeris\/may-14-venerable-father-mariano-avellana\/\">Venerable Mariano Avellana (Carrizal Alto \u2013 Chile, 1904)<\/a><br \/>22. <a href=\"https:\/\/www.claret.org\/ephemeris\/may-22-st-joaquina-vedruna-founder-of-the-carmelite-sisters-of-charity\/\">Santa Joaquina de Vedruna, fundadora<\/a><br \/>25. <a href=\"https:\/\/www.claret.org\/ephemeris\/may-25-st-mary-magdalene-of-pazzi-virgin\/\">Santa Mar\u00eda Magdalena de Pazzi, virgen<\/a><\/p>\n<h2>JUNIO<\/h2>\n<p>13. <a href=\"https:\/\/www.claret.org\/ephemeris\/june-13-st-anthony-mary-clarets-priestly-ordination\/\">Ordenaci\u00f3n presbiteral del Padre Claret (Solsona \u2013 Espa\u00f1a, 1835)<\/a><br \/>15. <a href=\"https:\/\/www.claret.org\/ephemeris\/june-15-st-mary-micaela-of-the-blessed-sacrament-foundress-of-the-sisters-of-adorers\/\">Santa Mar\u00eda Micaela del Sant\u00edsimo Sacramento, fundadora.<\/a><br \/>23. <a href=\"https:\/\/www.claret.org\/ephemeris\/june-23-student-pedro-mardones\/\">E. Pedro Mardones (Torrijos \u2013 Espa\u00f1a, 1937)<\/a><br \/>29.  <a href=\"https:\/\/www.claret.org\/ephemeris\/june-29-saints-peter-and-paul-apostles-and-co-patrons\/\">29. Santos Pedro y Pablo, Ap\u00f3stoles y copatronos<\/a><\/p>\n<p><a href=\"https:\/\/www.claret.org\/ephemeris\/thursday-after-pentecost-feast-of-jesus-christ-supreme-and-eternal-priest\/\">Jueves, despu\u00e9s de Pentecost\u00e9s: Fiesta de Jesucristo, Sacerdote Supremo y Eterno<\/a><br \/><a href=\"https:\/\/www.claret.org\/ephemeris\/novena-and-the-solemnity-of-the-immaculate-heart-of-mary\/\">Novena y Solemnidad del Coraz\u00f3n Inmaculado de Mar\u00eda, Titular y Patrona de la Congregaci\u00f3n<\/a><\/p>\n<h2>JULIO<\/h2>\n<p>03. <a href=\"https:\/\/www.claret.org\/ephemeris\/july-3-saint-thomas-apostle-and-co-patron\/\">Santo Tom\u00e1s, Ap\u00f3stol y copatrono<\/a><br \/>11. <a href=\"https:\/\/www.claret.org\/ephemeris\/july-11-father-filipe-maroto-superior-general\/\">Felipe Maroto, Superior General (Roma, 1937)<\/a><br \/>13- 16.  <a href=\"https:\/\/www.claret.org\/ephemeris\/july-13-16-triduum-and-feast-of-our-lady-of-mt-carmel\/\">13- 16. Triduo y Fiesta de Nuestra Se\u00f1ora del Carmen, Fundaci\u00f3n de la Congregaci\u00f3n (Vic \u2013 Espa\u00f1a, 1849)<\/a><br \/>25. <a href=\"https:\/\/www.claret.org\/ephemeris\/july-25-james-the-great-apostle-and-co-patron\/\">Santiago, Ap\u00f3stol y copatr\u00f3n<\/a><br \/>27. <a href=\"https:\/\/www.claret.org\/ephemeris\/july-27-servant-of-god-fr-jose-maria-ruiz-formator-and-martyr\/\">Beato Jos\u00e9 Mar\u00eda Ruiz, formador y m\u00e1rtir (Sig\u00fcenza \u2013 Espa\u00f1a, 1936)<\/a><br \/>28. <a href=\"https:\/\/www.claret.org\/ephemeris\/july-28-servant-of-god-student-tomas-cordero-and-companions-martyrs\/\">Beato Tom\u00e1s Cordero y compa\u00f1eros, m\u00e1rtires (Fern\u00e1n Caballero \u2013 Espa\u00f1a, 1936)<\/a><br \/>29. <a href=\"https:\/\/www.claret.org\/ephemeris\/july-29-servant-of-god-fr-candido-casals-and-companions-martyrs\/\">Beato C\u00e1ndido Casals y compa\u00f1eros, m\u00e1rtires (Barcelona \u2013 Espa\u00f1a, 1936)<\/a><br \/>31. <a href=\"https:\/\/www.claret.org\/ephemeris\/july-31-st-ignatius-of-loyola-co-patron\/\">San Ignacio de Loyola, copatr\u00f3n<\/a><\/p>\n<h2>AGOSTO<\/h2>\n<p>01. <a href=\"https:\/\/www.claret.org\/ephemeris\/august-1-st-alphonsus-liguori-co-patron\/\">San Alfonso Mar\u00eda de\u2019 Liguori, copatrono<\/a><br \/>07. Beato Jos\u00e9 Arner y compa\u00f1eros, m\u00e1rtires (Vic \u2013 Espa\u00f1a, 1936)<br \/>13. <a href=\"https:\/\/www.claret.org\/ephemeris\/august-13-blessed-claretian-martyrs-of-barbastro\/\">Beatos m\u00e1rtires claretianos de Barbastro (Espa\u00f1a, 1936)<\/a><br \/>14. <a href=\"https:\/\/www.claret.org\/ephemeris\/august-14-blessed-brother-fernando-saperas-martyred-for-chastity\/\">Beato Fernando Saperas, m\u00e1rtir de la castidad (T\u00e1rrega \u2013 Espa\u00f1a, 1936)<\/a><br \/>14.<a href=\"https:\/\/www.claret.org\/ephemeris\/august-14-servants-of-god-fr-marceliano-alonso-and-companions-martyrs\/\"> Beato Marceliano Alonso y compa\u00f1eros, m\u00e1rtires (Valencia \u2013 Espa\u00f1a, 1936)<\/a><br \/>17. <a href=\"https:\/\/www.claret.org\/ephemeris\/august-17-servant-of-god-brother-pedro-marcer\/\">Siervo de Dios, el hermano Pedro Marcer (Santiago de Chile, 1927)<\/a><br \/>18. <a href=\"https:\/\/www.claret.org\/ephemeris\/august-18-father-peter-schweiger-general-superior\/\">Peter Schweiger, Superior General (Spaichingen \u2013 Alemania, 1980)<\/a><br \/>23. <a href=\"https:\/\/www.claret.org\/ephemeris\/august-23-santa-rosa-de-lima-virgin\/\">Santa Rosa de Lima, virgen<\/a><br \/>24. <a href=\"https:\/\/www.claret.org\/ephemeris\/august-24-st-bartholomew-apostle-and-co-patron\/\">San Bartolom\u00e9, ap\u00f3stol y copatrono<\/a><br \/>25. <a href=\"https:\/\/www.claret.org\/ephemeris\/august-25-foundation-of-sisters-of-mary-immaculate-claretian-missionary-sisters\/\">Fundaci\u00f3n de las Religiosas de Mar\u00eda Inmaculada, Misioneras Claretianas (Santiago de Cuba, 1855)<\/a><br \/>26. <a href=\"https:\/\/www.claret.org\/ephemeris\/august-26-conservation-of-the-holy-eucharistin-in-father-founder\/\">Milagro de la Conservaci\u00f3n de la Eucarist\u00eda (La Granja \u2013 Espa\u00f1a, 1861)<\/a><\/p>\n<h2>SEPTIEMBRE<\/h2>\n<p>05. <a href=\"https:\/\/www.claret.org\/ephemeris\/september-5-servants-of-god-father-matthew-casals-and-companions-martyrs\/\">Beato Mateo Casals y compa\u00f1eros, m\u00e1rtires (Barcelona \u2013 Espa\u00f1a, 1936)<\/a><br \/>21. <a href=\"https:\/\/www.claret.org\/ephemeris\/september-21-saint-matthew-apostle-evangelist-and-co-patron\/\">San Mateo, ap\u00f3stol, evangelista y copatrono<\/a><br \/>22. <a href=\"https:\/\/www.claret.org\/ephemeris\/september-22-blessed-m-maria-patrocinio-giner-claretian-missionary-martyr\/\">Bendita Mar\u00eda Patrocinio Giner, hermana claretiana, m\u00e1rtir (Valencia \u2013 Espa\u00f1a, 1936)<\/a><br \/>27. <a href=\"https:\/\/www.claret.org\/ephemeris\/september-27-fr-manuel-vilaro-co-founder\/\">Padre Manuel Vilar\u00f3, cofundador (Vic \u2013 Espa\u00f1a, 1852).<\/a><br \/>29.<a href=\"https:\/\/www.claret.org\/ephemeris\/september-29-saint-michael-saint-gabriel-saint-raphael-archangels-and-co-patrons-of-the-congregation\/\"> San Miguel, San Gabriel y San Rafael, arc\u00e1ngeles y copatronos de la Congregaci\u00f3n.<\/a><br \/>30. <a href=\"https:\/\/www.claret.org\/ephemeris\/september-30-servant-of-god-father-francesc-crusats-first-claretian-martyr\/\">Servidor de Dios Padre Francisco Crusats, protom\u00e1rtir de la Congregaci\u00f3n (Selva del Campo \u2013 Espa\u00f1a, 1868).<\/a><\/p>\n<h2>OCTUBRE<\/h2>\n<p>02. <a href=\"https:\/\/www.claret.org\/ephemeris\/october-2-guardian-angels-co-patrons\/\">Los \u00c1ngeles Custodios, copatrones<\/a><br \/>06.<a href=\"https:\/\/www.claret.org\/ephemeris\/october-6-episcopal-ordination-of-father-founder\/\"> Ordenaci\u00f3n episcopal del Fundador (Vic \u2013 Espa\u00f1a, 1850)<\/a><br \/>07. <a href=\"https:\/\/www.claret.org\/ephemeris\/october-7-feast-of-our-lady-of-the-rosary\/\">Fiesta de Nuestra Se\u00f1ora del Rosario<\/a><br \/>13. <a href=\"https:\/\/www.claret.org\/ephemeris\/october-13-brother-manuel-giol\/\">Beato Manuel Giol (Cervera, 1909)<\/a><br \/>14. <a href=\"https:\/\/www.claret.org\/ephemeris\/october-14-servant-of-god-father-joaquin-gelada-and-companions-martyrs\/\">Beato Joaqu\u00edn Gelada y compa\u00f1eros, m\u00e1rtires (Castro Urdiales \u2013 Espa\u00f1a, 1936)<\/a><br \/>15. <a href=\"https:\/\/www.claret.org\/ephemeris\/october-15-st-teresa-of-jesus-co-patron\/\">Santa Teresa de Jes\u00fas, copatrona<\/a><br \/>16.<a href=\"https:\/\/www.claret.org\/ephemeris\/october-16-servant-of-god-brother-miguel-palau\/\">Beato Miguel Palau (Cervera \u2013 Espa\u00f1a, 1929)<\/a><br \/>19. <a href=\"https:\/\/www.claret.org\/ephemeris\/october-19-servants-of-god-fr-jaime-giron-and-companions-martyrs\/\">Beato Jaime Gir\u00f3n y compa\u00f1eros, m\u00e1rtires (Cervera \u2013 Espa\u00f1a, 1936)<\/a><br \/>21.- 24.  <a href=\"https:\/\/www.claret.org\/ephemeris\/october-21-24-triduum-and-solemnity-of-st-anthony-mary-claret-founder-of-the-congregation\/\">21.- 24. Triduo y solemnidad de San Antonio Mar\u00eda Claret, fundador de la Congregaci\u00f3n<\/a><br \/>27. <a href=\"https:\/\/www.claret.org\/ephemeris\/october-27-father-domingo-fabregas-co-founder\/\">Domingo F\u00e1bregas, cofundador (Solsona \u2013 Espa\u00f1a, 1895)<\/a><br \/>28.  <a href=\"https:\/\/www.claret.org\/ephemeris\/october-28-saints-simon-and-jude-apostles-and-co-patrons\/\">28. Santos Sim\u00f3n y Judas, ap\u00f3stoles y copatronos<\/a><\/p>\n<h2>NOVIEMBRE<\/h2>\n<p>03. <a href=\"https:\/\/www.claret.org\/ephemeris\/november-3-father-josep-xifre-co-founder-and-superior-general\/\">Jos\u00e9 Xifr\u00e9, cofundador y Superior General (Cervera \u2013 Espa\u00f1a, 1899)<\/a><br \/>05. <a href=\"https:\/\/www.claret.org\/ephemeris\/november-5-commeration-of-those-who-have-died-in-the-congregation-family-and-benefactors\/\">Conmemoraci\u00f3n de los miembros de la Congregaci\u00f3n fallecidos, familiares y benefactores<\/a><br \/>11. <a href=\"https:\/\/www.claret.org\/ephemeris\/november-11-servants-of-god-father-federico-vila-and-companions-martyrs\/\">Beato Federico Vila y compa\u00f1eros, m\u00e1rtires (Torredembarra \u2013 Espa\u00f1a, 1936)<\/a><br \/>20. <a href=\"https:\/\/www.claret.org\/ephemeris\/november-20-blessed-father-andres-sola-martyr\/\">Beato Andr\u00e9s Sol\u00e1, m\u00e1rtir (San Joaqu\u00edn \u2013 M\u00e9xico, 1927)<\/a><br \/>30. <a href=\"https:\/\/www.claret.org\/ephemeris\/november-30-saint-andrew-apostle-and-co-patron\/\">San Andr\u00e9s, Ap\u00f3stol y copatrono<\/a><\/p>\n<h2>DICIEMBRE<\/h2>\n<p>08. <a href=\"https:\/\/www.claret.org\/ephemeris\/december-8-the-immaculate-conception-of-the-blessed-virgin-mary\/\">Solemnidad de la Inmaculada Concepci\u00f3n de la Sant\u00edsima Virgen Mar\u00eda<\/a><br \/>23. <a href=\"https:\/\/www.claret.org\/ephemeris\/december-23-the-birth-of-st-anthony-mary-claret\/\">Nacimiento de San Antonio Mar\u00eda Claret (Sallent \u2013 Espa\u00f1a, 1807).<\/a><br \/>26. <a href=\"https:\/\/www.claret.org\/ephemeris\/december-26-st-stephen-proto-martyr\/\">San Esteban, el protom\u00e1rtir<\/a><br \/>27. <a href=\"https:\/\/www.claret.org\/ephemeris\/december-27-st-john-apostle-evangelist-and-co-patron\/\">San Juan, ap\u00f3stol, evangelista y copatr\u00f3n<\/a><\/p>\n<p>[\/et_pb_text][\/et_pb_column][\/et_pb_row][\/et_pb_section]<\/p>\n","protected":false},"excerpt":{"rendered":"<p>ENERO 06. Clemente Serrat, Superior General (Segovia \u2013 Espa\u00f1a, 1906)17. Venerable M. Mar\u00eda Antonia Par\u00eds (Reus \u2013 Espa\u00f1a, 1885)25. Conversi\u00f3n de San Pablo FEBRERO 01. Ataque al Padre Claret en Holgu\u00edn (Cuba, 1856)01. Los beatos m\u00e1rtires claretianos04. Venerable Jaime Clotet, cofundador (Barcelona \u2013 Espa\u00f1a, 1898)11. Aprobaci\u00f3n de nuestras Constituciones (1870 y 1982)24. Nicol\u00e1s Garc\u00eda, Superior [&hellip;]<\/p>\n","protected":false},"author":69,"featured_media":124388,"parent":0,"menu_order":0,"comment_status":"closed","ping_status":"closed","template":"","meta":{"_et_pb_use_builder":"on","_et_pb_old_content":"","_et_gb_content_width":"","footnotes":""},"class_list":["post-24840","page","type-page","status-publish","has-post-thumbnail","hentry"],"jetpack_sharing_enabled":true,"jetpack_shortlink":"https:\/\/wp.me\/PdaBmi-6sE","jetpack_likes_enabled":true,"_links":{"self":[{"href":"https:\/\/www.claret.org\/es\/wp-json\/wp\/v2\/pages\/24840","targetHints":{"allow":["GET"]}}],"collection":[{"href":"https:\/\/www.claret.org\/es\/wp-json\/wp\/v2\/pages"}],"about":[{"href":"https:\/\/www.claret.org\/es\/wp-json\/wp\/v2\/types\/page"}],"author":[{"embeddable":true,"href":"https:\/\/www.claret.org\/es\/wp-json\/wp\/v2\/users\/69"}],"replies":[{"embeddable":true,"href":"https:\/\/www.claret.org\/es\/wp-json\/wp\/v2\/comments?post=24840"}],"version-history":[{"count":0,"href":"https:\/\/www.claret.org\/es\/wp-json\/wp\/v2\/pages\/24840\/revisions"}],"wp:featuredmedia":[{"embeddable":true,"href":"https:\/\/www.claret.org\/es\/wp-json\/wp\/v2\/media\/124388"}],"wp:attachment":[{"href":"https:\/\/www.claret.org\/es\/wp-json\/wp\/v2\/media?parent=24840"}],"curies":[{"name":"wp","href":"https:\/\/api.w.org\/{rel}","templated":true}]}}