{"id":25074,"date":"2018-07-30T11:12:50","date_gmt":"2018-07-30T09:12:50","guid":{"rendered":"https:\/\/www.claret.org\/calendario\/25-de-enero-conversion-de-san-pablo\/"},"modified":"2018-07-30T11:12:50","modified_gmt":"2018-07-30T09:12:50","slug":"25-de-enero-conversion-de-san-pablo","status":"publish","type":"page","link":"https:\/\/www.claret.org\/es\/efemeride\/25-de-enero-conversion-de-san-pablo\/","title":{"rendered":"25 de Enero &#8211; Conversi\u00f3n de San Pablo"},"content":{"rendered":"<div class=\"field field-name-body field-type-text-with-summary field-label-hidden\">\n<div class=\"field-items\">\n<div class=\"field-item even\">\n<p>La fiesta de la conversi\u00f3n de san Pablo nos recuerda el momento de la llamada vocacional del Ap\u00f3stol de los Gentiles. La ca\u00edda de Damasco supuso para \u00e9l no s\u00f3lo la conversi\u00f3n al cristianismo sino tambi\u00e9n el descubrimiento de su vocaci\u00f3n apost\u00f3lica y, en particular, su misi\u00f3n al apostolado entre los gentiles. La experiencia que tuvo de Cristo, que lo llam\u00f3 y lo separ\u00f3 para la misi\u00f3n apost\u00f3lica, fue para san Pablo una impresi\u00f3n que le dur\u00f3 toda la vida, influyendo decisivamente en su itinerario vocacional y en la fidelidad a la misi\u00f3n.<\/p>\n<p>&nbsp;<\/p>\n<p>La vocaci\u00f3n de Claret, su vida y misi\u00f3n, tienen claramente unos rasgos paulinos muy destacados. \u00c9l se identific\u00f3 con el Ap\u00f3stol desde el primer momento de la llamada vocacional. Estando en Barcelona y escuchando un domingo la santa Misa, a pesar de que <em>ten\u00eda m\u00e1s m\u00e1quinas en la cabeza que santos no hab\u00eda en el altar<\/em>, se acord\u00f3 de aquellas palabras del Evangelio: \u00ab\u00bfDe qu\u00e9 le aprovecha al hombre el ganar todo el mundo si finalmente pierde su alma?\u00bb (Mt 16,26). Estas palabras le causaron una profunda impresi\u00f3n. Fue para \u00e9l como una saeta que le hiri\u00f3 el coraz\u00f3n. Pensaba y discurr\u00eda qu\u00e9 camino tomar, pero no sab\u00eda, estaba desorientado (cf. Aut 67-68). Claret, nos dice \u00e9l mismo, se hall\u00f3 como Saulo por el camino de Damasco. Busc\u00f3 un <em>Anan\u00edas<\/em> para que lo orientase en lo que deb\u00eda hacer. Fue a la casa de san Felipe Neri y all\u00ed encontr\u00f3 a un hermano llamado Pablo, muy humilde y fervoroso. Habl\u00f3 con \u00e9l y le condujo al P. Amig\u00f3, el <em>Anan\u00edas<\/em> que lo orient\u00f3 sobre lo que deb\u00eda hacer, y \u00e9l obedeci\u00f3 (cf. Aut 69).<\/p>\n<p>A Claret le entusiasmaba tambi\u00e9n el estilo misionero de Pablo y lo imitaba. Le atra\u00eda su celo apost\u00f3lico y c\u00f3mo predicaba, escrib\u00eda y ense\u00f1aba en todas partes, dispuesto siempre a sufrir azotes, persecuciones y calumnias por la causa de Jes\u00fas. Tan identificado estaba Pablo con el Se\u00f1or que su \u00fanica ilusi\u00f3n era gloriarse en la cruz de Jesucristo (cf. Aut 224). Claret pedir\u00e1 para sus misioneros este mismo estilo de vida apost\u00f3lica. El Hijo del Inmaculado Coraz\u00f3n de Mar\u00eda, lleno caridad apost\u00f3lica, se gozar\u00e1 en los sacrificios y se complacer\u00e1 en las calumnias y en los tormentos. No pensar\u00e1 sino en seguir e imitar a Jesucristo en trabajar, sufrir y en procurar siempre y \u00fanicamente la mayor gloria de Dios y la salvaci\u00f3n de las almas (cf. Aut 494).<\/p>\n<\/div>\n<\/div>\n<\/div>\n","protected":false},"excerpt":{"rendered":"<p>La fiesta de la conversi\u00f3n de san Pablo nos recuerda el momento de la llamada vocacional del Ap\u00f3stol de los Gentiles. La ca\u00edda de Damasco supuso para \u00e9l no s\u00f3lo la conversi\u00f3n al cristianismo sino tambi\u00e9n el descubrimiento de su vocaci\u00f3n apost\u00f3lica y, en particular, su misi\u00f3n al apostolado entre los gentiles. La experiencia que [&hellip;]<\/p>\n","protected":false},"author":69,"featured_media":25072,"parent":24840,"menu_order":0,"comment_status":"closed","ping_status":"closed","template":"","meta":{"_et_pb_use_builder":"","_et_pb_old_content":"","_et_gb_content_width":"","footnotes":""},"class_list":["post-25074","page","type-page","status-publish","has-post-thumbnail","hentry"],"jetpack_sharing_enabled":true,"jetpack_shortlink":"https:\/\/wp.me\/PdaBmi-6wq","jetpack_likes_enabled":true,"_links":{"self":[{"href":"https:\/\/www.claret.org\/es\/wp-json\/wp\/v2\/pages\/25074","targetHints":{"allow":["GET"]}}],"collection":[{"href":"https:\/\/www.claret.org\/es\/wp-json\/wp\/v2\/pages"}],"about":[{"href":"https:\/\/www.claret.org\/es\/wp-json\/wp\/v2\/types\/page"}],"author":[{"embeddable":true,"href":"https:\/\/www.claret.org\/es\/wp-json\/wp\/v2\/users\/69"}],"replies":[{"embeddable":true,"href":"https:\/\/www.claret.org\/es\/wp-json\/wp\/v2\/comments?post=25074"}],"version-history":[{"count":0,"href":"https:\/\/www.claret.org\/es\/wp-json\/wp\/v2\/pages\/25074\/revisions"}],"up":[{"embeddable":true,"href":"https:\/\/www.claret.org\/es\/wp-json\/wp\/v2\/pages\/24840"}],"wp:featuredmedia":[{"embeddable":true,"href":"https:\/\/www.claret.org\/es\/wp-json\/wp\/v2\/media\/25072"}],"wp:attachment":[{"href":"https:\/\/www.claret.org\/es\/wp-json\/wp\/v2\/media?parent=25074"}],"curies":[{"name":"wp","href":"https:\/\/api.w.org\/{rel}","templated":true}]}}