{"id":26668,"date":"2018-08-21T10:19:30","date_gmt":"2018-08-21T08:19:30","guid":{"rendered":"https:\/\/www.claret.org\/calendario\/4-de-febrero-venerable-p-clotet-cofundador\/"},"modified":"2022-07-06T22:48:21","modified_gmt":"2022-07-06T20:48:21","slug":"4-de-febrero-venerable-p-clotet-cofundador","status":"publish","type":"page","link":"https:\/\/www.claret.org\/es\/efemeride\/4-de-febrero-venerable-p-clotet-cofundador\/","title":{"rendered":"4 de Febrero &#8211; Venerable P. Clotet, cofundador"},"content":{"rendered":"<p>Hoy recordamos al venerable P. Jaime Clotet, cofundador de la Congregaci\u00f3n. Naci\u00f3 el d\u00ed\u00ada 24 de julio de 1822 en Manresa (Barcelona &#8211; Espa\u00f1a) y fue el \u00faltimo de ocho hermanos. Fue bautizado el mismo d\u00ed\u00ada de su nacimiento. Realiz\u00f3 los tres primeros a\u00f1os de estudios con los jesuitas de su ciudad natal. March\u00f3 a Barcelona para estudiar ret\u00f3rica y filosof\u00ed\u00ada en el Instituto de segunda ense\u00f1anza de la Universidad de esa ciudad.<\/p>\n<p style=\"text-align: justify;\"><img data-recalc-dims=\"1\" loading=\"lazy\" decoding=\"async\" data-attachment-id=\"127667\" data-permalink=\"https:\/\/www.claret.org\/es\/efemeride\/4-de-febrero-venerable-p-clotet-cofundador\/cof3-clotetjaime-2\/\" data-orig-file=\"https:\/\/i0.wp.com\/www.claret.org\/wp-content\/uploads\/2022\/07\/Cof3-ClotetJaime.jpg?fit=1491%2C1987&amp;ssl=1\" data-orig-size=\"1491,1987\" data-comments-opened=\"0\" data-image-meta=\"{&quot;aperture&quot;:&quot;0&quot;,&quot;credit&quot;:&quot;&quot;,&quot;camera&quot;:&quot;&quot;,&quot;caption&quot;:&quot;&quot;,&quot;created_timestamp&quot;:&quot;0&quot;,&quot;copyright&quot;:&quot;&quot;,&quot;focal_length&quot;:&quot;0&quot;,&quot;iso&quot;:&quot;0&quot;,&quot;shutter_speed&quot;:&quot;0&quot;,&quot;title&quot;:&quot;&quot;,&quot;orientation&quot;:&quot;0&quot;}\" data-image-title=\"Cof3-ClotetJaime\" data-image-description=\"\" data-image-caption=\"\" data-large-file=\"https:\/\/i0.wp.com\/www.claret.org\/wp-content\/uploads\/2022\/07\/Cof3-ClotetJaime.jpg?fit=768%2C1024&amp;ssl=1\" class=\"wp-image-127667  alignleft\" src=\"https:\/\/i0.wp.com\/www.claret.org\/wp-content\/uploads\/2022\/07\/Cof3-ClotetJaime.jpg?resize=404%2C538&#038;ssl=1\" alt=\"\" width=\"404\" height=\"538\" title=\"\"><\/p>\n<p>A los diecisiete a\u00f1os ingres\u00f3 en el Seminario de Barcelona donde comenz\u00f3 sus estudios eclesi\u00e1sticos que luego culmin\u00f3 en Vic. Debido a la situaci\u00f3n de persecuci\u00f3n de la Iglesia en Espa\u00f1a, pas\u00f3 a Francia y a Roma, donde fue ordenado sacerdote el d\u00ed\u00ada 20 de julio de 1845. Al regresar a Espa\u00f1a fue destinado, en julio de 1846, como Vicario del Ec\u00f3nomo de Castellfollit del Boix, parroquia situada frente a Monserrat. En 1847 fue nombrado Cura Ec\u00f3nomo de Santa Mar\u00ed\u00ada de Civit, otro pueblecito situado entre las monta\u00f1as.<\/p>\n<p>Estos cuatro a\u00f1os de ministerio fueron pastoralmente muy buenos para \u00e9l, pero en su coraz\u00f3n lat\u00ed\u00ada una fuerte inquietud misionera. Por ello, en junio de 1849, expuso a su Obispo Dr. Jaime Passarell sus deseos de dejar la parroquia. El momento de interrupci\u00f3n de su ministerio fue providencial: le permiti\u00f3 ponerse en contacto con el P. Claret, que estaba a punto de fundar una nueva Congregaci\u00f3n. De hecho, encontramos al P. Jaime Clotet el 16 de julio de ese mismo a\u00f1o formando parte del grupo de cofundadores; era el m\u00e1s joven de todos. El P. Clotet descubri\u00f3 por fin su vocaci\u00f3n misionera y encontr\u00f3 en la nueva Congregaci\u00f3n el mejor lugar para vivirla.<\/p>\n<p>Durante sus primeros a\u00f1os de ministerio en la Congregaci\u00f3n se entreg\u00f3 por entero a las misiones populares, a los ejercicios espirituales y, sobre todo, a la catequesis, ministerio para el que se sent\u00ed\u00ada especialmente capacitado. El P. Clotet se sinti\u00f3 plenamente compenetrado con el esp\u00ed\u00adritu y el estilo de vida claretianos, alternando meses de estancia en casa, dedicados a la oraci\u00f3n y al estudio, con otros consagrados a la predicaci\u00f3n misionera.<\/p>\n<p>El P. Clotet fue el primer Subdirector de la Congregaci\u00f3n, siendo elegido para tal servicio en 1858, cuando el P. Xifr\u00e9 fue elegido Superior General despu\u00e9s de la muerte del P. Esteban Sala; y desempe\u00f1\u00f3 este cargo durante 30 a\u00f1os consecutivos.<\/p>\n<p>El amor filial que tuvo al P. Claret lo llev\u00f3 a desvivirse por recopilar todos los datos y testimonios que permitieran reconocer su santidad y as\u00ed\u00ad iniciar su proceso de beatificaci\u00f3n. El material recogido fue abundante; el trabajo del P. Clotet fue sorprendente e infatigable.<\/p>\n<p>Su vida reflej\u00f3 siempre un halo de santidad evang\u00e9lica. Su aportaci\u00f3n fue crucial en la historia naciente del Instituto y en la transmisi\u00f3n viva y entusiasta de nuestro carisma original. Vivi\u00f3 con gozo y plenitud su identidad claretiana como hombre contemplativo y ap\u00f3stol misionero.<\/p>\n","protected":false},"excerpt":{"rendered":"<p>Hoy recordamos al venerable P. Jaime Clotet, cofundador de la Congregaci\u00f3n. Naci\u00f3 el d\u00ed\u00ada 24 de julio de 1822 en Manresa (Barcelona &#8211; Espa\u00f1a) y fue el \u00faltimo de ocho hermanos. Fue bautizado el mismo d\u00ed\u00ada de su nacimiento. Realiz\u00f3 los tres primeros a\u00f1os de estudios con los jesuitas de su ciudad natal. March\u00f3 a [&hellip;]<\/p>\n","protected":false},"author":69,"featured_media":26663,"parent":24840,"menu_order":0,"comment_status":"closed","ping_status":"closed","template":"","meta":{"_et_pb_use_builder":"","_et_pb_old_content":"","_et_gb_content_width":"","footnotes":""},"class_list":["post-26668","page","type-page","status-publish","has-post-thumbnail","hentry"],"jetpack_sharing_enabled":true,"jetpack_shortlink":"https:\/\/wp.me\/PdaBmi-6W8","jetpack_likes_enabled":true,"_links":{"self":[{"href":"https:\/\/www.claret.org\/es\/wp-json\/wp\/v2\/pages\/26668","targetHints":{"allow":["GET"]}}],"collection":[{"href":"https:\/\/www.claret.org\/es\/wp-json\/wp\/v2\/pages"}],"about":[{"href":"https:\/\/www.claret.org\/es\/wp-json\/wp\/v2\/types\/page"}],"author":[{"embeddable":true,"href":"https:\/\/www.claret.org\/es\/wp-json\/wp\/v2\/users\/69"}],"replies":[{"embeddable":true,"href":"https:\/\/www.claret.org\/es\/wp-json\/wp\/v2\/comments?post=26668"}],"version-history":[{"count":0,"href":"https:\/\/www.claret.org\/es\/wp-json\/wp\/v2\/pages\/26668\/revisions"}],"up":[{"embeddable":true,"href":"https:\/\/www.claret.org\/es\/wp-json\/wp\/v2\/pages\/24840"}],"wp:featuredmedia":[{"embeddable":true,"href":"https:\/\/www.claret.org\/es\/wp-json\/wp\/v2\/media\/26663"}],"wp:attachment":[{"href":"https:\/\/www.claret.org\/es\/wp-json\/wp\/v2\/media?parent=26668"}],"curies":[{"name":"wp","href":"https:\/\/api.w.org\/{rel}","templated":true}]}}