{"id":26685,"date":"2018-08-21T10:59:01","date_gmt":"2018-08-21T08:59:01","guid":{"rendered":"https:\/\/www.claret.org\/11-de-febrero-aprobacion-de-nuestras-constituciones\/"},"modified":"2018-08-21T21:00:14","modified_gmt":"2018-08-21T19:00:14","slug":"11-de-febrero-aprobacion-de-nuestras-constituciones","status":"publish","type":"page","link":"https:\/\/www.claret.org\/es\/efemeride\/11-de-febrero-aprobacion-de-nuestras-constituciones\/","title":{"rendered":"11 de Febrero &#8211; Aprobaci\u00f3n de nuestras Constituciones"},"content":{"rendered":"<p>El 11 de febrero es para nosotros una fecha significativa ya que nos permite hacer memoria agradecida de las Constituciones que nuestro santo Fundador dej\u00f3 a la Congregaci\u00f3n y que la Iglesia ha reconocido como trazado evang\u00e9lico genuino, capaz de orientar nuestro seguimiento de Jes\u00fas.<\/p>\n<p><img data-recalc-dims=\"1\" loading=\"lazy\" decoding=\"async\" class=\"alignleft\" title=\"  data-cke-saved-src=\" src=\"https:\/\/i0.wp.com\/www2.claret.org\/sites\/default\/files\/imagenes\/espiritualidad\/calendario\/6-b-claret__constituciones.jpg?resize=181%2C310\" alt=\"\" width=\"181\" height=\"310\">En efecto, en esta fecha de 1870, y tras la s\u00faplica personalmente llevada a Roma por el P. Claret, nuestras Constituciones fueron aprobadas por el Papa P\u00ed\u00ado IX. A su vez, y como signo de continuidad hist\u00f3rica, el 11 de febrero de 1982 es tambi\u00e9n la fecha en que fue emanado el Decreto de la Congregaci\u00f3n para los Institutos Religiosos y Sociedades de Vida Apost\u00f3lica por el cual quedaba aprobada la revisi\u00f3n posconciliar de nuestras Constituciones.<\/p>\n<p>\u00bfPor qu\u00e9 celebramos la fecha de la aprobaci\u00f3n de nuestras Constituciones, tanto en su texto primitivo como en el texto posconciliar? Aunque no sean m\u00e1s que un peque\u00f1o libro, sin pretensiones de tratado teol\u00f3gico o hist\u00f3rico, ellas son nuestro libro de vida, cuya raz\u00f3n de ser consiste en que lleguemos a traducirlo en vida y experiencia misionera. Como tal, nos facilita ante todo hacer memoria del camino discipular del Padre Fundador y de muchos hermanos: una experiencia que vale la pena compartir a su lado en el seguimiento de Jes\u00fas. Este peque\u00f1o libro condensa y transmite la misma experiencia evang\u00e9lica vertida en la Autobiograf\u00ed\u00ada.<\/p>\n<p>Por otra parte, en nuestra regla de vida encontramos las claves que hacen real, a la vez que significativa nuestra pertenencia a la Iglesia de Jes\u00fas; es la realidad Iglesia la que da sentido a nuestro hablar de comunidad, de misi\u00f3n, de identificaci\u00f3n con Cristo, de opciones por el Reino, de servicio a los humildes: lenguaje vertebrador de nuestro proyecto de vida.<\/p>\n<p>Y, por encima de todo, al hacer agradecida memoria de nuestras Constituciones, festejamos nuestro don mayor, que es la implantaci\u00f3n del Jes\u00fas del Evangelio en el centro de nuestra existencia. Sus palabras, sus hechos, sus gestos cotidianos, lo mismo que su muerte y resurrecci\u00f3n, quedan vertidos en propuesta para nuestro aprendizaje, en compromiso para nuestro vivir y en gozosa esperanza para nuestra plenificaci\u00f3n en \u00ed\u2030l.<\/p>\n","protected":false},"excerpt":{"rendered":"<p>El 11 de febrero es para nosotros una fecha significativa ya que nos permite hacer memoria agradecida de las Constituciones que nuestro santo Fundador dej\u00f3 a la Congregaci\u00f3n y que la Iglesia ha reconocido como trazado evang\u00e9lico genuino, capaz de orientar nuestro seguimiento de Jes\u00fas. En efecto, en esta fecha de 1870, y tras la [&hellip;]<\/p>\n","protected":false},"author":69,"featured_media":26682,"parent":24840,"menu_order":0,"comment_status":"closed","ping_status":"closed","template":"","meta":{"_et_pb_use_builder":"","_et_pb_old_content":"","_et_gb_content_width":"","footnotes":""},"class_list":["post-26685","page","type-page","status-publish","has-post-thumbnail","hentry"],"jetpack_sharing_enabled":true,"jetpack_shortlink":"https:\/\/wp.me\/PdaBmi-6Wp","jetpack_likes_enabled":true,"_links":{"self":[{"href":"https:\/\/www.claret.org\/es\/wp-json\/wp\/v2\/pages\/26685","targetHints":{"allow":["GET"]}}],"collection":[{"href":"https:\/\/www.claret.org\/es\/wp-json\/wp\/v2\/pages"}],"about":[{"href":"https:\/\/www.claret.org\/es\/wp-json\/wp\/v2\/types\/page"}],"author":[{"embeddable":true,"href":"https:\/\/www.claret.org\/es\/wp-json\/wp\/v2\/users\/69"}],"replies":[{"embeddable":true,"href":"https:\/\/www.claret.org\/es\/wp-json\/wp\/v2\/comments?post=26685"}],"version-history":[{"count":0,"href":"https:\/\/www.claret.org\/es\/wp-json\/wp\/v2\/pages\/26685\/revisions"}],"up":[{"embeddable":true,"href":"https:\/\/www.claret.org\/es\/wp-json\/wp\/v2\/pages\/24840"}],"wp:featuredmedia":[{"embeddable":true,"href":"https:\/\/www.claret.org\/es\/wp-json\/wp\/v2\/media\/26682"}],"wp:attachment":[{"href":"https:\/\/www.claret.org\/es\/wp-json\/wp\/v2\/media?parent=26685"}],"curies":[{"name":"wp","href":"https:\/\/api.w.org\/{rel}","templated":true}]}}