{"id":26881,"date":"2018-08-22T05:51:22","date_gmt":"2018-08-22T03:51:22","guid":{"rendered":"https:\/\/www.claret.org\/calendario\/24-de-febrero-p-nicolas-garci%c2%ada-superior-general\/"},"modified":"2018-08-22T05:51:22","modified_gmt":"2018-08-22T03:51:22","slug":"24-de-febrero-p-nicolas-garci%c2%ada-superior-general","status":"publish","type":"page","link":"https:\/\/www.claret.org\/es\/efemeride\/24-de-febrero-p-nicolas-garci%c2%ada-superior-general\/","title":{"rendered":"24 de Febrero &#8211; P. Nicol\u00e1s Garc\u00ed\u00ada, superior general"},"content":{"rendered":"<p>Naci\u00f3 en Hormicedo (Burgos &#8211; Espa\u00f1a) el 23 de diciembre de 1869. Hizo el postulantado en Segovia (Espa\u00f1a) y profes\u00f3 en Alag\u00f3n (Zaragoza &#8211; Espa\u00f1a) el 16 de diciembre de 1886. Se orden\u00f3 en Santo Domingo de la Calzada (Logro\u00f1o &#8211; Espa\u00f1a) el 13 de mayo de 1894 y fue enviado a Italia como superior local de la casa de san Felice (Spoleto &#8211; Italia). De vuelta a Espa\u00f1a fue profesor de Filosof\u00ed\u00ada en Cervera y m\u00e1s tarde superior de la casa de Zamora.<\/p>\n<p><img data-recalc-dims=\"1\" loading=\"lazy\" decoding=\"async\" class=\"alignleft\" title=\"\" src=\"https:\/\/i0.wp.com\/www2.claret.org\/sites\/default\/files\/imagenes\/espiritualidad\/calendario\/07-nicolas_garca.jpg?resize=300%2C449\" alt=\"\" width=\"300\" height=\"449\">En 1912 fue nombrado Superior Provincial de B\u00e9tica cargo para el que fue reelegido el 1918 por otro sexenio. En 1922 fue elegido Superior General por doce a\u00f1os (1922-1934) en el XII Cap\u00ed\u00adtulo General (Vic &#8211; Espa\u00f1a, 1922). Fallecido repentinamente el Rmo. P. Maroto en 1937, fue de nuevo elegido Superior General para el per\u00ed\u00adodo 1937-1949 en el XIV Cap\u00ed\u00adtulo General (Albano &#8211; Italia, 1937). A pesar de las dificultades vocacionales y formativas que tuvo que afrontar y sus consecuencias misioneras, durante su doble mandato realiz\u00f3 una magn\u00ed\u00adfica labor de gobierno dando un gran impulso cuantitativo y cualitativo a la Congregaci\u00f3n. Falleci\u00f3 en Roma el 24 de febrero de 1950.<\/p>\n<p>Fue un religioso ejemplar en todos los sentidos, fiel a nuestro proyecto de vida expresado en las Constituciones y siempre movido por un gran amor a la Iglesia y a la Congregaci\u00f3n.<\/p>\n<p>Hizo casi un centenar de fundaciones, abri\u00f3 la Congregaci\u00f3n a las misiones de Dari\u00e9n, Tocantins y China, y se preocup\u00f3 sobremanera por la cualificaci\u00f3n cient\u00ed\u00adfica y pastoral de los misioneros. En v\u00ed\u00adsperas del centenario de su fundaci\u00f3n (1949), la Congregaci\u00f3n contaba con 2.638 profesos y 160 novicios. Lo m\u00e1s peculiar fue la expansi\u00f3n de la Congregaci\u00f3n fuera de Espa\u00f1a. Hab\u00ed\u00ada 240 casas, repartidas por los diversos continentes: 97 en Europa, 8 en Asia, 11 en \u00ed\u0081frica y 124 en Am\u00e9rica. Todas ellas enmarcadas en 10 Provincias, 2 Viceprovincias y 5 Visitadur\u00ed\u00adas. Entre las dignidades jer\u00e1rquicas de la Iglesia, la Congregaci\u00f3n contaba en su primer siglo de existencia con: 3 Arzobispos, 8 Obispos, 1 Vicario Apost\u00f3lico y 6 Prefectos Apost\u00f3licos.<\/p>\n<p>Asimismo, nos ha dejado un magisterio riqu\u00ed\u00adsimo en doctrina sobre la vida religiosa, la dimensi\u00f3n carism\u00e1tica y la problem\u00e1tica vocacional y formativa. Tras los acontecimientos sucedidos a la Congregaci\u00f3n el martirio de tantos hermanos nuestros, especialmente estudiantes- escribi\u00f3 las circulares Sobre algunos acuerdos Capitulares (1937) y La Vocaci\u00f3n Misionera (1938). Sobre la formaci\u00f3n en la Congregaci\u00f3n, escribi\u00f3 las circulares tituladas Formaci\u00f3n de nuestros estudiantes (1932) y Formaci\u00f3n religiosa, Misionera y Claretiana (1947), pidiendo siempre una formaci\u00f3n de calidad para poder responder a los desaf\u00ed\u00ados del momento presente.<\/p>\n<p>A todo claretiano le ped\u00ed\u00ada que cultivase la propia vocaci\u00f3n de una manera constante. Nos recordaba que era un error de fatales consecuencias creer que, una vez recibida la gracia vocacional y haber sido incorporados a la Congregaci\u00f3n, no hab\u00ed\u00ada que preocuparse m\u00e1s de ella. Al contrario, es necesario cultivar la vocaci\u00f3n, como se cultiva una planta d\u00e9bil y delicada, que se quiere hacer crecer y desarrollar. La vocaci\u00f3n -dec\u00ed\u00ada- es una gracia y gracia singular\u00ed\u00adsima; esta gracia, si no es correspondida, se pierde; por eso debe ser trabajo de todos el cultivarla siempre.<\/p>\n","protected":false},"excerpt":{"rendered":"<p>Naci\u00f3 en Hormicedo (Burgos &#8211; Espa\u00f1a) el 23 de diciembre de 1869. Hizo el postulantado en Segovia (Espa\u00f1a) y profes\u00f3 en Alag\u00f3n (Zaragoza &#8211; Espa\u00f1a) el 16 de diciembre de 1886. Se orden\u00f3 en Santo Domingo de la Calzada (Logro\u00f1o &#8211; Espa\u00f1a) el 13 de mayo de 1894 y fue enviado a Italia como superior [&hellip;]<\/p>\n","protected":false},"author":69,"featured_media":26879,"parent":24840,"menu_order":0,"comment_status":"closed","ping_status":"closed","template":"","meta":{"_et_pb_use_builder":"","_et_pb_old_content":"","_et_gb_content_width":"","footnotes":""},"class_list":["post-26881","page","type-page","status-publish","has-post-thumbnail","hentry"],"jetpack_sharing_enabled":true,"jetpack_shortlink":"https:\/\/wp.me\/PdaBmi-6Zz","jetpack_likes_enabled":true,"_links":{"self":[{"href":"https:\/\/www.claret.org\/es\/wp-json\/wp\/v2\/pages\/26881","targetHints":{"allow":["GET"]}}],"collection":[{"href":"https:\/\/www.claret.org\/es\/wp-json\/wp\/v2\/pages"}],"about":[{"href":"https:\/\/www.claret.org\/es\/wp-json\/wp\/v2\/types\/page"}],"author":[{"embeddable":true,"href":"https:\/\/www.claret.org\/es\/wp-json\/wp\/v2\/users\/69"}],"replies":[{"embeddable":true,"href":"https:\/\/www.claret.org\/es\/wp-json\/wp\/v2\/comments?post=26881"}],"version-history":[{"count":0,"href":"https:\/\/www.claret.org\/es\/wp-json\/wp\/v2\/pages\/26881\/revisions"}],"up":[{"embeddable":true,"href":"https:\/\/www.claret.org\/es\/wp-json\/wp\/v2\/pages\/24840"}],"wp:featuredmedia":[{"embeddable":true,"href":"https:\/\/www.claret.org\/es\/wp-json\/wp\/v2\/media\/26879"}],"wp:attachment":[{"href":"https:\/\/www.claret.org\/es\/wp-json\/wp\/v2\/media?parent=26881"}],"curies":[{"name":"wp","href":"https:\/\/api.w.org\/{rel}","templated":true}]}}