{"id":26902,"date":"2018-08-22T06:25:10","date_gmt":"2018-08-22T04:25:10","guid":{"rendered":"https:\/\/www.claret.org\/calendario\/25-de-febrero-beatificacion-del-p-fundador\/"},"modified":"2018-08-22T06:25:10","modified_gmt":"2018-08-22T04:25:10","slug":"25-de-febrero-beatificacion-del-p-fundador","status":"publish","type":"page","link":"https:\/\/www.claret.org\/es\/efemeride\/25-de-febrero-beatificacion-del-p-fundador\/","title":{"rendered":"25 de Febrero &#8211; Beatificaci\u00f3n del P. Fundador"},"content":{"rendered":"<p style=\"text-align: justify;\">La celebraci\u00f3n de la beatificaci\u00f3n fue una fiesta grande para toda la Congregaci\u00f3n que pudo sentirse representada en la Bas\u00edlica de San Pedro con la presencia de todos los miembros del XIII Cap\u00edtulo General, que en breve iba a comenzar.<\/p>\n<p style=\"text-align: justify;\"><img data-recalc-dims=\"1\" loading=\"lazy\" decoding=\"async\" class=\"alignleft\" title=\"\" src=\"https:\/\/i0.wp.com\/www2.claret.org\/sites\/default\/files\/imagenes\/espiritualidad\/calendario\/08-beatificacin_claretcervera_1934.jpg?resize=301%2C200\" alt=\"\" width=\"301\" height=\"200\"><\/p>\n<p style=\"text-align: justify;\">De hecho, la beatificaci\u00f3n del P. Fundador fue un momento de gracia que dinamiz\u00f3 la vida de los misioneros esparcidos por el mundo entero. El camino de seguimiento de Jes\u00fas como misioneros al estilo de Claret quedaba ratificado oficialmente por la Iglesia como un camino de santificaci\u00f3n aut\u00e9ntico y fecundo. La luz de este acontecimiento ilumin\u00f3 dicho Cap\u00edtulo General que se inaugur\u00f3 el 15 de marzo de 1934.<\/p>\n<p style=\"text-align: justify;\">El 25 de febrero de 1934 el Papa P\u00edo XI beatific\u00f3 a nuestro P. Fundador. Fue presentado p\u00fablicamente a la Iglesia y al mundo como un hombre que vivi\u00f3 en plenitud su vocaci\u00f3n cristiana de misionero apost\u00f3lico y a partir de ese momento se pod\u00eda contar con \u00e9l como intercesor y est\u00edmulo para vivir la santidad cristiana. El nuevo Beato experiment\u00f3 con fuerza, en su vida, el amor de Dios y descubri\u00f3 en su Palabra una llamada irresistible que le mostr\u00f3 el sentido de su vida y de su identidad como misionero apost\u00f3lico; dej\u00e1ndolo todo recorri\u00f3 el camino de configuraci\u00f3n con Jes\u00fas misionero como sacerdote, fundador, obispo, confesor, perseguido, etc. Su vida fue una historia de servicio a la Palabra como profeta que entrega la vida por amor. Para la Familia Claretiana celebrar esta fecha es una buena oportunidad para recordar que todos, como \u00e9l, estamos llamados a seguir a Jes\u00fas misionero de una forma total, \u00edntegra y apasionada.<\/p>\n<p style=\"text-align: justify;\">Despu\u00e9s de haber recordado este acontecimiento familiar tan significativo, acojamos las palabras del Papa P\u00edo XI en la audiencia previa al XIII Cap\u00edtulo General, celebrado a los veinte d\u00edas de la beatificaci\u00f3n del P. Fundador: \u00ab\u2026el inminente Cap\u00edtulo General, que no puede menos de ser, como saben bien los religiosos en cuyas venas circula la sangre misionera de su santo Patriarca, un nuevo punto de partida; porque por mucho que pueda Dios complacerse y agradecer lo pasado, siempre queda por hacer, siempre m\u00e1s, siempre mejor\u2026\u00bb. Nos toca continuar esta historia, cuya ra\u00edz es santa.<\/p>\n","protected":false},"excerpt":{"rendered":"<p>La celebraci\u00f3n de la beatificaci\u00f3n fue una fiesta grande para toda la Congregaci\u00f3n que pudo sentirse representada en la Bas\u00edlica de San Pedro con la presencia de todos los miembros del XIII Cap\u00edtulo General, que en breve iba a comenzar. De hecho, la beatificaci\u00f3n del P. Fundador fue un momento de gracia que dinamiz\u00f3 la [&hellip;]<\/p>\n","protected":false},"author":69,"featured_media":0,"parent":24840,"menu_order":0,"comment_status":"closed","ping_status":"closed","template":"","meta":{"_et_pb_use_builder":"","_et_pb_old_content":"","_et_gb_content_width":"","footnotes":""},"class_list":["post-26902","page","type-page","status-publish","hentry"],"jetpack_sharing_enabled":true,"jetpack_shortlink":"https:\/\/wp.me\/PdaBmi-6ZU","jetpack_likes_enabled":true,"_links":{"self":[{"href":"https:\/\/www.claret.org\/es\/wp-json\/wp\/v2\/pages\/26902","targetHints":{"allow":["GET"]}}],"collection":[{"href":"https:\/\/www.claret.org\/es\/wp-json\/wp\/v2\/pages"}],"about":[{"href":"https:\/\/www.claret.org\/es\/wp-json\/wp\/v2\/types\/page"}],"author":[{"embeddable":true,"href":"https:\/\/www.claret.org\/es\/wp-json\/wp\/v2\/users\/69"}],"replies":[{"embeddable":true,"href":"https:\/\/www.claret.org\/es\/wp-json\/wp\/v2\/comments?post=26902"}],"version-history":[{"count":0,"href":"https:\/\/www.claret.org\/es\/wp-json\/wp\/v2\/pages\/26902\/revisions"}],"up":[{"embeddable":true,"href":"https:\/\/www.claret.org\/es\/wp-json\/wp\/v2\/pages\/24840"}],"wp:attachment":[{"href":"https:\/\/www.claret.org\/es\/wp-json\/wp\/v2\/media?parent=26902"}],"curies":[{"name":"wp","href":"https:\/\/api.w.org\/{rel}","templated":true}]}}