{"id":26917,"date":"2018-08-22T06:46:44","date_gmt":"2018-08-22T04:46:44","guid":{"rendered":"https:\/\/www.claret.org\/calendario\/2-de-marzo-p-marti%c2%adn-alsina-superior-general\/"},"modified":"2022-04-07T16:20:27","modified_gmt":"2022-04-07T14:20:27","slug":"2-de-marzo-p-martin-alsina-superior-general","status":"publish","type":"page","link":"https:\/\/www.claret.org\/es\/efemeride\/2-de-marzo-p-martin-alsina-superior-general\/","title":{"rendered":"2 de Marzo &#8211; P. Mart\u00ed\u00adn Alsina, superior general"},"content":{"rendered":"<p style=\"text-align: justify;\">En la ciudad de Manresa (Barcelona &#8211; Espa\u00f1a), di\u00f3cesis de Vic, naci\u00f3 el P. Mart\u00ed\u00adn Alsina el 4 de septiembre de 1859. Su familia era profundamente religiosa. Comenz\u00f3 su formaci\u00f3n vocacional siendo seminarista diocesano. Inici\u00f3 los estudios de latinidad el a\u00f1o 1871 en el colegio de Manresa, agregado al Instituto de Barcelona y a los dos a\u00f1os march\u00f3 a Vic para continuar los estudios eclesi\u00e1sticos en el seminario.<\/p>\n<p style=\"text-align: justify;\"><img data-recalc-dims=\"1\" loading=\"lazy\" decoding=\"async\" class=\"alignleft\" src=\"https:\/\/i0.wp.com\/www2.claret.org\/sites\/default\/files\/imagenes\/espiritualidad\/calendario\/09-martin_alsina.jpg?resize=304%2C403\" alt=\"09-martin_alsina.jpg\" width=\"304\" height=\"403\" title=\"\">Fue aceptado como mestre en la casa Portell de Sant Juli\u00e1 distante unos dos kil\u00f3metros y medio de Vic. All\u00ed\u00ad viv\u00ed\u00ada y all\u00ed\u00ad ense\u00f1aba las primeras letras y el catecismo a los hijos de la familia que le hab\u00ed\u00ada acogido. En el seminario se distingui\u00f3 por el constante trabajo que realizaba, por su clara metodolog\u00ed\u00ada en los estudios y su car\u00e1cter constante y aplicado.<\/p>\n<p style=\"text-align: justify;\">Al terminar el primer a\u00f1o de teolog\u00ed\u00ada ingres\u00f3 en la Congregaci\u00f3n en Thuir (Francia) el 16 de julio de 1879. Tuvo como maestros de novicios a los PP. Jaime Clotet y Clemente Serrat. Y el d\u00ed\u00ada 20 de agosto de 1880 emiti\u00f3 la profesi\u00f3n religiosa en manos del P. Clotet, superior de la Comunidad. Se orden\u00f3 de presb\u00ed\u00adtero el 24 de marzo de 1883. Este mismo a\u00f1o fue nombrado superior de la nueva comunidad de Thuir demostrando una excelente cualidad de discreci\u00f3n y gobierno. En octubre de 1886 fue destinado a Vic como prefecto de Estudiantes; cargo que continu\u00f3 ocupando en Santo Domingo de la Calzada desde enero de 1888. En 1894 fue nombrado para los cargos de consultor y secretario general en el gobierno del P. Jos\u00e9 Xifr\u00e9. Fallecido \u00e9ste el 3 de noviembre de 1899, fue elegido Subdirector General en el VIII Cap\u00ed\u00adtulo General de Vic celebrado en diciembre de ese mismo a\u00f1o en el gobierno del P. Clemente Serrat. En 1906 fue elegido Superior General en el X Cap\u00ed\u00adtulo de Aranda de Duero, permaneciendo en su cargo hasta su muerte, acaecida en Zafra (Badajoz), el 2 de marzo de 1922.<\/p>\n<p style=\"text-align: justify;\">La situaci\u00f3n de la Congregaci\u00f3n en este periodo fue de constante crecimiento humano y misionero. En el a\u00f1o de 1912 hab\u00ed\u00ada 112 casas en toda la Congregaci\u00f3n con un total de 1.633 profesos y 120 novicios. El aumento fue, sobre todo, de personal. En 1922 la Congregaci\u00f3n ten\u00ed\u00ada 1.943 individuos (sin contar los 834 postulantes), entre ellos 3 obispos y un Prefecto Apost\u00f3lico. Hasta entonces hab\u00ed\u00adan muerto 2 obispos, 388 padres, 244 estudiantes y 283 hermanos. En total 917. Y hab\u00ed\u00ada 10 Provincias y Vice-Provincias con 154 casas: Catalu\u00f1a, Castilla, B\u00e9tica, Chile, M\u00e9xico, Brasil, Colombia, Argentina, Guinea y Estados Unidos.<\/p>\n<p style=\"text-align: justify;\">En su magisterio intent\u00f3 ayudar a sus hermanos a la fidelidad vocacional y apost\u00f3lica aconsejando la fidelidad al Esp\u00ed\u00adritu y una formaci\u00f3n inicial y permanente adecuada y actualizada. El P. Alsina, a prop\u00f3sito de la existencia de algunos misione\u00c3\u201a\u00c2\u00acros poco alegres y felices consigo mismos y con su vocaci\u00f3n, escribi\u00f3 la circular Remedios del descontento en la religi\u00f3n. En ella expresa un \u00ed\u00adntimo deseo de que sus hermanos vivan alegres, contentos, animosos y felices. La formaci\u00f3n claretiana ha de ser s\u00f3lida. Por ello ha de estar fundamentada en Cristo y en la imitaci\u00f3n de su vida y de sus obras. En este proceso Mar\u00ed\u00ada, nuestra Madre, es una referencia obligada para formar a Cristo en los formandos. La formaci\u00f3n ha de ser tambi\u00e9n de calidad, que prepare misioneros de la Congregaci\u00f3n (dimensi\u00f3n carism\u00e1tica) y misioneros de su \u00e9poca (actualizados) La formaci\u00f3n, por tanto, ha de encaminarse a obtener la mayor aptitud y especializaci\u00f3n posible para poder realizar los apostolados necesarios de tan variados medios (cf. 1, 502-503).<\/p>\n","protected":false},"excerpt":{"rendered":"<p>En la ciudad de Manresa (Barcelona &#8211; Espa\u00f1a), di\u00f3cesis de Vic, naci\u00f3 el P. Mart\u00ed\u00adn Alsina el 4 de septiembre de 1859. Su familia era profundamente religiosa. Comenz\u00f3 su formaci\u00f3n vocacional siendo seminarista diocesano. Inici\u00f3 los estudios de latinidad el a\u00f1o 1871 en el colegio de Manresa, agregado al Instituto de Barcelona y a los [&hellip;]<\/p>\n","protected":false},"author":69,"featured_media":26915,"parent":24840,"menu_order":0,"comment_status":"closed","ping_status":"closed","template":"","meta":{"_et_pb_use_builder":"","_et_pb_old_content":"","_et_gb_content_width":"","footnotes":""},"class_list":["post-26917","page","type-page","status-publish","has-post-thumbnail","hentry"],"jetpack_sharing_enabled":true,"jetpack_shortlink":"https:\/\/wp.me\/PdaBmi-709","jetpack_likes_enabled":true,"_links":{"self":[{"href":"https:\/\/www.claret.org\/es\/wp-json\/wp\/v2\/pages\/26917","targetHints":{"allow":["GET"]}}],"collection":[{"href":"https:\/\/www.claret.org\/es\/wp-json\/wp\/v2\/pages"}],"about":[{"href":"https:\/\/www.claret.org\/es\/wp-json\/wp\/v2\/types\/page"}],"author":[{"embeddable":true,"href":"https:\/\/www.claret.org\/es\/wp-json\/wp\/v2\/users\/69"}],"replies":[{"embeddable":true,"href":"https:\/\/www.claret.org\/es\/wp-json\/wp\/v2\/comments?post=26917"}],"version-history":[{"count":0,"href":"https:\/\/www.claret.org\/es\/wp-json\/wp\/v2\/pages\/26917\/revisions"}],"up":[{"embeddable":true,"href":"https:\/\/www.claret.org\/es\/wp-json\/wp\/v2\/pages\/24840"}],"wp:featuredmedia":[{"embeddable":true,"href":"https:\/\/www.claret.org\/es\/wp-json\/wp\/v2\/media\/26915"}],"wp:attachment":[{"href":"https:\/\/www.claret.org\/es\/wp-json\/wp\/v2\/media?parent=26917"}],"curies":[{"name":"wp","href":"https:\/\/api.w.org\/{rel}","templated":true}]}}