{"id":26931,"date":"2018-08-22T07:07:51","date_gmt":"2018-08-22T05:07:51","guid":{"rendered":"https:\/\/www.claret.org\/calendario\/del-16-de-marzo-al-19-de-marzo-triduo-y-solemnidad-de-san-jose-compatrono-de-la-congregacion\/"},"modified":"2018-08-22T07:07:51","modified_gmt":"2018-08-22T05:07:51","slug":"del-16-de-marzo-al-19-de-marzo-triduo-y-solemnidad-de-san-jose-compatrono-de-la-congregacion","status":"publish","type":"page","link":"https:\/\/www.claret.org\/es\/efemeride\/del-16-de-marzo-al-19-de-marzo-triduo-y-solemnidad-de-san-jose-compatrono-de-la-congregacion\/","title":{"rendered":"Del 16 de Marzo al 19 de Marzo &#8211; Triduo y solemnidad de San Jos\u00e9, Compatrono de la Congregaci\u00f3n"},"content":{"rendered":"<p style=\"text-align: justify;\">En el d\u00ed\u00ada de san Jos\u00e9 somos invitados a centrar nuestra mirada en aqu\u00e9l a quien Dios \u00c3\u201a\u00c2\u00abconfi\u00f3 la custodia de sus tesoros m\u00e1s preciosos\u00c3\u201a\u00c2\u00bb. De esta manera, siguiendo el ejemplo de san Antonio Mar\u00ed\u00ada Claret, invocamos con toda confianza su patrocinio y tenemos presente su humilde modo de servir y de colaborar en la econom\u00ed\u00ada de la salvaci\u00f3n.<\/p>\n<p style=\"text-align: justify;\"><img data-recalc-dims=\"1\" decoding=\"async\" class=\"alignleft\" src=\"https:\/\/i0.wp.com\/www2.claret.org\/sites\/default\/files\/imagenes\/espiritualidad\/calendario\/11-san_jos_y_el_nio_copia.jpg?w=1080\" alt=\"11-san_jos_y_el_nio_copia.jpg\" title=\"\">En particular ponemos delante de nuestros ojos y de nuestro coraz\u00f3n misionero, los rasgos que lo engrandecen: Es el esposo de Mar\u00ed\u00ada, bueno y fiel. Es el creyente que se f\u00ed\u00ada de la Palabra de Dios y la obedece con todas las consecuencias. Es el hombre justo que busca soluciones en situaciones delicadas y comprometidas. \u00ed\u2030l da nombre a Jes\u00fas y muestra c\u00f3mo se cumplen las promesas de Dios a su pueblo. Es el protector de Mar\u00ed\u00ada y de Jes\u00fas en circunstancias de persecuci\u00f3n. Finalmente, es el trabajador que muestra la grandeza del misterio en la vida ordinaria y en el esfuerzo.<\/p>\n<p style=\"text-align: justify;\">Nuestro P. Fundador recibi\u00f3 una iluminaci\u00f3n divina: \u00abEl d\u00ed\u00ada 7 de mayo de 1865, a las tres y media de la tarde, el d\u00ed\u00ada del Patrocinio de san Jos\u00e9, me dijo Jes\u00fas que fuese muy devoto de san Jos\u00e9, que acudiese a \u00e9l con confianza\u00bb (Aut 831). Para nosotros sigue siendo v\u00e1lida esta confianza, que afecta a nuestra misi\u00f3n evangelizadora. Su patrocinio debe ser invocado como aliento en el renovado empe\u00f1o de evangelizaci\u00f3n en el mundo y de nueva evangelizaci\u00f3n en aquellos pa\u00ed\u00adses y naciones en los que la vida cristiana fue floreciente y que est\u00e1n ahora sometidos a dura prueba. Para llevar el primer anuncio de Cristo y para volver a llevarlo all\u00ed\u00ad donde est\u00e1 descuidado u olvidado, la Iglesia tiene necesidad de un especial poder desde lo alto. Don ciertamente del Esp\u00ed\u00adritu del Se\u00f1or, no desligado de la intercesi\u00f3n y del ejemplo de san Jos\u00e9. Que el esposo de Mar\u00ed\u00ada, padre en la tierra de Jes\u00fas, que habl\u00f3 elocuentemente con sus acciones, sencillo, silencioso y bueno, nos conceda a todos el servicio leal de colaborar en la misi\u00f3n y de continuar con entusiasmo la obra de la salvaci\u00f3n a todos los pueblos.<\/p>\n","protected":false},"excerpt":{"rendered":"<p>En el d\u00ed\u00ada de san Jos\u00e9 somos invitados a centrar nuestra mirada en aqu\u00e9l a quien Dios \u00c3\u201a\u00c2\u00abconfi\u00f3 la custodia de sus tesoros m\u00e1s preciosos\u00c3\u201a\u00c2\u00bb. De esta manera, siguiendo el ejemplo de san Antonio Mar\u00ed\u00ada Claret, invocamos con toda confianza su patrocinio y tenemos presente su humilde modo de servir y de colaborar en la [&hellip;]<\/p>\n","protected":false},"author":69,"featured_media":26929,"parent":24840,"menu_order":0,"comment_status":"closed","ping_status":"closed","template":"","meta":{"_et_pb_use_builder":"","_et_pb_old_content":"","_et_gb_content_width":"","footnotes":""},"class_list":["post-26931","page","type-page","status-publish","has-post-thumbnail","hentry"],"jetpack_sharing_enabled":true,"jetpack_shortlink":"https:\/\/wp.me\/PdaBmi-70n","jetpack_likes_enabled":true,"_links":{"self":[{"href":"https:\/\/www.claret.org\/es\/wp-json\/wp\/v2\/pages\/26931","targetHints":{"allow":["GET"]}}],"collection":[{"href":"https:\/\/www.claret.org\/es\/wp-json\/wp\/v2\/pages"}],"about":[{"href":"https:\/\/www.claret.org\/es\/wp-json\/wp\/v2\/types\/page"}],"author":[{"embeddable":true,"href":"https:\/\/www.claret.org\/es\/wp-json\/wp\/v2\/users\/69"}],"replies":[{"embeddable":true,"href":"https:\/\/www.claret.org\/es\/wp-json\/wp\/v2\/comments?post=26931"}],"version-history":[{"count":0,"href":"https:\/\/www.claret.org\/es\/wp-json\/wp\/v2\/pages\/26931\/revisions"}],"up":[{"embeddable":true,"href":"https:\/\/www.claret.org\/es\/wp-json\/wp\/v2\/pages\/24840"}],"wp:featuredmedia":[{"embeddable":true,"href":"https:\/\/www.claret.org\/es\/wp-json\/wp\/v2\/media\/26929"}],"wp:attachment":[{"href":"https:\/\/www.claret.org\/es\/wp-json\/wp\/v2\/media?parent=26931"}],"curies":[{"name":"wp","href":"https:\/\/api.w.org\/{rel}","templated":true}]}}