{"id":26944,"date":"2018-08-22T07:29:29","date_gmt":"2018-08-22T05:29:29","guid":{"rendered":"https:\/\/www.claret.org\/calendario\/18-de-abril-p-esteban-sala-cofundador-y-primer-superior-general\/"},"modified":"2018-08-22T07:29:29","modified_gmt":"2018-08-22T05:29:29","slug":"18-de-abril-p-esteban-sala-cofundador-y-primer-superior-general","status":"publish","type":"page","link":"https:\/\/www.claret.org\/es\/efemeride\/18-de-abril-p-esteban-sala-cofundador-y-primer-superior-general\/","title":{"rendered":"18 de Abril &#8211; P. Esteban Sala, Cofundador y primer superior general"},"content":{"rendered":"<p style=\"text-align: justify;\">Esteban Sala y Masnou naci\u00f3 el 28 de mayo de 1812 en la casa de campo Sala, perteneciente a la parroquia de San Mart\u00ed\u00adn de Sescors (Barcelona &#8211; Espa\u00f1a). Su padre enviud\u00f3 de la primera esposa, con quien tuvo tres hijos. Esteban, fruto del segundo matrimonio, fue el quinto de seis hermanos, de los cuales, tres fueron religiosos, uno claretiano y los otros dos benedictinos.<\/p>\n<p style=\"text-align: justify;\"><img data-recalc-dims=\"1\" loading=\"lazy\" decoding=\"async\" class=\"alignleft\" src=\"https:\/\/i0.wp.com\/www2.claret.org\/sites\/default\/files\/imagenes\/espiritualidad\/calendario\/12-esteban_sala.jpg?resize=301%2C452\" alt=\"12-esteban_sala.jpg\" width=\"301\" height=\"452\" title=\"\">Uno de estos hermanos religiosos fue el P. Bernardo, quien, por razones de la exclaustraci\u00f3n de los religiosos en Espa\u00f1a, tuvo que retirarse de su monasterio y se integr\u00f3 en la vida de nuestra naciente Congregaci\u00f3n durante 26 a\u00f1os, hasta que, en 1875, retorn\u00f3 al monasterio benedictino de Monserrat.<\/p>\n<p style=\"text-align: justify;\">El 1 de marzo de 1843, a los treinta y cuatro a\u00f1os de edad, el P. Claret comenz\u00f3 su intensa actividad misionera por toda Catalu\u00f1a: viviendo en pobreza suma, viajando a pie, arrastrando multitudes inmensas que acud\u00ed\u00adan de todas partes a o\u00ed\u00adr su palabra evang\u00e9lica sencilla y penetrante. Trabajaba desde las cuatro de la ma\u00f1ana sin descanso ni fatiga. Las conversiones eran innumerables. En julio del mismo a\u00f1o, a solicitud del clero, que hab\u00ed\u00ada quedado impactado de su ardor misionero, el P. Claret dirigi\u00f3, por primera vez, en Capdev\u00e1nol, ejercicios espirituales para sacerdotes. Ante el \u00e9xito de esta experiencia, a continuaci\u00f3n dio otra tanda en Gombr\u00e9n, donde participaron varios sacerdotes de la zona, entre ellos el P. Esteban Sala. All\u00ed\u00ad conoci\u00f3 al ya famoso misionero de Catalu\u00f1a.<\/p>\n<p style=\"text-align: justify;\">A partir de este encuentro iluminador de su vida, el P. Esteban Sala tuvo una fuerte experiencia de Dios, que le hizo sentirse llamado a dedicar completamente su vida a las misiones. Dej\u00f3 atr\u00e1s su prometedora y exitosa carrera eclesi\u00e1stica, iniciada con su ordenaci\u00f3n sacerdotal para abrir las puertas a un nuevo estilo de vida: anunciar la Palabra del Se\u00f1or con fuego apost\u00f3lico y libertad misionera. Sus muchos dones como orador sagrado se pusieron al servicio de las predicaciones misioneras realizadas en los diferentes pueblos de Catalu\u00f1a; acompa\u00f1\u00f3 al P. Claret en varias de sus campa\u00f1as apost\u00f3licas.<\/p>\n<p style=\"text-align: justify;\">El 18 de abril recordamos que, en 1858, a los 45 a\u00f1os de edad, el P. Esteban Sala fue llamado, en Barcelona, a la casa del Padre. Hacer memoria de este hermano nuestro es retornar a nuestros or\u00ed\u00adgenes familiares. Fue el primero con quien el P. Fundador cont\u00f3 para comenzar la grande obra de la Congregaci\u00f3n y a quien le encarg\u00f3 su direcci\u00f3n cuando tuvo que partir como Arzobispo de Santiago de Cuba. Durante diez a\u00f1os sirvi\u00f3 a la Congregaci\u00f3n como Superior General y se dedic\u00f3 a mantener vivo el esp\u00ed\u00adritu misionero que anim\u00f3 al P. Fundador. Su vida nos anima a ahondar nuestra identificaci\u00f3n misionera y nuestra pertenencia congregacional.<\/p>\n","protected":false},"excerpt":{"rendered":"<p>Esteban Sala y Masnou naci\u00f3 el 28 de mayo de 1812 en la casa de campo Sala, perteneciente a la parroquia de San Mart\u00ed\u00adn de Sescors (Barcelona &#8211; Espa\u00f1a). Su padre enviud\u00f3 de la primera esposa, con quien tuvo tres hijos. Esteban, fruto del segundo matrimonio, fue el quinto de seis hermanos, de los cuales, [&hellip;]<\/p>\n","protected":false},"author":69,"featured_media":26942,"parent":24840,"menu_order":0,"comment_status":"closed","ping_status":"closed","template":"","meta":{"_et_pb_use_builder":"","_et_pb_old_content":"","_et_gb_content_width":"","footnotes":""},"class_list":["post-26944","page","type-page","status-publish","has-post-thumbnail","hentry"],"jetpack_sharing_enabled":true,"jetpack_shortlink":"https:\/\/wp.me\/PdaBmi-70A","jetpack_likes_enabled":true,"_links":{"self":[{"href":"https:\/\/www.claret.org\/es\/wp-json\/wp\/v2\/pages\/26944","targetHints":{"allow":["GET"]}}],"collection":[{"href":"https:\/\/www.claret.org\/es\/wp-json\/wp\/v2\/pages"}],"about":[{"href":"https:\/\/www.claret.org\/es\/wp-json\/wp\/v2\/types\/page"}],"author":[{"embeddable":true,"href":"https:\/\/www.claret.org\/es\/wp-json\/wp\/v2\/users\/69"}],"replies":[{"embeddable":true,"href":"https:\/\/www.claret.org\/es\/wp-json\/wp\/v2\/comments?post=26944"}],"version-history":[{"count":0,"href":"https:\/\/www.claret.org\/es\/wp-json\/wp\/v2\/pages\/26944\/revisions"}],"up":[{"embeddable":true,"href":"https:\/\/www.claret.org\/es\/wp-json\/wp\/v2\/pages\/24840"}],"wp:featuredmedia":[{"embeddable":true,"href":"https:\/\/www.claret.org\/es\/wp-json\/wp\/v2\/media\/26942"}],"wp:attachment":[{"href":"https:\/\/www.claret.org\/es\/wp-json\/wp\/v2\/media?parent=26944"}],"curies":[{"name":"wp","href":"https:\/\/api.w.org\/{rel}","templated":true}]}}