{"id":26960,"date":"2018-08-22T07:45:54","date_gmt":"2018-08-22T05:45:54","guid":{"rendered":"https:\/\/www.claret.org\/calendario\/29-de-abril-santa-catalina-de-siena-compatrona\/"},"modified":"2018-08-22T07:45:54","modified_gmt":"2018-08-22T05:45:54","slug":"29-de-abril-santa-catalina-de-siena-compatrona","status":"publish","type":"page","link":"https:\/\/www.claret.org\/es\/efemeride\/29-de-abril-santa-catalina-de-siena-compatrona\/","title":{"rendered":"29 de Abril &#8211; Santa Catalina de Siena, Compatrona"},"content":{"rendered":"<p style=\"text-align: justify;\">Naci\u00f3 en Siena (Italia) el 25 de marzo de 1347. Conocemos su vida por su confesor, Raimundo de Capua, quien lleg\u00f3 a ser maestro general de la Orden de Predicadores. De ni\u00f1a tuvo una primera experiencia espiritual que la orient\u00f3 definitivamente hacia Dios, abrazando la virginidad.<\/p>\n<p><img data-recalc-dims=\"1\" loading=\"lazy\" decoding=\"async\" class=\"alignleft\" src=\"https:\/\/i0.wp.com\/www2.claret.org\/sites\/default\/files\/archivos\/s._caterina_b_0.jpg?resize=301%2C443\" alt=\"\" width=\"301\" height=\"443\" title=\"\"><\/p>\n<p style=\"text-align: justify;\">A pesar de resistencias, a sus diecisiete a\u00f1os ingresa entre las hermanas de la Penitencia de Santo Domingo. Con ellas desarroll\u00f3 una extraordinaria actividad espiritual y ben\u00e9fica al servicio de enfermos y pobres, a pesar de muchas luchas y tentaciones, soportadas y vencidas gracias a su intensa vida espiritual.<\/p>\n<p style=\"text-align: justify;\">Muy pronto fue autorizada a atender a muchas personas que acud\u00ed\u00adan a buscar su consejo. Fueron los albores de una fecunda maternidad espiritual que se consolidar\u00ed\u00ada posteriormente. Y con ello empez\u00f3 para esta fr\u00e1gil joven una intensa actividad de apostolado, de acci\u00f3n pol\u00ed\u00adtica y diplom\u00e1tica en favor de la Iglesia que le exigir\u00ed\u00ada una admirable intensidad de vida interior. En una situaci\u00f3n cr\u00ed\u00adtica, y movida por su ardiente amor a la Iglesia, Catalina emprendi\u00f3 en 1376 su famoso viaje a la corte pontificia de Avi\u00f1\u00f3n, convencida de la urgente necesidad del regreso del Papa a Roma. Tras haberle dirigido diversas cartas, acudi\u00f3 a encontrarse personalmente con \u00e9l. Su empe\u00f1o consigui\u00f3 que Gregorio XI volviera a Roma el 13 de septiembre de aquel mismo a\u00f1o.<\/p>\n<p style=\"text-align: justify;\">Mujer de fuerte personalidad, movida por su gran amor a Dios y al pr\u00f3jimo, promovi\u00f3 la paz y la concordia entre ciudades y defendi\u00f3 valientemente los derechos y la libertad del Papa, favoreciendo la renovaci\u00f3n cristiana y religiosa. Llev\u00f3 una vida m\u00ed\u00adstica extraordinaria y sirvi\u00f3 fielmente a la Iglesia en una \u00e9poca cr\u00ed\u00adtica. Tambi\u00e9n fue autora del libro titulado <em>Di\u00e1logo sobre la Providencia<\/em>, le\u00ed\u00addo por el P. Claret.<\/p>\n<p style=\"text-align: justify;\">Muri\u00f3 el 29 de abril de 1380, a la edad de 33 a\u00f1os. Sepultada en Roma, en la Bas\u00ed\u00adlica de Santa Mar\u00ed\u00ada <em>sopra Minerva<\/em>, fue canonizada por el Papa P\u00ed\u00ado II en 1461. Santa Catalina es una de las tres doctoras de la Iglesia, junto a santa Teresa de Jes\u00fas y santa Teresa del Ni\u00f1o Jes\u00fas, a pesar de que nunca tuvo una preparaci\u00f3n acad\u00e9mica formal.<\/p>\n<p style=\"text-align: justify;\">Ya desde su juventud, nuestro P. Fundador profes\u00f3 una profunda devoci\u00f3n a santa Catalina de Siena por su condici\u00f3n de seglar consagrada, por su elevada vida m\u00ed\u00adstica, por su amor a la Iglesia y al Papa y su empe\u00f1o apost\u00f3lico en favor de ella y de los pecadores. Aparece citada en varios lugares de la <em>Autobiograf\u00ed\u00ada<\/em> y en la biblioteca personal del P. Claret se conservan varios vol\u00famenes de su vida y obras. Y la escogi\u00f3 como compatrona de la Congregaci\u00f3n.<\/p>\n","protected":false},"excerpt":{"rendered":"<p>Naci\u00f3 en Siena (Italia) el 25 de marzo de 1347. Conocemos su vida por su confesor, Raimundo de Capua, quien lleg\u00f3 a ser maestro general de la Orden de Predicadores. De ni\u00f1a tuvo una primera experiencia espiritual que la orient\u00f3 definitivamente hacia Dios, abrazando la virginidad. A pesar de resistencias, a sus diecisiete a\u00f1os ingresa [&hellip;]<\/p>\n","protected":false},"author":69,"featured_media":26957,"parent":24840,"menu_order":0,"comment_status":"closed","ping_status":"closed","template":"","meta":{"_et_pb_use_builder":"","_et_pb_old_content":"","_et_gb_content_width":"","footnotes":""},"class_list":["post-26960","page","type-page","status-publish","has-post-thumbnail","hentry"],"jetpack_sharing_enabled":true,"jetpack_shortlink":"https:\/\/wp.me\/PdaBmi-70Q","jetpack_likes_enabled":true,"_links":{"self":[{"href":"https:\/\/www.claret.org\/es\/wp-json\/wp\/v2\/pages\/26960","targetHints":{"allow":["GET"]}}],"collection":[{"href":"https:\/\/www.claret.org\/es\/wp-json\/wp\/v2\/pages"}],"about":[{"href":"https:\/\/www.claret.org\/es\/wp-json\/wp\/v2\/types\/page"}],"author":[{"embeddable":true,"href":"https:\/\/www.claret.org\/es\/wp-json\/wp\/v2\/users\/69"}],"replies":[{"embeddable":true,"href":"https:\/\/www.claret.org\/es\/wp-json\/wp\/v2\/comments?post=26960"}],"version-history":[{"count":0,"href":"https:\/\/www.claret.org\/es\/wp-json\/wp\/v2\/pages\/26960\/revisions"}],"up":[{"embeddable":true,"href":"https:\/\/www.claret.org\/es\/wp-json\/wp\/v2\/pages\/24840"}],"wp:featuredmedia":[{"embeddable":true,"href":"https:\/\/www.claret.org\/es\/wp-json\/wp\/v2\/media\/26957"}],"wp:attachment":[{"href":"https:\/\/www.claret.org\/es\/wp-json\/wp\/v2\/media?parent=26960"}],"curies":[{"name":"wp","href":"https:\/\/api.w.org\/{rel}","templated":true}]}}