{"id":27692,"date":"2018-09-04T08:47:26","date_gmt":"2018-09-04T06:47:26","guid":{"rendered":"https:\/\/www.claret.org\/calendario\/fecha-3-de-mayo-santos-felipe-y-santiago-apostoles-y-compatronos\/"},"modified":"2018-09-04T08:47:26","modified_gmt":"2018-09-04T06:47:26","slug":"fecha-3-de-mayo-santos-felipe-y-santiago-apostoles-y-compatronos","status":"publish","type":"page","link":"https:\/\/www.claret.org\/es\/efemeride\/fecha-3-de-mayo-santos-felipe-y-santiago-apostoles-y-compatronos\/","title":{"rendered":"Fecha: 3 de Mayo &#8211; Santos Felipe y Santiago, Ap\u00f3stoles y compatronos"},"content":{"rendered":"<p style=\"text-align: justify;\">Esta fiesta junta los nombres de dos ap\u00f3stoles que nunca encontramos emparejados en el Nuevo Testamento. Dado que la liturgia, siguiendo a Lucas, identifica a los ap\u00f3stoles con los Doce (no as\u00ed otros autores del Nuevo Testamento), hemos de suponer que el Santiago que hoy celebramos es Santiago <em>el de Alfeo<\/em>, que ocupa invariablemente el noveno lugar en las listas de los Doce; Felipe ocupa el quinto.<\/p>\n<p style=\"text-align: justify;\">Este Santiago debe ser distinguido de Santiago el hijo de Zebedeo, de Santiago <em>el peque\u00f1o<\/em> (cf. Mc 15,40), y de Santiago <em>el hermano del Se\u00f1or<\/em> (cf. Mc 6, 3; Gal 1,19); pudiera ser hermano del disc\u00edpulo de Jes\u00fas llamado Lev\u00ed (cf. Mc 1,14) apellidado igualmente <em>el de Alfeo<\/em>. Probablemente Alfeo fue un personaje bien conocido en la primitiva comunidad de Jerusal\u00e9n. El nombre Santiago, en hebreo y arameo Iakob (a quien Dios protege), era frecuent\u00edsimo en el juda\u00edsmo. Individuado as\u00ed este ap\u00f3stol de Jes\u00fas, hemos de resignarnos a no conocer ning\u00fan dato hist\u00f3rico sobre la biograf\u00eda de este santo de hoy.<\/p>\n<p style=\"text-align: justify;\">Su compa\u00f1ero de calendario, Felipe, corre mejor suerte. Mientras que los sin\u00f3pticos se limitan a transmitir su nombre, el cuarto Evangelio nos informa de que proced\u00eda del c\u00edrculo del Bautista y fue de los primeros en seguir a Jes\u00fas (cf. Jn 1,43 ss.), que era natural de Betsaida (cf. Jn 6,8) y que guarda una estrecha relaci\u00f3n con Andr\u00e9s. Son los dos \u00fanicos miembros del grupo de los Doce que tienen nombre griego. Ambos intervienen en la multiplicaci\u00f3n de los panes, y hacen de intermediarios a unos griegos que quieren ver a Jes\u00fas (cf. Jn 12,22). En la cena, Felipe aparece como poco perspicaz, ya que no ha percibido la presencia del Padre en Jes\u00fas (cf. Jn 14,8).<\/p>\n<p style=\"text-align: justify;\">El P. Fundador contempla a los ap\u00f3stoles ante todo como predicadores, pero no unos predicadores cualesquiera, sino d\u00e9biles e incapaces humanamente hablando, y perseguidos; pero llenos de \u00e9xito gracias al Dios que los enviaba. \u00ab\u00a1Oh sant\u00edsimos y glorios\u00edsimos primeros predicadores y fundadores de la fe! \u00bfHabr\u00e1 quien pueda dudar si en realidad fueron hombres enviados de Dios, y unidos y dedicados a \u00e9l? Comenzaron su admirable empresa contra todas las apariencias y consejos de la humana raz\u00f3n; prosigui\u00e9ronla en medio de la poderosa oposici\u00f3n de todas las gentes; creci\u00f3 el n\u00famero de sus seguidores m\u00e1s all\u00e1 de toda posibilidad natural y de toda imaginaci\u00f3n; se mantuvieron firmes en medio de las mayores aflicciones y contradicciones, tormentos insoportables y muertes doloros\u00edsimas [&#8230;]. Derrocaron el poder del infierno solo con el nombre del Se\u00f1or resucitado, de su maestro Jes\u00fas; y vieron sometido de una manera inconcebible, al mismo Maestro, a su evangelio, todo el imperio romano junto con las naciones que le estaban sujetas\u00bb<\/p>\n","protected":false},"excerpt":{"rendered":"<p>Esta fiesta junta los nombres de dos ap\u00f3stoles que nunca encontramos emparejados en el Nuevo Testamento. Dado que la liturgia, siguiendo a Lucas, identifica a los ap\u00f3stoles con los Doce (no as\u00ed otros autores del Nuevo Testamento), hemos de suponer que el Santiago que hoy celebramos es Santiago el de Alfeo, que ocupa invariablemente el [&hellip;]<\/p>\n","protected":false},"author":69,"featured_media":0,"parent":24840,"menu_order":0,"comment_status":"closed","ping_status":"closed","template":"","meta":{"_et_pb_use_builder":"","_et_pb_old_content":"","_et_gb_content_width":"","footnotes":""},"class_list":["post-27692","page","type-page","status-publish","hentry"],"jetpack_sharing_enabled":true,"jetpack_shortlink":"https:\/\/wp.me\/PdaBmi-7cE","jetpack_likes_enabled":true,"_links":{"self":[{"href":"https:\/\/www.claret.org\/es\/wp-json\/wp\/v2\/pages\/27692","targetHints":{"allow":["GET"]}}],"collection":[{"href":"https:\/\/www.claret.org\/es\/wp-json\/wp\/v2\/pages"}],"about":[{"href":"https:\/\/www.claret.org\/es\/wp-json\/wp\/v2\/types\/page"}],"author":[{"embeddable":true,"href":"https:\/\/www.claret.org\/es\/wp-json\/wp\/v2\/users\/69"}],"replies":[{"embeddable":true,"href":"https:\/\/www.claret.org\/es\/wp-json\/wp\/v2\/comments?post=27692"}],"version-history":[{"count":0,"href":"https:\/\/www.claret.org\/es\/wp-json\/wp\/v2\/pages\/27692\/revisions"}],"up":[{"embeddable":true,"href":"https:\/\/www.claret.org\/es\/wp-json\/wp\/v2\/pages\/24840"}],"wp:attachment":[{"href":"https:\/\/www.claret.org\/es\/wp-json\/wp\/v2\/media?parent=27692"}],"curies":[{"name":"wp","href":"https:\/\/api.w.org\/{rel}","templated":true}]}}