{"id":27702,"date":"2018-09-04T08:57:52","date_gmt":"2018-09-04T06:57:52","guid":{"rendered":"https:\/\/www.claret.org\/calendario\/fecha-7-de-mayo-canonizacion-del-p-fundador\/"},"modified":"2018-09-04T08:57:52","modified_gmt":"2018-09-04T06:57:52","slug":"fecha-7-de-mayo-canonizacion-del-p-fundador","status":"publish","type":"page","link":"https:\/\/www.claret.org\/es\/efemeride\/fecha-7-de-mayo-canonizacion-del-p-fundador\/","title":{"rendered":"Fecha: 7 de Mayo &#8211; Canonizaci\u00f3n del P. Fundador"},"content":{"rendered":"<p style=\"text-align: justify;\">Una vez proclamada la beatificaci\u00f3n de nuestro P. Fundador, el 25 de febrero de 1934, la Congregaci\u00f3nse preocup\u00f3 inmediatamente de continuar el proceso hacia su canonizaci\u00f3n. De hecho, el 6 de julio de 1938, el Papa P\u00edo XI firm\u00f3 la reasunci\u00f3n de la causa del beato Claret. Entre 1941 y 1948 se celebraron varios procesos en Cuba, Roma, C\u00f3rdoba y Barcelona. En febrero de 1948 el Papa concedi\u00f3 la dispensa de la discusi\u00f3n sobre la validez de dichos procesos, gracia que muy pocas veces ha sido concedida.<\/p>\n<p style=\"text-align: justify;\">El 12 de Enero de 1950, despu\u00e9s de haber seguido los respectivos tr\u00e1mites, el Papa P\u00edo XII declar\u00f3 que ya se contaba con los dos nuevos milagros: la curaci\u00f3n de c\u00e1ncer de sor Josefina Mar\u00edn en Santiago de Cuba el 11 y 12 de Mayo de 1934 y la curaci\u00f3n de hemiplej\u00eda procedente de lesi\u00f3n cerebral de la se\u00f1ora Elena Flores, en C\u00f3rdoba, el 9 de mayo de 1948.<\/p>\n<p style=\"text-align: justify;\">El 5 de marzo de 1950 el Santo Padre declar\u00f3 solemnemente que pod\u00eda procederse con seguridad a la solemne canonizaci\u00f3n. El 26 de marzo el Papa asinti\u00f3 al voto favorable que dieron los Cardenales en diferentes consistorios celebrados con anterioridad.<\/p>\n<p style=\"text-align: justify;\">El 7 de mayo de 1950 Antonio Mar\u00eda Claret fue canonizado por la Iglesia. La Bas\u00edlica de San Pedro estaba repleta de peregrinos. A las 8 y media de la ma\u00f1ana empez\u00f3 el rito de la canonizaci\u00f3n y la Eucarist\u00eda presididos por el Papa P\u00edo XII. El momento m\u00e1s crucial y emocionante fue cuando el Papa pronunci\u00f3 su fallo magisterial y definitivo: \u00abEl Beato Antonio Mar\u00eda Claret, Obispo y Confesor, decretamos y definimos que es SANTO y lo inscribimos en el cat\u00e1logo de los santos\u00bb.<\/p>\n<p style=\"text-align: justify;\">El Papa P\u00edo XII describi\u00f3 muy bien al nuevo santo: \u00abAlma grande, nacida como para ensamblar contrastes; pudo ser humilde de origen y glorioso a los ojos del mundo; peque\u00f1o de cuerpo, pero de esp\u00edritu gigante; de apariencia modesta, pero capac\u00edsimo de imponer respeto incluso a los grandes de la tierra; fuerte de car\u00e1cter, pero con la suave dulzura de quien sabe el freno de la austeridad y de la penitencia; siempre en la presencia de Dios aun en medio de su prodigiosa actividad exterior; calumniado y admirado, festejado y perseguido. Y entre tantas maravillas, como luz suave que todo lo ilumina, su devoci\u00f3n a la Madre de Dios\u00bb (1, pp. 366-367).<\/p>\n<p style=\"text-align: justify;\">Podemos celebrar esta fecha como una expl\u00edcita invitaci\u00f3n para vivir hoy, a ejemplo del P. Fundador, nuestra propia vocaci\u00f3n misionera en santidad. \u00ab\u2026Antonio Mar\u00eda Claret ha sido canonizado por la Iglesia. Ella ha reconocido que es un paradigma de vida evang\u00e9lica y entrega misionera para todos los creyentes. Nuestra Congregaci\u00f3n tiene una ra\u00edz santa, reconocida como tal por la Iglesia. En la canonizaci\u00f3n de nuestro Fundador, la Congregaci\u00f3n se ve en \u00e9l protol\u00f3gicamente canonizada. San Antonio Mar\u00eda Claret es la Congregaci\u00f3n naciente en su santidad, en su utop\u00eda. Por otra parte, Antonio Mar\u00eda Claret es ya la inicial realizaci\u00f3n escatol\u00f3gica de la Congregaci\u00f3n y desde all\u00e1, desde el futuro escatol\u00f3gico, nos llama a recorrer el camino que lleva a la plenitud\u00bb (2, p. 49).<\/p>\n","protected":false},"excerpt":{"rendered":"<p>Una vez proclamada la beatificaci\u00f3n de nuestro P. Fundador, el 25 de febrero de 1934, la Congregaci\u00f3nse preocup\u00f3 inmediatamente de continuar el proceso hacia su canonizaci\u00f3n. De hecho, el 6 de julio de 1938, el Papa P\u00edo XI firm\u00f3 la reasunci\u00f3n de la causa del beato Claret. Entre 1941 y 1948 se celebraron varios procesos [&hellip;]<\/p>\n","protected":false},"author":69,"featured_media":0,"parent":24840,"menu_order":0,"comment_status":"closed","ping_status":"closed","template":"","meta":{"_et_pb_use_builder":"","_et_pb_old_content":"","_et_gb_content_width":"","footnotes":""},"class_list":["post-27702","page","type-page","status-publish","hentry"],"jetpack_sharing_enabled":true,"jetpack_shortlink":"https:\/\/wp.me\/PdaBmi-7cO","jetpack_likes_enabled":true,"_links":{"self":[{"href":"https:\/\/www.claret.org\/es\/wp-json\/wp\/v2\/pages\/27702","targetHints":{"allow":["GET"]}}],"collection":[{"href":"https:\/\/www.claret.org\/es\/wp-json\/wp\/v2\/pages"}],"about":[{"href":"https:\/\/www.claret.org\/es\/wp-json\/wp\/v2\/types\/page"}],"author":[{"embeddable":true,"href":"https:\/\/www.claret.org\/es\/wp-json\/wp\/v2\/users\/69"}],"replies":[{"embeddable":true,"href":"https:\/\/www.claret.org\/es\/wp-json\/wp\/v2\/comments?post=27702"}],"version-history":[{"count":0,"href":"https:\/\/www.claret.org\/es\/wp-json\/wp\/v2\/pages\/27702\/revisions"}],"up":[{"embeddable":true,"href":"https:\/\/www.claret.org\/es\/wp-json\/wp\/v2\/pages\/24840"}],"wp:attachment":[{"href":"https:\/\/www.claret.org\/es\/wp-json\/wp\/v2\/media?parent=27702"}],"curies":[{"name":"wp","href":"https:\/\/api.w.org\/{rel}","templated":true}]}}