{"id":27714,"date":"2018-09-04T09:07:52","date_gmt":"2018-09-04T07:07:52","guid":{"rendered":"https:\/\/www.claret.org\/calendario\/fecha-10-de-mayo-san-juan-de-avila-presbitero-y-evangelizador\/"},"modified":"2018-09-04T09:07:52","modified_gmt":"2018-09-04T07:07:52","slug":"fecha-10-de-mayo-san-juan-de-avila-presbitero-y-evangelizador","status":"publish","type":"page","link":"https:\/\/www.claret.org\/es\/efemeride\/fecha-10-de-mayo-san-juan-de-avila-presbitero-y-evangelizador\/","title":{"rendered":"Fecha: 10 de Mayo &#8211; San Juan de \u00c1vila, Presb\u00edtero y evangelizador"},"content":{"rendered":"<p style=\"text-align: justify;\"><span style=\"color: #000000;\">Naci\u00f3 el 8 de enero de 1499, en Almod\u00f3var del Campo (Ciudad Real &#8211; Espa\u00f1a). Estudi\u00f3 en Alcal\u00e1 de Henares (Madrid) entre 1520 y 1526, donde conoci\u00f3 a fondo las Sagradas Escrituras y los Padres de la Iglesia. Tras su ordenaci\u00f3n en 1526, vendi\u00f3 todos sus bienes y reparti\u00f3 el dinero a los pobres, para dedicarse enteramente a la evangelizaci\u00f3n. Desarroll\u00f3 su labor apost\u00f3lica sobre todo en el sur de Espa\u00f1a por lo que lleg\u00f3 a ser llamado <em>Ap\u00f3stol de Andaluc\u00eda<\/em>.<\/span><\/p>\n<p style=\"text-align: justify;\">Dej\u00f3 muchos escritos. Pero entre todos sobresale <em>Audi filia, et vide,<\/em> obra que marc\u00f3 positivamente la literatura asc\u00e9tica. Se relacion\u00f3 con san <a title=\"Ignacio de Loyola\" href=\"http:\/\/es.wikipedia.org\/wiki\/Ignacio_de_Loyola\" rel=\"nofollow noopener\" target=\"_blank\"><u>Ignacio de Loyola<\/u><\/a>, san <a title=\"Francisco de Borja\" href=\"http:\/\/es.wikipedia.org\/wiki\/Francisco_de_Borja\" rel=\"nofollow noopener\" target=\"_blank\"><u>Francisco de Borja<\/u><\/a>, san <a title=\"Pedro de Alc\u00e1ntara\" href=\"http:\/\/es.wikipedia.org\/wiki\/Pedro_de_Alc%C3%A1ntara\" rel=\"nofollow noopener\" target=\"_blank\"><u>Pedro de Alc\u00e1ntara<\/u><\/a>, san <a title=\"Juan de Ribera\" href=\"http:\/\/es.wikipedia.org\/wiki\/Juan_de_Ribera\" rel=\"nofollow noopener\" target=\"_blank\"><u>Juan de Ribera<\/u><\/a>, fray <a title=\"Luis de Granada\" href=\"http:\/\/es.wikipedia.org\/wiki\/Luis_de_Granada\" rel=\"nofollow noopener\" target=\"_blank\"><u>Luis de Granada<\/u><\/a> y muchos otros. Cre\u00f3 una verdadera escuela sacerdotal centrada en el misterio de Cristo y en la devoci\u00f3n a la Eucarist\u00eda, a la Virgen, al Esp\u00edritu Santo y a la Iglesia.<\/p>\n<p style=\"text-align: justify;\">La definici\u00f3n que mejor cuadra a Juan de \u00c1vila es la de <em>predicador<\/em>. El centro de su mensaje era Cristo crucificado. Predicaba tanto en las iglesias como incluso en las calles. Sus palabras iban directamente a provocar la conversi\u00f3n, con profundidad y con fuerte carga de Palabra de Dios. Fund\u00f3 numerosos seminarios y colegios y organiz\u00f3 la <a title=\"Universidad de Baeza\" href=\"http:\/\/es.wikipedia.org\/w\/index.php?title=Universidad_de_Baeza&amp;action=edit\" rel=\"nofollow noopener\" target=\"_blank\"><u>Universidad de Baeza<\/u><\/a> (Ja\u00e9n). Pero ello no le evit\u00f3 ni la persecuci\u00f3n ni la c\u00e1rcel por parte de la Inquisici\u00f3n.<\/p>\n<p style=\"text-align: justify;\">Ya enfermo, sigui\u00f3 trabajando, hasta que empeor\u00f3 visiblemente en 1569 y muri\u00f3 el 10 de mayo del mismo a\u00f1o en Montilla (C\u00f3rdoba), donde est\u00e1 enterrado. El <a title=\"4 de abril\" href=\"http:\/\/es.wikipedia.org\/wiki\/4_de_abril\" rel=\"nofollow noopener\" target=\"_blank\"><u>4 de abril<\/u><\/a> de <a title=\"1894\" href=\"http:\/\/es.wikipedia.org\/wiki\/1894\" rel=\"nofollow noopener\" target=\"_blank\"><u>1894<\/u><\/a>, el <a title=\"Papa\" href=\"http:\/\/es.wikipedia.org\/wiki\/Papa\" rel=\"nofollow noopener\" target=\"_blank\"><u>papa<\/u><\/a> <a title=\"Le\u00f3n XIII\" href=\"http:\/\/es.wikipedia.org\/wiki\/Le%C3%B3n_XIII\" rel=\"nofollow noopener\" target=\"_blank\"><u>Le\u00f3n XIII<\/u><\/a> lo beatific\u00f3; el <a title=\"2 de julio\" href=\"http:\/\/es.wikipedia.org\/wiki\/2_de_julio\" rel=\"nofollow noopener\" target=\"_blank\"><u>2 de julio<\/u><\/a> de <a title=\"1946\" href=\"http:\/\/es.wikipedia.org\/wiki\/1946\" rel=\"nofollow noopener\" target=\"_blank\"><u>1946<\/u><\/a> <a title=\"P\u00edo XII\" href=\"http:\/\/es.wikipedia.org\/wiki\/P%C3%ADo_XII\" rel=\"nofollow noopener\" target=\"_blank\"><u>P\u00edo XII<\/u><\/a> lo declar\u00f3 Patrono del clero secular espa\u00f1ol y <a title=\"Pablo VI\" href=\"http:\/\/es.wikipedia.org\/wiki\/Pablo_VI\" rel=\"nofollow noopener\" target=\"_blank\"><u>Pablo VI<\/u><\/a> lo canoniz\u00f3 en <a title=\"1970\" href=\"http:\/\/es.wikipedia.org\/wiki\/1970\" rel=\"nofollow noopener\" target=\"_blank\"><u>1970<\/u><\/a>.<\/p>\n<p style=\"text-align: justify;\">San Juan de \u00c1vila fue, sin lugar a dudas, un gran maestro de evangelizadores. Su vida y sus escritos influyeron notablemente, siglos m\u00e1s tarde, en san Antonio Mar\u00eda Claret, quien ley\u00f3 sus obras con fruici\u00f3n, llegando a citarlas expresamente en muchas ocasiones. Le atrajo su dedicaci\u00f3n a la catequesis y a la educaci\u00f3n de ni\u00f1os, sus ardores misioneros, el estilo, los procedimientos y la materia de predicaci\u00f3n, la orientaci\u00f3n popular de su predicaci\u00f3n y, en particular, su comprobada eficacia apost\u00f3lica. Por todo ello nuestro Fundador no solo lo ley\u00f3 y admir\u00f3 sino que lo imit\u00f3.<\/p>\n","protected":false},"excerpt":{"rendered":"<p>Naci\u00f3 el 8 de enero de 1499, en Almod\u00f3var del Campo (Ciudad Real &#8211; Espa\u00f1a). Estudi\u00f3 en Alcal\u00e1 de Henares (Madrid) entre 1520 y 1526, donde conoci\u00f3 a fondo las Sagradas Escrituras y los Padres de la Iglesia. Tras su ordenaci\u00f3n en 1526, vendi\u00f3 todos sus bienes y reparti\u00f3 el dinero a los pobres, para [&hellip;]<\/p>\n","protected":false},"author":69,"featured_media":0,"parent":24840,"menu_order":0,"comment_status":"closed","ping_status":"closed","template":"","meta":{"_et_pb_use_builder":"","_et_pb_old_content":"","_et_gb_content_width":"","footnotes":""},"class_list":["post-27714","page","type-page","status-publish","hentry"],"jetpack_sharing_enabled":true,"jetpack_shortlink":"https:\/\/wp.me\/PdaBmi-7d0","jetpack_likes_enabled":true,"_links":{"self":[{"href":"https:\/\/www.claret.org\/es\/wp-json\/wp\/v2\/pages\/27714","targetHints":{"allow":["GET"]}}],"collection":[{"href":"https:\/\/www.claret.org\/es\/wp-json\/wp\/v2\/pages"}],"about":[{"href":"https:\/\/www.claret.org\/es\/wp-json\/wp\/v2\/types\/page"}],"author":[{"embeddable":true,"href":"https:\/\/www.claret.org\/es\/wp-json\/wp\/v2\/users\/69"}],"replies":[{"embeddable":true,"href":"https:\/\/www.claret.org\/es\/wp-json\/wp\/v2\/comments?post=27714"}],"version-history":[{"count":0,"href":"https:\/\/www.claret.org\/es\/wp-json\/wp\/v2\/pages\/27714\/revisions"}],"up":[{"embeddable":true,"href":"https:\/\/www.claret.org\/es\/wp-json\/wp\/v2\/pages\/24840"}],"wp:attachment":[{"href":"https:\/\/www.claret.org\/es\/wp-json\/wp\/v2\/media?parent=27714"}],"curies":[{"name":"wp","href":"https:\/\/api.w.org\/{rel}","templated":true}]}}