{"id":27725,"date":"2018-09-04T09:15:39","date_gmt":"2018-09-04T07:15:39","guid":{"rendered":"https:\/\/www.claret.org\/calendario\/fecha-14-de-mayo-san-matias-apostol-y-compatrono\/"},"modified":"2018-09-04T09:15:39","modified_gmt":"2018-09-04T07:15:39","slug":"fecha-14-de-mayo-san-matias-apostol-y-compatrono","status":"publish","type":"page","link":"https:\/\/www.claret.org\/es\/efemeride\/fecha-14-de-mayo-san-matias-apostol-y-compatrono\/","title":{"rendered":"Fecha: 14 de Mayo &#8211; San Mat\u00edas, Ap\u00f3stol y compatrono"},"content":{"rendered":"<p style=\"text-align: justify;\">A Mat\u00edas, como a Pablo y a Bernab\u00e9, les reconoce la iglesia el t\u00edtulo de ap\u00f3stoles, aun sin haber pertenecido al grupo prepascual de los Doce. La informaci\u00f3n neotestamentaria sobre este ap\u00f3stol \u2014cuyo nombre, ap\u00f3cope de Matat\u00edas, significa <em>Don de Dios<\/em>\u2014 es m\u00ednima. Solo se le menciona con motivo de su elecci\u00f3n para ocupar la vacante producida por la defecci\u00f3n de Judas Iscariote.<\/p>\n<p style=\"text-align: justify;\">Pero esta an\u00e9cdota tiene gran inter\u00e9s hist\u00f3rico y teol\u00f3gico. Ella nos confirma la impresi\u00f3n que nos deja el cuarto evangelio, y tambi\u00e9n algunos pasajes sin\u00f3pticos, de que, adem\u00e1s de los Doce, Jes\u00fas tuvo otros seguidores y seguidoras (cf. Lc 8,1-3; Mc 15,41) m\u00e1s o menos permanentes, a los que se conceder\u00e1 un rango especial en los or\u00edgenes de la iglesia.<\/p>\n<p style=\"text-align: justify;\">            La importancia teol\u00f3gica de la elecci\u00f3n de Mat\u00edas radica en su cooperaci\u00f3n a un hecho simb\u00f3lico: Pentecost\u00e9s es, para el autor de Hechos, el momento del nacimiento de la iglesia; ahora bien, esta iglesia, nuevo pueblo de Dios, debe apoyarse en los nuevos <em>Doce Patriarcas<\/em>. Despu\u00e9s de Pentecost\u00e9s, en cambio, no se experimenta tal necesidad, de modo que, cuando desaparezca Santiago, el hijo de Zebedeo (cf. Hch 12,2), no se procede a elegirle un sustituto.<\/p>\n<p style=\"text-align: justify;\">            En la persona de Mat\u00edas concurren todas las caracter\u00edsticas del aut\u00e9ntico ap\u00f3stol: sigui\u00f3 y escuch\u00f3 a Jes\u00fas, por intervenci\u00f3n divina fue integrado en el grupo de los Doce y vivi\u00f3 la comuni\u00f3n con ellos, y se entreg\u00f3 a dar testimonio de la resurrecci\u00f3n del Se\u00f1or.<\/p>\n<p style=\"text-align: justify;\">Como sucede con varios de los Doce, tampoco sobre el futuro ministerio de Mat\u00edas tenemos informaci\u00f3n segura. A partir de la <em>Historia Eclesi\u00e1stica<\/em> de Eusebio (siglo IV), se considera que predic\u00f3 el cristianismo en Etiop\u00eda, si bien su sepulcro se venera en la iglesia de la abad\u00eda benedictina de Tr\u00e9veris (Alemania), llamada precisamente Abad\u00eda de San Mat\u00edas, a donde habr\u00eda sido trasladado su cuerpo por orden de santa Helena. Pero esta tradici\u00f3n no est\u00e1 documentada antes del siglo XI. En dicho sepulcro se le elogia en estos t\u00e9rminos: \u00abfue doct\u00edsimo en la ley del Se\u00f1or, limpio de cuerpo y prudente de esp\u00edritu, agudo en solucionar problemas b\u00edblicos, consejero previsor, predicador insigne, realizador de numerosos milagros, devolvi\u00f3 su esp\u00edritu a Dios sufriendo el martirio con las manos elevadas al cielo\u00bb (1, p. 152).<\/p>\n<p style=\"text-align: justify;\">            El P. Fundador, un tanto hastiado de quienes buscaban dignidades y beneficios eclesi\u00e1sticos apoy\u00e1ndose en valedores humanos, frecuentemente en el poder de influencia del propio Claret, hace este curioso comentario a la elecci\u00f3n de Mat\u00edas: \u00abDos eran los sujetos propuestos, en quienes, seg\u00fan el juicio de todos, concurr\u00edan las cualidades necesarias para ser elevados al apostolado, Jos\u00e9 y Mat\u00edas. Jos\u00e9, llamado por sobrenombre el Justo, era pariente de Jes\u00fas, y sin embargo la suerte cay\u00f3 no sobre \u00e9l, sino sobre Mat\u00edas. Dios, quien seg\u00fan las Escrituras, gobierna y dirige las suertes de todos, quiso dar a entender con esto que las dignidades eclesi\u00e1sticas no deben darse por raz\u00f3n de parentesco ni amistad, sino seg\u00fan los m\u00e9ritos y talentos del candidato\u00bb (3, p. 215).<\/p>\n","protected":false},"excerpt":{"rendered":"<p>A Mat\u00edas, como a Pablo y a Bernab\u00e9, les reconoce la iglesia el t\u00edtulo de ap\u00f3stoles, aun sin haber pertenecido al grupo prepascual de los Doce. La informaci\u00f3n neotestamentaria sobre este ap\u00f3stol \u2014cuyo nombre, ap\u00f3cope de Matat\u00edas, significa Don de Dios\u2014 es m\u00ednima. Solo se le menciona con motivo de su elecci\u00f3n para ocupar la [&hellip;]<\/p>\n","protected":false},"author":69,"featured_media":0,"parent":24840,"menu_order":0,"comment_status":"closed","ping_status":"closed","template":"","meta":{"_et_pb_use_builder":"","_et_pb_old_content":"","_et_gb_content_width":"","footnotes":""},"class_list":["post-27725","page","type-page","status-publish","hentry"],"jetpack_sharing_enabled":true,"jetpack_shortlink":"https:\/\/wp.me\/PdaBmi-7db","jetpack_likes_enabled":true,"_links":{"self":[{"href":"https:\/\/www.claret.org\/es\/wp-json\/wp\/v2\/pages\/27725","targetHints":{"allow":["GET"]}}],"collection":[{"href":"https:\/\/www.claret.org\/es\/wp-json\/wp\/v2\/pages"}],"about":[{"href":"https:\/\/www.claret.org\/es\/wp-json\/wp\/v2\/types\/page"}],"author":[{"embeddable":true,"href":"https:\/\/www.claret.org\/es\/wp-json\/wp\/v2\/users\/69"}],"replies":[{"embeddable":true,"href":"https:\/\/www.claret.org\/es\/wp-json\/wp\/v2\/comments?post=27725"}],"version-history":[{"count":0,"href":"https:\/\/www.claret.org\/es\/wp-json\/wp\/v2\/pages\/27725\/revisions"}],"up":[{"embeddable":true,"href":"https:\/\/www.claret.org\/es\/wp-json\/wp\/v2\/pages\/24840"}],"wp:attachment":[{"href":"https:\/\/www.claret.org\/es\/wp-json\/wp\/v2\/media?parent=27725"}],"curies":[{"name":"wp","href":"https:\/\/api.w.org\/{rel}","templated":true}]}}